{"id":23,"date":"2019-03-06T14:27:30","date_gmt":"2019-03-06T17:27:30","guid":{"rendered":"https:\/\/wp.ufpel.edu.br\/gp2ve\/?page_id=23"},"modified":"2023-03-01T17:47:33","modified_gmt":"2023-03-01T20:47:33","slug":"artigos","status":"publish","type":"page","link":"https:\/\/wp.ufpel.edu.br\/gp2ve\/artigos\/","title":{"rendered":"Artigos e Livros do Grupo de Pesquisa"},"content":{"rendered":"<ul>\n<li><a href=\"https:\/\/wp.ufpel.edu.br\/gp2ve\/files\/2023\/03\/TCCAnaPaulaNecchiRibeiro_versaoatualizadaparapublicacao_29novembro2019.pdf\">Educa\u00e7\u00e3o Infantil: Fotografia e Produ\u00e7\u00e3o de V\u00eddeo Estudantil &#8211;\u00a0\u00a0<\/a>Ana Paula Necchi Ribeiro<\/li>\n<li><\/li>\n<li><a href=\"https:\/\/wp.ufpel.edu.br\/gp2ve\/files\/2021\/03\/producao-de-video-estudantil-a-hora-e-a-vez-do-aluno.pdf\">produ\u00e7\u00e3o de V\u00eddeo estudantil a hora e a vez do aluno<\/a>: Josias Pereira; Eliane Candido; V\u00e2nia Dal Pont; Viviane Peres<\/li>\n<li><\/li>\n<li><a href=\"https:\/\/wp.ufpel.edu.br\/gp2ve\/files\/2021\/03\/Josias-A-TECNOLOGIA-NA-PRATICA-PEDAGOGICA.pdf\">A TECNOLOGIA NA PR\u00c1TICA PEDAG\u00d3GICA<\/a>CHRIST, K. D.. <strong>18 Motivos Para Usar o Cinema na Sala de Aula<\/strong>. Revista Roquette-Pinto, v. 2, p. 115-121, 2017.<\/li>\n<\/ul>\n<p><a href=\"https:\/\/wp.ufpel.edu.br\/producaodevideo\/files\/2018\/09\/Roquette-Pinto_2.pdf\">https:\/\/wp.ufpel.edu.br\/producaodevideo\/files\/2018\/09\/Roquette-Pinto_2.pdf<\/a><\/p>\n<ul>\n<li>CASAGRANDE, A. P. O.; BORGES, I. ; DORNELLES, I. ; PEREIRA, J. . <strong>PRODU\u00c7\u00c3O DE V\u00cdDEO ESCOLAR: O FEN\u00d4MENO S\u00c3O LEO EM CINE<\/strong>. In: III CONGRESSO DE EXTENS\u00c3O E CULTURA DA UFPEL, 2016, Pelotas. ANAIS DO III CONGRESSO DE EXTENS\u00c3O E CULTURA DA UFPEL, 2016.<\/li>\n<\/ul>\n<p><a href=\"https:\/\/wp.ufpel.edu.br\/gp2ve\/files\/2021\/03\/Josias-A-TECNOLOGIA-NA-PRATICA-PEDAGOGICA.pdf\">A TECNOLOGIA NA PR\u00c1TICA PEDAG\u00d3GICA<\/a> &#8211;\u00a0 congresso Brasileiro de Educa\u00e7\u00e3o &#8211; 2018 &#8211; Josias Pereira- UFPEL\/RS; Daniela Pedra Mattos -UFPEL\/RS; Eduardo Chavante-SEED\/PR<\/p>\n<p>&nbsp;<\/p>\n<p><a href=\"https:\/\/wp.ufpel.edu.br\/congressoextensao\/files\/2016\/12\/EDUCA%C3%87AO-2016-.pdf\">https:\/\/wp.ufpel.edu.br\/congressoextensao\/files\/2016\/12\/EDUCA%C3%87AO-2016-.pdf <\/a><\/p>\n<p>KOVALSCKI, A. N. ;\u00a0SILVA, J. A<b>.<\/b>\u00a0; BRIGNOL, J. M. ; SILVA, J. P. ; LINO, V. P. J. . <strong>A produ\u00e7\u00e3o de v\u00eddeo como pr\u00e1tica pedag\u00f3gica no processo de ensino-aprendizagem<\/strong>.. REVISTA DE ESTUDOS E PESQUISAS SOBRE ENSINO TECNOL\u00d3GICO, v. 4, p. http:\/\/200.129., 2018.<\/p>\n<p>http:\/\/200.129.168.14:9000\/educitec\/index.php\/teste\/article\/view\/565\/193<\/p>\n<p>&nbsp;<\/p>\n<ul>\n<li>CANDIDO, Eliane.. <strong>De repente, trinta!<\/strong>. Roquette-Pinto &#8211; A revista do v\u00eddeo estudantil, v. 2, p. 27, 2017<\/li>\n<\/ul>\n<p><a href=\"https:\/\/wp.ufpel.edu.br\/producaodevideo\/files\/2018\/09\/Roquette-Pinto_2.pdf\">https:\/\/wp.ufpel.edu.br\/producaodevideo\/files\/2018\/09\/Roquette-Pinto_2.pdf<\/a><\/p>\n<ul>\n<li>CANDIDO, Eliane<b>.<\/b>.\u00a0<strong>O festival S\u00e3o L\u00e9o em Cine \u00e9 amparado por lei municipal<\/strong>. Roquette-Pinto &#8211; A revista do v\u00eddeo estudantil, v. 1, p. 41, 2017.<\/li>\n<li><a href=\"https:\/\/wp.ufpel.edu.br\/roquettepinto\/files\/2017\/03\/2-Eliane_Candido-lei-de-sao-cine-leo.pdf\">https:\/\/wp.ufpel.edu.br\/roquettepinto\/files\/2017\/03\/2-Eliane_Candido-lei-de-sao-cine-leo.pdf<\/a><\/li>\n<\/ul>\n<p><a href=\"https:\/\/wp.ufpel.edu.br\/gp2ve\/files\/2021\/03\/A-METODOLOGIA-PVE-ALIADA-A-EDUCACAO-A-DISTANCIA.pdf\">O Impacto do Aumento dos Recursos Digitais na Did\u00e1tica Docente- Metodologias para Al\u00e9m da Pandemia.<\/a> Daniela Pedra Mattos; Josias Pereira<\/p>\n<p><a href=\"https:\/\/wp.ufpel.edu.br\/gp2ve\/files\/2021\/03\/1447-3733-1-SM1.pdf\">A Produ\u00e7\u00e3o de V\u00eddeo Matem\u00e1tico no Processo Educacional <\/a>. Eliane Beatriz Candido; Josias Pereira da Silva; Danielle Antunes<\/p>\n<p><a href=\"https:\/\/drive.google.com\/file\/d\/1SaLXluJXR_yl5HKeMDjw85Zx6Gr5zQDS\/view?usp=sharing\" target=\"_blank\" rel=\"noopener noreferrer\">A PRODU\u00c7\u00c3O AUDIOVISUAL ESTUDANTIL: UMA POSSIBILIDADE NA RELA\u00c7\u00c3O ENTRE M\u00cdDIA E EDUCA\u00c7\u00c3O<\/a> Kelly Demo Christ,\u00a0Josias Pereira<\/p>\n<p><a href=\"https:\/\/drive.google.com\/file\/d\/1BCQju5kgMF_qvVVL9jpP3rlFNR-v4Ou_\/view?usp=sharing\" target=\"_blank\" rel=\"noopener noreferrer\">PRODU\u00c7\u00c3O DE V\u00cdDEO ESTUDANTIL: A HORA E A VEZ DO ALUNO<\/a> &#8211; Josias Pereira, Eliane Candido, Vania Dal Pont, Viviane Lino<\/p>\n<p><a href=\"https:\/\/drive.google.com\/file\/d\/154V_g56YYsbRiQKmL4eAMkK33Uy6qOl5\/view?usp=sharing\" target=\"_blank\" rel=\"noopener noreferrer\">A produ\u00e7\u00e3o de v\u00eddeo estudantil modificando o espa\u00e7o escolar do meio rural<\/a> &#8211; Josiane de Moraes Brignol,\u00a0 Jaqueline Antunes Silva, Josias Pereira<\/p>\n<p><a href=\"https:\/\/drive.google.com\/file\/d\/1PBTi8l5cnReqSPW-1jnHrEcJ3XsZvdm2\/view?usp=sharing\" target=\"_blank\" rel=\"noopener noreferrer\">Produ\u00e7\u00e3o de V\u00eddeo na Escola: oportunizar saberes e o resgate da cultura local<\/a> &#8211; Adriana Nebel Kovalscki, Elisiane Strelow Gon\u00e7alves<\/p>\n<p><a href=\"https:\/\/drive.google.com\/file\/d\/1pA4qCs8ZAmbFyrARGHHi0P_fglraxtwD\/view?usp=sharing\" target=\"_blank\" rel=\"noopener noreferrer\">A PRODU\u00c7\u00c3O DE V\u00cdDEO NA PR\u00c1TICA ESCOLAR: AN\u00c1LISE DO I FESTIVAL DE V\u00cdDEO ESTUDANTIL DA CIDADE DE CAP\u00c3O DO LE\u00c3O\/RS- BRASIL.<\/a> &#8211; Josias Pereira, Daniela Pedra Mattos<\/p>\n<p><a href=\"https:\/\/drive.google.com\/file\/d\/1D3hPLWLOSYvJgEgzx5P6kM_PAQU1OxhL\/view?usp=sharing\" target=\"_blank\" rel=\"noopener noreferrer\">A produ\u00e7\u00e3o de v\u00eddeo como pr\u00e1tica pedag\u00f3gica no processo de ensino-aprendizagem<\/a> &#8211; Josias Pereira, Adriana Kovalscki, Jaqueline Antunes da Silva, Josiane de Moraes Brignol, Viviane Peres de Jesus Lino<\/p>\n<p><a href=\"https:\/\/drive.google.com\/file\/d\/14rmIEQs6mZ1RJExz_9W7fbN6Mhj3aVpO\/view?usp=sharing\" target=\"_blank\" rel=\"noopener noreferrer\">A PRODU\u00c7\u00c3O DE V\u00cdDEO DE MATEM\u00c1TICA NA ESCOLA RURAL INTEGRANDO AS AVALIA\u00c7\u00d5ES ESCOLARES<\/a> &#8211; Josiane de Moraes Brignol<\/p>\n<p><a href=\"https:\/\/drive.google.com\/file\/d\/1lHK5Iw2Ook2fwmCyB5vH2fwsyJ_p4dRJ\/view?usp=sharing\" target=\"_blank\" rel=\"noopener noreferrer\">A PRODU\u00c7\u00c3O DE V\u00cdDEO EXPRESSANDO A CULTURA E INTEGRANDO A EDUCA\u00c7\u00c3O DA ESCOLA RURAL<\/a> &#8211; Adriana Nebel Kovalscki, Josiane de Moraes Brignol<\/p>\n<p><a href=\"https:\/\/drive.google.com\/drive\/u\/0\/folders\/1-nbVRamxMWs2T5Jz0s-21TcDgGp-PerO\" target=\"_blank\" rel=\"noopener noreferrer\">A JUN\u00c7\u00c3O DA A\u00c7\u00c3O DO ORIGAMI COM AS PESQUISAS DA NEUROCI\u00caNCIA NO ENSINO E APRENDIZAGEM DA MATEM\u00c1TICA<\/a> &#8211; Elisane Strelow Gon\u00e7alves, Adriana Nebel Kovalski, Jaqueline Antunes da Silva, Josiane de Moraes Brignol<\/p>\n<p><a href=\"https:\/\/drive.google.com\/file\/d\/1vdtj5OZQ8VdqWCoVJOLKJP_8Tuw0Tbsx\/view?usp=sharing\" target=\"_blank\" rel=\"noopener noreferrer\">A PRODU\u00c7\u00c3O DE V\u00cdDEO DE MATEM\u00c1TICA NA ESCOLA RURAL INTEGRANDO AS AVALIA\u00c7\u00d5ES ESCOLARES<\/a> &#8211; Josiane de Moraes Brignol<\/p>\n<p><a href=\"https:\/\/drive.google.com\/file\/d\/1bUzTP34u3EQruodDuRlbSgeUN25GglnP\/view?usp=sharing\" target=\"_blank\" rel=\"noopener noreferrer\">A Produ\u00e7\u00e3o de V\u00eddeos como A\u00e7\u00e3o Pedag\u00f3gica: desenvolvendo habilidades e educando um olhar matem\u00e1tico no Ensino Fundamental<\/a> &#8211; Adriana Nebel Kovalski<\/p>\n<p><a href=\"https:\/\/drive.google.com\/file\/d\/1eLmrQzx75DPss1kcUxClIPumzTeQ1O7N\/view?usp=sharing\" target=\"_blank\" rel=\"noopener noreferrer\">A TECNOLOGIA NA PR\u00c1TICA PEDAG\u00d3GICA &#8211; pg 74 &#8211; 2017<\/a><\/p>\n<p><a href=\"https:\/\/drive.google.com\/file\/d\/1dxUqbtrwFsRxHAicgow2nAy_inF5ZPnf\/view?usp=sharing\" target=\"_blank\" rel=\"noopener noreferrer\">Desenvolvendo v\u00eddeos estudantis na escola rural<\/a> &#8211; Josiane de Moraes Brignol<\/p>\n<p><a href=\"https:\/\/drive.google.com\/file\/d\/1hQuClSPoL7nZ-fA_a_FGe4z6RoBUs4PH\/view?usp=sharing\" target=\"_blank\" rel=\"noopener noreferrer\">EDUCANDO O JOVEM RURAL ATRAV\u00c9S DA PRODU\u00c7\u00c3O DE V\u00cdDEO ESTUDANTIL<\/a> &#8211; JOSIANE DE MORAES BRIGNOL<\/p>\n<p><a href=\"https:\/\/drive.google.com\/file\/d\/1eEM_OYUk2T6ZYePXp0ObXDOZ91-SfyLw\/view?usp=sharing\" target=\"_blank\" rel=\"noopener noreferrer\">PRECONCEITO NA PRODU\u00c7\u00c3O DE V\u00cdDEO ESTUDANTIL<\/a> &#8211; Josias Pereira, Josiane Brignol, Mara Cezar<\/p>\n<p><a href=\"https:\/\/drive.google.com\/file\/d\/1lsQvzaMYQECSkq3ETn6U6ZodEFUJxXq5\/view?usp=sharing\" target=\"_blank\" rel=\"noopener noreferrer\">PRODU\u00c7\u00c3O DE V\u00cdDEO ESTUDANTIL: DESENVOLVENDO HABILIDADES NO ENSINO FUNDAMENTAL<\/a> &#8211; Adriana Nebel Kovalscki<\/p>\n<p><a href=\"https:\/\/drive.google.com\/file\/d\/1xbUWEsDDZ1KdIIXshQN-Qy_pY-AbqYN3\/view?usp=sharing\" target=\"_blank\" rel=\"noopener noreferrer\">PRODU\u00c7\u00c3O DE V\u00cdDEO ESTUDANTIL: UMA REALIDADE DAS ESCOLAS BRASILEIRAS<\/a> &#8211; Josias Pereira, Daniela Pedra Mattos, Vagner Vargas, Adriana Nebel Kovalscki, Josiane de Moraes Brignol, Jaqueline Antunes Silva\/UFPEL<\/p>\n<p><a href=\"https:\/\/drive.google.com\/file\/d\/1tIw8VBmZth0oSf7KxyKPZ7axRJsWpmaz\/view?usp=sharing\" target=\"_blank\" rel=\"noopener noreferrer\">V\u00cdDEOS NAS AULAS DE MATEM\u00c1TICA \u2013 UMA A\u00c7\u00c3O PEDAG\u00d3GICA NO ENSINO FUNDAMENTAL<\/a> &#8211; JOSIANE DE MORAES BRIGNOL,\u00a0 ADRIANA NEBEL KOVALSCKI, JOSIAS PEREIRA DA SILVA<\/p>\n<p>&nbsp;<\/p>\n<p>&nbsp;<\/p>\n<p>&nbsp;<\/p>\n<p>&nbsp;<\/p>\n<p><strong><span style=\"font-size: 18pt;\">ANAIS<\/span><\/strong><\/p>\n<p><a href=\"https:\/\/wp.ufpel.edu.br\/cbpve\/files\/2020\/03\/ANAIS-1%C2%BA-CBPVE.pdf&amp;export=download\" target=\"_blank\" rel=\"noopener noreferrer\">Anais do 1\u00ba CBPVE<\/a><\/p>\n<p><a href=\"https:\/\/wp.ufpel.edu.br\/cbpve\/files\/2020\/03\/ANAIS-1%C2%BA-CBPVE.pdf&amp;export=download\" target=\"_blank\" rel=\"noopener noreferrer\"><img data-recalc-dims=\"1\" loading=\"lazy\" decoding=\"async\" class=\"\" src=\"https:\/\/i0.wp.com\/wp.ufpel.edu.br\/cbpve\/files\/2020\/03\/capa1%C2%BAlivro-283x400.jpg?resize=193%2C273&#038;ssl=1\" width=\"193\" height=\"273\" \/><\/a><\/p>\n<p><strong>Copyright \u00a9 2016<\/strong><br \/>\nJosias Pereira, Rog\u00e9rio Peres, Eliane Candido, Maria Jeane Candido.<\/p>\n<p><strong>ISBN<\/strong>\u00a0\u2013 978-85-939730-0-0<\/p>\n<p><strong>ANO<\/strong>\u00a0\u2013 2016<\/p>\n<p>&nbsp;<\/p>\n<p>&nbsp;<\/p>\n<p><a href=\"https:\/\/wp.ufpel.edu.br\/cbpve\/files\/2020\/03\/ANAIS-2%C2%BA-CBPVE.pdf\" target=\"_blank\" rel=\"noopener noreferrer\">Anais do 2\u00ba CBPVE<\/a><\/p>\n<p><a href=\"https:\/\/wp.ufpel.edu.br\/cbpve\/files\/2020\/03\/ANAIS-2%C2%BA-CBPVE.pdf\" target=\"_blank\" rel=\"noopener noreferrer\"><img data-recalc-dims=\"1\" loading=\"lazy\" decoding=\"async\" class=\"alignnone\" src=\"https:\/\/i0.wp.com\/wp.ufpel.edu.br\/cbpve\/files\/2020\/03\/capa2%C2%BAlivro-283x400.png?resize=182%2C257&#038;ssl=1\" alt=\"\" width=\"182\" height=\"257\" \/><\/a><\/p>\n<p><strong>Copyright \u00a9 2017<\/strong><br \/>\nJosias Pereira, Rog\u00e9rio Peres, Eliane Candido, Maria Jeane Candido.<\/p>\n<p><strong>ISBN<\/strong>\u00a0\u2013 978-85-93973-01-7<\/p>\n<p><strong>ANO<\/strong>\u00a0\u2013 2017<\/p>\n<p>&nbsp;<\/p>\n<p><a href=\"https:\/\/wp.ufpel.edu.br\/cbpve\/files\/2019\/12\/Anais-3-CBPVE-Bahia.pdf\" target=\"_blank\" rel=\"noopener noreferrer\">Anais do 3\u00ba CBPVE<\/a><\/p>\n<p><a href=\"https:\/\/wp.ufpel.edu.br\/cbpve\/files\/2019\/12\/Anais-3-CBPVE-Bahia.pdf\" target=\"_blank\" rel=\"noopener noreferrer\"><img data-recalc-dims=\"1\" loading=\"lazy\" decoding=\"async\" class=\"\" src=\"https:\/\/i0.wp.com\/wp.ufpel.edu.br\/cbpve\/files\/2019\/12\/anais-3%C2%BA-CBPVE-300x400.png?resize=209%2C278&#038;ssl=1\" width=\"209\" height=\"278\" \/><\/a><\/p>\n<p><strong>Copyright \u00a9 2020<\/strong><br \/>\nJosias Pereira, Eliane Candido, Maria Jeane Candido.<\/p>\n<p><strong>ISBN<\/strong>\u00a0\u2013 978-65-87148-00-7<\/p>\n<p><strong>ANO<\/strong>\u00a0\u2013 2020<\/p>\n<p>&nbsp;<\/p>\n<p>&nbsp;<\/p>\n<p><strong><span style=\"font-size: 18pt;\">LIVROS<\/span><\/strong><\/p>\n<p>&nbsp;<\/p>\n<p><a href=\"https:\/\/www.academia.edu\/22865825\/Novas_Tecnologias_de_Informa%C3%A7%C3%A3o_e_Comunica%C3%A7%C3%A3o_em_redes_Educativas?auto=download\">Novas Tecnologias de Informa\u00e7\u00e3o e Comunica\u00e7\u00e3o em redes Educativas<\/a> &#8211; Josias Pereira, Nilda Alves, Rose Fisher Bueno, Rosalia Maria<\/p>\n<p><a href=\"https:\/\/www.academia.edu\/22865825\/Novas_Tecnologias_de_Informa%C3%A7%C3%A3o_e_Comunica%C3%A7%C3%A3o_em_redes_Educativas?auto=download\" target=\"_blank\" rel=\"noopener noreferrer\"><img data-recalc-dims=\"1\" loading=\"lazy\" decoding=\"async\" class=\"alignnone wp-image-165\" src=\"https:\/\/i0.wp.com\/wp.ufpel.edu.br\/gp2ve\/files\/2020\/09\/cover_front_big.jpg?resize=204%2C290&#038;ssl=1\" alt=\"\" width=\"204\" height=\"290\" srcset=\"https:\/\/i0.wp.com\/wp.ufpel.edu.br\/gp2ve\/files\/2020\/09\/cover_front_big.jpg?w=453&amp;ssl=1 453w, https:\/\/i0.wp.com\/wp.ufpel.edu.br\/gp2ve\/files\/2020\/09\/cover_front_big.jpg?resize=282%2C400&amp;ssl=1 282w\" sizes=\"auto, (max-width: 204px) 100vw, 204px\" \/><\/a><\/p>\n<p>&nbsp;<\/p>\n<p><a href=\"http:\/\/www.academia.edu\/17299190\/Produ%C3%A7%C3%A3o_de_V%C3%ADdeo_nas_Escolas_Educar_com_Prazer\" target=\"_blank\" rel=\"noopener noreferrer\">Produ\u00e7\u00e3o de V\u00eddeo:Educar com Prazer<\/a> &#8211; Josias Pereira; Giovana Janhke<\/p>\n<p><a href=\"https:\/\/www.academia.edu\/17299190\/Produ%C3%A7%C3%A3o_de_V%C3%ADdeo_nas_Escolas_Educar_com_Prazer\" target=\"_blank\" rel=\"noopener noreferrer\"><img data-recalc-dims=\"1\" loading=\"lazy\" decoding=\"async\" class=\"alignnone wp-image-167\" src=\"https:\/\/i0.wp.com\/wp.ufpel.edu.br\/gp2ve\/files\/2020\/09\/mini_magick20180819-32051-4w6nqc.png?resize=200%2C283&#038;ssl=1\" alt=\"\" width=\"200\" height=\"283\" srcset=\"https:\/\/i0.wp.com\/wp.ufpel.edu.br\/gp2ve\/files\/2020\/09\/mini_magick20180819-32051-4w6nqc.png?w=420&amp;ssl=1 420w, https:\/\/i0.wp.com\/wp.ufpel.edu.br\/gp2ve\/files\/2020\/09\/mini_magick20180819-32051-4w6nqc.png?resize=282%2C400&amp;ssl=1 282w\" sizes=\"auto, (max-width: 200px) 100vw, 200px\" \/><\/a><\/p>\n<p>&nbsp;<\/p>\n<p>&nbsp;<\/p>\n<p><a href=\"https:\/\/www.academia.edu\/22865053\/Produ%C3%A7%C3%A3o_de_V%C3%ADdeo_nas_Escolas_Uma_vis%C3%A3o_Brasil_-It%C3%A1lia_-Espanha_-Equador\" target=\"_blank\" rel=\"noopener noreferrer\">Produ\u00e7\u00e3o de V\u00eddeo nas escolas: Uma vis\u00e3o Brasil &#8211; Italia &#8211; Espanha &#8211; Equador<\/a> &#8211; Josias Pereira<\/p>\n<p><a href=\"https:\/\/www.academia.edu\/22865053\/Produ%C3%A7%C3%A3o_de_V%C3%ADdeo_nas_Escolas_Uma_vis%C3%A3o_Brasil_It%C3%A1lia_Espanha_Equador\" target=\"_blank\" rel=\"noopener noreferrer\"><img data-recalc-dims=\"1\" loading=\"lazy\" decoding=\"async\" class=\"alignnone wp-image-168\" src=\"https:\/\/i0.wp.com\/wp.ufpel.edu.br\/gp2ve\/files\/2020\/09\/hkjl.png?resize=198%2C280&#038;ssl=1\" alt=\"\" width=\"198\" height=\"280\" srcset=\"https:\/\/i0.wp.com\/wp.ufpel.edu.br\/gp2ve\/files\/2020\/09\/hkjl.png?w=420&amp;ssl=1 420w, https:\/\/i0.wp.com\/wp.ufpel.edu.br\/gp2ve\/files\/2020\/09\/hkjl.png?resize=282%2C400&amp;ssl=1 282w\" sizes=\"auto, (max-width: 198px) 100vw, 198px\" \/><\/a><\/p>\n<p><a href=\"http:\/\/Roteiro de V\u00eddeo Estudantil na Pr\u00e1tica\">Roteiro de V\u00eddeo Estudantil na Pr\u00e1tica<\/a>\u00a0&#8211; Josias Pereira e Cl\u00e1udio Garcia<\/p>\n<p><a href=\"https:\/\/i0.wp.com\/wp.ufpel.edu.br\/gp2ve\/files\/2020\/09\/41Cc9bsjlWL.jpg?ssl=1\"><img data-recalc-dims=\"1\" loading=\"lazy\" decoding=\"async\" class=\"alignnone wp-image-177\" src=\"https:\/\/i0.wp.com\/wp.ufpel.edu.br\/gp2ve\/files\/2020\/09\/41Cc9bsjlWL.jpg?resize=190%2C304&#038;ssl=1\" alt=\"\" width=\"190\" height=\"304\" srcset=\"https:\/\/i0.wp.com\/wp.ufpel.edu.br\/gp2ve\/files\/2020\/09\/41Cc9bsjlWL.jpg?w=313&amp;ssl=1 313w, https:\/\/i0.wp.com\/wp.ufpel.edu.br\/gp2ve\/files\/2020\/09\/41Cc9bsjlWL.jpg?resize=250%2C400&amp;ssl=1 250w\" sizes=\"auto, (max-width: 190px) 100vw, 190px\" \/><\/a><\/p>\n<h3 class=\"LC20lb DKV0Md\"><\/h3>\n<p>&nbsp;<\/p>\n<p><a href=\"https:\/\/wp.ufpel.edu.br\/producaodevideo\/files\/2018\/09\/S\u00c3O-LEO-EM-CINE_a-escola-construindo-sonhos.pdf\">S\u00c3O LEO EM CINE: a escola construindo sonhos<\/a> &#8211; Josias Pereira, Eliane Candido<\/p>\n<p><a href=\"https:\/\/wp.ufpel.edu.br\/producaodevideo\/files\/2018\/09\/S%C3%83O-LEO-EM-CINE_a-escola-construindo-sonhos.pdf\" target=\"_blank\" rel=\"noopener noreferrer\"><img data-recalc-dims=\"1\" loading=\"lazy\" decoding=\"async\" class=\"alignnone wp-image-169\" src=\"https:\/\/i0.wp.com\/wp.ufpel.edu.br\/gp2ve\/files\/2020\/09\/Capa-do-livro-do-Sao-Leo-em-Cine-212x318-1.jpeg?resize=201%2C302&#038;ssl=1\" alt=\"\" width=\"201\" height=\"302\" \/><\/a><\/p>\n","protected":false},"excerpt":{"rendered":"<p>Educa\u00e7\u00e3o Infantil: Fotografia e Produ\u00e7\u00e3o de V\u00eddeo Estudantil &#8211;\u00a0\u00a0Ana Paula Necchi Ribeiro produ\u00e7\u00e3o de V\u00eddeo estudantil a hora e a vez do aluno: Josias Pereira; Eliane Candido; V\u00e2nia Dal Pont; Viviane Peres A TECNOLOGIA NA PR\u00c1TICA PEDAG\u00d3GICACHRIST, K. D.. 18 Motivos Para Usar o Cinema na Sala de Aula. Revista Roquette-Pinto, v. 2, p. 115-121, [&hellip;]<\/p>\n","protected":false},"author":578,"featured_media":0,"parent":0,"menu_order":0,"comment_status":"closed","ping_status":"closed","template":"","meta":{"footnotes":""},"class_list":["post-23","page","type-page","status-publish","hentry","post"],"jetpack-related-posts":[],"jetpack_sharing_enabled":true,"_links":{"self":[{"href":"https:\/\/wp.ufpel.edu.br\/gp2ve\/wp-json\/wp\/v2\/pages\/23","targetHints":{"allow":["GET"]}}],"collection":[{"href":"https:\/\/wp.ufpel.edu.br\/gp2ve\/wp-json\/wp\/v2\/pages"}],"about":[{"href":"https:\/\/wp.ufpel.edu.br\/gp2ve\/wp-json\/wp\/v2\/types\/page"}],"author":[{"embeddable":true,"href":"https:\/\/wp.ufpel.edu.br\/gp2ve\/wp-json\/wp\/v2\/users\/578"}],"replies":[{"embeddable":true,"href":"https:\/\/wp.ufpel.edu.br\/gp2ve\/wp-json\/wp\/v2\/comments?post=23"}],"version-history":[{"count":24,"href":"https:\/\/wp.ufpel.edu.br\/gp2ve\/wp-json\/wp\/v2\/pages\/23\/revisions"}],"predecessor-version":[{"id":364,"href":"https:\/\/wp.ufpel.edu.br\/gp2ve\/wp-json\/wp\/v2\/pages\/23\/revisions\/364"}],"wp:attachment":[{"href":"https:\/\/wp.ufpel.edu.br\/gp2ve\/wp-json\/wp\/v2\/media?parent=23"}],"curies":[{"name":"wp","href":"https:\/\/api.w.org\/{rel}","templated":true}]}}