{"id":153,"date":"2020-08-31T19:51:54","date_gmt":"2020-08-31T22:51:54","guid":{"rendered":"https:\/\/wp.ufpel.edu.br\/gp2ve\/?page_id=153"},"modified":"2021-07-04T17:37:16","modified_gmt":"2021-07-04T20:37:16","slug":"livros","status":"publish","type":"page","link":"https:\/\/wp.ufpel.edu.br\/gp2ve\/livros\/","title":{"rendered":"Livros"},"content":{"rendered":"<p>Aqui voc\u00ea encontra livros sobre a Produ\u00e7\u00e3o de V\u00eddeo Estudantil<\/p>\n<p><a href=\"https:\/\/wp.ufpel.edu.br\/gp2ve\/2020\/10\/21\/livro-como-fazer-video-estudantil-na-pratica-da-sala-de-aula\/\" target=\"_blank\" rel=\"noopener noreferrer\">Livro como Fazer V\u00eddeo Estudantil na Pr\u00e1tica da Sala de Aula<\/a> : Josias Pereira; V\u00e2nia Dal Pont<\/p>\n<p><a href=\"https:\/\/wp.ufpel.edu.br\/gp2ve\/files\/2021\/03\/CINE-COM-CIENCIA-ZALDO-BORGES.pdf\" target=\"_blank\" rel=\"noopener noreferrer\">CINE COM CI\u00caNCIA &#8211;\u00a0<\/a> Zaldo Borges<\/p>\n<p><a href=\"https:\/\/wp.ufpel.edu.br\/gp2ve\/files\/2021\/07\/Producao_de_Video_nas_Escolas_Educar_com.pdf\">Produ\u00e7\u00e3o de V\u00eddeo: Educar com Prazer<\/a> &#8211; Josias Pereira; Giovana Janhke<\/p>\n<p><a href=\"https:\/\/www.researchgate.net\/profile\/Luis_Rios4\/publication\/311675373_Jovens_Camera_Acao_reflexoes_sobre_os_usos_dos_dispositivos_moveis_de_midia_em_um_projeto_de_mobilizacao_social\/links\/5853ce0108ae95fd8e1fcf70\/Jovens-Camera-Acao-reflexoes-sobre-os-usos-dos-dispositivos-moveis-de-midia-em-um-projeto-de-mobilizacao-social.pdf\" target=\"_blank\" rel=\"noopener noreferrer\">Jovens C\u00e2mera,A\u00e7\u00e3o <\/a>&#8211; Jaileila Araujo<\/p>\n<p><a href=\"https:\/\/www.academia.edu\/22865825\/Novas_Tecnologias_de_Informa%C3%A7%C3%A3o_e_Comunica%C3%A7%C3%A3o_em_redes_Educativas?auto=download\">Novas Tecnologias de Informa\u00e7\u00e3o e Comunica\u00e7\u00e3o em redes Educativas<\/a> &#8211; Josias Pereira, Nilda Alves, Rose Fisher Bueno, Rosalia Maria<\/p>\n<p><a href=\"https:\/\/www.academia.edu\/22865053\/Produ%C3%A7%C3%A3o_de_V%C3%ADdeo_nas_Escolas_Uma_vis%C3%A3o_Brasil_-It%C3%A1lia_-Espanha_-Equador\" target=\"_blank\" rel=\"noopener noreferrer\">Produ\u00e7\u00e3o de V\u00eddeo nas escolas: Uma vis\u00e3o Brasil &#8211; Italia &#8211; Espanha &#8211; Equador<\/a> &#8211; Josias Pereira<\/p>\n<p><a href=\"https:\/\/wp.ufpel.edu.br\/producaodevideo\/files\/2018\/09\/S\u00c3O-LEO-EM-CINE_a-escola-construindo-sonhos.pdf\">S\u00c3O LEO EM CINE: a escola construindo sonhos<\/a> &#8211; Josias Pereira, Eliane Candido<\/p>\n<p>&nbsp;<\/p>\n","protected":false},"excerpt":{"rendered":"<p>Aqui voc\u00ea encontra livros sobre a Produ\u00e7\u00e3o de V\u00eddeo Estudantil Livro como Fazer V\u00eddeo Estudantil na Pr\u00e1tica da Sala de Aula : Josias Pereira; V\u00e2nia Dal Pont CINE COM CI\u00caNCIA &#8211;\u00a0 Zaldo Borges Produ\u00e7\u00e3o de V\u00eddeo: Educar com Prazer &#8211; Josias Pereira; Giovana Janhke Jovens C\u00e2mera,A\u00e7\u00e3o &#8211; Jaileila Araujo Novas Tecnologias de Informa\u00e7\u00e3o e Comunica\u00e7\u00e3o [&hellip;]<\/p>\n","protected":false},"author":578,"featured_media":0,"parent":0,"menu_order":0,"comment_status":"closed","ping_status":"closed","template":"","meta":{"footnotes":""},"class_list":["post-153","page","type-page","status-publish","hentry","post"],"jetpack-related-posts":[],"jetpack_sharing_enabled":true,"_links":{"self":[{"href":"https:\/\/wp.ufpel.edu.br\/gp2ve\/wp-json\/wp\/v2\/pages\/153","targetHints":{"allow":["GET"]}}],"collection":[{"href":"https:\/\/wp.ufpel.edu.br\/gp2ve\/wp-json\/wp\/v2\/pages"}],"about":[{"href":"https:\/\/wp.ufpel.edu.br\/gp2ve\/wp-json\/wp\/v2\/types\/page"}],"author":[{"embeddable":true,"href":"https:\/\/wp.ufpel.edu.br\/gp2ve\/wp-json\/wp\/v2\/users\/578"}],"replies":[{"embeddable":true,"href":"https:\/\/wp.ufpel.edu.br\/gp2ve\/wp-json\/wp\/v2\/comments?post=153"}],"version-history":[{"count":16,"href":"https:\/\/wp.ufpel.edu.br\/gp2ve\/wp-json\/wp\/v2\/pages\/153\/revisions"}],"predecessor-version":[{"id":293,"href":"https:\/\/wp.ufpel.edu.br\/gp2ve\/wp-json\/wp\/v2\/pages\/153\/revisions\/293"}],"wp:attachment":[{"href":"https:\/\/wp.ufpel.edu.br\/gp2ve\/wp-json\/wp\/v2\/media?parent=153"}],"curies":[{"name":"wp","href":"https:\/\/api.w.org\/{rel}","templated":true}]}}