{"id":136,"date":"2020-08-14T06:07:52","date_gmt":"2020-08-14T09:07:52","guid":{"rendered":"https:\/\/wp.ufpel.edu.br\/gp2ve\/?page_id=136"},"modified":"2021-03-16T08:40:21","modified_gmt":"2021-03-16T11:40:21","slug":"tcc-monografia","status":"publish","type":"page","link":"https:\/\/wp.ufpel.edu.br\/gp2ve\/tcc-monografia\/","title":{"rendered":"TCC &#8211; Monografia"},"content":{"rendered":"<p>Aqui voc\u00ea encontra TCC e monografia sobre produ\u00e7\u00e3o de V\u00eddeo Estudantil<\/p>\n<p><a href=\"https:\/\/goo.gl\/vS63Wu\" target=\"_blank\" rel=\"noopener noreferrer\">A Produ\u00e7\u00e3o de V\u00eddeo Contribuindo no Processo de Ensino<\/a> &#8211;\u00a0Regis Aguiar Dutra<\/p>\n<p><a href=\"https:\/\/dadospdf.com\/download\/cenarios-sempiternos-movimentos-da-produao-audiovisual-no-ensino-de-arte-_5a4c8412b7d7bcab6715b70d_pdf\">Cen\u00e1rios Sempiternos: Movimentos Da Produ\u00e7\u00e3o. Audiovisual No Ensino De Arte<\/a>\u00a0&#8211;\u00a0 J\u00e9ssica Tha\u00eds Demarchi<\/p>\n<p><a href=\"https:\/\/goo.gl\/VVkzz3\" target=\"_blank\" rel=\"noopener noreferrer\">Perspectivas de Ensino com o Cinema: um estudo a partir do projeto Oficina de V\u00eddeo Estudantil<\/a> &#8211; Kelly Demo Christ<\/p>\n<p><a href=\"https:\/\/www.lume.ufrgs.br\/handle\/10183\/95938\">Produ\u00e7\u00e3o audiovisual como estrat\u00e9gia pedag\u00f3gica no processo de ensino e aprendizagem de geografia<\/a> &#8211; Carla Pureza de Souza<\/p>\n<p>&nbsp;<\/p>\n<p><strong>Especializa\u00e7\u00e3o<\/strong><\/p>\n<p><a href=\"https:\/\/wp.ufpel.edu.br\/gp2ve\/files\/2021\/03\/CINEMA-COMO-PRATICA-PEDAGOGICA.pdf\">CINEMA COMO PR\u00c1TICA PEDAG\u00d3GICA<\/a> &#8211; \u00a0Vanessa Mendes Cardoso<\/p>\n<p><a href=\"http:\/\/www.academia.edu\/34450987\/A_PRODU%C3%87%C3%83O_AUDIOVISUAL_COMO_RECURSO_PEDAG%C3%93GICO_CAPITAL_CULTURAL_E_AUTOESTIMA\" target=\"_blank\" rel=\"noopener noreferrer\">A Produ\u00e7\u00e3o de v\u00eddeo como recurso Pedagogico capital Cultural e Autoestima<\/a>\u00a0&#8211; Andrea Rodrigues<\/p>\n","protected":false},"excerpt":{"rendered":"<p>Aqui voc\u00ea encontra TCC e monografia sobre produ\u00e7\u00e3o de V\u00eddeo Estudantil A Produ\u00e7\u00e3o de V\u00eddeo Contribuindo no Processo de Ensino &#8211;\u00a0Regis Aguiar Dutra Cen\u00e1rios Sempiternos: Movimentos Da Produ\u00e7\u00e3o. Audiovisual No Ensino De Arte\u00a0&#8211;\u00a0 J\u00e9ssica Tha\u00eds Demarchi Perspectivas de Ensino com o Cinema: um estudo a partir do projeto Oficina de V\u00eddeo Estudantil &#8211; Kelly Demo [&hellip;]<\/p>\n","protected":false},"author":578,"featured_media":0,"parent":0,"menu_order":0,"comment_status":"closed","ping_status":"closed","template":"","meta":{"footnotes":""},"class_list":["post-136","page","type-page","status-publish","hentry","post"],"jetpack-related-posts":[],"jetpack_sharing_enabled":true,"_links":{"self":[{"href":"https:\/\/wp.ufpel.edu.br\/gp2ve\/wp-json\/wp\/v2\/pages\/136","targetHints":{"allow":["GET"]}}],"collection":[{"href":"https:\/\/wp.ufpel.edu.br\/gp2ve\/wp-json\/wp\/v2\/pages"}],"about":[{"href":"https:\/\/wp.ufpel.edu.br\/gp2ve\/wp-json\/wp\/v2\/types\/page"}],"author":[{"embeddable":true,"href":"https:\/\/wp.ufpel.edu.br\/gp2ve\/wp-json\/wp\/v2\/users\/578"}],"replies":[{"embeddable":true,"href":"https:\/\/wp.ufpel.edu.br\/gp2ve\/wp-json\/wp\/v2\/comments?post=136"}],"version-history":[{"count":4,"href":"https:\/\/wp.ufpel.edu.br\/gp2ve\/wp-json\/wp\/v2\/pages\/136\/revisions"}],"predecessor-version":[{"id":281,"href":"https:\/\/wp.ufpel.edu.br\/gp2ve\/wp-json\/wp\/v2\/pages\/136\/revisions\/281"}],"wp:attachment":[{"href":"https:\/\/wp.ufpel.edu.br\/gp2ve\/wp-json\/wp\/v2\/media?parent=136"}],"curies":[{"name":"wp","href":"https:\/\/api.w.org\/{rel}","templated":true}]}}