{"id":133,"date":"2020-08-14T06:05:59","date_gmt":"2020-08-14T09:05:59","guid":{"rendered":"https:\/\/wp.ufpel.edu.br\/gp2ve\/?page_id=133"},"modified":"2020-10-27T18:56:24","modified_gmt":"2020-10-27T21:56:24","slug":"artigos-2","status":"publish","type":"page","link":"https:\/\/wp.ufpel.edu.br\/gp2ve\/artigos-2\/","title":{"rendered":"Artigos"},"content":{"rendered":"<p>Aqui voc\u00ea encontra artigos sobre Produ\u00e7\u00e3o de V\u00eddeo Estudantil<\/p>\n<p>&nbsp;<\/p>\n<p>&nbsp;<\/p>\n<p><a href=\"http:\/\/www.scielo.br\/pdf\/ep\/v36n1\/a06v36n1.pdf\">A experi\u00eancia audiovisual nos espa\u00e7os educativos:\u00a0poss\u00edveis interse\u00e7\u00f5es entre educa\u00e7\u00e3o e comunica\u00e7\u00e3o<\/a> &#8211;\u00a0Eloiza Gurgel Pires<\/p>\n<p><a href=\"https:\/\/drive.google.com\/file\/d\/1sc7uEd3zWNyCc3pM5uwEK_FAt2ZTfYuU\/view?usp=sharing\">A JUN\u00c7\u00c3O DA A\u00c7\u00c3O DO ORIGAMI COM AS PESQUISAS DA NEUROCI\u00caNCIA NO ENSINO E APRENDIZAGEM DA MATEM\u00c1TICA<\/a> &#8211; Elisane Strelow Gon\u00e7alves, Adriana Nebel Kovalski, Jaqueline Antunes da Silva, Josiane de Moraes Brignol\/UFPel<\/p>\n<p><a href=\"https:\/\/drive.google.com\/file\/d\/1eLmrQzx75DPss1kcUxClIPumzTeQ1O7N\/view?usp=sharing\" target=\"_blank\" rel=\"noopener noreferrer\">Anais do VI Congresso Brasileiro de Educa\u00e7\u00e3o Educa\u00e7\u00e3o e Forma\u00e7\u00e3o Humana: pr\u00e1xis e transforma\u00e7\u00e3o social<\/a> &#8211; Luciana Ponce Bellido Giraldi, Ketilin Mayra Pedro, Eli Vagner Francisco Rodrigues<\/p>\n<p><a href=\"https:\/\/goo.gl\/KaA7KQ\" target=\"_blank\" rel=\"noopener noreferrer\">An\u00e1lise do I Festival de V\u00eddeo Estudantil da Cidade de Cap\u00e3o do Le\u00e3o \/ Rs-Brasil<\/a>\u00a0&#8211; Josias Pereira, Daniela Pedra Mattos<\/p>\n<p><a href=\"https:\/\/sistemascmc.ifam.edu.br\/educitec\/index.php\/educitec\/article\/view\/565\/193\">A produ\u00e7\u00e3o de v\u00eddeo como pr\u00e1tica pedag\u00f3gica no processo de ensino-aprendizagem<\/a> &#8211; Josias Pereira<\/p>\n<p><a href=\"https:\/\/drive.google.com\/file\/d\/1vdtj5OZQ8VdqWCoVJOLKJP_8Tuw0Tbsx\/view?usp=sharing\" target=\"_blank\" rel=\"noopener noreferrer\">A PRODU\u00c7\u00c3O DE V\u00cdDEO DE MATEM\u00c1TICA NA ESCOLA RURAL INTEGRANDO AS AVALIA\u00c7\u00d5ES ESCOLARES<\/a> &#8211; Josiane de Moraes Brignol\/UFPel<\/p>\n<p><a href=\"https:\/\/drive.google.com\/file\/d\/1EJftzkOZ7lJXM3fXC9nau8lQJ3cPCrYa\/view?usp=sharing\" target=\"_blank\" rel=\"noopener noreferrer\">A produ\u00e7\u00e3o de v\u00eddeo estudantil modificando o espa\u00e7o escolar do meio rural<\/a> &#8211; Josiane de Moraes Brignol, Jaqueline Antunes Silva, Josias Pereira\/UFPel<\/p>\n<p><a href=\"https:\/\/drive.google.com\/file\/d\/1MLBgGDrbE5w_gyu7WD1lhfgGd8WXF1Ih\/view?usp=sharing\" target=\"_blank\" rel=\"noopener noreferrer\">A PRODU\u00c7\u00c3O DE V\u00cdDEO EXPRESSANDO A CULTURA E INTEGRANDO A EDUCA\u00c7\u00c3O DA ESCOLA RURAL<\/a> &#8211; Adriana Nebel Kovalscki, Josiane de Moraes Brignol\/UFPel<\/p>\n<p><a href=\"https:\/\/drive.google.com\/file\/d\/1bUzTP34u3EQruodDuRlbSgeUN25GglnP\/view?usp=sharing\" target=\"_blank\" rel=\"noopener noreferrer\">A Produ\u00e7\u00e3o de V\u00eddeos como A\u00e7\u00e3o Pedag\u00f3gica: desenvolvendo habilidades e educando um olhar matem\u00e1tico no Ensino Fundamental<\/a> &#8211; Adriana Nebel Kovalscki<\/p>\n<p><a href=\"http:\/\/tecedu.pro.br\/wp-content\/uploads\/2017\/07\/Art13-vol19-julho2017.pdf\">A PRODU\u00c7\u00c3O DE V\u00cdDEO NA PR\u00c1TICA ESCOLAR: AN\u00c1LISE DO I FESTIVAL DE V\u00cdDEO ESTUDANTIL DA CIDADE DE CAP\u00c3O DO LE\u00c3O\/RS- BRASIL. <\/a>\u00a0&#8211; Josias Pereira, Daniela Pedra Mattos<\/p>\n<p><a href=\"https:\/\/dspace.unila.edu.br\/bitstream\/handle\/123456789\/3871\/SEURS_1144-1149.pdf?sequence=1&amp;isAllowed=y\" target=\"_blank\" rel=\"noopener noreferrer\">A PRODU\u00c7\u00c3O DE V\u00cdDEO ESTUDANTIL NO EXTREMO SUL DO RIO GRANDE DO SUL <\/a>\u00a0&#8211; Ana Paula Ogliari Casagrande, Mateus Brum de Armas<\/p>\n<p><a href=\"https:\/\/goo.gl\/EykDcz\" target=\"_blank\" rel=\"noopener noreferrer\">As possibilidades do uso do v\u00eddeo como recurso de aprendizagem em salas de aula do 5\u00ba ano<\/a>\u00a0&#8211; Rosilma Ventura da Silva, Elisangela Mercado de Oliveira<\/p>\n<p><a href=\"https:\/\/wp.ufpel.edu.br\/producaodevideo\/files\/2018\/12\/Cineclubes_nas_Escolas_tensionamento_da-renata-Oliveira.pdf\">Cineclubes nas escolas: tensionamento da linguagem escolar<\/a>\u00a0&#8211;\u00a0Renata Oliveira<\/p>\n<p><a href=\"https:\/\/www.scielo.br\/pdf\/edur\/v33\/1982-6621-edur-33-e153836.pdf\" target=\"_blank\" rel=\"noopener noreferrer\">CINEMA E EDUCA\u00c7\u00c3O: FUNDAMENTOS E PERSPECTIVAS1<\/a> &#8211; Rog\u00e9rio de Almeida\/FEUSP<\/p>\n<p><a href=\"http:\/\/revistaadmmade.estacio.br\/index.php\/reeduc\/article\/viewArticle\/1526\">Cinema na escola pra qu\u00ea?<\/a>\u00a0&#8211; Mirna Juliana Santos Fonseca<\/p>\n<p><a href=\"http:\/\/www.revistasbemsp.com.br\/index.php\/REMat-SP\/article\/view\/147\">Compreendendo o I Festival de V\u00eddeos Digitais e Educa\u00e7\u00e3o Matem\u00e1tica<\/a>\u00a0&#8211; Nilton Silveira Domingues, Marcelo de Carvalho Borba<\/p>\n<p><a href=\"https:\/\/goo.gl\/nT7WCP\" target=\"_blank\" rel=\"noopener noreferrer\">Depois da tempestade&#8230; a tempestade. Uma a\u00e7\u00e3o de aprendiz audiovisual<\/a>\u00a0&#8211; \u00c1lvaro Benevenuto Jr., C\u00e9sar Vin\u00edcius Massing, Michael Susin<\/p>\n<p><a href=\"https:\/\/drive.google.com\/file\/d\/1dxUqbtrwFsRxHAicgow2nAy_inF5ZPnf\/view?usp=sharing\" target=\"_blank\" rel=\"noopener noreferrer\">Desenvolvendo v\u00eddeos estudantis na escola rural<\/a> &#8211; Josiane de Moraes Brignol\/UFPel<\/p>\n<p><a href=\"https:\/\/drive.google.com\/file\/d\/1hQuClSPoL7nZ-fA_a_FGe4z6RoBUs4PH\/view?usp=sharing\" target=\"_blank\" rel=\"noopener noreferrer\">EDUCANDO O JOVEM RURAL ATRAV\u00c9S DA PRODU\u00c7\u00c3O DE V\u00cdDEO ESTUDANTIL<\/a> &#8211; JOSIANE DE MORAES BRIGNOL<\/p>\n<p><a href=\"https:\/\/goo.gl\/6eJuH1\" target=\"_blank\" rel=\"noopener noreferrer\">Etapas da produ\u00e7\u00e3o de v\u00eddeos por alunos da educa\u00e7\u00e3o b\u00e1sica: uma experi\u00eancia na aula de matem\u00e1tica<\/a>\u00a0&#8211; Vanessa Oechsler, Marcelo de Carvalho Borba<\/p>\n<p><a href=\"https:\/\/goo.gl\/sZZqrM\" target=\"_blank\" rel=\"noopener noreferrer\">Neuroci\u00eancia e a produ\u00e7\u00e3o de V\u00eddeo Estudantil<\/a>\u00a0&#8211; Josias Pereira<\/p>\n<p><a href=\"https:\/\/goo.gl\/gHLtVM\" target=\"_blank\" rel=\"noopener noreferrer\">O desafio da produ\u00e7\u00e3o audiovisual por alunos de escolas p\u00fablicas douradenses: um estudo de caso do Projeto Cine-Escola<\/a>\u00a0&#8211; Jany Carla Arruda da Silva<\/p>\n<p><a href=\"https:\/\/wp.ufpel.edu.br\/producaodevideo\/files\/2018\/10\/1895-5975-1-PB.pdf\">O uso da produ\u00e7\u00e3o audiovisual no ensino de jovens e adultos<\/a> &#8211; S\u00edlvio da Costa Pereira<\/p>\n<p><a href=\"http:\/\/periodicos.estacio.br\/index.php\/reeduc\/article\/download\/2045\/1152\">Pr\u00e1tica m\u00eddia-educativa de an\u00e1lise de produtos e conte\u00fados midi\u00e1ticos nas escolas da Prefeitura do Rio de Janeiro<\/a>\u00a0&#8211; Marcus Tavares; Rosalia Duarte<\/p>\n<p><a href=\"https:\/\/tecedu.pro.br\/wp-content\/uploads\/2019\/01\/Rel6-Ano-10-vol28-Dezembro-2018.pdf\">PRECONCEITO NA PRODU\u00c7\u00c3O DE V\u00cdDEO ESTUDANTIL<\/a>\u00a0&#8211; Josias Pereira, Josiane Brignol , Mara Cezar<\/p>\n<p><a href=\"http:\/\/www.academia.edu\/22866444\/A_PRODU%C3%87%C3%83O_DE_V%C3%8DDEO_CONTRIBUINDO_NA_TEORIA_DAS_REPRESENTA%C3%87%C3%95ES_SOCIAIS\" target=\"_blank\" rel=\"noopener noreferrer\">Produ\u00e7\u00e3o de V\u00eddeo Contribuindo na teoria das Representa\u00e7\u00f5es Sociais<\/a>\u00a0&#8211; Josias Pereira<\/p>\n<p><a href=\"http:\/\/www.academia.edu\/34450747\/A_Produ%C3%A7%C3%A3o_de_V%C3%ADdeo_Contribuindo_no_Processo_de_Ensino_-_Aprendizagem\" target=\"_blank\" rel=\"noopener noreferrer\">Produ\u00e7\u00e3o de V\u00eddeo Contribuindo no Processo de Ensino Aprendizagem<\/a>\u00a0&#8211; Josias Pereira<\/p>\n<p><a href=\"https:\/\/drive.google.com\/file\/d\/1lsQvzaMYQECSkq3ETn6U6ZodEFUJxXq5\/view?usp=sharing\" target=\"_blank\" rel=\"noopener noreferrer\">PRODU\u00c7\u00c3O DE V\u00cdDEO ESTUDANTIL: DESENVOLVENDO HABILIDADES NO ENSINO FUNDAMENTAL<\/a> &#8211; Adriana Nebel Kovalscki\/UFPel<\/p>\n<p><a href=\"https:\/\/drive.google.com\/file\/d\/1xbUWEsDDZ1KdIIXshQN-Qy_pY-AbqYN3\/view?usp=sharing\" target=\"_blank\" rel=\"noopener noreferrer\">PRODU\u00c7\u00c3O DE V\u00cdDEO ESTUDANTIL: UMA REALIDADE DAS ESCOLAS BRASILEIRAS<\/a> &#8211; Josias Pereira, Daniela Pedra Mattos, Vagner Vargas, Adriana Nebel Kovalscki, Josiane de Moraes Brignol, Jaqueline Antunes Silva<\/p>\n<p><a href=\"http:\/\/www.fef.br\/upload_arquivos\/geral\/arq_58822b158d755.pdf\" target=\"_blank\" rel=\"noopener noreferrer\">PRODU\u00c7\u00c3O DE V\u00cdDEOS E SEU USO PARA O ENSINO DE MATEM\u00c1TICA: UMA EXPERI\u00caNCIA VIVENCIADA PELO PIBID<\/a> &#8211; K\u00e1ique Dutra Luiz Barboza, Amanda Lara Barreto, Rosana Silva Bonfim, Maria Aparecida Laurindo Polizelle<\/p>\n<p><a href=\"http:\/\/tecedu.pro.br\/wp-content\/uploads\/2017\/12\/Rel7-vol19-julho2017.pdf\">Produ\u00e7\u00e3o de V\u00eddeo na Escola: oportunizar saberes e o resgate da cultura local<\/a> &#8211; Adriana Nebel Kovalscki,\u00a0Elisane Strelow Gon\u00e7alves<\/p>\n<p><a href=\"https:\/\/wp.ufpel.edu.br\/roquettepinto\/files\/2017\/03\/video-estudantil-ou-video-escolar.docx\" target=\"_blank\" rel=\"noopener noreferrer\">V\u00eddeo Estudantil ou V\u00eddeo Escolar<\/a> &#8211; Josias Pereira<\/p>\n<p><a href=\"https:\/\/drive.google.com\/file\/d\/1tIw8VBmZth0oSf7KxyKPZ7axRJsWpmaz\/view?usp=sharing\" target=\"_blank\" rel=\"noopener noreferrer\">V\u00cdDEOS NAS AULAS DE MATEM\u00c1TICA \u2013 UMA A\u00c7\u00c3O PEDAG\u00d3GICA NO ENSINO FUNDAMENTAL<\/a> &#8211; ADRIANA NEBEL KOVALSCKI, JOSIAS PEREIRA DA SILVA<\/p>\n<p>&nbsp;<\/p>\n","protected":false},"excerpt":{"rendered":"<p>Aqui voc\u00ea encontra artigos sobre Produ\u00e7\u00e3o de V\u00eddeo Estudantil &nbsp; &nbsp; A experi\u00eancia audiovisual nos espa\u00e7os educativos:\u00a0poss\u00edveis interse\u00e7\u00f5es entre educa\u00e7\u00e3o e comunica\u00e7\u00e3o &#8211;\u00a0Eloiza Gurgel Pires A JUN\u00c7\u00c3O DA A\u00c7\u00c3O DO ORIGAMI COM AS PESQUISAS DA NEUROCI\u00caNCIA NO ENSINO E APRENDIZAGEM DA MATEM\u00c1TICA &#8211; Elisane Strelow Gon\u00e7alves, Adriana Nebel Kovalski, Jaqueline Antunes da Silva, Josiane de [&hellip;]<\/p>\n","protected":false},"author":578,"featured_media":0,"parent":0,"menu_order":0,"comment_status":"closed","ping_status":"closed","template":"","meta":{"footnotes":""},"class_list":["post-133","page","type-page","status-publish","hentry","post"],"jetpack-related-posts":[],"jetpack_sharing_enabled":true,"_links":{"self":[{"href":"https:\/\/wp.ufpel.edu.br\/gp2ve\/wp-json\/wp\/v2\/pages\/133","targetHints":{"allow":["GET"]}}],"collection":[{"href":"https:\/\/wp.ufpel.edu.br\/gp2ve\/wp-json\/wp\/v2\/pages"}],"about":[{"href":"https:\/\/wp.ufpel.edu.br\/gp2ve\/wp-json\/wp\/v2\/types\/page"}],"author":[{"embeddable":true,"href":"https:\/\/wp.ufpel.edu.br\/gp2ve\/wp-json\/wp\/v2\/users\/578"}],"replies":[{"embeddable":true,"href":"https:\/\/wp.ufpel.edu.br\/gp2ve\/wp-json\/wp\/v2\/comments?post=133"}],"version-history":[{"count":16,"href":"https:\/\/wp.ufpel.edu.br\/gp2ve\/wp-json\/wp\/v2\/pages\/133\/revisions"}],"predecessor-version":[{"id":216,"href":"https:\/\/wp.ufpel.edu.br\/gp2ve\/wp-json\/wp\/v2\/pages\/133\/revisions\/216"}],"wp:attachment":[{"href":"https:\/\/wp.ufpel.edu.br\/gp2ve\/wp-json\/wp\/v2\/media?parent=133"}],"curies":[{"name":"wp","href":"https:\/\/api.w.org\/{rel}","templated":true}]}}