{"id":130,"date":"2020-08-14T06:04:55","date_gmt":"2020-08-14T09:04:55","guid":{"rendered":"https:\/\/wp.ufpel.edu.br\/gp2ve\/?page_id=130"},"modified":"2023-06-20T07:38:51","modified_gmt":"2023-06-20T10:38:51","slug":"dissertacao","status":"publish","type":"page","link":"https:\/\/wp.ufpel.edu.br\/gp2ve\/dissertacao\/","title":{"rendered":"Disserta\u00e7\u00e3o"},"content":{"rendered":"<p>Aqui voc\u00ea encontra disserta\u00e7\u00f5es sobre a Produ\u00e7\u00e3o de V\u00eddeo Estudantil<\/p>\n<p><a href=\"http:\/\/www.dominiopublico.gov.br\/pesquisa\/DetalheObraForm.do?select_action=&amp;co_obra=84947\">A produ\u00e7\u00e3o de v\u00eddeo em escolas: um estudo sobre o perfil dos professores que trabalham com a cria\u00e7\u00e3o de v\u00eddeos em escolas do munic\u00edpio do Rio de Janeiro<\/a> &#8211; Josias Pereira\/UFPel &#8211; 2005<\/p>\n<p><a href=\"https:\/\/drive.google.com\/file\/d\/1ZhG-iYFRWN4fOHyawt17L1runc_ER-RW\/view?usp=sharing\" target=\"_blank\" rel=\"noopener noreferrer\">ABORDAGEM SIST\u00caMICA DE ENSINO: NARRATIVAS DE MEM\u00d3RIAS E LETRAMENTO NO ENSINO FUNDAMENTAL<\/a> &#8211; WESLANIA EVANGELISTA DE JESUS\/UFG<\/p>\n<p><a href=\"http:\/\/ppgter.ufsm.br\/images\/Dissertacoes\/DISSERTA%C3%87%C3%83O_-_A_PRODU%C3%87%C3%83O_AUDIOVISUAL_NO_ENSINO_FUNDAMENTAL_-_UMA_APOSTA_NA_AUTORIA_E_COAUTORIA_DOS_ESTUDANTES.pdf?fbclid=IwAR0CYdelUckn-Mwrjh033vnj-zsDDEuvcxcO0py3_aSUjbzHd7gb0WeF_9g\">A produ\u00e7\u00e3o audiovisual no ensino fundamental: uma aposta na autoria e coautoria dos estudantes<\/a> &#8211; Lilian Roberta Ilha Saccol\/UFSM<\/p>\n<p><a href=\"https:\/\/www.bdtd.uerj.br:8443\/bitstream\/1\/10527\/1\/Dissert_Luciana_Bdtd.pdf\">Especialmente Recomendado para Menores de seis anos<\/a> &#8211; 2010 &#8211; Luciana Bessa Diniz de Menezes<\/p>\n<p><a href=\"https:\/\/wp.ufpel.edu.br\/roquettepinto\/files\/2017\/03\/3-Izabel-A-Produ%C3%A7%C3%A3o-de-V%C3%ADdeo-Estudantil.pdf\" target=\"_blank\" rel=\"noopener noreferrer\">\u201cA Produ\u00e7\u00e3o de V\u00eddeo Estudantil \u2013 um processo de aprendizagem poss\u00edvel e surpreendente<\/a> &#8211; Izabel Cristina S. dos Santos<\/p>\n<p><a href=\"https:\/\/repositorio.unb.br\/bitstream\/10482\/13225\/1\/2013_RosanaAlvesOliveira.pdf\" target=\"_blank\" rel=\"noopener noreferrer\">A PRODU\u00c7\u00c3O DE V\u00cdDEO POR CELULAR E A REPRESENTA\u00c7\u00c3O DE IDENTIDADES JUVENIS: estudo com estudantes participantes do projeto Telinha de Cinema<\/a> &#8211; ROSANA ALVES DE OLIVEIRA\/UnB\u00a0 &#8211; 2017.<\/p>\n<p><a href=\"http:\/\/guaiaca.ufpel.edu.br\/bitstream\/prefix\/4577\/1\/d_2016___Vania_Dal_Pont.pdf\" target=\"_blank\" rel=\"noopener noreferrer\">ENSINO DE MATEM\u00c1TICA COM USO DE V\u00cdDEOS NA EDUCA\u00c7\u00c3O B\u00c1SICA DO RIO GRANDE DO SUL<\/a> &#8211; V\u00e2nia Dal Pont Pereira da Silva<\/p>\n<p><a href=\"https:\/\/repositorio.ufsc.br\/bitstream\/handle\/123456789\/188269\/PEED1296-D.pdf?sequence=-1\">Oficinas de Cinema: Olhares e Participa\u00e7\u00f5es de Crian\u00e7as e Jovens na Escola<\/a> &#8211; Karine Joulie Martins<\/p>\n<p><a href=\"https:\/\/portalseer.ufba.br\/index.php\/entreideias\/article\/view\/2825\">Mem\u00f3rias e Trajet\u00f3rias de Escolariza\u00e7\u00e3o: Abordagem Experiencial e Forma\u00e7\u00e3o de Professores Para as S\u00e9ries Iniciais do Ensino Fundamental<\/a> &#8211; Weslania Evangelista de Jesus \/UFG<\/p>\n<p><a href=\"http:\/\/guaiaca.ufpel.edu.br\/bitstream\/prefix\/4574\/1\/d_2016___Jaqueline.pdf\" target=\"_blank\" rel=\"noopener noreferrer\">O POTENCIAL PEDAG\u00d3GICO DA VIDEOAULA NO APRENDER MATEM\u00c1TICA <\/a>\u00a0 &#8211; Jaqueline Antunes da Silva<\/p>\n<p><a href=\"https:\/\/goo.gl\/aYSu1A\" target=\"_blank\" rel=\"noopener noreferrer\">Produ\u00e7\u00e3o audiovisual como recurso did\u00e1tico pedag\u00f3gico no ensino de hist\u00f3ria<\/a> &#8211; Caroline Dall&#8217; Agnol<\/p>\n<p><a href=\"http:\/\/guaiaca.ufpel.edu.br\/bitstream\/prefix\/4578\/1\/d_2017___Adriana.pdf\" target=\"_blank\" rel=\"noopener noreferrer\">PRODU\u00c7\u00c3O DE V\u00cdDEO E ETNOMATEM\u00c1TICA: REPRESENTA\u00c7\u00d5ES DE GEOMETRIA NO COTIDIANO DO ALUNO<\/a> &#8211; Adriana Nebel Kovalscki<\/p>\n<p><a href=\"https:\/\/goo.gl\/B3NpoY\" target=\"_blank\" rel=\"noopener noreferrer\">Produ\u00e7\u00e3o De V\u00eddeos Por Estudantes Do Ensino M\u00e9dio: Um Estudo Motivacional Da Aprendizagem Em Qu\u00edmica<\/a> &#8211; S\u00edlvia Gomes dos Santos Resende<\/p>\n<p><a href=\"https:\/\/goo.gl\/NWaJF1\" target=\"_blank\" rel=\"noopener noreferrer\">Tecnologias digitais da Informa\u00e7\u00e3o e Comunica\u00e7\u00e3o: Explorando as possibilidades pedag\u00f3gicas na produ\u00e7\u00e3o de v\u00eddeos<\/a> &#8211; Milena Aparecida Vendramini Sato<\/p>\n<p><a href=\"http:\/\/www.lume.ufrgs.br\/bitstream\/handle\/10183\/149106\/001004783.pdf?sequence=1\">Transforma\u00e7\u00e3o e Cria\u00e7\u00e3o de Si em Pr\u00e1ticas Cinematograficas no Espa\u00e7o Escolar<\/a>. Luciana Tubello Caldas<\/p>\n<p><a href=\"http:\/\/repositorio.unicamp.br\/bitstream\/REPOSIP\/338689\/1\/Beck_KarlaLopes_M.pdf\" target=\"_blank\" rel=\"noopener noreferrer\">UM CONVITE AO LABIRINTO: EXPERI\u00caNCIAS CINEMATOGR\u00c1FICAS NA EDUCA\u00c7\u00c3O INFANTIL<\/a> &#8211; Karla Lopes Beck\/UNICAMP<\/p>\n","protected":false},"excerpt":{"rendered":"<p>Aqui voc\u00ea encontra disserta\u00e7\u00f5es sobre a Produ\u00e7\u00e3o de V\u00eddeo Estudantil A produ\u00e7\u00e3o de v\u00eddeo em escolas: um estudo sobre o perfil dos professores que trabalham com a cria\u00e7\u00e3o de v\u00eddeos em escolas do munic\u00edpio do Rio de Janeiro &#8211; Josias Pereira\/UFPel &#8211; 2005 ABORDAGEM SIST\u00caMICA DE ENSINO: NARRATIVAS DE MEM\u00d3RIAS E LETRAMENTO NO ENSINO FUNDAMENTAL [&hellip;]<\/p>\n","protected":false},"author":578,"featured_media":0,"parent":0,"menu_order":0,"comment_status":"closed","ping_status":"closed","template":"","meta":{"footnotes":""},"class_list":["post-130","page","type-page","status-publish","hentry","post"],"jetpack-related-posts":[],"jetpack_sharing_enabled":true,"_links":{"self":[{"href":"https:\/\/wp.ufpel.edu.br\/gp2ve\/wp-json\/wp\/v2\/pages\/130","targetHints":{"allow":["GET"]}}],"collection":[{"href":"https:\/\/wp.ufpel.edu.br\/gp2ve\/wp-json\/wp\/v2\/pages"}],"about":[{"href":"https:\/\/wp.ufpel.edu.br\/gp2ve\/wp-json\/wp\/v2\/types\/page"}],"author":[{"embeddable":true,"href":"https:\/\/wp.ufpel.edu.br\/gp2ve\/wp-json\/wp\/v2\/users\/578"}],"replies":[{"embeddable":true,"href":"https:\/\/wp.ufpel.edu.br\/gp2ve\/wp-json\/wp\/v2\/comments?post=130"}],"version-history":[{"count":16,"href":"https:\/\/wp.ufpel.edu.br\/gp2ve\/wp-json\/wp\/v2\/pages\/130\/revisions"}],"predecessor-version":[{"id":374,"href":"https:\/\/wp.ufpel.edu.br\/gp2ve\/wp-json\/wp\/v2\/pages\/130\/revisions\/374"}],"wp:attachment":[{"href":"https:\/\/wp.ufpel.edu.br\/gp2ve\/wp-json\/wp\/v2\/media?parent=130"}],"curies":[{"name":"wp","href":"https:\/\/api.w.org\/{rel}","templated":true}]}}