{"id":35,"date":"2010-04-22T22:30:43","date_gmt":"2010-04-23T01:30:43","guid":{"rendered":"https:\/\/wp.ufpel.edu.br\/govi\/?page_id=35"},"modified":"2026-04-08T10:22:14","modified_gmt":"2026-04-08T13:22:14","slug":"tccsdissertacoesteses","status":"publish","type":"page","link":"https:\/\/wp.ufpel.edu.br\/govi\/tccsdissertacoesteses\/","title":{"rendered":"Disserta\u00e7\u00f5es\/Teses"},"content":{"rendered":"<p><em><strong>DISSERTA\u00c7\u00d5ES<\/strong><\/em><\/p>\n<p><strong>2026<\/strong><\/p>\n<p><strong><span class=\"transform\"><span class=\"fontstyle0\"><em>Paspalum notatum<\/em> submetido a inocula\u00e7\u00e3o com <em>Azospirillum brasilense<\/em> combinado com distintas fertiliza\u00e7\u00f5es<\/span><\/span><\/strong><br \/>\nAutor: Rodrigo Flores Escobar<\/p>\n<p><strong>2025<\/strong><\/p>\n<p><a href=\"https:\/\/wp.ufpel.edu.br\/govi\/files\/2026\/03\/Dissertacao_Karol_Estimativa-de-componentes-corporais-ovinos.pdf\" target=\"_blank\" rel=\"noopener\"><strong><span class=\"transform\"><span class=\"fontstyle0\">Estimativa de componentes corporais ao abate atrav\u00e9s de medidas <\/span><span class=\"fontstyle2\">in vivo <\/span><span class=\"fontstyle0\">em ovinos<\/span><\/span><\/strong><\/a><br \/>\nAutor: Karoline Barcellos da Rosa<\/p>\n<p><strong>2024<\/strong><\/p>\n<p><strong><span class=\"transform\">Formas de aplica\u00e7\u00e3o de <em>Azospirillum brasilense<\/em> na produ\u00e7\u00e3o de forragem do campo nativo<\/span><\/strong><br \/>\nAutor: <span class=\"transform\">Herlon Thadeu da Silva Mendel<\/span><\/p>\n<p><strong>2022<\/strong><\/p>\n<p><strong>Produtividade de um campo natural de Planossolo do bioma Pampa fertlizado com sulfato de am\u00f4nio<\/strong><br \/>\nAutor: Franco de Almeida Oll\u00e9<\/p>\n<p><strong>Padr\u00e3o de comportamento de ovinos em confinamento sob diferentes turnos<\/strong><br \/>\nAutor: Lucas Oliveira da Silva<\/p>\n<p><strong>2021<\/strong><\/p>\n<p><strong>Produ\u00e7\u00e3o e qualidade das sementes de <em>Axonopus affinis<\/em> Chase<\/strong><br \/>\nAutor: Amaury Garcia Moreira dos Santos<\/p>\n<p><strong>Antecipa\u00e7\u00e3o da \u00e9poca de acasalamento de bovinos de corte para adequa\u00e7\u00e3o \u00e0 integra\u00e7\u00e3o lavoura-pecu\u00e1ria<\/strong><br \/>\nAutor: Allan Patrick Timm de Oliveira<\/p>\n<p><strong>2020<\/strong><\/p>\n<p><a href=\"https:\/\/wp.ufpel.edu.br\/govi\/files\/2020\/09\/Dissertacao-Luiza-Padilha-Nunes.pdf\" target=\"_blank\" rel=\"noopener noreferrer\"><span class=\"fontstyle0\">Desempenho e parasitismo de ovinos submetidos a sistemas de alimenta\u00e7\u00e3o em amendoim forrageiro <em>(Arachis<\/em> pintoi)<\/span><\/a><br \/>\nAutor: Luiza Padilha Nunes<\/p>\n<p><a href=\"https:\/\/wp.ufpel.edu.br\/govi\/files\/2022\/08\/Dinamica-floristica-do-campo-nativo-da-zona-de-amortecimento-do-Taim-apos-adubacao_Gabriela-de-Azevedo.pdf\" target=\"_blank\" rel=\"noopener\">Din\u00e2mica flor\u00edstica do campo nativo da zona de amortecimento do Taim ap\u00f3s aduba\u00e7\u00e3o<\/a><br \/>\nAutor: Gabriela Maia de Azevedo<\/p>\n<p><strong>2019<\/strong><\/p>\n<p><a href=\"https:\/\/wp.ufpel.edu.br\/govi\/files\/2020\/02\/DISSERTA\u00c7\u00c3O-MESTRADO-LISIANE.pdf\" target=\"_blank\" rel=\"noopener noreferrer\"><span class=\"fontstyle0\">Recupera\u00e7\u00e3o do Campo Nativo na Zona de Amortecimento do Taim em Integra\u00e7\u00e3o Lavoura Pecu\u00e1ria<\/span> <\/a><br \/>\nAutor: Lisiane Jobim da Costa Pinheiro<\/p>\n<p><a href=\"https:\/\/wp.ufpel.edu.br\/govi\/files\/2024\/08\/Endogamia-Shorthorn-e-Romney.pdf\" target=\"_blank\" rel=\"noopener noreferrer\">Endogamia e <span class=\"fontstyle0\">caracteriza\u00e7\u00e3o<\/span> da estrutura populacional da ra\u00e7a bovina Shorthorn e ovina Romney Marsh<\/a><br \/>\nAutor: Jean Pierre Martins Machado<\/p>\n<p><a href=\"https:\/\/wp.ufpel.edu.br\/govi\/files\/2020\/01\/M_Produ\u00e7\u00e3o-Qualidade-Elefante-Kurumi_Patricia-Rosa.pdf\" target=\"_blank\" rel=\"noopener noreferrer\"><span class=\"fontstyle0\">Din\u00e2mica produtiva e valor nutritivo de <\/span><span class=\"fontstyle2\">Pennisetum purpureum <\/span><span class=\"fontstyle0\">(Schumach) cv. BRS Kurumi sob diferentes alturas pr\u00e9 e p\u00f3s desfolha<\/span><br \/>\n<\/a>Autor: Patr\u00edcia Rosa<\/p>\n<p><strong>2018<\/strong><\/p>\n<p><a href=\"https:\/\/wp.ufpel.edu.br\/govi\/files\/2020\/02\/M_Composi\u00e7\u00e3o-Macroptilium_P\u00e2mela.pdf\" target=\"_blank\" rel=\"noopener noreferrer\">Composi\u00e7\u00e3o bromatol\u00f3gica do feij\u00e3o-dos-arrozais (Macroptilium lathyroides (L.) Urb.)<\/a><br \/>\nAutor: P\u00e2mela Peres Farias<\/p>\n<p><strong>2017<\/strong><\/p>\n<p><a href=\"https:\/\/wp.ufpel.edu.br\/govi\/files\/2010\/04\/M_Determina\u00e7\u00e3o-da-altura-de-entrada-no-AF_Alexsandro-Kroning.pdf\" target=\"_blank\" rel=\"noopener noreferrer\">Determina\u00e7\u00e3o da altura de entrada no amendoim forrageiro (Arachis pintoi cv. Amarillo) em pastejo rotacionado<\/a><br \/>\nAutor:\u00a0 Alexsandro Bahr Kr\u00f6ning<\/p>\n<p><a href=\"https:\/\/wp.ufpel.edu.br\/govi\/files\/2020\/01\/M_Din\u00e2mica-do-BSS-e-potencial-de-revegetra\u00e7\u00e3o_Leonardo-Martins.pdf\" target=\"_blank\" rel=\"noopener noreferrer\"><span class=\"fontstyle0\">Din\u00e2mica do banco de sementes do solo e potencial de revegeta\u00e7\u00e3o campestre ap\u00f3s cultivos agr\u00edcolas<\/span><br \/>\n<\/a>Autor: Leonardo Alves Martins<\/p>\n<p><strong>2016<\/strong><\/p>\n<p><a href=\"http:\/\/www2.ufpel.edu.br\/faem\/ppgz\/node\/875\" target=\"_blank\" rel=\"noopener noreferrer\">Amendoim forrageiro (Arachis pintoi cv. Amarillo) sob diferentes intensidades de pastejo por ovinos em ambiente rotativo<\/a><br \/>\nAutor:\u00a0 Luis Alberto Griffith Alonzo<\/p>\n<p><strong>2015<\/strong><\/p>\n<p><a href=\"https:\/\/wp.ufpel.edu.br\/govi\/files\/2010\/04\/M_Caract-biom\u00e9tricas-qualid-carca\u00e7a-cord-dois-sist-alimentares_JaqMotta.pdf\" target=\"_blank\" rel=\"noopener noreferrer\">Caracter\u00edsticas biom\u00e9tricas e qualidade da carca\u00e7a de cordeiros criados em dois sistemas alimentares<\/a><br \/>\nAutor: Jaqueline Freitas Motta<\/p>\n<p><strong>2014<\/strong><\/p>\n<p><a href=\"https:\/\/wp.ufpel.edu.br\/govi\/files\/2010\/04\/M_AvalMetab\u00f3licaPr\u00e9-partoDoisSistProdOvinos_William-Cardinal-Brondani.pdf\" target=\"_blank\" rel=\"noopener noreferrer\">Avalia\u00e7\u00e3o metab\u00f3lica no pr\u00e9-parto em dois sistemas de produ\u00e7\u00e3o de ovinos<\/a><br \/>\nAutor: William Cardinal Brondani<\/p>\n<p><a href=\"https:\/\/wp.ufpel.edu.br\/govi\/files\/2010\/04\/M_AvalAzevProdFenoDifEst\u00e1dios_Olmar-Ant\u00f4nio-Denardin-Costa.pdf\" target=\"_blank\" rel=\"noopener noreferrer\">Avalia\u00e7\u00e3o de cultivares de azev\u00e9m para produ\u00e7\u00e3o de feno em diferentes est\u00e1dios fenol\u00f3gicos<\/a><br \/>\nAutor: Olmar Antonio Denardin Costa<\/p>\n<p><a href=\"https:\/\/wp.ufpel.edu.br\/govi\/files\/2010\/04\/M_LeguminosasPlanejForrNOdoRS_R%C3%A9gis-Antonio-Teixeira-Coelho.pdf\" target=\"_blank\" rel=\"noopener noreferrer\">Leguminosas no planejamento forrageiro para a Regi\u00e3o Noroeste do Estado do Rio Grande do Sul<\/a><br \/>\nAutor: R\u00e9gis Ant\u00f4nio Teixeira Coelho<\/p>\n<p><strong>2013<\/strong><\/p>\n<p><a href=\"http:\/\/www.ufpel.edu.br\/faem\/ppgz\/sites\/default\/files\/Disserta%C3%A7%C3%A3o%20-%20Lucas%20Oliveira.pdf\" target=\"_blank\" rel=\"noopener noreferrer\">Caracter\u00edsticas morfog\u00eanicas e estruturais de cultivares de azev\u00e9m<\/a><br \/>\nAutor: Lucas Vargas Oliveira<\/p>\n<p><a href=\"http:\/\/www.ufpel.edu.br\/faem\/ppgz\/sites\/default\/files\/Disserta%C3%A7%C3%A3o_Gabriela_Duarte.pdf\" target=\"_blank\" rel=\"noopener noreferrer\">Manejo da altura da pastagem de inverno em sistema integrado lavoura-pecu\u00e1ria<\/a><br \/>\nAutor: Gabriela da Silveira Duarte<\/p>\n<p><strong>2011<\/strong><\/p>\n<p><a href=\"http:\/\/www.ufpel.edu.br\/faem\/ppgz\/sites\/default\/files\/Luciane.pdf\" target=\"_blank\" rel=\"noopener noreferrer\">Composi\u00e7\u00e3o Regional e Tecidual da Carca\u00e7a de Cabritos Naturalizados do Alto Camaqu\u00e3 de Diferentes Idades<\/a><br \/>\nAutor: Luciane da Silva Martins<\/p>\n<p><a href=\"http:\/\/www.ufpel.edu.br\/faem\/ppgz\/sites\/default\/files\/Luiza.pdf\" target=\"_blank\" rel=\"noopener noreferrer\">Desempenho Materno-Filial de Ovinos da Ra\u00e7a Ideal Submetidos \u00e0 Tosquia Pr\u00e9-parto<\/a><br \/>\nAutor: Luiza de \u00c1vila Sphor<\/p>\n<p><strong>2010<\/strong><\/p>\n<p><a href=\"http:\/\/www.ufpel.edu.br\/faem\/ppgz\/sites\/default\/files\/Disserta%C3%A7%C3%A3o%20%20UFPel%20_%20Roberson%20Oliveira.pdf\" target=\"_blank\" rel=\"noopener noreferrer\">Caracteriza\u00e7\u00e3o da carne de cabrito do Alto Camaqu\u00e3: crescimento e desenvolvimento<\/a><br \/>\nAutor: R\u00f3berson Macedo de Oliveira<\/p>\n<p><a href=\"http:\/\/www.ufpel.edu.br\/faem\/ppgz\/sites\/default\/files\/Raquel_Klumb.pdf\" target=\"_blank\" rel=\"noopener noreferrer\">Composi\u00e7\u00e3o Tecidual e Avalia\u00e7\u00e3o da Carne de Cordeiros Lacaune X Texel<\/a><br \/>\nAutor: Raquel Klumb Arnoni<\/p>\n<p><strong> 2009<\/strong><\/p>\n<p><a href=\"http:\/\/www.ufpel.edu.br\/faem\/ppgz\/sites\/default\/files\/Disserta%C3%A7..%5B1%5D.pdf\" target=\"_blank\" rel=\"noopener noreferrer\">Crescimento e desenvolvimento dos componentes corporais de cordeiros cruzas de Texel com Corriedale distintos sistemas<\/a><br \/>\nAutor: Juliano Oliveira da Costa<\/p>\n<p><a href=\"http:\/\/www.ufpel.edu.br\/faem\/ppgz\/sites\/default\/files\/Disserta%C3%A7%C3%A3o%20Michelle%20Gon%C3%A7alves%202009pdf.pdf\" target=\"_blank\" rel=\"noopener noreferrer\">Crescimento e desenvolvimento de cordeiros machos e f\u00eameas cruzas Lacaune x Texel<\/a><br \/>\nAutor: Michelle da Silva Gon\u00e7alves<\/p>\n<p><a href=\"http:\/\/www.ufpel.edu.br\/faem\/ppgz\/sites\/default\/files\/Disserta%C3%A7%C3%A3o_Julcemar%20Kessler_2009.pdf\" target=\"_blank\" rel=\"noopener noreferrer\">Qualidade qu\u00edmica da carne em cordeiros machos e f\u00eameas cruzas Lacaune e Texel<\/a>.<br \/>\nAutor: Julcemar Dias Kessler<\/p>\n<p><strong>2008<\/strong><\/p>\n<p><strong>Produ\u00e7\u00e3o, composi\u00e7\u00e3o e qualidade do leite de ovelhas Corriedale alimentadas com diferentes fontes de \u00f3leo<\/strong><br \/>\nAutor: J\u00f3rgea Pradi\u00e9e<\/p>\n<p>______________________________________________<\/p>\n<p><em><strong>TESES<\/strong><\/em><\/p>\n<p><strong>2026<\/strong><\/p>\n<p><strong><span class=\"transform\"><span class=\"fontstyle0\">Estrat\u00e9gias de aplica\u00e7\u00e3o de nitrog\u00eanio em pastagem natural do Bioma Pampa visando o diferimento<\/span><\/span><\/strong><br \/>\nAutor: Franco de Almeida Oll\u00e9<\/p>\n<p><strong>2024<\/strong><\/p>\n<p><strong><span class=\"transform\"><span class=\"fontstyle0\">Din\u00e2mica flor\u00edstica campestre em anos de precipita\u00e7\u00f5es pluviom\u00e9tricas extremas na zona de amortecimento da esta\u00e7\u00e3o ecol\u00f3gica Taim<\/span><\/span><\/strong><br \/>\nAutor: Gabriela Maia de Azevedo<\/p>\n<p><strong>2023<\/strong><\/p>\n<p><strong>Par\u00e2metros fisiol\u00f3gicos de cordeiros cruza Corriedale nascidos sobre campo natural<\/strong><br \/>\nAutor: P\u00e2mela Peres Farias<\/p>\n<p><strong>2021<\/strong><\/p>\n<p><strong>Comportamento ingestivo e desempenho de ovinos em sistemas de alimenta\u00e7\u00e3o com amendoim forrageiro<\/strong><br \/>\nAutor: Alexsandro Bahr Kroning<\/p>\n<p><strong>2018<\/strong><\/p>\n<p><a href=\"https:\/\/wp.ufpel.edu.br\/govi\/files\/2020\/02\/D_Suplementa\u00e7\u00e3o-gestacional-em-ovelhas-Ideal-William.pdf\" target=\"_blank\" rel=\"noopener noreferrer\">Suplementa\u00e7\u00e3o gestacional e aspectos produtivos de ovinos da ra\u00e7a Ideal<\/a><br \/>\nAutor:\u00a0 Willian Cardinal Brondani<\/p>\n<p><a href=\"https:\/\/wp.ufpel.edu.br\/govi\/files\/2020\/02\/D_CaractMorfofisiolCompoNutricAF_Olmar.pdf\" target=\"_blank\" rel=\"noopener noreferrer\">Caracter\u00edsticas morfofisiol\u00f3gicas e composi\u00e7\u00e3o nutricional de Amendoim Forrageiro submetido a intensidades de desfolha em pastejo por ovinos<\/a><br \/>\nAutor: Olmar Ant\u00f4nio denardim Costa<\/p>\n<p><a href=\"https:\/\/wp.ufpel.edu.br\/govi\/files\/2020\/02\/D_SustentSistBrasileirosProdPastagemBovinosCorte_Milene.pdf\" target=\"_blank\" rel=\"noopener noreferrer\">Sustentabilidade dos sistemas brasileiros de produ\u00e7\u00e3o em pastagem de bovinos de corte<\/a><br \/>\nAutor: Milene Dick<\/p>\n<p><strong>2015<\/strong><\/p>\n<p><em><a href=\"https:\/\/wp.ufpel.edu.br\/govi\/files\/2021\/04\/D_Azospirillum-na-producao-e-composicao-mineral-de-azevem_Bonadiman.pdf\">Azospirillum brasilense <\/a><\/em><a href=\"https:\/\/wp.ufpel.edu.br\/govi\/files\/2021\/04\/D_Azospirillum-na-producao-e-composicao-mineral-de-azevem_Bonadiman.pdf\" target=\"_blank\" rel=\"noopener noreferrer\">na produ\u00e7\u00e3o e composi\u00e7\u00e3o mineral da forragem de azev\u00e9m anual (<em>Lolium multiflorum<\/em> Lam.)<\/a><br \/>\nAutor:\u00a0 Rafael Bonadiman<\/p>\n<p><a href=\"https:\/\/wp.ufpel.edu.br\/govi\/files\/2010\/04\/D_Morfo-e-quali-carca\u00e7as-cabritos-Alto-Camaqu\u00e3_Luciane-Martins.pdf\" target=\"_blank\" rel=\"noopener noreferrer\">Morfologia e qualidade da carca\u00e7a de cabritos naturalizados do Alto Camaqu\u00e3 abatidos em diferentes idades<\/a><br \/>\nAutor:\u00a0 Luciane da Silva Martins<\/p>\n<p><strong>2014<\/strong><\/p>\n<p><a href=\"https:\/\/wp.ufpel.edu.br\/govi\/files\/2010\/04\/D_CompRegionalTecidualQu\u00edmicaCarneCordeirosCabritos_Raquel_Arnoni.pdf\" target=\"_blank\" rel=\"noopener noreferrer\">Composi\u00e7\u00e3o regional, tecidual e qu\u00edmica da carne de cordeiros e cabritos criados na Regi\u00e3o das Palmas &#8211; Alto Camaqu\u00e3<\/a><br \/>\nAutor:\u00a0 Raquel Klumb Arnoni<\/p>\n<p><a href=\"https:\/\/wp.ufpel.edu.br\/govi\/files\/2010\/04\/D_QualInstrumSensorCabrCordAltoCamaqua_Michelle-Gon\u00e7alves.pdf\" target=\"_blank\" rel=\"noopener noreferrer\">Qualidade instrumental e sensorial da carne de cabritos e cordeiros criados na Regi\u00e3o das Palmas &#8211; Alto Camaqu\u00e3<\/a><br \/>\nAutor:\u00a0 Michelle da Silva Gon\u00e7alves<\/p>\n<p><strong>2013<\/strong><\/p>\n<p><a href=\"http:\/\/www.ufpel.edu.br\/faem\/ppgz\/sites\/default\/files\/ultima%20vers%C3%A3o%20tese.pdf\" target=\"_blank\" rel=\"noopener noreferrer\">Din\u00e2mica do crescimento do cons\u00f3rcio trevo-persa e azev\u00e9m anual sob diferentes intervalos de desfolhas<\/a><br \/>\nAutor:\u00a0 Daiane Cristina Sganzerla<\/p>\n<p><strong>2012<\/strong><\/p>\n<p><a href=\"http:\/\/www.ufpel.edu.br\/faem\/ppgz\/sites\/default\/files\/CD%20UFPel%20Tese_KESSLER.pdf\" target=\"_blank\" rel=\"noopener noreferrer\">Caracteriza\u00e7\u00e3o bioqu\u00edmica da carne de cabritos criados na regi\u00e3o do Alto Camaqu\u00e3<\/a>\u00a0\u00a0\u00a0<strong>\u00a0\u00a0\u00a0 <\/strong><br \/>\nAutor:\u00a0\u00a0Julcemar Dias Kessler<\/p>\n<p><strong>An\u00e1lise multivariada entre medidas in vivo, na carca\u00e7a e na carne de cabritos do Alto Camaqu\u00e3<\/strong><br \/>\nAutor: Roberson Macedo de Oliveira<\/p>\n<p><strong>2011<\/strong><\/p>\n<p><a href=\"http:\/\/www.ufpel.edu.br\/faem\/ppgz\/sites\/default\/files\/tese.pdf\" target=\"_blank\" rel=\"noopener noreferrer\">Produ\u00e7\u00e3o, composi\u00e7\u00e3o f\u00edsico-qu\u00edmica e perfil de \u00e1cidos graxos do leite de cabras Saanen alimentadas com diferentes n\u00edveis de \u00f3leo de arroz<\/a><br \/>\nAutor:\u00a0 Marcele Sousa Vilanova<\/p>\n<p><a href=\"http:\/\/www.ufpel.edu.br\/faem\/ppgz\/sites\/default\/files\/TESE%20FINAL%20Jaqueline%20Lemes%20%282%29.pdf\" target=\"_blank\" rel=\"noopener noreferrer\">Qualidade da carca\u00e7a e da carne de caprinos de diferentes idades da Regi\u00e3o das Palmas &#8211; Alto Camaqu\u00e3<\/a><br \/>\nAutor: Jaqueline Schneider Lemes<\/p>\n<p><strong>2010<\/strong><\/p>\n<p><a href=\"http:\/\/www.ufpel.edu.br\/faem\/ppgz\/sites\/default\/files\/Microsoft%20Word%20-%20Tese%20doutorado%20Clovis.pdf\" target=\"_blank\" rel=\"noopener noreferrer\">Produ\u00e7\u00e3o de Carne Ovina<\/a><br \/>\nAutor: Cl\u00f3vis Jos\u00e9 Cardoso de \u00c1vila<\/p>\n<p><a href=\"http:\/\/www.ufpel.edu.br\/faem\/ppgz\/sites\/default\/files\/Tese%20-%20Juliano%20H.%20Hashimoto.pdf\" target=\"_blank\" rel=\"noopener noreferrer\">Qualidade da Carca\u00e7a e da Carne de Cordeiros (as) terminados em Tr\u00eas Sistemas<\/a><br \/>\nAutor: Juliano Hideo Hashimoto<\/p>\n<p><strong> 2009<\/strong><\/p>\n<p><a href=\"http:\/\/www.ufpel.edu.br\/faem\/ppgz\/sites\/default\/files\/Qualidade%20da%20carca%C3%A7a%20e%20da%20carne%20de%20cordeiros%20machos%20e%20f%C3%AAmeas%20Texel%20x%20Corriedale%20terminados%20em%20dif.pdf\" target=\"_blank\" rel=\"noopener noreferrer\">Qualidade da carca\u00e7a e da carne de cordeiros machos e f\u00eameas Texel x Corriedale terminados em diferentes sistemas.<\/a><br \/>\nAutor: Marlice Salete Bonacina<\/p>\n<p><strong>2008<\/strong><\/p>\n<p><strong>Produ\u00e7\u00e3o de carne de ovinos Corriedale terminados em pastagem de ver\u00e3o- Milheto (<em>Pennisetum glaucum<\/em> (L.) R.Br.).<\/strong><br \/>\nAutor: S\u00e9rgio Silveira Gonzaga<\/p>\n<p><strong>2005<\/strong><\/p>\n<p><a href=\"http:\/\/www.ufpel.edu.br\/faem\/ppgz\/sites\/default\/files\/Eunice_Rota_0.pdf\" target=\"_blank\" rel=\"noopener noreferrer\">Castra\u00e7\u00e3o e idade de abate sobre a qualidade da carne em ovinos da ra\u00e7a Corriedale<\/a><br \/>\nAutor: Eunice de Leon Rota<\/p>\n<p>&nbsp;<\/p>\n<p>&nbsp;<\/p>\n<p>Mais disserta\u00e7\u00f5es e teses do GOVI, voc\u00ea encontra em:\u00a0 <a href=\"https:\/\/wp.ufpel.edu.br\/ppgz\/\" target=\"_blank\" rel=\"noopener noreferrer\"><img loading=\"lazy\" decoding=\"async\" class=\"alignnone wp-image-3617\" src=\"https:\/\/wp.ufpel.edu.br\/govi\/files\/2020\/10\/cropped-ppgzverdeforte-2-e1598902301518-2.png\" alt=\"\" width=\"250\" height=\"50\" srcset=\"https:\/\/wp.ufpel.edu.br\/govi\/files\/2020\/10\/cropped-ppgzverdeforte-2-e1598902301518-2.png 600w, https:\/\/wp.ufpel.edu.br\/govi\/files\/2020\/10\/cropped-ppgzverdeforte-2-e1598902301518-2-300x60.png 300w\" sizes=\"auto, (max-width: 250px) 100vw, 250px\" \/><\/a><\/p>\n<p>&nbsp;<\/p>\n","protected":false},"excerpt":{"rendered":"<p>DISSERTA\u00c7\u00d5ES 2026 Paspalum notatum submetido a inocula\u00e7\u00e3o com Azospirillum brasilense combinado com distintas fertiliza\u00e7\u00f5es Autor: Rodrigo Flores Escobar 2025 Estimativa de componentes corporais ao abate atrav\u00e9s de medidas in vivo em ovinos Autor: Karoline Barcellos da Rosa 2024 Formas de&#8230; <a class=\"more-link\" href=\"https:\/\/wp.ufpel.edu.br\/govi\/tccsdissertacoesteses\/\">Continue lendo &rarr;<\/a><\/p>\n","protected":false},"author":54,"featured_media":0,"parent":0,"menu_order":5,"comment_status":"closed","ping_status":"closed","template":"","meta":{"footnotes":""},"class_list":["post-35","page","type-page","status-publish","hentry"],"_links":{"self":[{"href":"https:\/\/wp.ufpel.edu.br\/govi\/wp-json\/wp\/v2\/pages\/35","targetHints":{"allow":["GET"]}}],"collection":[{"href":"https:\/\/wp.ufpel.edu.br\/govi\/wp-json\/wp\/v2\/pages"}],"about":[{"href":"https:\/\/wp.ufpel.edu.br\/govi\/wp-json\/wp\/v2\/types\/page"}],"author":[{"embeddable":true,"href":"https:\/\/wp.ufpel.edu.br\/govi\/wp-json\/wp\/v2\/users\/54"}],"replies":[{"embeddable":true,"href":"https:\/\/wp.ufpel.edu.br\/govi\/wp-json\/wp\/v2\/comments?post=35"}],"version-history":[{"count":4,"href":"https:\/\/wp.ufpel.edu.br\/govi\/wp-json\/wp\/v2\/pages\/35\/revisions"}],"predecessor-version":[{"id":4023,"href":"https:\/\/wp.ufpel.edu.br\/govi\/wp-json\/wp\/v2\/pages\/35\/revisions\/4023"}],"wp:attachment":[{"href":"https:\/\/wp.ufpel.edu.br\/govi\/wp-json\/wp\/v2\/media?parent=35"}],"curies":[{"name":"wp","href":"https:\/\/api.w.org\/{rel}","templated":true}]}}