{"id":31,"date":"2010-04-22T22:19:56","date_gmt":"2010-04-23T01:19:56","guid":{"rendered":"https:\/\/wp.ufpel.edu.br\/govi\/?page_id=31"},"modified":"2024-03-07T13:20:23","modified_gmt":"2024-03-07T16:20:23","slug":"lanatec","status":"publish","type":"page","link":"https:\/\/wp.ufpel.edu.br\/govi\/lanatec\/","title":{"rendered":"LanaTEC &#8211; Laborat\u00f3rio de L\u00e3s"},"content":{"rendered":"<p><strong>An\u00e1lises de:<\/strong><\/p>\n<ul>\n<li>Rendimento ao lavado<\/li>\n<li>Micronagem da l\u00e3 atrav\u00e9s de <em>airflow<\/em><\/li>\n<\/ul>\n","protected":false},"excerpt":{"rendered":"<p>An\u00e1lises de: Rendimento ao lavado Micronagem da l\u00e3 atrav\u00e9s de airflow<\/p>\n","protected":false},"author":54,"featured_media":3865,"parent":0,"menu_order":4,"comment_status":"closed","ping_status":"closed","template":"","meta":{"footnotes":""},"class_list":["post-31","page","type-page","status-publish","has-post-thumbnail","hentry"],"_links":{"self":[{"href":"https:\/\/wp.ufpel.edu.br\/govi\/wp-json\/wp\/v2\/pages\/31","targetHints":{"allow":["GET"]}}],"collection":[{"href":"https:\/\/wp.ufpel.edu.br\/govi\/wp-json\/wp\/v2\/pages"}],"about":[{"href":"https:\/\/wp.ufpel.edu.br\/govi\/wp-json\/wp\/v2\/types\/page"}],"author":[{"embeddable":true,"href":"https:\/\/wp.ufpel.edu.br\/govi\/wp-json\/wp\/v2\/users\/54"}],"replies":[{"embeddable":true,"href":"https:\/\/wp.ufpel.edu.br\/govi\/wp-json\/wp\/v2\/comments?post=31"}],"version-history":[{"count":29,"href":"https:\/\/wp.ufpel.edu.br\/govi\/wp-json\/wp\/v2\/pages\/31\/revisions"}],"predecessor-version":[{"id":3867,"href":"https:\/\/wp.ufpel.edu.br\/govi\/wp-json\/wp\/v2\/pages\/31\/revisions\/3867"}],"wp:featuredmedia":[{"embeddable":true,"href":"https:\/\/wp.ufpel.edu.br\/govi\/wp-json\/wp\/v2\/media\/3865"}],"wp:attachment":[{"href":"https:\/\/wp.ufpel.edu.br\/govi\/wp-json\/wp\/v2\/media?parent=31"}],"curies":[{"name":"wp","href":"https:\/\/api.w.org\/{rel}","templated":true}]}}