{"id":213,"date":"2010-09-16T11:51:41","date_gmt":"2010-09-16T14:51:41","guid":{"rendered":"https:\/\/wp.ufpel.edu.br\/govi\/"},"modified":"2025-02-17T12:05:19","modified_gmt":"2025-02-17T15:05:19","slug":"downloads","status":"publish","type":"page","link":"https:\/\/wp.ufpel.edu.br\/govi\/downloads\/","title":{"rendered":"Downloads"},"content":{"rendered":"<p><strong>LINKS \u00daTEIS:<\/strong><\/p>\n<p>Produ\u00e7\u00e3o animal (ovinos):<\/p>\n<p><a href=\"https:\/\/bibliodadnetlac.tumblr.com\/zona_de_descargas\" target=\"_blank\" rel=\"noopener noreferrer\">Biblioteca digital de la DAD-Net LAC<\/a><\/p>\n<p><a href=\"https:\/\/drive.google.com\/drive\/folders\/1ySiLSguorLKnce8bQqIk7uWq4OItS1Ks\" target=\"_blank\" rel=\"noopener noreferrer\">Bolet\u00edn de la Red Nacional de Peque\u00f1os Rumiantes<\/a><\/p>\n<p><a href=\"https:\/\/smarterproject.eu\/\" target=\"_blank\" rel=\"noopener\">SMARTER &#8211; SMALL RuminanTs breeding for Resilience and Efficiency<\/a><\/p>\n<p><a href=\"https:\/\/www.feedipedia.org\/\" target=\"_blank\" rel=\"noopener noreferrer\">Animal feed resources information system<\/a><\/p>\n<p><a href=\"https:\/\/wp.ufpel.edu.br\/cppmet\/indice-de-conforto-termico-para-cordeiros\/\" target=\"_blank\" rel=\"noopener\">Risco de sobreviv\u00eancia para cordeiros at\u00e9 72h de vida<\/a><\/p>\n<p>&nbsp;<\/p>\n<p>Forragicultura e Pastagens:<\/p>\n<p><span class=\"\"><a href=\"https:\/\/www.feedipedia.org\/\" target=\"_blank\" rel=\"noopener\">FEEDIP\u00c9DIA<\/a> &#8211; I<span class=\"VIpgJd-yAWNEb-VIpgJd-fmcmS-sn54Q\">nforma\u00e7\u00f5es sobre pastagens e outros &#8220;alimentos zoot\u00e9cnicos&#8221; (Selecionar idioma &#8211; original em ingl\u00eas) <\/span><\/span><\/p>\n<p><a href=\"https:\/\/floradobrasil.jbrj.gov.br\/reflora\/PrincipalUC\/PrincipalUC.do\" target=\"_blank\" rel=\"noopener\">REFLORA Brasil<\/a><\/p>\n<p><a href=\"https:\/\/www.ufrgs.br\/floracampestre\/\" target=\"_blank\" rel=\"noopener\">Flora Campestre &#8211; Ecologia e biodiversidade dos campos do sul do Brasil<\/a><\/p>\n<p><a href=\"http:\/\/www.darwin.edu.ar\/proyectos\/floraargentina\/fa.htm\" target=\"_blank\" rel=\"noopener\">Instituto de Bot\u00e2nica Darwinion<\/a><\/p>\n<p>&nbsp;<\/p>\n<p><strong>LIVROS:<\/strong><\/p>\n<p>Produ\u00e7\u00e3o animal (ovinos):<\/p>\n<p><a href=\"https:\/\/wp.ufpel.edu.br\/govi\/files\/2010\/09\/GuiaPraticodoOvinocultor.pdf\" target=\"_blank\" rel=\"noopener noreferrer\">Guia Pratico do Ovinocultor\u00a0<\/a><\/p>\n<p><a href=\"https:\/\/wp.ufpel.edu.br\/govi\/files\/2010\/09\/Guia-practica-para-produccion-ovina-en-Iberoamerica.pdf\" target=\"_blank\" rel=\"noopener noreferrer\">Guia pr\u00e1ctica de producci\u00f3n ovina en Iberoamerica<\/a><\/p>\n<p>Forragicultura e Pastagens:<\/p>\n<p><a href=\"https:\/\/d2qv5f444n933g.cloudfront.net\/downloads\/guia_de_campo_aves_y_plantas_de_los_pastizales_naturales_del_cono_sur_de_sudamerica____1.pdf\" target=\"_blank\" rel=\"noopener\">Guia de Bolso de Aves e Plantas das Pastagens Naturais do Cone Sul da Am\u00e9rica<\/a><\/p>\n<p>&nbsp;<\/p>\n<p><strong>SOFTWARES:<\/strong><\/p>\n<p><a href=\"https:\/\/wp.ufpel.edu.br\/govi\/files\/2021\/08\/DDA-Atualizado3.zip\">DDA- Software para determina\u00e7\u00e3o de \u00e1rea foliar, \u00edndice de \u00e1rea foliar e \u00e1rea de olho de lombo<\/a><\/p>\n<p>&nbsp;<\/p>\n<p>&nbsp;<\/p>\n<p><strong>MATERIAIS DAS DISCIPLINAS DOS CURSOS DE ZOOTECNIA E AGRONOMIA<\/strong><\/p>\n<p><strong><strong>Sistemas de Produ\u00e7\u00e3o de Ruminantes (ovinos)<\/strong>:<\/strong><\/p>\n<p>&nbsp;<\/p>\n<p>&nbsp;<\/p>\n<p>&nbsp;<\/p>\n<p><strong>Forragicultura:<\/strong><\/p>\n<p><a href=\"https:\/\/www.embrapa.br\/trigo\/busca-de-publicacoes\/-\/publicacao\/1010247\/forrageiras-para-integracao-lavoura-pecuaria-floresta-na-regiao-sul-brasileira\" target=\"_blank\" rel=\"noopener noreferrer\">Forrageiras para Integra\u00e7\u00e3o Lavoura-Pecu\u00e1ria-Floresta na Regi\u00e3o Sul-Brasileira\u00a0<\/a><\/p>\n<p><a href=\"https:\/\/www.google.com\/url?sa=t&amp;rct=j&amp;q=&amp;esrc=s&amp;source=web&amp;cd=&amp;ved=2ahUKEwjG7O7M_6X6AhUjD9QKHdlmBJAQFnoECAQQAw&amp;url=https%3A%2F%2Fedisciplinas.usp.br%2Fpluginfile.php%2F4493668%2Fmod_resource%2Fcontent%2F2%2FA3_Din%25C3%25A2mica%2520de%2520crescimento.pdf&amp;usg=AOvVaw2BwBrht5-qqgNiu0O2desc\" target=\"_blank\" rel=\"noopener\">A din\u00e2mica do crescimento de plantas forrageiras e o manejo das pastagens<\/a><\/p>\n<p><a href=\"https:\/\/wp.ufpel.edu.br\/govi\/files\/2010\/09\/O-PROCESSO-DE-PRODU\u00c7\u00c3O-DE-FORRAGEM-EM-PASTAGENS.pdf\" target=\"_blank\" rel=\"noopener noreferrer\">O processo de produ\u00e7\u00e3o de forragem em pastagens<\/a><\/p>\n<p><a href=\"http:\/\/ainfo.cnptia.embrapa.br\/digital\/bitstream\/item\/61500\/1\/DT-119.pdf\" target=\"_blank\" rel=\"noopener noreferrer\">Qualidade de Sementes Forrageiras de Clima Temperado<\/a><\/p>\n<p><a href=\"https:\/\/wp.ufpel.edu.br\/govi\/files\/2017\/12\/Documento-EMBRAPA-439.pdf\" target=\"_blank\" rel=\"noopener noreferrer\">Documento EMBRAPA &#8211; 439 &#8211;\u00a0Boas Pr\u00e1ticas Agropecu\u00e1rias na Produ\u00e7\u00e3o de Leite: da Pesquisa para o Produtor &#8211; Cap\u00edtulo 2 &#8211; Vitrine de Forrageiras<\/a><\/p>\n<p><a href=\"https:\/\/wp.ufpel.edu.br\/govi\/files\/2018\/11\/Carac-Princ-Forrag-Tropicais.pdf\" target=\"_blank\" rel=\"noopener noreferrer\">Caracter\u00edsticas Agron\u00f4micas das Principais Plantas Forrageiras Tropicais_CT 35<\/a><\/p>\n<p>&nbsp;<\/p>\n<p>&nbsp;<\/p>\n<p><strong>Manejo de Rebanhos em Pastejo:<\/strong><\/p>\n<p><a href=\"https:\/\/wp.ufpel.edu.br\/govi\/files\/2019\/09\/D\u00e9rick_METODOLOGIAS-PARA-A-AVALIA\u00c7\u00c3O-DE-PASTAGENS.pdf\" target=\"_blank\" rel=\"noopener noreferrer\">Metodologias para a avalia\u00e7\u00e3o de pastagens<\/a><\/p>\n<p><a href=\"https:\/\/wp.ufpel.edu.br\/govi\/files\/2023\/07\/pi1921.pdf\" target=\"_blank\" rel=\"noopener\">Fontes de perdas de forragem sob pastejo: Forragem se perde?<\/a><\/p>\n<p><a href=\"https:\/\/www.embrapa.br\/busca-de-publicacoes\/-\/publicacao\/1103038\/uso-da-altura-para-ajuste-de-carga-em-pastagens\" target=\"_blank\" rel=\"noopener noreferrer\">Uso da al<\/a><a href=\"https:\/\/www.embrapa.br\/busca-de-publicacoes\/-\/publicacao\/1103038\/uso-da-altura-para-ajuste-de-carga-em-pastagens\" target=\"_blank\" rel=\"noopener noreferrer\">tura para ajuste de carga em pastagens &#8211; <\/a><a href=\"https:\/\/www.embrapa.br\/busca-de-publicacoes\/-\/publicacao\/1103038\/uso-da-altura-para-ajuste-de-carga-em-pastagens\" target=\"_blank\" rel=\"noopener noreferrer\">COT EMBRAPA 101<\/a><\/p>\n<p><a href=\"https:\/\/www.ufrgs.br\/gpep\/technical-bulletins\/\" target=\"_blank\" rel=\"noopener noreferrer\">Boletim T\u00e9cnico Manejo de Pastagens em ILPF &#8211; Integra\u00e7\u00e3o Soja-Bovinos de corte no Sul do Brasil 2\u00aa Ed.<\/a><\/p>\n<p><a class=\"tit-download\" href=\"https:\/\/www.aliancasipa.org\/wp-content\/uploads\/2017\/10\/BOLETIM-TECNICO-SISTEMAS-INTEGRADOS-TERRAS-BAIXAS.pdf\" target=\"_blank\" rel=\"noopener noreferrer\">Boletim T\u00e9cnico Sistemas Integrados Terras Baixas\u00a0\u00a0<\/a><\/p>\n<p><a href=\"https:\/\/www.embrapa.br\/clima-temperado\/busca-de-publicacoes\/-\/publicacao\/1000825\/coleta-e-envio-de-amostras-para-analise-de-composicao-no-laboratorio-de-bromatologia-e-nutricao-animal\" target=\"_blank\" rel=\"noopener\">Coleta e envio de amostras para an\u00e1lises de composi\u00e7\u00e3o no laborat\u00f3rio de bromatologia e nutri\u00e7\u00e3o animal<\/a><\/p>\n<p>&nbsp;<\/p>\n<p>&nbsp;<\/p>\n<p><strong>Conserva\u00e7\u00e3o de Alimentos Volumosos para Ruminantes:<\/strong><\/p>\n<p><a href=\"https:\/\/wp.ufpel.edu.br\/govi\/files\/2019\/09\/Produ\u00e7\u00e3o-de-feno.pdf\" target=\"_blank\" rel=\"noopener noreferrer\">Produ\u00e7\u00e3o de feno<\/a><\/p>\n<p><a href=\"http:\/\/www.nupel.uem.br\/feno.pdf\" target=\"_blank\" rel=\"noopener\">T\u00e9cnicas para produ\u00e7\u00e3o e conserva\u00e7\u00e3o de fenos de forrageiras de alta qualidade<\/a><\/p>\n<p><a href=\"https:\/\/wp.ufpel.edu.br\/govi\/files\/2022\/08\/ProbabRiscoClimaticoParaFenacaoRS.pdf\" target=\"_blank\" rel=\"noopener\">Probabilidades de risco clim\u00e1tico para fena\u00e7\u00e3o em algumas localidades do RS<\/a><\/p>\n<p><a href=\"https:\/\/www.google.com\/url?sa=t&amp;source=web&amp;rct=j&amp;opi=89978449&amp;url=https:\/\/www.agricultura.rs.gov.br\/upload\/arquivos\/202406\/19154728-informacoes-tecnicas-milho-e-sorgo-2023-24-2024-25-misosul-2023.pdf&amp;ved=2ahUKEwjDuszu7vKGAxX4rJUCHT35DEIQFnoECBoQAQ&amp;usg=AOvVaw34IAlwtD775cVQshjiSZkf\" target=\"_blank\" rel=\"noopener noreferrer\">Informa\u00e7\u00f5es t\u00e9cnicas para o cultivo de milho e de sorgo na regi\u00e3o subtropical do Brasil: safras 2023\/24 e 2024\/25 &#8211; MISOSUL 2023<\/a><\/p>\n<p><a href=\"https:\/\/www.google.com\/url?sa=t&amp;rct=j&amp;q=&amp;esrc=s&amp;source=web&amp;cd=&amp;cad=rja&amp;uact=8&amp;ved=2ahUKEwjq9ve_mpuAAxWFnpUCHWuDBxkQFnoECA4QAQ&amp;url=https%3A%2F%2Fainfo.cnptia.embrapa.br%2Fdigital%2Fbitstream%2Fitem%2F138008%2F1%2FSete-passos.pdf&amp;usg=AOvVaw2H2_G-FljMP2OStXmRwwCn&amp;opi=89978449\" target=\"_blank\" rel=\"noopener\">Sete passos para uma boa ensilagem de sorgo<\/a><\/p>\n<p><a href=\"http:\/\/www.nupel.uem.br\/girassol.pdf\" target=\"_blank\" rel=\"noopener\">Utiliza\u00e7\u00e3o de Silagem de Girassol na Alimenta\u00e7\u00e3o Animal<\/a><\/p>\n<p><a href=\"http:\/\/www.nupel.uem.br\/Silagens-alternativas-rama-bagaco-laranja.pdf\" target=\"_blank\" rel=\"noopener\">Silagens Alternativas de Res\u00edduos Agroindustriais<\/a><\/p>\n<p>&nbsp;<\/p>\n","protected":false},"excerpt":{"rendered":"<p>LINKS \u00daTEIS: Produ\u00e7\u00e3o animal (ovinos): Biblioteca digital de la DAD-Net LAC Bolet\u00edn de la Red Nacional de Peque\u00f1os Rumiantes SMARTER &#8211; SMALL RuminanTs breeding for Resilience and Efficiency Animal feed resources information system Risco de sobreviv\u00eancia para cordeiros at\u00e9 72h&#8230; <a class=\"more-link\" href=\"https:\/\/wp.ufpel.edu.br\/govi\/downloads\/\">Continue lendo &rarr;<\/a><\/p>\n","protected":false},"author":54,"featured_media":0,"parent":0,"menu_order":12,"comment_status":"closed","ping_status":"closed","template":"","meta":{"footnotes":""},"class_list":["post-213","page","type-page","status-publish","hentry"],"_links":{"self":[{"href":"https:\/\/wp.ufpel.edu.br\/govi\/wp-json\/wp\/v2\/pages\/213","targetHints":{"allow":["GET"]}}],"collection":[{"href":"https:\/\/wp.ufpel.edu.br\/govi\/wp-json\/wp\/v2\/pages"}],"about":[{"href":"https:\/\/wp.ufpel.edu.br\/govi\/wp-json\/wp\/v2\/types\/page"}],"author":[{"embeddable":true,"href":"https:\/\/wp.ufpel.edu.br\/govi\/wp-json\/wp\/v2\/users\/54"}],"replies":[{"embeddable":true,"href":"https:\/\/wp.ufpel.edu.br\/govi\/wp-json\/wp\/v2\/comments?post=213"}],"version-history":[{"count":547,"href":"https:\/\/wp.ufpel.edu.br\/govi\/wp-json\/wp\/v2\/pages\/213\/revisions"}],"predecessor-version":[{"id":3968,"href":"https:\/\/wp.ufpel.edu.br\/govi\/wp-json\/wp\/v2\/pages\/213\/revisions\/3968"}],"wp:attachment":[{"href":"https:\/\/wp.ufpel.edu.br\/govi\/wp-json\/wp\/v2\/media?parent=213"}],"curies":[{"name":"wp","href":"https:\/\/api.w.org\/{rel}","templated":true}]}}