{"id":2,"date":"2010-04-16T12:44:15","date_gmt":"2010-04-16T15:44:15","guid":{"rendered":""},"modified":"2022-06-01T11:15:28","modified_gmt":"2022-06-01T14:15:28","slug":"sobre","status":"publish","type":"page","link":"https:\/\/wp.ufpel.edu.br\/govi\/sobre\/","title":{"rendered":"Sobre"},"content":{"rendered":"<div>\n<div>\n<div style=\"padding: 10px 10px 0px 10px\">\n<div dir=\"ltr\">\n<div dir=\"ltr\">\n<div style=\"text-align: left\">\n<p>O GOVI, \u201cGrupo de Ovinos e Outros Ruminantes\u201d, originalmente \u201cGrupo de Ovinos\u201d, iniciou suas atividades no ano de 1979, sendo oficializado em setembro de 2001, quando foi criado o logotipo. A partir do ano de 2010, com a necessidade de maior abrang\u00eancia de estudos, o Grupo de Ovinos passou a se chamar <strong>\u201c<\/strong><strong>Grupo de Ovinos e Outros Ruminantes\u201d<\/strong>, mantendo, por\u00e9m, o logo <strong>GOVI<\/strong>.<\/p>\n<p>Cadastrado como projeto de EXTENS\u00c3O e grupo de PESQUISA atuante nas \u00e1reas de <a href=\"http:\/\/dgp.cnpq.br\/dgp\/espelhogrupo\/7856588816869948\" target=\"_blank\" rel=\"noopener\">OVINOCULTURA<\/a> e <a href=\"http:\/\/dgp.cnpq.br\/dgp\/espelhogrupo\/8260388887315629\" target=\"_blank\" rel=\"noopener\">FORRAGICULTURA<\/a>, o GOVI tem por objetivo, atrav\u00e9s da INOVA\u00c7\u00c3O, aprimorar os sistemas de produ\u00e7\u00e3o de ruminantes a pasto.<\/p>\n<p>Al\u00e9m da pesquisa cient\u00edfica e tecnol\u00f3gica, atrav\u00e9s de disserta\u00e7\u00f5es e teses, o grupo atua no ensino e na extens\u00e3o, buscando conveniar-se a institui\u00e7\u00f5es p\u00fablicas e privadas atuantes no seguimento de ruminantes.<\/p>\n<p>A for\u00e7a produtiva do GOVI prov\u00e9m dos alunos de gradua\u00e7\u00e3o dos cursos de Zootecnia, Agronomia e Medicina Veterin\u00e1ria, e Mestrado e Doutorado, do PPGZ\/FAEM\/UFPEL. Motivo pelo qual tem alcan\u00e7ado tanto sucesso.<\/p>\n<\/div>\n<div style=\"text-align: left\">\n<p style=\"text-align: justify;margin: 0cm 0cm 10pt 0cm\"><span style=\"color: #000000\"><span style=\"line-height: 14px;font-family: Arial, sans-serif\"><span style=\"font-size: small\"><em>\u00a0<\/em><\/span><\/span><\/span><\/p>\n<p style=\"text-align: justify;margin: 0cm 0cm 10pt 0cm\"><strong><span style=\"line-height: 14px;font-family: Arial, sans-serif\"><span style=\"color: #000000;font-size: small\">Nossa miss\u00e3o:<\/span><\/span><\/strong><\/p>\n<p style=\"text-align: justify;margin: 0cm 0cm 10pt 0cm\">Desenvolver e aprimorar atividades no campo da ovinocultura e da forragicultura multiplicando conhecimentos, para que estes, de forma simples e pr\u00e1tica, cheguem ao produtor rural na tentativa de solucionar poss\u00edveis entraves na otimiza\u00e7\u00e3o da cria\u00e7\u00e3o com bem estar animal.<\/p>\n<p style=\"text-align: justify;margin: 0cm 0cm 10pt 0cm\"><span style=\"line-height: 14px;font-family: Arial, sans-serif\"><span style=\"color: #000000;font-size: small\"><img loading=\"lazy\" decoding=\"async\" class=\"alignleft size-full wp-image-6\" src=\"https:\/\/wp.ufpel.edu.br\/govi\/files\/2010\/04\/DSC00594.JPG\" alt=\"DSC00594\" width=\"199\" height=\"249\" \/><\/span><\/span><\/p>\n<p style=\"text-align: center;margin: 0cm 0cm 10pt 0cm\"><span style=\"line-height: 14px;font-family: Arial, sans-serif\"><span style=\"color: #000000;font-size: small\"><strong><em><span style=\"color: #000000;font-size: small\">&#8220;O GOVI est\u00e1 em \u201cqualquer lugar\u201d porque n\u00e3o \u00e9 uma mat\u00e9ria e sim sentimento, para\u00a0 fortalecimento da amizade e crescimento das pessoas atrav\u00e9s da ovinocaprinocultura.&#8221; <\/span><\/em><\/strong><\/span><\/span><\/p>\n<p style=\"text-align: center;margin: 0cm 0cm 10pt 0cm\"><span style=\"line-height: 14px;font-family: Arial, sans-serif\"><span style=\"color: #000000;font-size: small\"><em><span style=\"color: #000000;font-size: small\"><em>J. C. S. Os\u00f3rio<\/em><\/span><\/em><\/span><\/span><\/p>\n<\/div>\n<\/div>\n<\/div>\n<\/div>\n<\/div>\n<\/div>\n","protected":false},"excerpt":{"rendered":"<p>O GOVI, \u201cGrupo de Ovinos e Outros Ruminantes\u201d, originalmente \u201cGrupo de Ovinos\u201d, iniciou suas atividades no ano de 1979, sendo oficializado em setembro de 2001, quando foi criado o logotipo. A partir do ano de 2010, com a necessidade de&#8230; <a class=\"more-link\" href=\"https:\/\/wp.ufpel.edu.br\/govi\/sobre\/\">Continue lendo &rarr;<\/a><\/p>\n","protected":false},"author":54,"featured_media":0,"parent":0,"menu_order":1,"comment_status":"closed","ping_status":"closed","template":"","meta":{"footnotes":""},"class_list":["post-2","page","type-page","status-publish","hentry"],"_links":{"self":[{"href":"https:\/\/wp.ufpel.edu.br\/govi\/wp-json\/wp\/v2\/pages\/2","targetHints":{"allow":["GET"]}}],"collection":[{"href":"https:\/\/wp.ufpel.edu.br\/govi\/wp-json\/wp\/v2\/pages"}],"about":[{"href":"https:\/\/wp.ufpel.edu.br\/govi\/wp-json\/wp\/v2\/types\/page"}],"author":[{"embeddable":true,"href":"https:\/\/wp.ufpel.edu.br\/govi\/wp-json\/wp\/v2\/users\/54"}],"replies":[{"embeddable":true,"href":"https:\/\/wp.ufpel.edu.br\/govi\/wp-json\/wp\/v2\/comments?post=2"}],"version-history":[{"count":25,"href":"https:\/\/wp.ufpel.edu.br\/govi\/wp-json\/wp\/v2\/pages\/2\/revisions"}],"predecessor-version":[{"id":3737,"href":"https:\/\/wp.ufpel.edu.br\/govi\/wp-json\/wp\/v2\/pages\/2\/revisions\/3737"}],"wp:attachment":[{"href":"https:\/\/wp.ufpel.edu.br\/govi\/wp-json\/wp\/v2\/media?parent=2"}],"curies":[{"name":"wp","href":"https:\/\/api.w.org\/{rel}","templated":true}]}}