{"id":175,"date":"2010-05-08T10:53:11","date_gmt":"2010-05-08T13:53:11","guid":{"rendered":"https:\/\/wp.ufpel.edu.br\/govi\/?page_id=175"},"modified":"2025-09-02T15:35:40","modified_gmt":"2025-09-02T18:35:40","slug":"tcc","status":"publish","type":"page","link":"https:\/\/wp.ufpel.edu.br\/govi\/tcc\/","title":{"rendered":"TCCs &#8211; Gradua\u00e7\u00e3o"},"content":{"rendered":"<p><em><strong>TCCs &#8211; TRABALHOS DE CONCLUS\u00c3O DE CURSO DE GRADUA\u00c7\u00c3O<br \/>\n<\/strong><\/em><\/p>\n<p><strong>2025<br \/>\n<\/strong><\/p>\n<p><strong><span class=\"fontstyle0\">Correla\u00e7\u00e3o entre par\u00e2metros fisiol\u00f3gicos de cordeiros em confinamento<br \/>\n<\/span><\/strong><span class=\"fontstyle0\">Autor: N\u00edcolas Pereira de \u00c1vila<\/span><\/p>\n<p><strong><span class=\"fontstyle0\">Uso da <em>Air Fryer<\/em> como alternativa pr\u00e1tica para determina\u00e7\u00e3o de mat\u00e9ria seca em forragens<br \/>\n<\/span><\/strong><span class=\"fontstyle0\">Autor: Jo\u00e3o Manoel Pires da Fonseca<\/span><\/p>\n<p><strong><span class=\"fontstyle0\"><a href=\"https:\/\/wp.ufpel.edu.br\/govi\/files\/2025\/08\/TCC-2025.-Victor-Jorge.pdf\" target=\"_blank\" rel=\"noopener\">Compara\u00e7\u00e3o entre an\u00e1lise subjetiva e objetiva de dois avaliadores quanto a determina\u00e7\u00e3o da micronagem da l\u00e3<\/a><br \/>\n<\/span><\/strong><span class=\"fontstyle0\">Autor: Victor Fonseca Jorge<\/span><\/p>\n<p><strong>2024<br \/>\n<\/strong><\/p>\n<p><strong><span class=\"fontstyle0\">Par\u00e2metros fisiol\u00f3gicos de ovinos em confinamento sob diferentes condi\u00e7\u00f5es de<br \/>\n\u00edndice de temperatura e umidade: estudo de caso<\/span><br \/>\n<\/strong>Autor: <span class=\"fontstyle0\">Carolina Corr\u00eaa da Silva<\/span><\/p>\n<p><strong>Resposta de <em>Paspalum notatum <\/em>Fluegge a inocula\u00e7\u00e3o de <em>Azospirillum brasilense<\/em><br \/>\n<\/strong>Autor: Brenda Soares Dias<\/p>\n<p><strong>Resposta de <em>Axonopus affinis<\/em> Chase a m\u00e9todos de inocula\u00e7\u00e3o com <em>Azospirillum brasilense<\/em><br \/>\n<\/strong>Autor: Claudiane Albrecht Bierhalz<\/p>\n<p><strong>Rendimento de carca\u00e7a de cordeiros Corriedale e Corriedale x Ile de Franca: Estudo de caso<br \/>\n<\/strong>Autor: Cindy Calvetti Borges<\/p>\n<p><strong>PLANEJAMENTO DA ATIVIDADE PECU\u00c1RIA &#8211; Relato de caso: Fazenda Lagoa da margarida<br \/>\n<\/strong>Autor: Eduardo Nunes Pozada<\/p>\n<p><strong>2023<br \/>\n<\/strong><\/p>\n<p><a href=\"https:\/\/wp.ufpel.edu.br\/govi\/files\/2024\/04\/TCC-Josiele-A.-Fichtenhagen.pdf\" target=\"_blank\" rel=\"noopener\"><strong>Diferen\u00e7a de an\u00e1lise da l\u00e3 entre: Equipamento de Fluxo de Ar (AIRFLOW) e Optical Fiber Diameter Analyser 2000 (OFDA)<\/strong><\/a><br \/>\nAutora: Josiele Alves Fichtenhagen<\/p>\n<p><strong>2022<\/strong><\/p>\n<p><strong>Tosquia\u00a0 pr\u00e9-parto e produtividade ovina: revis\u00e3o bibliogr\u00e1fica<\/strong><br \/>\nAutor: Gustavo Oliveira da Silva<\/p>\n<p><strong> <span class=\"fontstyle0\">Planejamento forrageiro da Fazenda Cristal: Estudo de caso<\/span><\/strong><br \/>\nAutor: <span class=\"fontstyle0\">Guilherme Severo Guterres<\/span><\/p>\n<p><strong>2021<\/strong><\/p>\n<p><strong>Desempenho de cordeiros provenientes de ovelhas suplementadas no pr\u00e9 ou no p\u00f3s-parto<\/strong><br \/>\nAutor: \u00cdtalo Dias de Oliveira<\/p>\n<p><strong>2019<\/strong><\/p>\n<p><strong>Desempenho reprodutivo de ovelhas submetidas a <em>flushing<\/em><\/strong><br \/>\nAutora: D\u00e9bora Bergmann Bock<\/p>\n<p><strong>Morfometria corporal e comercializa\u00e7\u00e3o de carneiros em leil\u00f5es no Estado do Rio Grande do Sul<\/strong><br \/>\nAutor: Franco de Almeida Oll\u00e9<\/p>\n<p><strong>2018<\/strong><\/p>\n<p><strong>Homeopatia no controle de verminose em ovinos<\/strong><br \/>\nAutora: Amanda Alvariz Lopes<\/p>\n<p><strong>Efeito do livre acesso a pastagem de amendoim forrageiro (<em>Arachis pintoi) <\/em>no comportamento ingestivo de ovinos em campo nativo no ver\u00e3o<\/strong><br \/>\nAutora: Joice Rodal Grupelli<\/p>\n<p><strong>Comportamento do capim Vaquero submetido a d\u00e9ficit h\u00eddrico e n\u00edveis de aduba\u00e7\u00e3o nitrogenada<\/strong><br \/>\nAutor: Allan Patrick Timm de Oliveira<\/p>\n<p><strong>Modelagem de rebanhos de bovinos de corte com diferentes taxas de natalidade e idades de abate e acasalamento<\/strong><br \/>\nAutora: Luana Gusm\u00e3o de Moura<\/p>\n<p><strong> <span class=\"fontstyle0\">Desempenho de bovinos de corte em sistema com pastagem de azev\u00e9m consorciada com trevo branco e vermelho e diferentes suplementa\u00e7\u00f5es<\/span><\/strong><br \/>\nAutor: <span class=\"fontstyle0\">Tierri Nunes Pozada<\/span><\/p>\n<p><a href=\"https:\/\/wp.ufpel.edu.br\/govi\/files\/2019\/09\/D%C3%A9rick_METODOLOGIAS-PARA-A-AVALIA%C3%87%C3%83O-DE-PASTAGENS.pdf\" target=\"_blank\" rel=\"noopener\"><strong><span class=\"fontstyle0\">Metodologias para a avalia\u00e7\u00e3o de pastagens<\/span><\/strong><\/a><br \/>\nAutor:\u00a0D\u00e9rick Cantarelli R\u00f6sler<\/p>\n<p><strong>2017<\/strong><\/p>\n<p><strong>Controle de predadores em rebanhos de ovinos do Rio Grande do Sul <\/strong><br \/>\nAutora: Luiza Padilha Nunes<\/p>\n<p><strong>Produ\u00e7\u00e3o na bovinocultura de corte e benef\u00edcios da t\u00e9cnica de creep-feeding na fase de cria<\/strong><br \/>\nAutor: Augusto Vicente Fortes J\u00fanior<\/p>\n<p><strong>Estrat\u00e9gias de manejo em capim-elefante (<em>Pennisetum purpureum schum.) <\/em>cv. BRS Kurumi<\/strong><br \/>\nAutor: Tiarles Moreira Madril<\/p>\n<p><strong>2016<\/strong><\/p>\n<p><strong>Principais esp\u00e9cies forrageiras comercializadas no extremo sul do Rio Grande do Sul<\/strong><br \/>\nAutor: Jo\u00e3o Antonio da Cunha Aspir<\/p>\n<p><strong>2015<\/strong><\/p>\n<p><strong>Sistemas e m\u00e9todos de pastejo utilizados na bovinocultura<\/strong><br \/>\nAutor: Thiago Tavares Costa<\/p>\n<p><strong>Implanta\u00e7\u00e3o de pastagens pelo m\u00e9todo vegetativo<\/strong><br \/>\nAutora: P\u00e2mela Peres Farias<\/p>\n<p><strong>Produtividade de cordeiras Corriedale como express\u00e3o da resist\u00eancia a nemat\u00f3ides<\/strong><br \/>\nAutor: Fernando Amarilho Silveira<\/p>\n<p><strong>Caracter\u00edsticas agron\u00f4micas de quatro gram\u00edneas forrageiras tropicais<\/strong><br \/>\nAutor: Alexsandro Bahr Kroning<\/p>\n","protected":false},"excerpt":{"rendered":"<p>TCCs &#8211; TRABALHOS DE CONCLUS\u00c3O DE CURSO DE GRADUA\u00c7\u00c3O 2025 Correla\u00e7\u00e3o entre par\u00e2metros fisiol\u00f3gicos de cordeiros em confinamento Autor: N\u00edcolas Pereira de \u00c1vila Uso da Air Fryer como alternativa pr\u00e1tica para determina\u00e7\u00e3o de mat\u00e9ria seca em forragens Autor: Jo\u00e3o Manoel&#8230; <a class=\"more-link\" href=\"https:\/\/wp.ufpel.edu.br\/govi\/tcc\/\">Continue lendo &rarr;<\/a><\/p>\n","protected":false},"author":54,"featured_media":0,"parent":0,"menu_order":8,"comment_status":"closed","ping_status":"closed","template":"","meta":{"footnotes":""},"class_list":["post-175","page","type-page","status-publish","hentry"],"_links":{"self":[{"href":"https:\/\/wp.ufpel.edu.br\/govi\/wp-json\/wp\/v2\/pages\/175","targetHints":{"allow":["GET"]}}],"collection":[{"href":"https:\/\/wp.ufpel.edu.br\/govi\/wp-json\/wp\/v2\/pages"}],"about":[{"href":"https:\/\/wp.ufpel.edu.br\/govi\/wp-json\/wp\/v2\/types\/page"}],"author":[{"embeddable":true,"href":"https:\/\/wp.ufpel.edu.br\/govi\/wp-json\/wp\/v2\/users\/54"}],"replies":[{"embeddable":true,"href":"https:\/\/wp.ufpel.edu.br\/govi\/wp-json\/wp\/v2\/comments?post=175"}],"version-history":[{"count":4,"href":"https:\/\/wp.ufpel.edu.br\/govi\/wp-json\/wp\/v2\/pages\/175\/revisions"}],"predecessor-version":[{"id":4000,"href":"https:\/\/wp.ufpel.edu.br\/govi\/wp-json\/wp\/v2\/pages\/175\/revisions\/4000"}],"wp:attachment":[{"href":"https:\/\/wp.ufpel.edu.br\/govi\/wp-json\/wp\/v2\/media?parent=175"}],"curies":[{"name":"wp","href":"https:\/\/api.w.org\/{rel}","templated":true}]}}