{"id":617,"date":"2022-08-07T18:04:56","date_gmt":"2022-08-07T21:04:56","guid":{"rendered":"https:\/\/wp.ufpel.edu.br\/godec\/?page_id=617"},"modified":"2022-08-07T18:04:58","modified_gmt":"2022-08-07T21:04:58","slug":"apendices-de-tratamentos-conservadores-da-polpa","status":"publish","type":"page","link":"https:\/\/wp.ufpel.edu.br\/godec\/apendices-de-tratamentos-conservadores-da-polpa\/","title":{"rendered":"Ap\u00eandices de tratamentos conservadores da polpa."},"content":{"rendered":"\n<div data-wp-interactive=\"core\/file\" class=\"wp-block-file\"><object data-wp-bind--hidden=\"!state.hasPdfPreview\" hidden class=\"wp-block-file__embed\" data=\"https:\/\/wp.ufpel.edu.br\/godec\/files\/2022\/08\/Apendices-tratamentos-conservadores-da-polpa-em-deciduos.pdf\" type=\"application\/pdf\" style=\"width:100%;height:600px\" aria-label=\"Incorporado de Incorporado de Apendices-tratamentos-conservadores-da-polpa-em-deciduos..\"><\/object><a id=\"wp-block-file--media-ef5ff9c1-9659-4cac-9c93-2c67e905c593\" href=\"https:\/\/wp.ufpel.edu.br\/godec\/files\/2022\/08\/Apendices-tratamentos-conservadores-da-polpa-em-deciduos.pdf\">Apendices-tratamentos-conservadores-da-polpa-em-deciduos<\/a><a href=\"https:\/\/wp.ufpel.edu.br\/godec\/files\/2022\/08\/Apendices-tratamentos-conservadores-da-polpa-em-deciduos.pdf\" class=\"wp-block-file__button\" download aria-describedby=\"wp-block-file--media-ef5ff9c1-9659-4cac-9c93-2c67e905c593\">Baixar<\/a><\/div>\n","protected":false},"excerpt":{"rendered":"","protected":false},"author":995,"featured_media":0,"parent":0,"menu_order":0,"comment_status":"closed","ping_status":"closed","template":"","meta":{"footnotes":""},"class_list":["post-617","page","type-page","status-publish","hentry","nodate","item-wrap"],"jetpack_sharing_enabled":true,"jetpack-related-posts":[{"id":615,"url":"https:\/\/wp.ufpel.edu.br\/godec\/tratamentos-conservadores-da-polpa-em-dentes-deciduos\/","url_meta":{"origin":617,"position":0},"title":"Tratamentos conservadores da polpa em dentes dec\u00edduos","author":"godec","date":"30\/05\/2022","format":false,"excerpt":"Coordenadora: Profa. Dra. Fran\u00e7oise H\u00e9l\u00e8ne van de Sande Leite\u00a0. Painel de especialistas: Carine Weber Pires, Mariana Minatel Braga, Marina Sousa Azevedo, Nicole Aim\u00e9e Rodrigues Jos\u00e9, Rachel de Oliveira Rocha, Soraya Coelho Leal, Tatiana Albuquerque Porsella Flores Padula, Tathiane Larissa Lenzi. INTRODU\u00c7\u00c3O: O objetivo da remo\u00e7\u00e3o seletiva do tecido cariado em\u2026","rel":"","context":"Post similar","block_context":{"text":"Post similar","link":""},"img":{"alt_text":"","src":"","width":0,"height":0},"classes":[]},{"id":213,"url":"https:\/\/wp.ufpel.edu.br\/godec\/diretrizes\/","url_meta":{"origin":617,"position":1},"title":"Diretrizes","author":"godec","date":"01\/09\/2020","format":false,"excerpt":"Um dos objetivos principais do GODeC \u00e9 desenvolver, disseminar e proporcionar acesso gratuito a recomenda\u00e7\u00f5es baseadas em evid\u00eancia para promover as melhores decis\u00f5es de tratamento aos dentistas, por meio de\u00a0 diretrizes para a pr\u00e1tica cl\u00ednica Odontol\u00f3gica, assim como fornecer informa\u00e7\u00e3o de qualidade aos pacientes. Nesse contexto, um dos principais eixos\u2026","rel":"","context":"Post similar","block_context":{"text":"Post similar","link":""},"img":{"alt_text":"","src":"","width":0,"height":0},"classes":[]},{"id":610,"url":"https:\/\/wp.ufpel.edu.br\/godec\/apendices-pacientes-oncologicos\/","url_meta":{"origin":617,"position":2},"title":"Tratamento odontol\u00f3gico em pacientes oncol\u00f3gicos submetidos a radioterapia de cabe\u00e7a e pesco\u00e7o e\/ou quimioterapia","author":"godec","date":"07\/08\/2022","format":false,"excerpt":"Ap\u00eandice 1: ApendicesBaixar","rel":"","context":"Post similar","block_context":{"text":"Post similar","link":""},"img":{"alt_text":"","src":"","width":0,"height":0},"classes":[]},{"id":2906,"url":"https:\/\/wp.ufpel.edu.br\/godec\/apendices-gengivite-induzida-por-biofilme-em-adultos\/","url_meta":{"origin":617,"position":3},"title":"Tratamento da gengivite induzida por biofilme em adultos","author":"micheleneumann","date":"03\/07\/2025","format":false,"excerpt":"Ap\u00eandice 1: Material suplementar - Guia gengiviteBaixar","rel":"","context":"Post similar","block_context":{"text":"Post similar","link":""},"img":{"alt_text":"","src":"","width":0,"height":0},"classes":[]},{"id":530,"url":"https:\/\/wp.ufpel.edu.br\/godec\/lesoes-profundas-de-carie\/","url_meta":{"origin":617,"position":4},"title":"Les\u00f5es profundas de c\u00e1rie","author":"godec","date":"18\/05\/2022","format":false,"excerpt":"Coordenadora: Profa. Dra. Fran\u00e7oise H\u00e9l\u00e8ne van de Sande Leite\u00a0\u00a0 Painel de especialistas: Ana Paula Pires dos Santos, Anelise Fernandes Montagner, Carla Moreira Pitoni. Daniela Proc\u00e1cia Raggio, Fabio Carneiro Martins, Fran\u00e7oise H\u00e9l\u00e8ne van de Sande Leite, Juliana Jobim Jardim, Leandro Augusto Hilgert, Lidiany Karla Azevedo Rodrigues, Luana Severo Alves, Nathalia Gudolle\u2026","rel":"","context":"Post similar","block_context":{"text":"Post similar","link":""},"img":{"alt_text":"","src":"","width":0,"height":0},"classes":[]},{"id":551,"url":"https:\/\/wp.ufpel.edu.br\/godec\/tratamento-odontologico-em-pacientes-oncologicos\/","url_meta":{"origin":617,"position":5},"title":"Tratamento em pacientes oncol\u00f3gicos submetidos \u00e0 radioterapia de cabe\u00e7a e pesco\u00e7o e\/ou \u00e0 quimioterapia","author":"godec","date":"30\/05\/2022","format":false,"excerpt":"Coordenador: Prof. Dra. Tamires Timm Maske. Painel de especialistas: H\u00e9liton Sp\u00edndola Antunes, Jos\u00e9 Ricardo Sousa Costa, Letycia Barros Gon\u00e7alves, Maur\u00edcio Moraes, Morgana Favetti, Nicole Aim\u00e9e Rodrigues Jos\u00e9, Nilce Santos de Melo, Paulo S\u00e9rgio da Silva Santos, Paulo Tadeu de Souza Figueiredo, Priscila Stona e Sandra Cec\u00edlia Aires Cartaxo. INTRODU\u00c7\u00c3O: A\u2026","rel":"","context":"Post similar","block_context":{"text":"Post similar","link":""},"img":{"alt_text":"","src":"","width":0,"height":0},"classes":[]}],"_links":{"self":[{"href":"https:\/\/wp.ufpel.edu.br\/godec\/wp-json\/wp\/v2\/pages\/617","targetHints":{"allow":["GET"]}}],"collection":[{"href":"https:\/\/wp.ufpel.edu.br\/godec\/wp-json\/wp\/v2\/pages"}],"about":[{"href":"https:\/\/wp.ufpel.edu.br\/godec\/wp-json\/wp\/v2\/types\/page"}],"author":[{"embeddable":true,"href":"https:\/\/wp.ufpel.edu.br\/godec\/wp-json\/wp\/v2\/users\/995"}],"replies":[{"embeddable":true,"href":"https:\/\/wp.ufpel.edu.br\/godec\/wp-json\/wp\/v2\/comments?post=617"}],"version-history":[{"count":1,"href":"https:\/\/wp.ufpel.edu.br\/godec\/wp-json\/wp\/v2\/pages\/617\/revisions"}],"predecessor-version":[{"id":623,"href":"https:\/\/wp.ufpel.edu.br\/godec\/wp-json\/wp\/v2\/pages\/617\/revisions\/623"}],"wp:attachment":[{"href":"https:\/\/wp.ufpel.edu.br\/godec\/wp-json\/wp\/v2\/media?parent=617"}],"curies":[{"name":"wp","href":"https:\/\/api.w.org\/{rel}","templated":true}]}}