{"id":615,"date":"2022-05-30T17:54:04","date_gmt":"2022-05-30T20:54:04","guid":{"rendered":"https:\/\/wp.ufpel.edu.br\/godec\/?page_id=615"},"modified":"2025-07-05T18:53:18","modified_gmt":"2025-07-05T21:53:18","slug":"tratamentos-conservadores-da-polpa-em-dentes-deciduos","status":"publish","type":"page","link":"https:\/\/wp.ufpel.edu.br\/godec\/tratamentos-conservadores-da-polpa-em-dentes-deciduos\/","title":{"rendered":"Tratamentos conservadores da polpa em dentes dec\u00edduos"},"content":{"rendered":"\n<p>Coordenadora: Profa. Dra. Fran\u00e7oise H\u00e9l\u00e8ne van de Sande Leite\u00a0.<\/p>\n\n\n\n<p>Painel de especialistas:  Carine Weber Pires, Mariana Minatel Braga, Marina Sousa Azevedo, Nicole Aim\u00e9e Rodrigues Jos\u00e9, Rachel de Oliveira Rocha, Soraya Coelho Leal, Tatiana Albuquerque Porsella Flores Padula, Tathiane Larissa Lenzi.<\/p>\n\n\n\n<p>INTRODU\u00c7\u00c3O:<\/p>\n\n\n\n<p>O objetivo da remo\u00e7\u00e3o seletiva do tecido cariado em les\u00f5es de c\u00e1rie profundas \u00e9 preservar estrutura dent\u00e1ria, evitar dor e desconforto no paciente, minimizar as chances de ocorr\u00eancia de uma exposi\u00e7\u00e3o pulpar acidental, de forma a manter a sa\u00fade pulpar, e permitir um adequado selamento marginal na restaura\u00e7\u00e3o da cavidade. Por\u00e9m, se durante a realiza\u00e7\u00e3o da remo\u00e7\u00e3o seletiva de dentina cariada ocorrer exposi\u00e7\u00e3o mec\u00e2nica acidental do tecido pulpar, outras op\u00e7\u00f5es de tratamento devem ser consideradas. As diferentes interven\u00e7\u00f5es podem apresentar progn\u00f3sticos diferentes, menor necessidade de tratamentos de urg\u00eancia e menor necessidade de reinterven\u00e7\u00e3o. Desta forma, para a tomada de decis\u00e3o, \u00e9 importante avaliar qual terapia (capeamento pulpar direto, pulpotomia ou pulpectomia) apresenta maior taxa de sucesso para o tratamento de dentes dec\u00edduos vitais, sem sintomatologia ou com dor provocada, com les\u00f5es profundas de c\u00e1rie, ap\u00f3s exposi\u00e7\u00e3o pulpar acidental.&nbsp;&nbsp;<\/p>\n\n\n\n<p>O desenvolvimento desta diretriz para a pr\u00e1tica cl\u00ednica tem como <strong>objetivo<\/strong> fornecer recomenda\u00e7\u00f5es para redu\u00e7\u00e3o do risco de exposi\u00e7\u00e3o pulpar no momento da remo\u00e7\u00e3o de tecido cariado em dentes dec\u00edduos com les\u00f5es profundas de c\u00e1rie, e para aplica\u00e7\u00e3o dos tratamentos conservadores da polpa frente a exposi\u00e7\u00e3o pulpar acidental, durante o tratamento odontol\u00f3gico na Aten\u00e7\u00e3o Prim\u00e1ria \u00e0 Sa\u00fade, a fim de auxiliar as equipes de Sa\u00fade Bucal (eSB) na tomada de decis\u00f5es.&nbsp;<\/p>\n\n\n\n<p><a href=\"https:\/\/wp.ufpel.edu.br\/godec\/?page_id=617\" data-type=\"page\" data-id=\"617\">Acesse aqui os ap\u00eandices. <\/a><\/p>\n\n\n\n<p><a href=\"https:\/\/www.gov.br\/saude\/pt-br\/acesso-a-informacao\/participacao-social\/consultas-publicas\/2022\/consulta-publica-diretriz-para-pratica-clinica-odontologica-na-aps-tratamento-conservador-da-polpa-em-deciduos\/tratamentos-conservadores-da-polpa-em-deciduos-1-_compressed.pdf\">Acesse aqui a vers\u00e3o preliminar<\/a><\/p>\n","protected":false},"excerpt":{"rendered":"<p>Coordenadora: Profa. Dra. Fran\u00e7oise H\u00e9l\u00e8ne van de Sande Leite\u00a0. Painel de especialistas: Carine Weber Pires, Mariana Minatel Braga, Marina Sousa Azevedo, Nicole Aim\u00e9e Rodrigues Jos\u00e9, Rachel de Oliveira Rocha, Soraya Coelho Leal, Tatiana Albuquerque Porsella Flores Padula, Tathiane Larissa Lenzi. INTRODU\u00c7\u00c3O: O objetivo da remo\u00e7\u00e3o seletiva do tecido cariado em les\u00f5es de c\u00e1rie profundas \u00e9 &hellip; <\/p>\n<p><a class=\"more-link btn\" href=\"https:\/\/wp.ufpel.edu.br\/godec\/tratamentos-conservadores-da-polpa-em-dentes-deciduos\/\">Continue lendo<\/a><\/p>\n","protected":false},"author":995,"featured_media":0,"parent":0,"menu_order":0,"comment_status":"closed","ping_status":"closed","template":"","meta":{"footnotes":""},"class_list":["post-615","page","type-page","status-publish","hentry","nodate","item-wrap"],"jetpack_sharing_enabled":true,"jetpack-related-posts":[{"id":530,"url":"https:\/\/wp.ufpel.edu.br\/godec\/lesoes-profundas-de-carie\/","url_meta":{"origin":615,"position":0},"title":"Les\u00f5es profundas de c\u00e1rie","author":"godec","date":"18\/05\/2022","format":false,"excerpt":"Coordenadora: Profa. Dra. Fran\u00e7oise H\u00e9l\u00e8ne van de Sande Leite\u00a0\u00a0 Painel de especialistas: Ana Paula Pires dos Santos, Anelise Fernandes Montagner, Carla Moreira Pitoni. Daniela Proc\u00e1cia Raggio, Fabio Carneiro Martins, Fran\u00e7oise H\u00e9l\u00e8ne van de Sande Leite, Juliana Jobim Jardim, Leandro Augusto Hilgert, Lidiany Karla Azevedo Rodrigues, Luana Severo Alves, Nathalia Gudolle\u2026","rel":"","context":"Post similar","block_context":{"text":"Post similar","link":""},"img":{"alt_text":"","src":"","width":0,"height":0},"classes":[]},{"id":538,"url":"https:\/\/wp.ufpel.edu.br\/godec\/manejo-de-lesoes-de-carie-radicular-diretriz-para-a-pratica-clinica\/","url_meta":{"origin":615,"position":1},"title":"Manejo de les\u00f5es de c\u00e1rie radicular: diretriz para a pr\u00e1tica cl\u00ednica.","author":"godec","date":"25\/05\/2025","format":false,"excerpt":"Coordenadora: Prof(a). Dr(a). Giana da Silveira Lima Painel de especialistas: Cec\u00edlia de Brito Barbosa, Cinthia Studzinski dos Santos, Eduardo Dickie de Castilhos, Fran\u00e7oise H\u00e9l\u00e8ne van der Sande, Giana da Silveira Lima, Juliana Jobim, Julianne Bartz Maass, Maximiliano Sergio Cenci, Nail\u00ea Dam\u00e9 Teixeira, Nicole Aime\u0301e Rodrigues Jos\u00e9 e Sinval Adalberto Rodrigues\u2026","rel":"","context":"Post similar","block_context":{"text":"Post similar","link":""},"img":{"alt_text":"","src":"","width":0,"height":0},"classes":[]},{"id":552,"url":"https:\/\/wp.ufpel.edu.br\/godec\/tecnica-de-tratamento-restaurador-atraumatico-criterios-de-elegibilidade-do-tratamento-e-etapas-clinicas-em-adultos-e-criancas\/","url_meta":{"origin":615,"position":2},"title":"T\u00e9cnica de Tratamento Restaurador Atraum\u00e1tico &#8211; Crit\u00e9rios de elegibilidade do tratamento e etapas cl\u00ednicas em adultos e crian\u00e7as","author":"godec","date":"28\/04\/2025","format":false,"excerpt":"Coordenador: Prof. Dr. Ot\u00e1vio Pereira D\u2019Avila Painel de especialistas: Alcir Jos\u00e9 de Oliveira Junior, Amanda Pinto Bandeira de Sousa Marques, Gustavo Vinicius do Nascimento Ribeiro, Mauro Cardoso Ribeiro e Eduardo Dickie de Castilhos INTRODU\u00c7\u00c3O O TRA \u00e9 uma abordagem minimamente invasiva que simultaneamente previne a c\u00e1rie dent\u00e1ria e impede a\u2026","rel":"","context":"Post similar","block_context":{"text":"Post similar","link":""},"img":{"alt_text":"","src":"","width":0,"height":0},"classes":[]},{"id":213,"url":"https:\/\/wp.ufpel.edu.br\/godec\/diretrizes\/","url_meta":{"origin":615,"position":3},"title":"Diretrizes","author":"godec","date":"01\/09\/2020","format":false,"excerpt":"Um dos objetivos principais do GODeC \u00e9 desenvolver, disseminar e proporcionar acesso gratuito a recomenda\u00e7\u00f5es baseadas em evid\u00eancia para promover as melhores decis\u00f5es de tratamento aos dentistas, por meio de\u00a0 diretrizes para a pr\u00e1tica cl\u00ednica Odontol\u00f3gica, assim como fornecer informa\u00e7\u00e3o de qualidade aos pacientes. Nesse contexto, um dos principais eixos\u2026","rel":"","context":"Post similar","block_context":{"text":"Post similar","link":""},"img":{"alt_text":"","src":"","width":0,"height":0},"classes":[]},{"id":533,"url":"https:\/\/wp.ufpel.edu.br\/godec\/higiene-bucal-na-infancia\/","url_meta":{"origin":615,"position":4},"title":"Higiene Bucal na Inf\u00e2ncia","author":"godec","date":"18\/05\/2022","format":false,"excerpt":"Coordenadora: Profa. Dra. Marina Azevedo. Painel de especialistas: Amanda Pinto Bandeira Rodrigues de Sousa, Amanda Souza Moura, Ariane Tiago Bernardo de Matos, Branca Heloisa de Oliveira, Fabiana Vieira Santos Azevedo, Gabriel Tilli Politano, Jaime Aparecido Cury, Lucas Agustinho Fernandes, Mariana Minatel Braga, Nicole Aim\u00e9e Rodrigues Jos\u00e9, Paula dos Santos Leffa,\u2026","rel":"","context":"Post similar","block_context":{"text":"Post similar","link":""},"img":{"alt_text":"","src":"","width":0,"height":0},"classes":[]},{"id":539,"url":"https:\/\/wp.ufpel.edu.br\/godec\/prevencao-de-carie-na-primeira-infancia\/","url_meta":{"origin":615,"position":5},"title":"Preven\u00e7\u00e3o de c\u00e1rie na primeira inf\u00e2ncia","author":"godec","date":"28\/04\/2025","format":false,"excerpt":"Coordenadora: Prof(a). Dr(a). Anelise Fernandes Montagner Painel de especialistas: Ana Paula Pires dos Santos, Cassiana Neves Mello, Carlos Alberto Feldens, Eug\u00eania Carrera Malh\u00e3o, Fabian Calixto Fraiz, Fausto Medeiros Mendes, Fran\u00e7oise Helene Van de Sande, Lucas Brum Cleff, Mar\u00edlia Le\u00e3o Goettems, Mariana Cadermatori, Maximiliano S\u00e9rgio Cenci, Tamara Kerber Tedesco, Mariana Minatel\u2026","rel":"","context":"Post similar","block_context":{"text":"Post similar","link":""},"img":{"alt_text":"","src":"","width":0,"height":0},"classes":[]}],"_links":{"self":[{"href":"https:\/\/wp.ufpel.edu.br\/godec\/wp-json\/wp\/v2\/pages\/615","targetHints":{"allow":["GET"]}}],"collection":[{"href":"https:\/\/wp.ufpel.edu.br\/godec\/wp-json\/wp\/v2\/pages"}],"about":[{"href":"https:\/\/wp.ufpel.edu.br\/godec\/wp-json\/wp\/v2\/types\/page"}],"author":[{"embeddable":true,"href":"https:\/\/wp.ufpel.edu.br\/godec\/wp-json\/wp\/v2\/users\/995"}],"replies":[{"embeddable":true,"href":"https:\/\/wp.ufpel.edu.br\/godec\/wp-json\/wp\/v2\/comments?post=615"}],"version-history":[{"count":6,"href":"https:\/\/wp.ufpel.edu.br\/godec\/wp-json\/wp\/v2\/pages\/615\/revisions"}],"predecessor-version":[{"id":2946,"href":"https:\/\/wp.ufpel.edu.br\/godec\/wp-json\/wp\/v2\/pages\/615\/revisions\/2946"}],"wp:attachment":[{"href":"https:\/\/wp.ufpel.edu.br\/godec\/wp-json\/wp\/v2\/media?parent=615"}],"curies":[{"name":"wp","href":"https:\/\/api.w.org\/{rel}","templated":true}]}}