{"id":552,"date":"2025-04-28T22:45:27","date_gmt":"2025-04-29T01:45:27","guid":{"rendered":"https:\/\/wp.ufpel.edu.br\/godec\/?page_id=552"},"modified":"2025-07-05T18:52:57","modified_gmt":"2025-07-05T21:52:57","slug":"tecnica-de-tratamento-restaurador-atraumatico-criterios-de-elegibilidade-do-tratamento-e-etapas-clinicas-em-adultos-e-criancas","status":"publish","type":"page","link":"https:\/\/wp.ufpel.edu.br\/godec\/tecnica-de-tratamento-restaurador-atraumatico-criterios-de-elegibilidade-do-tratamento-e-etapas-clinicas-em-adultos-e-criancas\/","title":{"rendered":"T\u00e9cnica de Tratamento Restaurador Atraum\u00e1tico &#8211; Crit\u00e9rios de elegibilidade do tratamento e etapas cl\u00ednicas em adultos e crian\u00e7as"},"content":{"rendered":"\n<p>Coordenador: Prof. Dr. Ot\u00e1vio Pereira D\u2019Avila<\/p>\n\n\n\n<p>Painel de especialistas: Alcir Jos\u00e9 de Oliveira Junior, Amanda Pinto Bandeira de Sousa Marques, Gustavo Vinicius do Nascimento Ribeiro, Mauro Cardoso Ribeiro e Eduardo Dickie de Castilhos<\/p>\n\n\n\n<p>INTRODU\u00c7\u00c3O<\/p>\n\n\n\n<p>O TRA \u00e9 uma abordagem minimamente invasiva que simultaneamente previne a c\u00e1rie dent\u00e1ria e impede a sua progress\u00e3o. Consiste em dois componentes: o selamento de f\u00f3ssulas e fissuras propensas \u00e0 c\u00e1rie e a restaura\u00e7\u00e3o de les\u00f5es cavitadas em dentina com material adesivo. Atualmente, o tratamento seguindo essa abordagem \u00e9 necessariamente incorporado a um programa de preven\u00e7\u00e3o \u00e0 c\u00e1rie, com o objetivo de mov\u00ea-los de um risco alto de c\u00e1rie para um baixo risco por meio da educa\u00e7\u00e3o dos pacientes quanto \u00e0 import\u00e2ncia da desorganiza\u00e7\u00e3o do biofilme sobre a estrutura dent\u00e1ria regularmente e do aux\u00edlio na escolha de h\u00e1bitos alimentares saud\u00e1veis (SHWENDICKE; FRENCKEN; INNES, 2018).<\/p>\n\n\n\n<p><a href=\"https:\/\/1drv.ms\/w\/c\/58d7e2daf0e011b2\/ESYxSDkuAYhDuLvbOOlWLkUBDCkZMrQIys8AVlr8mEoZ6w?e=yNLyXu\">Acesse aqui a vers\u00e3o preliminar <\/a><\/p>\n\n\n\n<p><\/p>\n","protected":false},"excerpt":{"rendered":"<p>Coordenador: Prof. Dr. Ot\u00e1vio Pereira D\u2019Avila Painel de especialistas: Alcir Jos\u00e9 de Oliveira Junior, Amanda Pinto Bandeira de Sousa Marques, Gustavo Vinicius do Nascimento Ribeiro, Mauro Cardoso Ribeiro e Eduardo Dickie de Castilhos INTRODU\u00c7\u00c3O O TRA \u00e9 uma abordagem minimamente invasiva que simultaneamente previne a c\u00e1rie dent\u00e1ria e impede a sua progress\u00e3o. Consiste em dois &hellip; <\/p>\n<p><a class=\"more-link btn\" href=\"https:\/\/wp.ufpel.edu.br\/godec\/tecnica-de-tratamento-restaurador-atraumatico-criterios-de-elegibilidade-do-tratamento-e-etapas-clinicas-em-adultos-e-criancas\/\">Continue lendo<\/a><\/p>\n","protected":false},"author":995,"featured_media":0,"parent":0,"menu_order":0,"comment_status":"closed","ping_status":"closed","template":"","meta":{"footnotes":""},"class_list":["post-552","page","type-page","status-publish","hentry","nodate","item-wrap"],"jetpack_sharing_enabled":true,"jetpack-related-posts":[{"id":530,"url":"https:\/\/wp.ufpel.edu.br\/godec\/lesoes-profundas-de-carie\/","url_meta":{"origin":552,"position":0},"title":"Les\u00f5es profundas de c\u00e1rie","author":"godec","date":"18\/05\/2022","format":false,"excerpt":"Coordenadora: Profa. Dra. Fran\u00e7oise H\u00e9l\u00e8ne van de Sande Leite\u00a0\u00a0 Painel de especialistas: Ana Paula Pires dos Santos, Anelise Fernandes Montagner, Carla Moreira Pitoni. Daniela Proc\u00e1cia Raggio, Fabio Carneiro Martins, Fran\u00e7oise H\u00e9l\u00e8ne van de Sande Leite, Juliana Jobim Jardim, Leandro Augusto Hilgert, Lidiany Karla Azevedo Rodrigues, Luana Severo Alves, Nathalia Gudolle\u2026","rel":"","context":"Post similar","block_context":{"text":"Post similar","link":""},"img":{"alt_text":"","src":"","width":0,"height":0},"classes":[]},{"id":615,"url":"https:\/\/wp.ufpel.edu.br\/godec\/tratamentos-conservadores-da-polpa-em-dentes-deciduos\/","url_meta":{"origin":552,"position":1},"title":"Tratamentos conservadores da polpa em dentes dec\u00edduos","author":"godec","date":"30\/05\/2022","format":false,"excerpt":"Coordenadora: Profa. Dra. Fran\u00e7oise H\u00e9l\u00e8ne van de Sande Leite\u00a0. Painel de especialistas: Carine Weber Pires, Mariana Minatel Braga, Marina Sousa Azevedo, Nicole Aim\u00e9e Rodrigues Jos\u00e9, Rachel de Oliveira Rocha, Soraya Coelho Leal, Tatiana Albuquerque Porsella Flores Padula, Tathiane Larissa Lenzi. INTRODU\u00c7\u00c3O: O objetivo da remo\u00e7\u00e3o seletiva do tecido cariado em\u2026","rel":"","context":"Post similar","block_context":{"text":"Post similar","link":""},"img":{"alt_text":"","src":"","width":0,"height":0},"classes":[]},{"id":538,"url":"https:\/\/wp.ufpel.edu.br\/godec\/manejo-de-lesoes-de-carie-radicular-diretriz-para-a-pratica-clinica\/","url_meta":{"origin":552,"position":2},"title":"Manejo de les\u00f5es de c\u00e1rie radicular: diretriz para a pr\u00e1tica cl\u00ednica.","author":"godec","date":"25\/05\/2025","format":false,"excerpt":"Coordenadora: Prof(a). Dr(a). Giana da Silveira Lima Painel de especialistas: Cec\u00edlia de Brito Barbosa, Cinthia Studzinski dos Santos, Eduardo Dickie de Castilhos, Fran\u00e7oise H\u00e9l\u00e8ne van der Sande, Giana da Silveira Lima, Juliana Jobim, Julianne Bartz Maass, Maximiliano Sergio Cenci, Nail\u00ea Dam\u00e9 Teixeira, Nicole Aime\u0301e Rodrigues Jos\u00e9 e Sinval Adalberto Rodrigues\u2026","rel":"","context":"Post similar","block_context":{"text":"Post similar","link":""},"img":{"alt_text":"","src":"","width":0,"height":0},"classes":[]},{"id":213,"url":"https:\/\/wp.ufpel.edu.br\/godec\/diretrizes\/","url_meta":{"origin":552,"position":3},"title":"Diretrizes","author":"godec","date":"01\/09\/2020","format":false,"excerpt":"Um dos objetivos principais do GODeC \u00e9 desenvolver, disseminar e proporcionar acesso gratuito a recomenda\u00e7\u00f5es baseadas em evid\u00eancia para promover as melhores decis\u00f5es de tratamento aos dentistas, por meio de\u00a0 diretrizes para a pr\u00e1tica cl\u00ednica Odontol\u00f3gica, assim como fornecer informa\u00e7\u00e3o de qualidade aos pacientes. Nesse contexto, um dos principais eixos\u2026","rel":"","context":"Post similar","block_context":{"text":"Post similar","link":""},"img":{"alt_text":"","src":"","width":0,"height":0},"classes":[]},{"id":539,"url":"https:\/\/wp.ufpel.edu.br\/godec\/prevencao-de-carie-na-primeira-infancia\/","url_meta":{"origin":552,"position":4},"title":"Preven\u00e7\u00e3o de c\u00e1rie na primeira inf\u00e2ncia","author":"godec","date":"28\/04\/2025","format":false,"excerpt":"Coordenadora: Prof(a). Dr(a). Anelise Fernandes Montagner Painel de especialistas: Ana Paula Pires dos Santos, Cassiana Neves Mello, Carlos Alberto Feldens, Eug\u00eania Carrera Malh\u00e3o, Fabian Calixto Fraiz, Fausto Medeiros Mendes, Fran\u00e7oise Helene Van de Sande, Lucas Brum Cleff, Mar\u00edlia Le\u00e3o Goettems, Mariana Cadermatori, Maximiliano S\u00e9rgio Cenci, Tamara Kerber Tedesco, Mariana Minatel\u2026","rel":"","context":"Post similar","block_context":{"text":"Post similar","link":""},"img":{"alt_text":"","src":"","width":0,"height":0},"classes":[]},{"id":533,"url":"https:\/\/wp.ufpel.edu.br\/godec\/higiene-bucal-na-infancia\/","url_meta":{"origin":552,"position":5},"title":"Higiene Bucal na Inf\u00e2ncia","author":"godec","date":"18\/05\/2022","format":false,"excerpt":"Coordenadora: Profa. Dra. Marina Azevedo. Painel de especialistas: Amanda Pinto Bandeira Rodrigues de Sousa, Amanda Souza Moura, Ariane Tiago Bernardo de Matos, Branca Heloisa de Oliveira, Fabiana Vieira Santos Azevedo, Gabriel Tilli Politano, Jaime Aparecido Cury, Lucas Agustinho Fernandes, Mariana Minatel Braga, Nicole Aim\u00e9e Rodrigues Jos\u00e9, Paula dos Santos Leffa,\u2026","rel":"","context":"Post similar","block_context":{"text":"Post similar","link":""},"img":{"alt_text":"","src":"","width":0,"height":0},"classes":[]}],"_links":{"self":[{"href":"https:\/\/wp.ufpel.edu.br\/godec\/wp-json\/wp\/v2\/pages\/552","targetHints":{"allow":["GET"]}}],"collection":[{"href":"https:\/\/wp.ufpel.edu.br\/godec\/wp-json\/wp\/v2\/pages"}],"about":[{"href":"https:\/\/wp.ufpel.edu.br\/godec\/wp-json\/wp\/v2\/types\/page"}],"author":[{"embeddable":true,"href":"https:\/\/wp.ufpel.edu.br\/godec\/wp-json\/wp\/v2\/users\/995"}],"replies":[{"embeddable":true,"href":"https:\/\/wp.ufpel.edu.br\/godec\/wp-json\/wp\/v2\/comments?post=552"}],"version-history":[{"count":4,"href":"https:\/\/wp.ufpel.edu.br\/godec\/wp-json\/wp\/v2\/pages\/552\/revisions"}],"predecessor-version":[{"id":2945,"href":"https:\/\/wp.ufpel.edu.br\/godec\/wp-json\/wp\/v2\/pages\/552\/revisions\/2945"}],"wp:attachment":[{"href":"https:\/\/wp.ufpel.edu.br\/godec\/wp-json\/wp\/v2\/media?parent=552"}],"curies":[{"name":"wp","href":"https:\/\/api.w.org\/{rel}","templated":true}]}}