{"id":548,"date":"2022-05-30T18:00:14","date_gmt":"2022-05-30T21:00:14","guid":{"rendered":"https:\/\/wp.ufpel.edu.br\/godec\/?page_id=548"},"modified":"2025-07-05T18:55:07","modified_gmt":"2025-07-05T21:55:07","slug":"traumatismo-alveolodentario-em-dentes-permanentes","status":"publish","type":"page","link":"https:\/\/wp.ufpel.edu.br\/godec\/traumatismo-alveolodentario-em-dentes-permanentes\/","title":{"rendered":"Traumatismo alveolodent\u00e1rio em dentes permanentes"},"content":{"rendered":"\n<p>Coordenadora: Profa. Dra. Helena Silveira Schuch.<\/p>\n\n\n\n<p>Painel de especialistas: \u00c2ndrea Daneris, Bruna Vetromilla, Celso Caldeira, Cristina Braga Xavier, Deisi Lane Rodrigues, Francine Cardozo Madruga, Helena Silveira Schuch, Let\u00edcia Regina Morello Sartori, Lucianne Cople Maia, Mar\u00edlia Le\u00e3o Goettems, Marina Sousa Azevedo, Maximiliano S\u00e9rgio Cenci, Paulo Floriani Kramer, Renato Taqueo Placeres Ishigame, Thays Torres do Vale Oliveira, Thiago Ardenghi ,Vanessa Polina Pereira da Costa, Yasmim Nobre Gon\u00e7alves.e GODeC \u2013 Global Observatory for Dental Care Group. <\/p>\n\n\n\n<p>INTRODU\u00c7\u00c3O:<\/p>\n\n\n\n<p>O traumatismo alveolodent\u00e1rio (TAD) \u00e9 uma les\u00e3o que atinge o dente e\/ou suas estruturas de suporte com alta preval\u00eancia em crian\u00e7as e adultos, representando 5,4% de todas as les\u00f5es traum\u00e1ticas acidentais para as quais as pessoas procuram tratamento (Andreasen &amp; Andreasen, 2007; Petersson et al., 1997; Petti et al., 2018). Achados da Pesquisa Nacional de Sa\u00fade Bucal mais recente realizada no Brasil, o SBBrasil 2010, apresentam uma preval\u00eancia de traumatismo alveolodent\u00e1rio em incisivos entre crian\u00e7as de 12 anos de 20,5% (BRASIL, 2012). H\u00e1 evid\u00eancia de que cerca de 1 a cada 5 adolescentes da Am\u00e9rica Latina e Caribe j\u00e1 experienciaram algum tipo de TAD em dentes permanentes, e esta preval\u00eancia tem se mantido est\u00e1vel ao longo do tempo (Aldrigui et al., 2013). De acordo com a literatura, esta preval\u00eancia pode chegar a 58,6% (Marcenes et al., 2001).&nbsp;&nbsp;<\/p>\n\n\n\n<p>Estudos que investigaram a necessidade de tratamento demonstraram que a maioria das les\u00f5es \u00e9 de baixa gravidade e requer tratamento simples, como restaura\u00e7\u00e3o de resina composta adesiva direta; mesmo assim, a maioria das les\u00f5es permanece sem tratamento (Schuch et al., 2012). Sabe-se que o correto manejo imediato do TAD \u00e9 determinante no processo de reparo e, consequentemente, no progn\u00f3stico do dente traumatizado (Krastl et al., 2020). Portanto, qualquer traumatismo alveolodent\u00e1rio deve receber avalia\u00e7\u00e3o e acompanhamento cl\u00ednico e radiogr\u00e1fico, devido ao potencial de sequelas assintom\u00e1ticas ou complica\u00e7\u00f5es a longo prazo (Flores et al., 2007).&nbsp;&nbsp;<\/p>\n\n\n\n<p>Um sistema de sa\u00fade em um pa\u00eds com uma vasta cobertura geogr\u00e1fica e cultural, como \u00e9 o caso do Sistema \u00danico de Sa\u00fade brasileiro (SUS), abrange uma diversa gama de experi\u00eancias profissionais e de forma\u00e7\u00e3o. \u00c9 vari\u00e1vel tamb\u00e9m a infraestrutura dispon\u00edvel para a atua\u00e7\u00e3o do cirurgi\u00e3o-dentista e a possibilidade de referenciamento para aten\u00e7\u00e3o especializada em m\u00e9dia (por exemplo, em um Centro de Especialidades Odontol\u00f3gicas &#8211; CEO) ou alta complexidade (Assist\u00eancia Hospitalar), quando necess\u00e1rio. Visando ofertar o melhor progn\u00f3stico poss\u00edvel aos pacientes e racionalizar os recursos financeiros e pessoais dispon\u00edveis, a padroniza\u00e7\u00e3o da pr\u00e1tica cl\u00ednica, baseada nas melhores evid\u00eancias cientificas dispon\u00edveis, \u00e9 imprescind\u00edvel.&nbsp;&nbsp;<\/p>\n\n\n\n<p>A adapta\u00e7\u00e3o de uma diretriz para a pr\u00e1tica cl\u00ednica no contexto brasileiro e sua posterior dissemina\u00e7\u00e3o auxiliar\u00e1 os profissionais no manejo e tratamento de les\u00f5es alveolodent\u00e1rias traum\u00e1ticas e proporcionar\u00e1 aos pacientes cuidados de alto n\u00edvel baseados em evid\u00eancias. Assim, o objetivo deste conjunto de diretrizes para a pr\u00e1tica cl\u00ednica \u00e9 de estabelecer recomenda\u00e7\u00f5es padronizadas para o manejo e tratamento de les\u00f5es dent\u00e1rias traum\u00e1ticas em dentes permanentes na Aten\u00e7\u00e3o Prim\u00e1ria \u00e0 Sa\u00fade (APS\/SUS), de forma a sistematizar o cuidado oferecido \u00e0 popula\u00e7\u00e3o e minimizar o impacto das les\u00f5es traum\u00e1ticas na vida dos pacientes e suas fam\u00edlias. O p\u00fablico-alvo desta diretriz, al\u00e9m da popula\u00e7\u00e3o em geral, inclui dentistas da APS\/SUS, coordenadores municipais de sa\u00fade bucal e formuladores de pol\u00edticas p\u00fablicas.&nbsp;<\/p>\n\n\n\n<p><a href=\"https:\/\/bvsms.saude.gov.br\/bvs\/publicacoes\/diretriz_pratica_odontologica_aps_traumatismo.pdf\" data-type=\"page\" data-id=\"619\">Acesse aqui a vers\u00e3o completa<\/a><\/p>\n\n\n\n<p><a href=\"https:\/\/bvsms.saude.gov.br\/bvs\/publicacoes\/diretriz_aps_manejo_clinico_resumidodig.pdf\">Acesse aqui a vers\u00e3o resumida<\/a><\/p>\n","protected":false},"excerpt":{"rendered":"<p>Coordenadora: Profa. Dra. Helena Silveira Schuch. Painel de especialistas: \u00c2ndrea Daneris, Bruna Vetromilla, Celso Caldeira, Cristina Braga Xavier, Deisi Lane Rodrigues, Francine Cardozo Madruga, Helena Silveira Schuch, Let\u00edcia Regina Morello Sartori, Lucianne Cople Maia, Mar\u00edlia Le\u00e3o Goettems, Marina Sousa Azevedo, Maximiliano S\u00e9rgio Cenci, Paulo Floriani Kramer, Renato Taqueo Placeres Ishigame, Thays Torres do Vale Oliveira, &hellip; <\/p>\n<p><a class=\"more-link btn\" href=\"https:\/\/wp.ufpel.edu.br\/godec\/traumatismo-alveolodentario-em-dentes-permanentes\/\">Continue lendo<\/a><\/p>\n","protected":false},"author":995,"featured_media":0,"parent":0,"menu_order":0,"comment_status":"closed","ping_status":"closed","template":"","meta":{"footnotes":""},"class_list":["post-548","page","type-page","status-publish","hentry","nodate","item-wrap"],"jetpack_sharing_enabled":true,"jetpack-related-posts":[{"id":547,"url":"https:\/\/wp.ufpel.edu.br\/godec\/traumatismo-alveolodentario-em-dentes-deciduos\/","url_meta":{"origin":548,"position":0},"title":"Traumatismo alveolodent\u00e1rio em dentes dec\u00edduos","author":"godec","date":"26\/04\/2025","format":false,"excerpt":"Coordenadora: Prof(a). Dr(a). Mar\u00edlia Le\u00e3o Goettems Painel de especialistas: Amanda Pinto Bandeira de Sousa Marques, \u00c2ndrea Daneris, Betina Suziellen Gomes da Silva, Bruna Muhlinberg Vetromilla, Deisi Lane Rodrigues, Helena Silveira Schuch,Lucianne Cople Maia, Marcia Turolla Wanderley, Mar\u00edlia Le\u00e3o Goettems, Marina Sousa Azevedo, Maximiliano Sergio CenciPaulo Floriani Kramer, Rog\u00e9rio de Almeida\u2026","rel":"","context":"Post similar","block_context":{"text":"Post similar","link":""},"img":{"alt_text":"","src":"","width":0,"height":0},"classes":[]},{"id":213,"url":"https:\/\/wp.ufpel.edu.br\/godec\/diretrizes\/","url_meta":{"origin":548,"position":1},"title":"Diretrizes","author":"godec","date":"01\/09\/2020","format":false,"excerpt":"Um dos objetivos principais do GODeC \u00e9 desenvolver, disseminar e proporcionar acesso gratuito a recomenda\u00e7\u00f5es baseadas em evid\u00eancia para promover as melhores decis\u00f5es de tratamento aos dentistas, por meio de\u00a0 diretrizes para a pr\u00e1tica cl\u00ednica Odontol\u00f3gica, assim como fornecer informa\u00e7\u00e3o de qualidade aos pacientes. Nesse contexto, um dos principais eixos\u2026","rel":"","context":"Post similar","block_context":{"text":"Post similar","link":""},"img":{"alt_text":"","src":"","width":0,"height":0},"classes":[]},{"id":538,"url":"https:\/\/wp.ufpel.edu.br\/godec\/manejo-de-lesoes-de-carie-radicular-diretriz-para-a-pratica-clinica\/","url_meta":{"origin":548,"position":2},"title":"Manejo de les\u00f5es de c\u00e1rie radicular: diretriz para a pr\u00e1tica cl\u00ednica.","author":"godec","date":"25\/05\/2025","format":false,"excerpt":"Coordenadora: Prof(a). Dr(a). Giana da Silveira Lima Painel de especialistas: Cec\u00edlia de Brito Barbosa, Cinthia Studzinski dos Santos, Eduardo Dickie de Castilhos, Fran\u00e7oise H\u00e9l\u00e8ne van der Sande, Giana da Silveira Lima, Juliana Jobim, Julianne Bartz Maass, Maximiliano Sergio Cenci, Nail\u00ea Dam\u00e9 Teixeira, Nicole Aime\u0301e Rodrigues Jos\u00e9 e Sinval Adalberto Rodrigues\u2026","rel":"","context":"Post similar","block_context":{"text":"Post similar","link":""},"img":{"alt_text":"","src":"","width":0,"height":0},"classes":[]},{"id":224,"url":"https:\/\/wp.ufpel.edu.br\/godec\/sobre\/autor-corporativo\/","url_meta":{"origin":548,"position":3},"title":"Autor Corporativo","author":"godec","date":"01\/09\/2020","format":false,"excerpt":"The Global Observatory for Dental Care InitiativeFederal University of Pelotas Marina Sousa Azevedo (Researcher) \u00c2ndrea Pires Daneris (Undergraduate Student) Morgana Favetti (PhD Candidate) Mar\u00edlia Le\u00e3o Goettems (Researcher) Yasmim Nobre Gon\u00e7alves (Undergraduate Student) Giana da Silveira Lima (Researcher) Tamires Timm Maske (Post-Doctoral Fellow) Thais Mazzetti (Graduate Student) Tatiana Pereira-Cenci (Researcher) C\u00ednthia\u2026","rel":"","context":"Post similar","block_context":{"text":"Post similar","link":""},"img":{"alt_text":"","src":"","width":0,"height":0},"classes":[]},{"id":530,"url":"https:\/\/wp.ufpel.edu.br\/godec\/lesoes-profundas-de-carie\/","url_meta":{"origin":548,"position":4},"title":"Les\u00f5es profundas de c\u00e1rie","author":"godec","date":"18\/05\/2022","format":false,"excerpt":"Coordenadora: Profa. Dra. Fran\u00e7oise H\u00e9l\u00e8ne van de Sande Leite\u00a0\u00a0 Painel de especialistas: Ana Paula Pires dos Santos, Anelise Fernandes Montagner, Carla Moreira Pitoni. Daniela Proc\u00e1cia Raggio, Fabio Carneiro Martins, Fran\u00e7oise H\u00e9l\u00e8ne van de Sande Leite, Juliana Jobim Jardim, Leandro Augusto Hilgert, Lidiany Karla Azevedo Rodrigues, Luana Severo Alves, Nathalia Gudolle\u2026","rel":"","context":"Post similar","block_context":{"text":"Post similar","link":""},"img":{"alt_text":"","src":"","width":0,"height":0},"classes":[]},{"id":560,"url":"https:\/\/wp.ufpel.edu.br\/godec\/manejo-de-pacientes-com-ausencias-dentarias-posteriores\/","url_meta":{"origin":548,"position":5},"title":"Manejo de pacientes com aus\u00eancias dent\u00e1rias posteriores","author":"godec","date":"26\/04\/2025","format":false,"excerpt":"Coordenadora: Prof(a). Dr(a). Tatiana Pereira Cenci Painel de especialistas: Amanda Pinto Bandeira de Sousa Marques, \u00c2ndrea Daneris, Betina Suziellen Gomes da Silva, Bruna Muhlinberg Vetromilla, Gabriel C\u00f4rtes, Lucas Brum Cleff, Luciano Jos\u00e9 Pereira, Maximiliano S\u00e9rgio Cenci, Maysa Helena de Aguiar Toloni, Milena Serenini, Nicole Aim\u00e9e Rodrigues Jos\u00e9, Sumaia Cristina Coser,\u2026","rel":"","context":"Post similar","block_context":{"text":"Post similar","link":""},"img":{"alt_text":"","src":"","width":0,"height":0},"classes":[]}],"_links":{"self":[{"href":"https:\/\/wp.ufpel.edu.br\/godec\/wp-json\/wp\/v2\/pages\/548","targetHints":{"allow":["GET"]}}],"collection":[{"href":"https:\/\/wp.ufpel.edu.br\/godec\/wp-json\/wp\/v2\/pages"}],"about":[{"href":"https:\/\/wp.ufpel.edu.br\/godec\/wp-json\/wp\/v2\/types\/page"}],"author":[{"embeddable":true,"href":"https:\/\/wp.ufpel.edu.br\/godec\/wp-json\/wp\/v2\/users\/995"}],"replies":[{"embeddable":true,"href":"https:\/\/wp.ufpel.edu.br\/godec\/wp-json\/wp\/v2\/comments?post=548"}],"version-history":[{"count":4,"href":"https:\/\/wp.ufpel.edu.br\/godec\/wp-json\/wp\/v2\/pages\/548\/revisions"}],"predecessor-version":[{"id":2948,"href":"https:\/\/wp.ufpel.edu.br\/godec\/wp-json\/wp\/v2\/pages\/548\/revisions\/2948"}],"wp:attachment":[{"href":"https:\/\/wp.ufpel.edu.br\/godec\/wp-json\/wp\/v2\/media?parent=548"}],"curies":[{"name":"wp","href":"https:\/\/api.w.org\/{rel}","templated":true}]}}