{"id":546,"date":"2022-05-30T17:27:34","date_gmt":"2022-05-30T20:27:34","guid":{"rendered":"https:\/\/wp.ufpel.edu.br\/godec\/?page_id=546"},"modified":"2025-07-05T18:55:49","modified_gmt":"2025-07-05T21:55:49","slug":"tratamento-de-gengivite-em-adultos","status":"publish","type":"page","link":"https:\/\/wp.ufpel.edu.br\/godec\/tratamento-de-gengivite-em-adultos\/","title":{"rendered":"Tratamento de Gengivite induzida por biofilme em adultos"},"content":{"rendered":"\n<p>Coordenador: Prof. Dr. Francisco Wilker Mustafa Gomes Muniz.<\/p>\n\n\n\n<p>Painel de especialistas: \u00c2ndrea Daneris, Anelise Fernandes Montagner ,Carlos Heitor Cunha Moreira, Francisco Wilker Mustafa Gomes Muniz, Juliano Cavagni, Lilia Maia Aguiar ,Mariana da Silva Mu\u00f1oz, Rodrigo Ot\u00e1vio Rego, Taciane Menezes da Silveira, Tal\u00edcia Cruz Vidal, Thiago Marchi Martins, Yasmim Nobre Gon\u00e7alves<\/p>\n\n\n\n<p>INTRODU\u00c7\u00c3O:<\/p>\n\n\n\n<p><strong>Esta diretriz, baseada em evid\u00eancias, tem o objetivo <\/strong>de fornecer recomenda\u00e7\u00f5es para o manejo mais efetivo do tratamento da gengivite induzida por biofilme em adultos, considerando a atua\u00e7\u00e3o dos profissionais da Aten\u00e7\u00e3o Prim\u00e1ria \u00e0 Sa\u00fade (APS).<\/p>\n\n\n\n<p>As doen\u00e7as gengivais, induzidas ou n\u00e3o pela presen\u00e7a do biofilme, s\u00e3o reconhecidas como entidades que acometem os tecidos periodontais de prote\u00e7\u00e3o. A gengivite induzida por biofilme apresenta a caracter\u00edstica cl\u00ednica de inflama\u00e7\u00e3o restrita \u00e0 gengiva marginal na presen\u00e7a de um agente agressor, como o biofilme dental, al\u00e9m da reversibilidade da doen\u00e7a ap\u00f3s a remo\u00e7\u00e3o do fator etiol\u00f3gico. A gengivite apresenta altas preval\u00eancias nas popula\u00e7\u00f5es, com extens\u00f5es e gravidades vari\u00e1veis.<\/p>\n\n\n\n<p>J\u00e1 \u00e9 bem estabelecido que o ac\u00famulo constante de biofilme dental desencadeia a inflama\u00e7\u00e3o gengival, mesmo em indiv\u00edduos inicialmente com sa\u00fade periodontal. Ainda, a remo\u00e7\u00e3o desse biofilme, ap\u00f3s um per\u00edodo de 7-10 dias, promove a redu\u00e7\u00e3o significativa da inflama\u00e7\u00e3o gengival. Dessa forma, as medidas de higiene bucal mec\u00e2nicas profissionais e\/ou pessoais, com o intuito de remover adequadamente o biofilme dental, s\u00e3o preconizadas para a preven\u00e7\u00e3o e para o tratamento da gengivite induzida por biofilme.<\/p>\n\n\n\n<p><a href=\"https:\/\/bvsms.saude.gov.br\/bvs\/publicacoes\/pratica_clinica_odontologica_vr.pdf\">Acesse aqui a vers\u00e3o resumida<\/a><\/p>\n\n\n\n<p><a href=\"https:\/\/wp.ufpel.edu.br\/godec\/2935-2\/\">Acesse aqui a vers\u00e3o estendida<\/a><\/p>\n\n\n\n<p><a href=\"https:\/\/wp.ufpel.edu.br\/godec\/apendices-gengivite-induzida-por-biofilme-em-adultos\/\">Acesse aqui os ap\u00eandices<\/a><\/p>\n\n\n\n<p><\/p>\n","protected":false},"excerpt":{"rendered":"<p>Coordenador: Prof. Dr. Francisco Wilker Mustafa Gomes Muniz. Painel de especialistas: \u00c2ndrea Daneris, Anelise Fernandes Montagner ,Carlos Heitor Cunha Moreira, Francisco Wilker Mustafa Gomes Muniz, Juliano Cavagni, Lilia Maia Aguiar ,Mariana da Silva Mu\u00f1oz, Rodrigo Ot\u00e1vio Rego, Taciane Menezes da Silveira, Tal\u00edcia Cruz Vidal, Thiago Marchi Martins, Yasmim Nobre Gon\u00e7alves INTRODU\u00c7\u00c3O: Esta diretriz, baseada em &hellip; <\/p>\n<p><a class=\"more-link btn\" href=\"https:\/\/wp.ufpel.edu.br\/godec\/tratamento-de-gengivite-em-adultos\/\">Continue lendo<\/a><\/p>\n","protected":false},"author":995,"featured_media":0,"parent":0,"menu_order":0,"comment_status":"closed","ping_status":"closed","template":"","meta":{"footnotes":""},"class_list":["post-546","page","type-page","status-publish","hentry","nodate","item-wrap"],"jetpack_sharing_enabled":true,"jetpack-related-posts":[{"id":2906,"url":"https:\/\/wp.ufpel.edu.br\/godec\/apendices-gengivite-induzida-por-biofilme-em-adultos\/","url_meta":{"origin":546,"position":0},"title":"Tratamento da gengivite induzida por biofilme em adultos","author":"micheleneumann","date":"03\/07\/2025","format":false,"excerpt":"Ap\u00eandice 1: Material suplementar - Guia gengiviteBaixar","rel":"","context":"Post similar","block_context":{"text":"Post similar","link":""},"img":{"alt_text":"","src":"","width":0,"height":0},"classes":[]},{"id":2935,"url":"https:\/\/wp.ufpel.edu.br\/godec\/2935-2\/","url_meta":{"origin":546,"position":1},"title":"Tratamento da gengivite induzida por biofilme em adultos","author":"micheleneumann","date":"05\/07\/2025","format":false,"excerpt":"Tratamento da gengivite induzida por biofilme em adultos (vers\u00e3o estendida)Baixar","rel":"","context":"Post similar","block_context":{"text":"Post similar","link":""},"img":{"alt_text":"","src":"","width":0,"height":0},"classes":[]},{"id":545,"url":"https:\/\/wp.ufpel.edu.br\/godec\/tratamento-da-periodontite-estagio-i-iii-diretriz-para-a-pratica-clinica\/","url_meta":{"origin":546,"position":2},"title":"Tratamento da periodontite est\u00e1gio I-III: diretriz para a pr\u00e1tica cl\u00ednica.","author":"godec","date":"28\/04\/2025","format":false,"excerpt":"Coordenador: Prof. Dr. Francisco Wilker Mustafa Gomes Muniz Painel de especialistas: \u00c2ndrea Daneris, Caroline Fernandes e Silva, Cassiano Kuchenbecker R\u00f6sing, Eduardo Dickie de Castilhos, Fabricio Batistin Zanatta, Ma\u00edsa Casarin, Maria Lanuse Davila Gadelha de Oliveira, Nat\u00e1lia Marcumini Pola, Ricardo Souza Martins, Yasmim Nobre. INTRODU\u00c7\u00c3O: A periodontite \u00e9 considerada uma doen\u00e7a\u2026","rel":"","context":"Post similar","block_context":{"text":"Post similar","link":""},"img":{"alt_text":"","src":"","width":0,"height":0},"classes":[]},{"id":224,"url":"https:\/\/wp.ufpel.edu.br\/godec\/sobre\/autor-corporativo\/","url_meta":{"origin":546,"position":3},"title":"Autor Corporativo","author":"godec","date":"01\/09\/2020","format":false,"excerpt":"The Global Observatory for Dental Care InitiativeFederal University of Pelotas Marina Sousa Azevedo (Researcher) \u00c2ndrea Pires Daneris (Undergraduate Student) Morgana Favetti (PhD Candidate) Mar\u00edlia Le\u00e3o Goettems (Researcher) Yasmim Nobre Gon\u00e7alves (Undergraduate Student) Giana da Silveira Lima (Researcher) Tamires Timm Maske (Post-Doctoral Fellow) Thais Mazzetti (Graduate Student) Tatiana Pereira-Cenci (Researcher) C\u00ednthia\u2026","rel":"","context":"Post similar","block_context":{"text":"Post similar","link":""},"img":{"alt_text":"","src":"","width":0,"height":0},"classes":[]},{"id":552,"url":"https:\/\/wp.ufpel.edu.br\/godec\/tecnica-de-tratamento-restaurador-atraumatico-criterios-de-elegibilidade-do-tratamento-e-etapas-clinicas-em-adultos-e-criancas\/","url_meta":{"origin":546,"position":4},"title":"T\u00e9cnica de Tratamento Restaurador Atraum\u00e1tico &#8211; Crit\u00e9rios de elegibilidade do tratamento e etapas cl\u00ednicas em adultos e crian\u00e7as","author":"godec","date":"28\/04\/2025","format":false,"excerpt":"Coordenador: Prof. Dr. Ot\u00e1vio Pereira D\u2019Avila Painel de especialistas: Alcir Jos\u00e9 de Oliveira Junior, Amanda Pinto Bandeira de Sousa Marques, Gustavo Vinicius do Nascimento Ribeiro, Mauro Cardoso Ribeiro e Eduardo Dickie de Castilhos INTRODU\u00c7\u00c3O O TRA \u00e9 uma abordagem minimamente invasiva que simultaneamente previne a c\u00e1rie dent\u00e1ria e impede a\u2026","rel":"","context":"Post similar","block_context":{"text":"Post similar","link":""},"img":{"alt_text":"","src":"","width":0,"height":0},"classes":[]},{"id":213,"url":"https:\/\/wp.ufpel.edu.br\/godec\/diretrizes\/","url_meta":{"origin":546,"position":5},"title":"Diretrizes","author":"godec","date":"01\/09\/2020","format":false,"excerpt":"Um dos objetivos principais do GODeC \u00e9 desenvolver, disseminar e proporcionar acesso gratuito a recomenda\u00e7\u00f5es baseadas em evid\u00eancia para promover as melhores decis\u00f5es de tratamento aos dentistas, por meio de\u00a0 diretrizes para a pr\u00e1tica cl\u00ednica Odontol\u00f3gica, assim como fornecer informa\u00e7\u00e3o de qualidade aos pacientes. Nesse contexto, um dos principais eixos\u2026","rel":"","context":"Post similar","block_context":{"text":"Post similar","link":""},"img":{"alt_text":"","src":"","width":0,"height":0},"classes":[]}],"_links":{"self":[{"href":"https:\/\/wp.ufpel.edu.br\/godec\/wp-json\/wp\/v2\/pages\/546","targetHints":{"allow":["GET"]}}],"collection":[{"href":"https:\/\/wp.ufpel.edu.br\/godec\/wp-json\/wp\/v2\/pages"}],"about":[{"href":"https:\/\/wp.ufpel.edu.br\/godec\/wp-json\/wp\/v2\/types\/page"}],"author":[{"embeddable":true,"href":"https:\/\/wp.ufpel.edu.br\/godec\/wp-json\/wp\/v2\/users\/995"}],"replies":[{"embeddable":true,"href":"https:\/\/wp.ufpel.edu.br\/godec\/wp-json\/wp\/v2\/comments?post=546"}],"version-history":[{"count":14,"href":"https:\/\/wp.ufpel.edu.br\/godec\/wp-json\/wp\/v2\/pages\/546\/revisions"}],"predecessor-version":[{"id":2949,"href":"https:\/\/wp.ufpel.edu.br\/godec\/wp-json\/wp\/v2\/pages\/546\/revisions\/2949"}],"wp:attachment":[{"href":"https:\/\/wp.ufpel.edu.br\/godec\/wp-json\/wp\/v2\/media?parent=546"}],"curies":[{"name":"wp","href":"https:\/\/api.w.org\/{rel}","templated":true}]}}