{"id":545,"date":"2025-04-28T22:30:53","date_gmt":"2025-04-29T01:30:53","guid":{"rendered":"https:\/\/wp.ufpel.edu.br\/godec\/?page_id=545"},"modified":"2025-04-28T22:30:55","modified_gmt":"2025-04-29T01:30:55","slug":"tratamento-da-periodontite-estagio-i-iii-diretriz-para-a-pratica-clinica","status":"publish","type":"page","link":"https:\/\/wp.ufpel.edu.br\/godec\/tratamento-da-periodontite-estagio-i-iii-diretriz-para-a-pratica-clinica\/","title":{"rendered":"Tratamento da periodontite est\u00e1gio I-III: diretriz para a pr\u00e1tica cl\u00ednica."},"content":{"rendered":"\n<p>Coordenador: Prof. Dr. Francisco Wilker Mustafa Gomes Muniz<\/p>\n\n\n\n<p>Painel de especialistas: \u00c2ndrea Daneris, Caroline Fernandes e Silva, Cassiano Kuchenbecker R\u00f6sing, Eduardo Dickie de Castilhos, Fabricio Batistin Zanatta, Ma\u00edsa Casarin, Maria Lanuse Davila Gadelha de Oliveira, Nat\u00e1lia Marcumini Pola, Ricardo Souza Martins, Yasmim Nobre.<\/p>\n\n\n\n<p>INTRODU\u00c7\u00c3O:<\/p>\n\n\n\n<p>A periodontite \u00e9 considerada uma doen\u00e7a inflamat\u00f3ria dos tecidos periodontais de suporte, ocasionada pelo ac\u00famulo cr\u00f4nico de biofilme subgengival (VAN DYKE; SIMA, 2020). Clinicamente, apresenta perda de<br>inser\u00e7\u00e3o periodontal, havendo tamb\u00e9m a presen\u00e7a de sinais cl\u00ednicos de inflama\u00e7\u00e3o, como sangramento \u00e0 sondagem e profundidade de sondagem aumentada (PAPAPANOU et al., 2018). Em est\u00e1gios mais avan\u00e7ados, a periodontite \u00e9 considerada a principal respons\u00e1vel por perdas dent\u00e1rias em indiv\u00edduos adultos, na maioria das popula\u00e7\u00f5es (HELAL et al., 2019). Seu estabelecimento e sua progress\u00e3o s\u00e3o modificados por fatores locais e ambientais, sendo o processo destrutivo dependente de uma disbiose entre a agress\u00e3o microbiana e a resposta imuno-inflamat\u00f3ria individual (VAN DYKE; SIMA, 2020).<\/p>\n\n\n\n<p>No intuito de orientar o dentista cl\u00ednico a executar o melhor tratamento (manuten\u00e7\u00e3o peri\u00f3dica preventiva), baseado em evid\u00eancia, considerando sua atua\u00e7\u00e3o na APS e a realidade brasileira, essa diretriz foi dividida em tr\u00eas partes. No<strong> primeiro volume<\/strong>, ser\u00e3o especificadas as modalidades terap\u00eauticas iniciais e n\u00e3o cir\u00fargicas do tratamento periodontal, no <strong>segundo volume<\/strong>,  ser\u00e3o abordadas as modalidades terap\u00eauticas para a fase de reinterven\u00e7\u00f5es dessa doen\u00e7a periodontal, e no <strong>terceiro volume<\/strong>, ser\u00e1 descrita a fase de manuten\u00e7\u00e3o peri\u00f3dica preventiva periodontal.<\/p>\n\n\n\n<p><a href=\"https:\/\/www.gov.br\/saude\/pt-br\/acesso-a-informacao\/participacao-social\/consultas-publicas\/2023\/consulta-publica-diretriz-para-a-pratica-clinica-odontologica-na-atencao-primaria-a-saude-tratamento-da-periodontite-estagios-i-iii-volumes-1-3\/volume-1-diretriz-periodontite-consulta-publica\">Acesse aqui a vers\u00e3o preliminar VOL. 1<\/a><\/p>\n\n\n\n<p><a href=\"https:\/\/www.gov.br\/saude\/pt-br\/acesso-a-informacao\/participacao-social\/consultas-publicas\/2023\/consulta-publica-diretriz-para-a-pratica-clinica-odontologica-na-atencao-primaria-a-saude-tratamento-da-periodontite-estagios-i-iii-volumes-1-3\/volume-2-diretriz-periodontite-consulta-publica\">Acesse aqui a vers\u00e3o preliminar VOL. 2<\/a><\/p>\n\n\n\n<p><a href=\"https:\/\/www.gov.br\/saude\/pt-br\/acesso-a-informacao\/participacao-social\/consultas-publicas\/2023\/consulta-publica-diretriz-para-a-pratica-clinica-odontologica-na-atencao-primaria-a-saude-tratamento-da-periodontite-estagios-i-iii-volumes-1-3\/volume-3-diretriz-periodontite-consulta-publica\">Acesse aqui a vers\u00e3o preliminar VOL. 3<\/a><\/p>\n\n\n\n<p><\/p>\n","protected":false},"excerpt":{"rendered":"<p>Coordenador: Prof. Dr. Francisco Wilker Mustafa Gomes Muniz Painel de especialistas: \u00c2ndrea Daneris, Caroline Fernandes e Silva, Cassiano Kuchenbecker R\u00f6sing, Eduardo Dickie de Castilhos, Fabricio Batistin Zanatta, Ma\u00edsa Casarin, Maria Lanuse Davila Gadelha de Oliveira, Nat\u00e1lia Marcumini Pola, Ricardo Souza Martins, Yasmim Nobre. INTRODU\u00c7\u00c3O: A periodontite \u00e9 considerada uma doen\u00e7a inflamat\u00f3ria dos tecidos periodontais de &hellip; <\/p>\n<p><a class=\"more-link btn\" href=\"https:\/\/wp.ufpel.edu.br\/godec\/tratamento-da-periodontite-estagio-i-iii-diretriz-para-a-pratica-clinica\/\">Continue lendo<\/a><\/p>\n","protected":false},"author":995,"featured_media":0,"parent":0,"menu_order":0,"comment_status":"closed","ping_status":"closed","template":"","meta":{"footnotes":""},"class_list":["post-545","page","type-page","status-publish","hentry","nodate","item-wrap"],"jetpack_sharing_enabled":true,"jetpack-related-posts":[{"id":213,"url":"https:\/\/wp.ufpel.edu.br\/godec\/diretrizes\/","url_meta":{"origin":545,"position":0},"title":"Diretrizes","author":"godec","date":"01\/09\/2020","format":false,"excerpt":"Um dos objetivos principais do GODeC \u00e9 desenvolver, disseminar e proporcionar acesso gratuito a recomenda\u00e7\u00f5es baseadas em evid\u00eancia para promover as melhores decis\u00f5es de tratamento aos dentistas, por meio de\u00a0 diretrizes para a pr\u00e1tica cl\u00ednica Odontol\u00f3gica, assim como fornecer informa\u00e7\u00e3o de qualidade aos pacientes. Nesse contexto, um dos principais eixos\u2026","rel":"","context":"Post similar","block_context":{"text":"Post similar","link":""},"img":{"alt_text":"","src":"","width":0,"height":0},"classes":[]},{"id":543,"url":"https:\/\/wp.ufpel.edu.br\/godec\/avaliacao-clinica-de-restauracoes-quando-reparar-substituir\/","url_meta":{"origin":545,"position":1},"title":"Reparo versus substitui\u00e7\u00e3o de restaura\u00e7\u00f5es","author":"godec","date":"28\/04\/2025","format":false,"excerpt":"Coordenador: Prof(a). Dr(a). Giana da Silveira Lima Painel de especialistas: Andr\u00e9 Lu\u00eds Faria e Silva, Cinthia Studzinski dos Santos, C\u00e1cia SignoriFl\u00e1vio Fernando Demarco, Julianne Bartz Maass, Maximiliano Sergio Cenci, Marcos Britto Corr\u00eaa, Nicole Aim\u00e9e Rodrigues Jos\u00e9 e Rafael Ratto de Moraes. INTRODU\u00c7\u00c3O Restaura\u00e7\u00f5es s\u00e3o procedimentos presentes na pr\u00e1tica cl\u00ednica di\u00e1ria\u2026","rel":"","context":"Post similar","block_context":{"text":"Post similar","link":""},"img":{"alt_text":"","src":"","width":0,"height":0},"classes":[]},{"id":642,"url":"https:\/\/wp.ufpel.edu.br\/godec\/gengivite-necrosante\/","url_meta":{"origin":545,"position":2},"title":"Endocardite infecciosa e Odontologia","author":"godec","date":"03\/05\/2025","format":false,"excerpt":"Coordenador: Prof. Dr. Eduardo Dickie de Castilhos Painel de especialistas: Helena Pereira Rodrigues da Silva, Luciana Rodrigues Perrone, Mariana Gonzalez Cademartori e Ot\u00e1vio Pereira D'Avila. INTRODU\u00c7\u00c3O: Considerando a estreita rela\u00e7\u00e3o de endocardite infecciosa com doen\u00e7as bucais e seus tratamentos faz-se necess\u00e1rio um protocolo para conduta na APS. O objetivo desta\u2026","rel":"","context":"Post similar","block_context":{"text":"Post similar","link":""},"img":{"alt_text":"","src":"","width":0,"height":0},"classes":[]},{"id":544,"url":"https:\/\/wp.ufpel.edu.br\/godec\/restauracao-de-lesoes-cervicais-nao-cariosas-diretriz-para-a-pratica-clinica\/","url_meta":{"origin":545,"position":3},"title":"Restaura\u00e7\u00e3o de les\u00f5es cervicais n\u00e3o-cariosas: diretriz para a pr\u00e1tica cl\u00ednica.","author":"godec","date":"26\/04\/2025","format":false,"excerpt":"Coordenador: Prof. Dr. Rafael Ratto de Moraes Painel de especialistas: Talita Arrais Daniel Mendes, Lucas Brum Cleff, Alessandro Dourado Loguercio,Alexandre Coelho Machado, Maximiliano S\u00e9rgio Cenci, Nicole Aim\u00e9e, BetinaSuziellen Gomes da Silva. INTRODU\u00c7\u00c3O: As LCNCs se referem \u00e0 perda de tecido dent\u00e1rio causada por processos que n\u00e3o envolvem diretamente microrganismos. O\u2026","rel":"","context":"Post similar","block_context":{"text":"Post similar","link":""},"img":{"alt_text":"","src":"","width":0,"height":0},"classes":[]},{"id":525,"url":"https:\/\/wp.ufpel.edu.br\/godec\/diretriz-para-a-pratica-clinica-na-atencao-primaria\/","url_meta":{"origin":545,"position":4},"title":"Diretriz para a pr\u00e1tica cl\u00ednica na aten\u00e7\u00e3o prim\u00e1ria.","author":"godec","date":"18\/05\/2022","format":false,"excerpt":"Respons\u00e1vel: Prof. Dr. Marcos Britto Correa.","rel":"","context":"Post similar","block_context":{"text":"Post similar","link":""},"img":{"alt_text":"","src":"","width":0,"height":0},"classes":[]},{"id":538,"url":"https:\/\/wp.ufpel.edu.br\/godec\/manejo-de-lesoes-de-carie-radicular-diretriz-para-a-pratica-clinica\/","url_meta":{"origin":545,"position":5},"title":"Manejo de les\u00f5es de c\u00e1rie radicular: diretriz para a pr\u00e1tica cl\u00ednica.","author":"godec","date":"25\/05\/2025","format":false,"excerpt":"Coordenadora: Prof(a). Dr(a). Giana da Silveira Lima Painel de especialistas: Cec\u00edlia de Brito Barbosa, Cinthia Studzinski dos Santos, Eduardo Dickie de Castilhos, Fran\u00e7oise H\u00e9l\u00e8ne van der Sande, Giana da Silveira Lima, Juliana Jobim, Julianne Bartz Maass, Maximiliano Sergio Cenci, Nail\u00ea Dam\u00e9 Teixeira, Nicole Aime\u0301e Rodrigues Jos\u00e9 e Sinval Adalberto Rodrigues\u2026","rel":"","context":"Post similar","block_context":{"text":"Post similar","link":""},"img":{"alt_text":"","src":"","width":0,"height":0},"classes":[]}],"_links":{"self":[{"href":"https:\/\/wp.ufpel.edu.br\/godec\/wp-json\/wp\/v2\/pages\/545","targetHints":{"allow":["GET"]}}],"collection":[{"href":"https:\/\/wp.ufpel.edu.br\/godec\/wp-json\/wp\/v2\/pages"}],"about":[{"href":"https:\/\/wp.ufpel.edu.br\/godec\/wp-json\/wp\/v2\/types\/page"}],"author":[{"embeddable":true,"href":"https:\/\/wp.ufpel.edu.br\/godec\/wp-json\/wp\/v2\/users\/995"}],"replies":[{"embeddable":true,"href":"https:\/\/wp.ufpel.edu.br\/godec\/wp-json\/wp\/v2\/comments?post=545"}],"version-history":[{"count":1,"href":"https:\/\/wp.ufpel.edu.br\/godec\/wp-json\/wp\/v2\/pages\/545\/revisions"}],"predecessor-version":[{"id":2820,"href":"https:\/\/wp.ufpel.edu.br\/godec\/wp-json\/wp\/v2\/pages\/545\/revisions\/2820"}],"wp:attachment":[{"href":"https:\/\/wp.ufpel.edu.br\/godec\/wp-json\/wp\/v2\/media?parent=545"}],"curies":[{"name":"wp","href":"https:\/\/api.w.org\/{rel}","templated":true}]}}