{"id":544,"date":"2025-04-26T17:15:08","date_gmt":"2025-04-26T20:15:08","guid":{"rendered":"https:\/\/wp.ufpel.edu.br\/godec\/?page_id=544"},"modified":"2025-07-05T18:57:22","modified_gmt":"2025-07-05T21:57:22","slug":"restauracao-de-lesoes-cervicais-nao-cariosas-diretriz-para-a-pratica-clinica","status":"publish","type":"page","link":"https:\/\/wp.ufpel.edu.br\/godec\/restauracao-de-lesoes-cervicais-nao-cariosas-diretriz-para-a-pratica-clinica\/","title":{"rendered":"Restaura\u00e7\u00e3o de les\u00f5es cervicais n\u00e3o-cariosas: diretriz para a pr\u00e1tica cl\u00ednica."},"content":{"rendered":"\n<p>Coordenador: Prof. Dr. Rafael Ratto de Moraes<\/p>\n\n\n\n<p>Painel de especialistas: Talita Arrais Daniel Mendes, Lucas Brum Cleff, Alessandro Dourado Loguercio,<br>Alexandre Coelho Machado, Maximiliano S\u00e9rgio Cenci, Nicole Aim\u00e9e, Betina<br>Suziellen Gomes da Silva.<\/p>\n\n\n\n<p>INTRODU\u00c7\u00c3O:<\/p>\n\n\n\n<p>As LCNCs se referem \u00e0 perda de tecido dent\u00e1rio causada por processos que n\u00e3o envolvem diretamente microrganismos. O desenvolvimento de LCNCs tem car\u00e1ter multifatorial e tem sido relacionado a m\u00faltiplos mecanismos: tens\u00e3o\/abfra\u00e7\u00e3o (tens\u00f5es mec\u00e2nicas que ultrapassam os limites de resist\u00eancia dos tecidos do \u00f3rg\u00e3o dental oriundas de eventos funcionais ou parafuncionais), biocorros\u00e3o (dissolu\u00e7\u00e3o qu\u00edmica, bioqu\u00edmica e eletroqu\u00edmica consequentes de \u00e1cidos end\u00f3genos ou ex\u00f3genos) e fric\u00e7\u00e3o (mecanismos de atrito, como abras\u00e3o e atri\u00e7\u00e3o) (HARALUR et al., 2019; RUSU et al., 2019; TEIXEIRA et al., 2020).<\/p>\n\n\n\n<p>Devido \u00e0 exposi\u00e7\u00e3o de dentina, a presen\u00e7a de LCNCs est\u00e1 muito relacionada \u00e0 presen\u00e7a de hipersensibilidade dentin\u00e1ria (TEIXEIRA et al., 2018), podendo afetar a qualidade de vida dos indiv\u00edduos (SOARES et al., 2021). Na regi\u00e3o anterior, quest\u00f5es est\u00e9ticas tamb\u00e9m podem estar envolvidas.<\/p>\n\n\n\n<p><strong>O objetivo desta diretriz <\/strong>para a pr\u00e1tica cl\u00ednica odontol\u00f3gica \u00e9 fornecer recomenda\u00e7\u00f5es para auxiliar o atendimento de usu\u00e1rios adultos na Aten\u00e7\u00e3o Prim\u00e1ria \u00e0 Sa\u00fade envolvendo a restaura\u00e7\u00e3o de LCNCs.<\/p>\n\n\n\n<p><a href=\"https:\/\/www.gov.br\/saude\/pt-br\/acesso-a-informacao\/participacao-social\/consultas-publicas\/2022\/consulta-publica-diretriz-para-pratica-clinica-odontologica-na-aps-restauracoes-de-lesoes-cervicais-nao-cariosas\/diretriz-lcnc-validado-desf-docx.pdf\">Acesse aqui a vers\u00e3o preliminar <\/a><\/p>\n","protected":false},"excerpt":{"rendered":"<p>Coordenador: Prof. Dr. Rafael Ratto de Moraes Painel de especialistas: Talita Arrais Daniel Mendes, Lucas Brum Cleff, Alessandro Dourado Loguercio,Alexandre Coelho Machado, Maximiliano S\u00e9rgio Cenci, Nicole Aim\u00e9e, BetinaSuziellen Gomes da Silva. INTRODU\u00c7\u00c3O: As LCNCs se referem \u00e0 perda de tecido dent\u00e1rio causada por processos que n\u00e3o envolvem diretamente microrganismos. O desenvolvimento de LCNCs tem car\u00e1ter &hellip; <\/p>\n<p><a class=\"more-link btn\" href=\"https:\/\/wp.ufpel.edu.br\/godec\/restauracao-de-lesoes-cervicais-nao-cariosas-diretriz-para-a-pratica-clinica\/\">Continue lendo<\/a><\/p>\n","protected":false},"author":995,"featured_media":0,"parent":0,"menu_order":0,"comment_status":"closed","ping_status":"closed","template":"","meta":{"footnotes":""},"class_list":["post-544","page","type-page","status-publish","hentry","nodate","item-wrap"],"jetpack_sharing_enabled":true,"jetpack-related-posts":[{"id":542,"url":"https:\/\/wp.ufpel.edu.br\/godec\/tratamentos-efetivos-para-alivio-da-hipersensibilidade-dentiaria\/","url_meta":{"origin":544,"position":0},"title":"Tratamentos efetivos para al\u00edvio da hipersensibilidade denti\u00e1ria","author":"godec","date":"26\/04\/2025","format":false,"excerpt":"Coordenador: Prof. Dr. Rafael Ratto de Moraes Painel de especialistas: Fabiana Chiapinotto, Sabrina Kohlrausch, Livia F\u00e1varo Zeola, F\u00e1bio Andr\u00e9 Santos, Ana Cec\u00edlia Aranha, Paulo Vin\u00edcius Soares, Amanda Pinto Bandeira de Sousa Marques, Nicole Aim\u00e9e Rodrigues Jos\u00e9. INTRODU\u00c7\u00c3O: A hipersensibilidade dentin\u00e1ria (HD) pode ser definida como um processo patol\u00f3gico de etiologia\u2026","rel":"","context":"Post similar","block_context":{"text":"Post similar","link":""},"img":{"alt_text":"","src":"","width":0,"height":0},"classes":[]},{"id":543,"url":"https:\/\/wp.ufpel.edu.br\/godec\/avaliacao-clinica-de-restauracoes-quando-reparar-substituir\/","url_meta":{"origin":544,"position":1},"title":"Reparo versus substitui\u00e7\u00e3o de restaura\u00e7\u00f5es","author":"godec","date":"28\/04\/2025","format":false,"excerpt":"Coordenador: Prof(a). Dr(a). Giana da Silveira Lima Painel de especialistas: Andr\u00e9 Lu\u00eds Faria e Silva, Cinthia Studzinski dos Santos, C\u00e1cia SignoriFl\u00e1vio Fernando Demarco, Julianne Bartz Maass, Maximiliano Sergio Cenci, Marcos Britto Corr\u00eaa, Nicole Aim\u00e9e Rodrigues Jos\u00e9 e Rafael Ratto de Moraes. INTRODU\u00c7\u00c3O Restaura\u00e7\u00f5es s\u00e3o procedimentos presentes na pr\u00e1tica cl\u00ednica di\u00e1ria\u2026","rel":"","context":"Post similar","block_context":{"text":"Post similar","link":""},"img":{"alt_text":"","src":"","width":0,"height":0},"classes":[]},{"id":615,"url":"https:\/\/wp.ufpel.edu.br\/godec\/tratamentos-conservadores-da-polpa-em-dentes-deciduos\/","url_meta":{"origin":544,"position":2},"title":"Tratamentos conservadores da polpa em dentes dec\u00edduos","author":"godec","date":"30\/05\/2022","format":false,"excerpt":"Coordenadora: Profa. Dra. Fran\u00e7oise H\u00e9l\u00e8ne van de Sande Leite\u00a0. Painel de especialistas: Carine Weber Pires, Mariana Minatel Braga, Marina Sousa Azevedo, Nicole Aim\u00e9e Rodrigues Jos\u00e9, Rachel de Oliveira Rocha, Soraya Coelho Leal, Tatiana Albuquerque Porsella Flores Padula, Tathiane Larissa Lenzi. INTRODU\u00c7\u00c3O: O objetivo da remo\u00e7\u00e3o seletiva do tecido cariado em\u2026","rel":"","context":"Post similar","block_context":{"text":"Post similar","link":""},"img":{"alt_text":"","src":"","width":0,"height":0},"classes":[]},{"id":546,"url":"https:\/\/wp.ufpel.edu.br\/godec\/tratamento-de-gengivite-em-adultos\/","url_meta":{"origin":544,"position":3},"title":"Tratamento de Gengivite induzida por biofilme em adultos","author":"godec","date":"30\/05\/2022","format":false,"excerpt":"Coordenador: Prof. Dr. Francisco Wilker Mustafa Gomes Muniz. Painel de especialistas: \u00c2ndrea Daneris, Anelise Fernandes Montagner ,Carlos Heitor Cunha Moreira, Francisco Wilker Mustafa Gomes Muniz, Juliano Cavagni, Lilia Maia Aguiar ,Mariana da Silva Mu\u00f1oz, Rodrigo Ot\u00e1vio Rego, Taciane Menezes da Silveira, Tal\u00edcia Cruz Vidal, Thiago Marchi Martins, Yasmim Nobre Gon\u00e7alves\u2026","rel":"","context":"Post similar","block_context":{"text":"Post similar","link":""},"img":{"alt_text":"","src":"","width":0,"height":0},"classes":[]},{"id":545,"url":"https:\/\/wp.ufpel.edu.br\/godec\/tratamento-da-periodontite-estagio-i-iii-diretriz-para-a-pratica-clinica\/","url_meta":{"origin":544,"position":4},"title":"Tratamento da periodontite est\u00e1gio I-III: diretriz para a pr\u00e1tica cl\u00ednica.","author":"godec","date":"28\/04\/2025","format":false,"excerpt":"Coordenador: Prof. Dr. Francisco Wilker Mustafa Gomes Muniz Painel de especialistas: \u00c2ndrea Daneris, Caroline Fernandes e Silva, Cassiano Kuchenbecker R\u00f6sing, Eduardo Dickie de Castilhos, Fabricio Batistin Zanatta, Ma\u00edsa Casarin, Maria Lanuse Davila Gadelha de Oliveira, Nat\u00e1lia Marcumini Pola, Ricardo Souza Martins, Yasmim Nobre. INTRODU\u00c7\u00c3O: A periodontite \u00e9 considerada uma doen\u00e7a\u2026","rel":"","context":"Post similar","block_context":{"text":"Post similar","link":""},"img":{"alt_text":"","src":"","width":0,"height":0},"classes":[]},{"id":539,"url":"https:\/\/wp.ufpel.edu.br\/godec\/prevencao-de-carie-na-primeira-infancia\/","url_meta":{"origin":544,"position":5},"title":"Preven\u00e7\u00e3o de c\u00e1rie na primeira inf\u00e2ncia","author":"godec","date":"28\/04\/2025","format":false,"excerpt":"Coordenadora: Prof(a). Dr(a). Anelise Fernandes Montagner Painel de especialistas: Ana Paula Pires dos Santos, Cassiana Neves Mello, Carlos Alberto Feldens, Eug\u00eania Carrera Malh\u00e3o, Fabian Calixto Fraiz, Fausto Medeiros Mendes, Fran\u00e7oise Helene Van de Sande, Lucas Brum Cleff, Mar\u00edlia Le\u00e3o Goettems, Mariana Cadermatori, Maximiliano S\u00e9rgio Cenci, Tamara Kerber Tedesco, Mariana Minatel\u2026","rel":"","context":"Post similar","block_context":{"text":"Post similar","link":""},"img":{"alt_text":"","src":"","width":0,"height":0},"classes":[]}],"_links":{"self":[{"href":"https:\/\/wp.ufpel.edu.br\/godec\/wp-json\/wp\/v2\/pages\/544","targetHints":{"allow":["GET"]}}],"collection":[{"href":"https:\/\/wp.ufpel.edu.br\/godec\/wp-json\/wp\/v2\/pages"}],"about":[{"href":"https:\/\/wp.ufpel.edu.br\/godec\/wp-json\/wp\/v2\/types\/page"}],"author":[{"embeddable":true,"href":"https:\/\/wp.ufpel.edu.br\/godec\/wp-json\/wp\/v2\/users\/995"}],"replies":[{"embeddable":true,"href":"https:\/\/wp.ufpel.edu.br\/godec\/wp-json\/wp\/v2\/comments?post=544"}],"version-history":[{"count":2,"href":"https:\/\/wp.ufpel.edu.br\/godec\/wp-json\/wp\/v2\/pages\/544\/revisions"}],"predecessor-version":[{"id":2954,"href":"https:\/\/wp.ufpel.edu.br\/godec\/wp-json\/wp\/v2\/pages\/544\/revisions\/2954"}],"wp:attachment":[{"href":"https:\/\/wp.ufpel.edu.br\/godec\/wp-json\/wp\/v2\/media?parent=544"}],"curies":[{"name":"wp","href":"https:\/\/api.w.org\/{rel}","templated":true}]}}