{"id":538,"date":"2025-05-25T11:36:28","date_gmt":"2025-05-25T14:36:28","guid":{"rendered":"https:\/\/wp.ufpel.edu.br\/godec\/?page_id=538"},"modified":"2025-07-05T18:57:00","modified_gmt":"2025-07-05T21:57:00","slug":"manejo-de-lesoes-de-carie-radicular-diretriz-para-a-pratica-clinica","status":"publish","type":"page","link":"https:\/\/wp.ufpel.edu.br\/godec\/manejo-de-lesoes-de-carie-radicular-diretriz-para-a-pratica-clinica\/","title":{"rendered":"Manejo de les\u00f5es de c\u00e1rie radicular: diretriz para a pr\u00e1tica cl\u00ednica."},"content":{"rendered":"\n<p>Coordenadora: Prof(a). Dr(a). Giana da Silveira Lima<\/p>\n\n\n\n<p>Painel de especialistas: Cec\u00edlia de Brito Barbosa, Cinthia Studzinski dos Santos, Eduardo Dickie de Castilhos, Fran\u00e7oise H\u00e9l\u00e8ne van der Sande, Giana da Silveira Lima, Juliana Jobim, Julianne Bartz Maass, Maximiliano Sergio Cenci, Nail\u00ea Dam\u00e9 Teixeira, Nicole Aime\u0301e Rodrigues Jos\u00e9 e Sinval Adalberto Rodrigues Junior. <\/p>\n\n\n\n<p>INTRODU\u00c7\u00c3O:<\/p>\n\n\n\n<p>A c\u00e1rie radicular, que afeta a superf\u00edcie radicular dos dentes, \u00e9 uma das principais causas de perda dent\u00e1ria em idosos (CUSSI, 2020). O seu desenvolvimento \u00e9 resultado de ciclos repetidos de desmineraliza\u00e7\u00e3o e remineraliza\u00e7\u00e3o, juntamente com a degrada\u00e7\u00e3o da matriz org\u00e2nica da dentina e do cemento (TAKAHASHI et al., 2016). As les\u00f5es de c\u00e1rie radicular ativas geralmente t\u00eam uma progress\u00e3o r\u00e1pida, deixando o esmalte sem suporte ao redor da jun\u00e7\u00e3o cemento-esmalte. As les\u00f5es variam em extens\u00e3o e profundidade, apresentando um risco significativo para a vitalidade dent\u00e1ria (GALLER et al., 2021). Estudos demonstram que a preval\u00eancia de c\u00e1rie radicular no Brasil \u00e9 de 16,7% em adultos e de 13,6% em idosos (MARQUES et al., 2013). O impacto da c\u00e1rie dent\u00e1ria em qualquer faixa et\u00e1ria prejudica a nutri\u00e7\u00e3o e o conforto geral, mas pode ser particularmente prejudicial \u00e0 sa\u00fade sist\u00eamica de idosos fragilizados (TAYLOR et al., 2000).<\/p>\n\n\n\n<p><strong>O objetivo do<\/strong> desenvolvimento desta diretriz para a pr\u00e1tica cl\u00ednica odontol\u00f3gica \u00e9 fornecer recomenda\u00e7\u00f5es para o manejo de les\u00f5es de c\u00e1rie radicular durante o atendimento odontol\u00f3gico na Aten\u00e7\u00e3o Prim\u00e1ria \u00e0 Sa\u00fade envolvendo a preven\u00e7\u00e3o, tratamentos n\u00e3o-invasivos, tratamentos microinvasivos e o tratamento restaurador em pacientes adultos ou idosos, a fim de auxiliar as equipes de Sa\u00fade Bucal (eSB) na tomada de decis\u00f5es baseadas em evid\u00eancias cient\u00edficas.<\/p>\n\n\n\n<p><a href=\"https:\/\/1drv.ms\/w\/c\/58d7e2daf0e011b2\/EQKObTCvKgpGiftSsW26frkBeAk9yhktCcl-DfhYiDOiBw?e=vgZMmQ\">Acesse aqui a vers\u00e3o preliminar<\/a><\/p>\n","protected":false},"excerpt":{"rendered":"<p>Coordenadora: Prof(a). Dr(a). Giana da Silveira Lima Painel de especialistas: Cec\u00edlia de Brito Barbosa, Cinthia Studzinski dos Santos, Eduardo Dickie de Castilhos, Fran\u00e7oise H\u00e9l\u00e8ne van der Sande, Giana da Silveira Lima, Juliana Jobim, Julianne Bartz Maass, Maximiliano Sergio Cenci, Nail\u00ea Dam\u00e9 Teixeira, Nicole Aime\u0301e Rodrigues Jos\u00e9 e Sinval Adalberto Rodrigues Junior. INTRODU\u00c7\u00c3O: A c\u00e1rie radicular, &hellip; <\/p>\n<p><a class=\"more-link btn\" href=\"https:\/\/wp.ufpel.edu.br\/godec\/manejo-de-lesoes-de-carie-radicular-diretriz-para-a-pratica-clinica\/\">Continue lendo<\/a><\/p>\n","protected":false},"author":995,"featured_media":0,"parent":0,"menu_order":0,"comment_status":"closed","ping_status":"closed","template":"","meta":{"footnotes":""},"class_list":["post-538","page","type-page","status-publish","hentry","nodate","item-wrap"],"jetpack_sharing_enabled":true,"jetpack-related-posts":[{"id":530,"url":"https:\/\/wp.ufpel.edu.br\/godec\/lesoes-profundas-de-carie\/","url_meta":{"origin":538,"position":0},"title":"Les\u00f5es profundas de c\u00e1rie","author":"godec","date":"18\/05\/2022","format":false,"excerpt":"Coordenadora: Profa. Dra. Fran\u00e7oise H\u00e9l\u00e8ne van de Sande Leite\u00a0\u00a0 Painel de especialistas: Ana Paula Pires dos Santos, Anelise Fernandes Montagner, Carla Moreira Pitoni. Daniela Proc\u00e1cia Raggio, Fabio Carneiro Martins, Fran\u00e7oise H\u00e9l\u00e8ne van de Sande Leite, Juliana Jobim Jardim, Leandro Augusto Hilgert, Lidiany Karla Azevedo Rodrigues, Luana Severo Alves, Nathalia Gudolle\u2026","rel":"","context":"Post similar","block_context":{"text":"Post similar","link":""},"img":{"alt_text":"","src":"","width":0,"height":0},"classes":[]},{"id":615,"url":"https:\/\/wp.ufpel.edu.br\/godec\/tratamentos-conservadores-da-polpa-em-dentes-deciduos\/","url_meta":{"origin":538,"position":1},"title":"Tratamentos conservadores da polpa em dentes dec\u00edduos","author":"godec","date":"30\/05\/2022","format":false,"excerpt":"Coordenadora: Profa. Dra. Fran\u00e7oise H\u00e9l\u00e8ne van de Sande Leite\u00a0. Painel de especialistas: Carine Weber Pires, Mariana Minatel Braga, Marina Sousa Azevedo, Nicole Aim\u00e9e Rodrigues Jos\u00e9, Rachel de Oliveira Rocha, Soraya Coelho Leal, Tatiana Albuquerque Porsella Flores Padula, Tathiane Larissa Lenzi. INTRODU\u00c7\u00c3O: O objetivo da remo\u00e7\u00e3o seletiva do tecido cariado em\u2026","rel":"","context":"Post similar","block_context":{"text":"Post similar","link":""},"img":{"alt_text":"","src":"","width":0,"height":0},"classes":[]},{"id":533,"url":"https:\/\/wp.ufpel.edu.br\/godec\/higiene-bucal-na-infancia\/","url_meta":{"origin":538,"position":2},"title":"Higiene Bucal na Inf\u00e2ncia","author":"godec","date":"18\/05\/2022","format":false,"excerpt":"Coordenadora: Profa. Dra. Marina Azevedo. Painel de especialistas: Amanda Pinto Bandeira Rodrigues de Sousa, Amanda Souza Moura, Ariane Tiago Bernardo de Matos, Branca Heloisa de Oliveira, Fabiana Vieira Santos Azevedo, Gabriel Tilli Politano, Jaime Aparecido Cury, Lucas Agustinho Fernandes, Mariana Minatel Braga, Nicole Aim\u00e9e Rodrigues Jos\u00e9, Paula dos Santos Leffa,\u2026","rel":"","context":"Post similar","block_context":{"text":"Post similar","link":""},"img":{"alt_text":"","src":"","width":0,"height":0},"classes":[]},{"id":213,"url":"https:\/\/wp.ufpel.edu.br\/godec\/diretrizes\/","url_meta":{"origin":538,"position":3},"title":"Diretrizes","author":"godec","date":"01\/09\/2020","format":false,"excerpt":"Um dos objetivos principais do GODeC \u00e9 desenvolver, disseminar e proporcionar acesso gratuito a recomenda\u00e7\u00f5es baseadas em evid\u00eancia para promover as melhores decis\u00f5es de tratamento aos dentistas, por meio de\u00a0 diretrizes para a pr\u00e1tica cl\u00ednica Odontol\u00f3gica, assim como fornecer informa\u00e7\u00e3o de qualidade aos pacientes. Nesse contexto, um dos principais eixos\u2026","rel":"","context":"Post similar","block_context":{"text":"Post similar","link":""},"img":{"alt_text":"","src":"","width":0,"height":0},"classes":[]},{"id":552,"url":"https:\/\/wp.ufpel.edu.br\/godec\/tecnica-de-tratamento-restaurador-atraumatico-criterios-de-elegibilidade-do-tratamento-e-etapas-clinicas-em-adultos-e-criancas\/","url_meta":{"origin":538,"position":4},"title":"T\u00e9cnica de Tratamento Restaurador Atraum\u00e1tico &#8211; Crit\u00e9rios de elegibilidade do tratamento e etapas cl\u00ednicas em adultos e crian\u00e7as","author":"godec","date":"28\/04\/2025","format":false,"excerpt":"Coordenador: Prof. Dr. Ot\u00e1vio Pereira D\u2019Avila Painel de especialistas: Alcir Jos\u00e9 de Oliveira Junior, Amanda Pinto Bandeira de Sousa Marques, Gustavo Vinicius do Nascimento Ribeiro, Mauro Cardoso Ribeiro e Eduardo Dickie de Castilhos INTRODU\u00c7\u00c3O O TRA \u00e9 uma abordagem minimamente invasiva que simultaneamente previne a c\u00e1rie dent\u00e1ria e impede a\u2026","rel":"","context":"Post similar","block_context":{"text":"Post similar","link":""},"img":{"alt_text":"","src":"","width":0,"height":0},"classes":[]},{"id":2920,"url":"https:\/\/wp.ufpel.edu.br\/godec\/lesoes-profundas-de-carie-2\/","url_meta":{"origin":538,"position":5},"title":"Les\u00f5es profundas de c\u00e1rie","author":"micheleneumann","date":"03\/07\/2025","format":false,"excerpt":"Ap\u00eandice 1: Ap\u00eandices_separados_para_site_300122Baixar","rel":"","context":"Post similar","block_context":{"text":"Post similar","link":""},"img":{"alt_text":"","src":"","width":0,"height":0},"classes":[]}],"_links":{"self":[{"href":"https:\/\/wp.ufpel.edu.br\/godec\/wp-json\/wp\/v2\/pages\/538","targetHints":{"allow":["GET"]}}],"collection":[{"href":"https:\/\/wp.ufpel.edu.br\/godec\/wp-json\/wp\/v2\/pages"}],"about":[{"href":"https:\/\/wp.ufpel.edu.br\/godec\/wp-json\/wp\/v2\/types\/page"}],"author":[{"embeddable":true,"href":"https:\/\/wp.ufpel.edu.br\/godec\/wp-json\/wp\/v2\/users\/995"}],"replies":[{"embeddable":true,"href":"https:\/\/wp.ufpel.edu.br\/godec\/wp-json\/wp\/v2\/comments?post=538"}],"version-history":[{"count":3,"href":"https:\/\/wp.ufpel.edu.br\/godec\/wp-json\/wp\/v2\/pages\/538\/revisions"}],"predecessor-version":[{"id":2952,"href":"https:\/\/wp.ufpel.edu.br\/godec\/wp-json\/wp\/v2\/pages\/538\/revisions\/2952"}],"wp:attachment":[{"href":"https:\/\/wp.ufpel.edu.br\/godec\/wp-json\/wp\/v2\/media?parent=538"}],"curies":[{"name":"wp","href":"https:\/\/api.w.org\/{rel}","templated":true}]}}