{"id":413,"date":"2022-05-13T13:49:38","date_gmt":"2022-05-13T16:49:38","guid":{"rendered":"https:\/\/wp.ufpel.edu.br\/godec\/?page_id=413"},"modified":"2025-07-25T16:28:09","modified_gmt":"2025-07-25T19:28:09","slug":"equipe","status":"publish","type":"page","link":"https:\/\/wp.ufpel.edu.br\/godec\/sobre\/equipe\/","title":{"rendered":"Equipe"},"content":{"rendered":"\n<p>Em breve mais informa\u00e7\u00f5es&#8230;<\/p>\n","protected":false},"excerpt":{"rendered":"<p>Em breve mais informa\u00e7\u00f5es&#8230;<\/p>\n","protected":false},"author":995,"featured_media":0,"parent":250,"menu_order":4,"comment_status":"closed","ping_status":"closed","template":"","meta":{"footnotes":""},"class_list":["post-413","page","type-page","status-publish","hentry","nodate","item-wrap"],"jetpack_sharing_enabled":false,"jetpack-related-posts":[{"id":536,"url":"https:\/\/wp.ufpel.edu.br\/godec\/manejo-de-dor-crise-aguda-para-pacientes-com-dtm-qual-melhor-tratamento-para-servico-publico\/","url_meta":{"origin":413,"position":0},"title":"Manejo de dor (crise aguda) para pacientes com DTM: qual melhor tratamento para servi\u00e7o p\u00fablico.","author":"godec","date":"28\/04\/2025","format":false,"excerpt":"Em breve mais informa\u00e7\u00f5es.","rel":"","context":"Post similar","block_context":{"text":"Post similar","link":""},"img":{"alt_text":"","src":"","width":0,"height":0},"classes":[]},{"id":250,"url":"https:\/\/wp.ufpel.edu.br\/godec\/sobre\/","url_meta":{"origin":413,"position":1},"title":"Sobre","author":"godec","date":"09\/11\/2020","format":false,"excerpt":"O GODeC (Global Observatory for Dental Care) \u00e9 uma iniciativa de um grupo de pesquisadores latino-americanos preocupados com a s\u00edntese e dissemina\u00e7\u00e3o do conhecimento em Odontologia. Um dos objetivos principais do GODeC \u00e9 desenvolver, disseminar e proporcionar acesso gratuito a recomenda\u00e7\u00f5es baseadas em evid\u00eancia para promover as melhores decis\u00f5es de\u2026","rel":"","context":"Post similar","block_context":{"text":"Post similar","link":""},"img":{"alt_text":"","src":"","width":0,"height":0},"classes":[]},{"id":213,"url":"https:\/\/wp.ufpel.edu.br\/godec\/diretrizes\/","url_meta":{"origin":413,"position":2},"title":"Diretrizes","author":"godec","date":"01\/09\/2020","format":false,"excerpt":"Um dos objetivos principais do GODeC \u00e9 desenvolver, disseminar e proporcionar acesso gratuito a recomenda\u00e7\u00f5es baseadas em evid\u00eancia para promover as melhores decis\u00f5es de tratamento aos dentistas, por meio de\u00a0 diretrizes para a pr\u00e1tica cl\u00ednica Odontol\u00f3gica, assim como fornecer informa\u00e7\u00e3o de qualidade aos pacientes. Nesse contexto, um dos principais eixos\u2026","rel":"","context":"Post similar","block_context":{"text":"Post similar","link":""},"img":{"alt_text":"","src":"","width":0,"height":0},"classes":[]},{"id":642,"url":"https:\/\/wp.ufpel.edu.br\/godec\/gengivite-necrosante\/","url_meta":{"origin":413,"position":3},"title":"Endocardite infecciosa e Odontologia","author":"godec","date":"03\/05\/2025","format":false,"excerpt":"Coordenador: Prof. Dr. Eduardo Dickie de Castilhos Painel de especialistas: Helena Pereira Rodrigues da Silva, Luciana Rodrigues Perrone, Mariana Gonzalez Cademartori e Ot\u00e1vio Pereira D'Avila. INTRODU\u00c7\u00c3O: Considerando a estreita rela\u00e7\u00e3o de endocardite infecciosa com doen\u00e7as bucais e seus tratamentos faz-se necess\u00e1rio um protocolo para conduta na APS. O objetivo desta\u2026","rel":"","context":"Post similar","block_context":{"text":"Post similar","link":""},"img":{"alt_text":"","src":"","width":0,"height":0},"classes":[]},{"id":2961,"url":"https:\/\/wp.ufpel.edu.br\/godec\/sobre\/metodologia\/","url_meta":{"origin":413,"position":4},"title":"Metodologia","author":"micheleneumann","date":"09\/07\/2025","format":false,"excerpt":"Nosso grupo adotou dois tipos de metodologia conforme a escolha do m\u00e9todo para constru\u00e7\u00e3o de cada diretriz: adapta\u00e7\u00e3o ou elabora\u00e7\u00e3o. Independente de cada processo, o passo inicial consiste na defini\u00e7\u00e3o de quest\u00f5es priorit\u00e1rias, considerando interven\u00e7\u00f5es e desfechos esperados. Ap\u00f3s esse processo, j\u00e1 feita a escolha do comit\u00ea organizador (composto pelo\u2026","rel":"","context":"Post similar","block_context":{"text":"Post similar","link":""},"img":{"alt_text":"","src":"","width":0,"height":0},"classes":[]},{"id":543,"url":"https:\/\/wp.ufpel.edu.br\/godec\/avaliacao-clinica-de-restauracoes-quando-reparar-substituir\/","url_meta":{"origin":413,"position":5},"title":"Reparo versus substitui\u00e7\u00e3o de restaura\u00e7\u00f5es","author":"godec","date":"28\/04\/2025","format":false,"excerpt":"Coordenador: Prof(a). Dr(a). Giana da Silveira Lima Painel de especialistas: Andr\u00e9 Lu\u00eds Faria e Silva, Cinthia Studzinski dos Santos, C\u00e1cia SignoriFl\u00e1vio Fernando Demarco, Julianne Bartz Maass, Maximiliano Sergio Cenci, Marcos Britto Corr\u00eaa, Nicole Aim\u00e9e Rodrigues Jos\u00e9 e Rafael Ratto de Moraes. INTRODU\u00c7\u00c3O Restaura\u00e7\u00f5es s\u00e3o procedimentos presentes na pr\u00e1tica cl\u00ednica di\u00e1ria\u2026","rel":"","context":"Post similar","block_context":{"text":"Post similar","link":""},"img":{"alt_text":"","src":"","width":0,"height":0},"classes":[]}],"_links":{"self":[{"href":"https:\/\/wp.ufpel.edu.br\/godec\/wp-json\/wp\/v2\/pages\/413","targetHints":{"allow":["GET"]}}],"collection":[{"href":"https:\/\/wp.ufpel.edu.br\/godec\/wp-json\/wp\/v2\/pages"}],"about":[{"href":"https:\/\/wp.ufpel.edu.br\/godec\/wp-json\/wp\/v2\/types\/page"}],"author":[{"embeddable":true,"href":"https:\/\/wp.ufpel.edu.br\/godec\/wp-json\/wp\/v2\/users\/995"}],"replies":[{"embeddable":true,"href":"https:\/\/wp.ufpel.edu.br\/godec\/wp-json\/wp\/v2\/comments?post=413"}],"version-history":[{"count":2,"href":"https:\/\/wp.ufpel.edu.br\/godec\/wp-json\/wp\/v2\/pages\/413\/revisions"}],"predecessor-version":[{"id":2964,"href":"https:\/\/wp.ufpel.edu.br\/godec\/wp-json\/wp\/v2\/pages\/413\/revisions\/2964"}],"up":[{"embeddable":true,"href":"https:\/\/wp.ufpel.edu.br\/godec\/wp-json\/wp\/v2\/pages\/250"}],"wp:attachment":[{"href":"https:\/\/wp.ufpel.edu.br\/godec\/wp-json\/wp\/v2\/media?parent=413"}],"curies":[{"name":"wp","href":"https:\/\/api.w.org\/{rel}","templated":true}]}}