{"id":407,"date":"2022-05-13T13:46:14","date_gmt":"2022-05-13T16:46:14","guid":{"rendered":"https:\/\/wp.ufpel.edu.br\/godec\/?page_id=407"},"modified":"2022-05-18T12:10:42","modified_gmt":"2022-05-18T15:10:42","slug":"sobre-nos","status":"publish","type":"page","link":"https:\/\/wp.ufpel.edu.br\/godec\/sobre\/sobre-nos\/","title":{"rendered":"Implementa\u00e7\u00e3o"},"content":{"rendered":"\n<p>Al\u00e9m do  desenvolvimento de diretrizes, o grupo GODeC, em parceria com grupos internacionais, como o TRiaDS (TRanslation Research in a Dental Setting, Esc\u00f3cia) e o Centre of Implementation Research (Canad\u00e1), est\u00e1 desenvolvendo estrat\u00e9gias para avalia\u00e7\u00e3o de barreiras e facilitadores para implementa\u00e7\u00e3o de recomenda\u00e7\u00f5es de diretrizes para pr\u00e1tica cl\u00ednica odontol\u00f3gicas no SUS, bem como elabora\u00e7\u00e3o e desenvolvimento de estrat\u00e9gias de implementa\u00e7\u00e3o para aumentar a ades\u00e3o \u00e0s recomenda\u00e7\u00f5es desenvolvida. <\/p>\n","protected":false},"excerpt":{"rendered":"<p>Al\u00e9m do desenvolvimento de diretrizes, o grupo GODeC, em parceria com grupos internacionais, como o TRiaDS (TRanslation Research in a Dental Setting, Esc\u00f3cia) e o Centre of Implementation Research (Canad\u00e1), est\u00e1 desenvolvendo estrat\u00e9gias para avalia\u00e7\u00e3o de barreiras e facilitadores para implementa\u00e7\u00e3o de recomenda\u00e7\u00f5es de diretrizes para pr\u00e1tica cl\u00ednica odontol\u00f3gicas no SUS, bem como elabora\u00e7\u00e3o e &hellip; <\/p>\n<p><a class=\"more-link btn\" href=\"https:\/\/wp.ufpel.edu.br\/godec\/sobre\/sobre-nos\/\">Continue lendo<\/a><\/p>\n","protected":false},"author":995,"featured_media":0,"parent":250,"menu_order":4,"comment_status":"closed","ping_status":"closed","template":"","meta":{"footnotes":""},"class_list":["post-407","page","type-page","status-publish","hentry","nodate","item-wrap"],"jetpack_sharing_enabled":false,"jetpack-related-posts":[{"id":250,"url":"https:\/\/wp.ufpel.edu.br\/godec\/sobre\/","url_meta":{"origin":407,"position":0},"title":"Sobre","author":"godec","date":"09\/11\/2020","format":false,"excerpt":"O GODeC (Global Observatory for Dental Care) \u00e9 uma iniciativa de um grupo de pesquisadores latino-americanos preocupados com a s\u00edntese e dissemina\u00e7\u00e3o do conhecimento em Odontologia. Um dos objetivos principais do GODeC \u00e9 desenvolver, disseminar e proporcionar acesso gratuito a recomenda\u00e7\u00f5es baseadas em evid\u00eancia para promover as melhores decis\u00f5es de\u2026","rel":"","context":"Post similar","block_context":{"text":"Post similar","link":""},"img":{"alt_text":"","src":"","width":0,"height":0},"classes":[]},{"id":213,"url":"https:\/\/wp.ufpel.edu.br\/godec\/diretrizes\/","url_meta":{"origin":407,"position":1},"title":"Diretrizes","author":"godec","date":"01\/09\/2020","format":false,"excerpt":"Um dos objetivos principais do GODeC \u00e9 desenvolver, disseminar e proporcionar acesso gratuito a recomenda\u00e7\u00f5es baseadas em evid\u00eancia para promover as melhores decis\u00f5es de tratamento aos dentistas, por meio de\u00a0 diretrizes para a pr\u00e1tica cl\u00ednica Odontol\u00f3gica, assim como fornecer informa\u00e7\u00e3o de qualidade aos pacientes. Nesse contexto, um dos principais eixos\u2026","rel":"","context":"Post similar","block_context":{"text":"Post similar","link":""},"img":{"alt_text":"","src":"","width":0,"height":0},"classes":[]},{"id":642,"url":"https:\/\/wp.ufpel.edu.br\/godec\/gengivite-necrosante\/","url_meta":{"origin":407,"position":2},"title":"Endocardite infecciosa e Odontologia","author":"godec","date":"03\/05\/2025","format":false,"excerpt":"Coordenador: Prof. Dr. Eduardo Dickie de Castilhos Painel de especialistas: Helena Pereira Rodrigues da Silva, Luciana Rodrigues Perrone, Mariana Gonzalez Cademartori e Ot\u00e1vio Pereira D'Avila. INTRODU\u00c7\u00c3O: Considerando a estreita rela\u00e7\u00e3o de endocardite infecciosa com doen\u00e7as bucais e seus tratamentos faz-se necess\u00e1rio um protocolo para conduta na APS. O objetivo desta\u2026","rel":"","context":"Post similar","block_context":{"text":"Post similar","link":""},"img":{"alt_text":"","src":"","width":0,"height":0},"classes":[]},{"id":248,"url":"https:\/\/wp.ufpel.edu.br\/godec\/","url_meta":{"origin":407,"position":3},"title":"P\u00e1gina Inicial","author":"godec","date":"09\/11\/2020","format":false,"excerpt":"Bem vindo ao GODeC O GODeC (Global Observatory for Dental Care) \u00e9 uma iniciativa de um grupo de pesquisadores preocupados com a s\u00edntese e dissemina\u00e7\u00e3o do conhecimento em Odontologia. Um dos objetivos principais do GODeC \u00e9 desenvolver, disseminar e proporcionar acesso gratuito a recomenda\u00e7\u00f5es baseadas em evid\u00eancia para promover as\u2026","rel":"","context":"Post similar","block_context":{"text":"Post similar","link":""},"img":{"alt_text":"","src":"https:\/\/i0.wp.com\/wp.ufpel.edu.br\/godec\/files\/2022\/05\/images.jpg?resize=350%2C200&ssl=1","width":350,"height":200},"classes":[]},{"id":538,"url":"https:\/\/wp.ufpel.edu.br\/godec\/manejo-de-lesoes-de-carie-radicular-diretriz-para-a-pratica-clinica\/","url_meta":{"origin":407,"position":4},"title":"Manejo de les\u00f5es de c\u00e1rie radicular: diretriz para a pr\u00e1tica cl\u00ednica.","author":"godec","date":"25\/05\/2025","format":false,"excerpt":"Coordenadora: Prof(a). Dr(a). Giana da Silveira Lima Painel de especialistas: Cec\u00edlia de Brito Barbosa, Cinthia Studzinski dos Santos, Eduardo Dickie de Castilhos, Fran\u00e7oise H\u00e9l\u00e8ne van der Sande, Giana da Silveira Lima, Juliana Jobim, Julianne Bartz Maass, Maximiliano Sergio Cenci, Nail\u00ea Dam\u00e9 Teixeira, Nicole Aime\u0301e Rodrigues Jos\u00e9 e Sinval Adalberto Rodrigues\u2026","rel":"","context":"Post similar","block_context":{"text":"Post similar","link":""},"img":{"alt_text":"","src":"","width":0,"height":0},"classes":[]},{"id":2961,"url":"https:\/\/wp.ufpel.edu.br\/godec\/sobre\/metodologia\/","url_meta":{"origin":407,"position":5},"title":"Metodologia","author":"micheleneumann","date":"09\/07\/2025","format":false,"excerpt":"Nosso grupo adotou dois tipos de metodologia conforme a escolha do m\u00e9todo para constru\u00e7\u00e3o de cada diretriz: adapta\u00e7\u00e3o ou elabora\u00e7\u00e3o. Independente de cada processo, o passo inicial consiste na defini\u00e7\u00e3o de quest\u00f5es priorit\u00e1rias, considerando interven\u00e7\u00f5es e desfechos esperados. Ap\u00f3s esse processo, j\u00e1 feita a escolha do comit\u00ea organizador (composto pelo\u2026","rel":"","context":"Post similar","block_context":{"text":"Post similar","link":""},"img":{"alt_text":"","src":"","width":0,"height":0},"classes":[]}],"_links":{"self":[{"href":"https:\/\/wp.ufpel.edu.br\/godec\/wp-json\/wp\/v2\/pages\/407","targetHints":{"allow":["GET"]}}],"collection":[{"href":"https:\/\/wp.ufpel.edu.br\/godec\/wp-json\/wp\/v2\/pages"}],"about":[{"href":"https:\/\/wp.ufpel.edu.br\/godec\/wp-json\/wp\/v2\/types\/page"}],"author":[{"embeddable":true,"href":"https:\/\/wp.ufpel.edu.br\/godec\/wp-json\/wp\/v2\/users\/995"}],"replies":[{"embeddable":true,"href":"https:\/\/wp.ufpel.edu.br\/godec\/wp-json\/wp\/v2\/comments?post=407"}],"version-history":[{"count":3,"href":"https:\/\/wp.ufpel.edu.br\/godec\/wp-json\/wp\/v2\/pages\/407\/revisions"}],"predecessor-version":[{"id":556,"href":"https:\/\/wp.ufpel.edu.br\/godec\/wp-json\/wp\/v2\/pages\/407\/revisions\/556"}],"up":[{"embeddable":true,"href":"https:\/\/wp.ufpel.edu.br\/godec\/wp-json\/wp\/v2\/pages\/250"}],"wp:attachment":[{"href":"https:\/\/wp.ufpel.edu.br\/godec\/wp-json\/wp\/v2\/media?parent=407"}],"curies":[{"name":"wp","href":"https:\/\/api.w.org\/{rel}","templated":true}]}}