{"id":2912,"date":"2025-07-03T18:44:44","date_gmt":"2025-07-03T21:44:44","guid":{"rendered":"https:\/\/wp.ufpel.edu.br\/godec\/?page_id=2912"},"modified":"2025-07-03T18:44:47","modified_gmt":"2025-07-03T21:44:47","slug":"prevencao-de-carie-na-primeira-infancia-2","status":"publish","type":"page","link":"https:\/\/wp.ufpel.edu.br\/godec\/prevencao-de-carie-na-primeira-infancia-2\/","title":{"rendered":"Preven\u00e7\u00e3o de c\u00e1rie na primeira inf\u00e2ncia"},"content":{"rendered":"\n<p>Ap\u00eandice 1:<\/p>\n\n\n\n<div data-wp-interactive=\"core\/file\" class=\"wp-block-file\"><object data-wp-bind--hidden=\"!state.hasPdfPreview\" hidden class=\"wp-block-file__embed\" data=\"https:\/\/wp.ufpel.edu.br\/godec\/files\/2025\/07\/Apendices_Prevencao-de-carie-primeira-infancia.pdf\" type=\"application\/pdf\" style=\"width:100%;height:600px\" aria-label=\"Incorporado de Apendices_Prevencao de carie primeira infancia.\"><\/object><a id=\"wp-block-file--media-9cdc2919-6504-4647-8feb-cdb1bbf882ad\" href=\"https:\/\/wp.ufpel.edu.br\/godec\/files\/2025\/07\/Apendices_Prevencao-de-carie-primeira-infancia.pdf\">Apendices_Prevencao de carie primeira infancia<\/a><a href=\"https:\/\/wp.ufpel.edu.br\/godec\/files\/2025\/07\/Apendices_Prevencao-de-carie-primeira-infancia.pdf\" class=\"wp-block-file__button wp-element-button\" download aria-describedby=\"wp-block-file--media-9cdc2919-6504-4647-8feb-cdb1bbf882ad\">Baixar<\/a><\/div>\n","protected":false},"excerpt":{"rendered":"<p>Ap\u00eandice 1:<\/p>\n","protected":false},"author":1424,"featured_media":0,"parent":0,"menu_order":0,"comment_status":"closed","ping_status":"closed","template":"","meta":{"footnotes":""},"class_list":["post-2912","page","type-page","status-publish","hentry","nodate","item-wrap"],"jetpack_sharing_enabled":true,"jetpack-related-posts":[{"id":539,"url":"https:\/\/wp.ufpel.edu.br\/godec\/prevencao-de-carie-na-primeira-infancia\/","url_meta":{"origin":2912,"position":0},"title":"Preven\u00e7\u00e3o de c\u00e1rie na primeira inf\u00e2ncia","author":"godec","date":"28\/04\/2025","format":false,"excerpt":"Coordenadora: Prof(a). Dr(a). Anelise Fernandes Montagner Painel de especialistas: Ana Paula Pires dos Santos, Cassiana Neves Mello, Carlos Alberto Feldens, Eug\u00eania Carrera Malh\u00e3o, Fabian Calixto Fraiz, Fausto Medeiros Mendes, Fran\u00e7oise Helene Van de Sande, Lucas Brum Cleff, Mar\u00edlia Le\u00e3o Goettems, Mariana Cadermatori, Maximiliano S\u00e9rgio Cenci, Tamara Kerber Tedesco, Mariana Minatel\u2026","rel":"","context":"Post similar","block_context":{"text":"Post similar","link":""},"img":{"alt_text":"","src":"","width":0,"height":0},"classes":[]},{"id":2920,"url":"https:\/\/wp.ufpel.edu.br\/godec\/lesoes-profundas-de-carie-2\/","url_meta":{"origin":2912,"position":1},"title":"Les\u00f5es profundas de c\u00e1rie","author":"micheleneumann","date":"03\/07\/2025","format":false,"excerpt":"Ap\u00eandice 1: Ap\u00eandices_separados_para_site_300122Baixar","rel":"","context":"Post similar","block_context":{"text":"Post similar","link":""},"img":{"alt_text":"","src":"","width":0,"height":0},"classes":[]},{"id":213,"url":"https:\/\/wp.ufpel.edu.br\/godec\/diretrizes\/","url_meta":{"origin":2912,"position":2},"title":"Diretrizes","author":"godec","date":"01\/09\/2020","format":false,"excerpt":"Um dos objetivos principais do GODeC \u00e9 desenvolver, disseminar e proporcionar acesso gratuito a recomenda\u00e7\u00f5es baseadas em evid\u00eancia para promover as melhores decis\u00f5es de tratamento aos dentistas, por meio de\u00a0 diretrizes para a pr\u00e1tica cl\u00ednica Odontol\u00f3gica, assim como fornecer informa\u00e7\u00e3o de qualidade aos pacientes. Nesse contexto, um dos principais eixos\u2026","rel":"","context":"Post similar","block_context":{"text":"Post similar","link":""},"img":{"alt_text":"","src":"","width":0,"height":0},"classes":[]},{"id":533,"url":"https:\/\/wp.ufpel.edu.br\/godec\/higiene-bucal-na-infancia\/","url_meta":{"origin":2912,"position":3},"title":"Higiene Bucal na Inf\u00e2ncia","author":"godec","date":"18\/05\/2022","format":false,"excerpt":"Coordenadora: Profa. Dra. Marina Azevedo. Painel de especialistas: Amanda Pinto Bandeira Rodrigues de Sousa, Amanda Souza Moura, Ariane Tiago Bernardo de Matos, Branca Heloisa de Oliveira, Fabiana Vieira Santos Azevedo, Gabriel Tilli Politano, Jaime Aparecido Cury, Lucas Agustinho Fernandes, Mariana Minatel Braga, Nicole Aim\u00e9e Rodrigues Jos\u00e9, Paula dos Santos Leffa,\u2026","rel":"","context":"Post similar","block_context":{"text":"Post similar","link":""},"img":{"alt_text":"","src":"","width":0,"height":0},"classes":[]},{"id":530,"url":"https:\/\/wp.ufpel.edu.br\/godec\/lesoes-profundas-de-carie\/","url_meta":{"origin":2912,"position":4},"title":"Les\u00f5es profundas de c\u00e1rie","author":"godec","date":"18\/05\/2022","format":false,"excerpt":"Coordenadora: Profa. Dra. Fran\u00e7oise H\u00e9l\u00e8ne van de Sande Leite\u00a0\u00a0 Painel de especialistas: Ana Paula Pires dos Santos, Anelise Fernandes Montagner, Carla Moreira Pitoni. Daniela Proc\u00e1cia Raggio, Fabio Carneiro Martins, Fran\u00e7oise H\u00e9l\u00e8ne van de Sande Leite, Juliana Jobim Jardim, Leandro Augusto Hilgert, Lidiany Karla Azevedo Rodrigues, Luana Severo Alves, Nathalia Gudolle\u2026","rel":"","context":"Post similar","block_context":{"text":"Post similar","link":""},"img":{"alt_text":"","src":"","width":0,"height":0},"classes":[]},{"id":615,"url":"https:\/\/wp.ufpel.edu.br\/godec\/tratamentos-conservadores-da-polpa-em-dentes-deciduos\/","url_meta":{"origin":2912,"position":5},"title":"Tratamentos conservadores da polpa em dentes dec\u00edduos","author":"godec","date":"30\/05\/2022","format":false,"excerpt":"Coordenadora: Profa. Dra. Fran\u00e7oise H\u00e9l\u00e8ne van de Sande Leite\u00a0. Painel de especialistas: Carine Weber Pires, Mariana Minatel Braga, Marina Sousa Azevedo, Nicole Aim\u00e9e Rodrigues Jos\u00e9, Rachel de Oliveira Rocha, Soraya Coelho Leal, Tatiana Albuquerque Porsella Flores Padula, Tathiane Larissa Lenzi. INTRODU\u00c7\u00c3O: O objetivo da remo\u00e7\u00e3o seletiva do tecido cariado em\u2026","rel":"","context":"Post similar","block_context":{"text":"Post similar","link":""},"img":{"alt_text":"","src":"","width":0,"height":0},"classes":[]}],"_links":{"self":[{"href":"https:\/\/wp.ufpel.edu.br\/godec\/wp-json\/wp\/v2\/pages\/2912","targetHints":{"allow":["GET"]}}],"collection":[{"href":"https:\/\/wp.ufpel.edu.br\/godec\/wp-json\/wp\/v2\/pages"}],"about":[{"href":"https:\/\/wp.ufpel.edu.br\/godec\/wp-json\/wp\/v2\/types\/page"}],"author":[{"embeddable":true,"href":"https:\/\/wp.ufpel.edu.br\/godec\/wp-json\/wp\/v2\/users\/1424"}],"replies":[{"embeddable":true,"href":"https:\/\/wp.ufpel.edu.br\/godec\/wp-json\/wp\/v2\/comments?post=2912"}],"version-history":[{"count":1,"href":"https:\/\/wp.ufpel.edu.br\/godec\/wp-json\/wp\/v2\/pages\/2912\/revisions"}],"predecessor-version":[{"id":2918,"href":"https:\/\/wp.ufpel.edu.br\/godec\/wp-json\/wp\/v2\/pages\/2912\/revisions\/2918"}],"wp:attachment":[{"href":"https:\/\/wp.ufpel.edu.br\/godec\/wp-json\/wp\/v2\/media?parent=2912"}],"curies":[{"name":"wp","href":"https:\/\/api.w.org\/{rel}","templated":true}]}}