{"id":250,"date":"2020-11-09T23:03:38","date_gmt":"2020-11-10T02:03:38","guid":{"rendered":"https:\/\/wp.ufpel.edu.br\/godec\/?page_id=250"},"modified":"2025-07-09T20:44:40","modified_gmt":"2025-07-09T23:44:40","slug":"sobre","status":"publish","type":"page","link":"https:\/\/wp.ufpel.edu.br\/godec\/sobre\/","title":{"rendered":"Sobre"},"content":{"rendered":"\n<p>O GODeC (Global Observatory for Dental Care) \u00e9 uma iniciativa de um grupo de pesquisadores latino-americanos preocupados com a s\u00edntese e dissemina\u00e7\u00e3o do conhecimento em Odontologia. Um dos objetivos principais do GODeC \u00e9 desenvolver, disseminar e proporcionar acesso gratuito a recomenda\u00e7\u00f5es baseadas em evid\u00eancia para promover as melhores decis\u00f5es de tratamento aos dentistas, por meio de&nbsp; diretrizes para a pr\u00e1tica cl\u00ednica Odontol\u00f3gica, assim como fornecer informa\u00e7\u00e3o de qualidade aos pacientes. Nesse contexto, o grupo \u00e9 constitu\u00eddo por metodologistas, pesquisadores com experi\u00eancia em diversas \u00e1reas, p\u00f3s graduando e graduandos do curso de odontologia . Uns dos principais eixos de trabalho \u00e9 o desenvolvimento de diretrizes para a pr\u00e1tica cl\u00ednica odontol\u00f3gica no \u00e2mbito da aten\u00e7\u00e3o prim\u00e1ria em sa\u00fade, projeto desenvolvido em colabora\u00e7\u00e3o e com financiamento do Minist\u00e9rio da Sa\u00fade e ser um ponto de acesso \u00e0 informa\u00e7\u00f5es r\u00e1pidas e precisas sobre tratamentos e manejos odontol\u00f3gicos.<\/p>\n\n\n\n<div class=\"wp-block-group\"><div class=\"wp-block-group__inner-container is-layout-flow wp-block-group-is-layout-flow\">\n<p><\/p>\n\n\n\n<p><\/p>\n\n\n\n<p><\/p>\n<\/div><\/div>\n\n\n\n<!--more-->\n","protected":false},"excerpt":{"rendered":"<p>O GODeC (Global Observatory for Dental Care) \u00e9 uma iniciativa de um grupo de pesquisadores latino-americanos preocupados com a s\u00edntese e dissemina\u00e7\u00e3o do conhecimento em Odontologia. Um dos objetivos principais do GODeC \u00e9 desenvolver, disseminar e proporcionar acesso gratuito a recomenda\u00e7\u00f5es baseadas em evid\u00eancia para promover as melhores decis\u00f5es de tratamento aos dentistas, por meio &hellip; <\/p>\n<p><a class=\"more-link btn\" href=\"https:\/\/wp.ufpel.edu.br\/godec\/sobre\/\">Continue lendo<\/a><\/p>\n","protected":false},"author":995,"featured_media":0,"parent":0,"menu_order":0,"comment_status":"closed","ping_status":"closed","template":"","meta":{"footnotes":""},"class_list":["post-250","page","type-page","status-publish","hentry","nodate","item-wrap"],"jetpack_sharing_enabled":false,"jetpack-related-posts":[{"id":248,"url":"https:\/\/wp.ufpel.edu.br\/godec\/","url_meta":{"origin":250,"position":0},"title":"P\u00e1gina Inicial","author":"godec","date":"09\/11\/2020","format":false,"excerpt":"Bem vindo ao GODeC O GODeC (Global Observatory for Dental Care) \u00e9 uma iniciativa de um grupo de pesquisadores preocupados com a s\u00edntese e dissemina\u00e7\u00e3o do conhecimento em Odontologia. Um dos objetivos principais do GODeC \u00e9 desenvolver, disseminar e proporcionar acesso gratuito a recomenda\u00e7\u00f5es baseadas em evid\u00eancia para promover as\u2026","rel":"","context":"Post similar","block_context":{"text":"Post similar","link":""},"img":{"alt_text":"","src":"https:\/\/i0.wp.com\/wp.ufpel.edu.br\/godec\/files\/2022\/05\/images.jpg?resize=350%2C200&ssl=1","width":350,"height":200},"classes":[]},{"id":213,"url":"https:\/\/wp.ufpel.edu.br\/godec\/diretrizes\/","url_meta":{"origin":250,"position":1},"title":"Diretrizes","author":"godec","date":"01\/09\/2020","format":false,"excerpt":"Um dos objetivos principais do GODeC \u00e9 desenvolver, disseminar e proporcionar acesso gratuito a recomenda\u00e7\u00f5es baseadas em evid\u00eancia para promover as melhores decis\u00f5es de tratamento aos dentistas, por meio de\u00a0 diretrizes para a pr\u00e1tica cl\u00ednica Odontol\u00f3gica, assim como fornecer informa\u00e7\u00e3o de qualidade aos pacientes. Nesse contexto, um dos principais eixos\u2026","rel":"","context":"Post similar","block_context":{"text":"Post similar","link":""},"img":{"alt_text":"","src":"","width":0,"height":0},"classes":[]},{"id":642,"url":"https:\/\/wp.ufpel.edu.br\/godec\/gengivite-necrosante\/","url_meta":{"origin":250,"position":2},"title":"Endocardite infecciosa e Odontologia","author":"godec","date":"03\/05\/2025","format":false,"excerpt":"Coordenador: Prof. Dr. Eduardo Dickie de Castilhos Painel de especialistas: Helena Pereira Rodrigues da Silva, Luciana Rodrigues Perrone, Mariana Gonzalez Cademartori e Ot\u00e1vio Pereira D'Avila. INTRODU\u00c7\u00c3O: Considerando a estreita rela\u00e7\u00e3o de endocardite infecciosa com doen\u00e7as bucais e seus tratamentos faz-se necess\u00e1rio um protocolo para conduta na APS. O objetivo desta\u2026","rel":"","context":"Post similar","block_context":{"text":"Post similar","link":""},"img":{"alt_text":"","src":"","width":0,"height":0},"classes":[]},{"id":407,"url":"https:\/\/wp.ufpel.edu.br\/godec\/sobre\/sobre-nos\/","url_meta":{"origin":250,"position":3},"title":"Implementa\u00e7\u00e3o","author":"godec","date":"13\/05\/2022","format":false,"excerpt":"Al\u00e9m do desenvolvimento de diretrizes, o grupo GODeC, em parceria com grupos internacionais, como o TRiaDS (TRanslation Research in a Dental Setting, Esc\u00f3cia) e o Centre of Implementation Research (Canad\u00e1), est\u00e1 desenvolvendo estrat\u00e9gias para avalia\u00e7\u00e3o de barreiras e facilitadores para implementa\u00e7\u00e3o de recomenda\u00e7\u00f5es de diretrizes para pr\u00e1tica cl\u00ednica odontol\u00f3gicas no\u2026","rel":"","context":"Post similar","block_context":{"text":"Post similar","link":""},"img":{"alt_text":"","src":"","width":0,"height":0},"classes":[]},{"id":561,"url":"https:\/\/wp.ufpel.edu.br\/godec\/diretriz-para-a-pratica-clinica-na-atencao-primaria-2\/","url_meta":{"origin":250,"position":4},"title":"Diretriz para a pr\u00e1tica cl\u00ednica na aten\u00e7\u00e3o prim\u00e1ria \u00e0 sa\u00fade: tratamento odontol\u00f3gico de gestantes","author":"godec","date":"18\/05\/2022","format":false,"excerpt":"Coordenador: Prof. Dr. Marcos Britto Correa. Painel de especialistas: Aline Rosler Grings Manfro, Adriana Cocinell de Lima Moura, \u00c2ndrea Daneris, Elaine Pereira da Silva Tagliaferro, Erica Negrini Lia, Helena Silveira Schuch, Let\u00edcia Regina Morello Sartori, Lu\u00edsa Jardim Correa de Oliveira, Malu Oliveira Santos, Mar\u00edlia Le\u00e3o Goettems, Marina Sousa Azevedo, Maximilano\u2026","rel":"","context":"Post similar","block_context":{"text":"Post similar","link":""},"img":{"alt_text":"","src":"","width":0,"height":0},"classes":[]},{"id":538,"url":"https:\/\/wp.ufpel.edu.br\/godec\/manejo-de-lesoes-de-carie-radicular-diretriz-para-a-pratica-clinica\/","url_meta":{"origin":250,"position":5},"title":"Manejo de les\u00f5es de c\u00e1rie radicular: diretriz para a pr\u00e1tica cl\u00ednica.","author":"godec","date":"25\/05\/2025","format":false,"excerpt":"Coordenadora: Prof(a). Dr(a). Giana da Silveira Lima Painel de especialistas: Cec\u00edlia de Brito Barbosa, Cinthia Studzinski dos Santos, Eduardo Dickie de Castilhos, Fran\u00e7oise H\u00e9l\u00e8ne van der Sande, Giana da Silveira Lima, Juliana Jobim, Julianne Bartz Maass, Maximiliano Sergio Cenci, Nail\u00ea Dam\u00e9 Teixeira, Nicole Aime\u0301e Rodrigues Jos\u00e9 e Sinval Adalberto Rodrigues\u2026","rel":"","context":"Post similar","block_context":{"text":"Post similar","link":""},"img":{"alt_text":"","src":"","width":0,"height":0},"classes":[]}],"_links":{"self":[{"href":"https:\/\/wp.ufpel.edu.br\/godec\/wp-json\/wp\/v2\/pages\/250","targetHints":{"allow":["GET"]}}],"collection":[{"href":"https:\/\/wp.ufpel.edu.br\/godec\/wp-json\/wp\/v2\/pages"}],"about":[{"href":"https:\/\/wp.ufpel.edu.br\/godec\/wp-json\/wp\/v2\/types\/page"}],"author":[{"embeddable":true,"href":"https:\/\/wp.ufpel.edu.br\/godec\/wp-json\/wp\/v2\/users\/995"}],"replies":[{"embeddable":true,"href":"https:\/\/wp.ufpel.edu.br\/godec\/wp-json\/wp\/v2\/comments?post=250"}],"version-history":[{"count":17,"href":"https:\/\/wp.ufpel.edu.br\/godec\/wp-json\/wp\/v2\/pages\/250\/revisions"}],"predecessor-version":[{"id":2958,"href":"https:\/\/wp.ufpel.edu.br\/godec\/wp-json\/wp\/v2\/pages\/250\/revisions\/2958"}],"wp:attachment":[{"href":"https:\/\/wp.ufpel.edu.br\/godec\/wp-json\/wp\/v2\/media?parent=250"}],"curies":[{"name":"wp","href":"https:\/\/api.w.org\/{rel}","templated":true}]}}