{"id":248,"date":"2020-11-09T23:02:52","date_gmt":"2020-11-10T02:02:52","guid":{"rendered":"https:\/\/wp.ufpel.edu.br\/godec\/?page_id=248"},"modified":"2025-07-09T20:46:59","modified_gmt":"2025-07-09T23:46:59","slug":"pagina-inicial","status":"publish","type":"page","link":"https:\/\/wp.ufpel.edu.br\/godec\/","title":{"rendered":"P\u00e1gina Inicial"},"content":{"rendered":"\n<div class=\"wp-block-cover\" style=\"min-height:350px;aspect-ratio:unset;\"><img loading=\"lazy\" decoding=\"async\" width=\"312\" height=\"162\" class=\"wp-block-cover__image-background wp-image-569\" alt=\"\" src=\"https:\/\/wp.ufpel.edu.br\/godec\/files\/2022\/05\/images.jpg\" style=\"object-position:79% 100%\" data-object-fit=\"cover\" data-object-position=\"79% 100%\"\/><span aria-hidden=\"true\" class=\"wp-block-cover__background has-black-background-color has-background-dim-70 has-background-dim\"><\/span><div class=\"wp-block-cover__inner-container is-layout-flow wp-block-cover-is-layout-flow\">\n<h2 class=\"wp-block-heading has-text-align-center has-white-color has-text-color\">Bem vindo ao GODeC<\/h2>\n\n\n\n<p class=\"has-white-color has-text-color\">O GODeC (Global Observatory for Dental Care) \u00e9 uma iniciativa de um grupo de pesquisadores preocupados com a s\u00edntese e dissemina\u00e7\u00e3o do conhecimento em Odontologia. Um dos objetivos principais do GODeC \u00e9 desenvolver, disseminar e proporcionar acesso gratuito a recomenda\u00e7\u00f5es baseadas em evid\u00eancia para promover as melhores decis\u00f5es de tratamento aos dentistas, por meio de &nbsp;diretrizes para a pr\u00e1tica cl\u00ednica Odontol\u00f3gica.<\/p>\n\n\n\n<div class=\"wp-block-buttons is-content-justification-center is-layout-flex wp-container-core-buttons-is-layout-16018d1d wp-block-buttons-is-layout-flex\">\n<div class=\"wp-block-button px-4 py-3\"><a class=\"wp-block-button__link wp-element-button\" href=\"https:\/\/wp.ufpel.edu.br\/godec\/sobre\/\">Sobre n\u00f3s<\/a><\/div>\n<\/div>\n<\/div><\/div>\n\n\n\n<p><\/p>\n","protected":false},"excerpt":{"rendered":"","protected":false},"author":995,"featured_media":0,"parent":0,"menu_order":0,"comment_status":"closed","ping_status":"closed","template":"","meta":{"footnotes":""},"class_list":["post-248","page","type-page","status-publish","hentry","nodate","item-wrap"],"jetpack_sharing_enabled":true,"jetpack-related-posts":[{"id":219,"url":"https:\/\/wp.ufpel.edu.br\/godec\/publicacoes\/","url_meta":{"origin":248,"position":0},"title":"Publica\u00e7\u00f5es","author":"godec","date":"01\/09\/2020","format":false,"excerpt":"https:\/\/wp.ufpel.edu.br\/godec\/publicacoes\/guias-interinos-para-a-pratica-clinica-odontologica-durante-a-pandemia-do-covid-19\/","rel":"","context":"Post similar","block_context":{"text":"Post similar","link":""},"img":{"alt_text":"","src":"","width":0,"height":0},"classes":[]},{"id":413,"url":"https:\/\/wp.ufpel.edu.br\/godec\/sobre\/equipe\/","url_meta":{"origin":248,"position":1},"title":"Equipe","author":"godec","date":"13\/05\/2022","format":false,"excerpt":"Em breve mais informa\u00e7\u00f5es...","rel":"","context":"Post similar","block_context":{"text":"Post similar","link":""},"img":{"alt_text":"","src":"","width":0,"height":0},"classes":[]},{"id":233,"url":"https:\/\/wp.ufpel.edu.br\/godec\/contato\/","url_meta":{"origin":248,"position":2},"title":"Contato","author":"godec","date":"09\/11\/2020","format":false,"excerpt":"Entre em contato conosco atrav\u00e9s de: email: godec@ufpel.edu.br endere\u00e7o: R. Gon\u00e7alves Chaves, 457 - Centro, Pelotas - RS, 96015-560 telefone: (53) 3260-2830","rel":"","context":"Post similar","block_context":{"text":"Post similar","link":""},"img":{"alt_text":"","src":"","width":0,"height":0},"classes":[]},{"id":617,"url":"https:\/\/wp.ufpel.edu.br\/godec\/apendices-de-tratamentos-conservadores-da-polpa\/","url_meta":{"origin":248,"position":3},"title":"Ap\u00eandices de tratamentos conservadores da polpa.","author":"godec","date":"07\/08\/2022","format":false,"excerpt":"Apendices-tratamentos-conservadores-da-polpa-em-deciduosBaixar","rel":"","context":"Post similar","block_context":{"text":"Post similar","link":""},"img":{"alt_text":"","src":"","width":0,"height":0},"classes":[]},{"id":610,"url":"https:\/\/wp.ufpel.edu.br\/godec\/apendices-pacientes-oncologicos\/","url_meta":{"origin":248,"position":4},"title":"Tratamento odontol\u00f3gico em pacientes oncol\u00f3gicos submetidos a radioterapia de cabe\u00e7a e pesco\u00e7o e\/ou quimioterapia","author":"godec","date":"07\/08\/2022","format":false,"excerpt":"Ap\u00eandice 1: ApendicesBaixar","rel":"","context":"Post similar","block_context":{"text":"Post similar","link":""},"img":{"alt_text":"","src":"","width":0,"height":0},"classes":[]},{"id":407,"url":"https:\/\/wp.ufpel.edu.br\/godec\/sobre\/sobre-nos\/","url_meta":{"origin":248,"position":5},"title":"Implementa\u00e7\u00e3o","author":"godec","date":"13\/05\/2022","format":false,"excerpt":"Al\u00e9m do desenvolvimento de diretrizes, o grupo GODeC, em parceria com grupos internacionais, como o TRiaDS (TRanslation Research in a Dental Setting, Esc\u00f3cia) e o Centre of Implementation Research (Canad\u00e1), est\u00e1 desenvolvendo estrat\u00e9gias para avalia\u00e7\u00e3o de barreiras e facilitadores para implementa\u00e7\u00e3o de recomenda\u00e7\u00f5es de diretrizes para pr\u00e1tica cl\u00ednica odontol\u00f3gicas no\u2026","rel":"","context":"Post similar","block_context":{"text":"Post similar","link":""},"img":{"alt_text":"","src":"","width":0,"height":0},"classes":[]}],"_links":{"self":[{"href":"https:\/\/wp.ufpel.edu.br\/godec\/wp-json\/wp\/v2\/pages\/248","targetHints":{"allow":["GET"]}}],"collection":[{"href":"https:\/\/wp.ufpel.edu.br\/godec\/wp-json\/wp\/v2\/pages"}],"about":[{"href":"https:\/\/wp.ufpel.edu.br\/godec\/wp-json\/wp\/v2\/types\/page"}],"author":[{"embeddable":true,"href":"https:\/\/wp.ufpel.edu.br\/godec\/wp-json\/wp\/v2\/users\/995"}],"replies":[{"embeddable":true,"href":"https:\/\/wp.ufpel.edu.br\/godec\/wp-json\/wp\/v2\/comments?post=248"}],"version-history":[{"count":15,"href":"https:\/\/wp.ufpel.edu.br\/godec\/wp-json\/wp\/v2\/pages\/248\/revisions"}],"predecessor-version":[{"id":2959,"href":"https:\/\/wp.ufpel.edu.br\/godec\/wp-json\/wp\/v2\/pages\/248\/revisions\/2959"}],"wp:attachment":[{"href":"https:\/\/wp.ufpel.edu.br\/godec\/wp-json\/wp\/v2\/media?parent=248"}],"curies":[{"name":"wp","href":"https:\/\/api.w.org\/{rel}","templated":true}]}}