{"id":219,"date":"2020-09-01T15:05:14","date_gmt":"2020-09-01T18:05:14","guid":{"rendered":"https:\/\/wp.ufpel.edu.br\/godec\/?page_id=219"},"modified":"2020-09-01T15:08:02","modified_gmt":"2020-09-01T18:08:02","slug":"publicacoes","status":"publish","type":"page","link":"https:\/\/wp.ufpel.edu.br\/godec\/publicacoes\/","title":{"rendered":"Publica\u00e7\u00f5es"},"content":{"rendered":"\n<figure class=\"wp-block-embed-wordpress wp-block-embed is-type-wp-embed is-provider-global-observatory-for-dental-care-godec\"><div class=\"wp-block-embed__wrapper\">\n<blockquote class=\"wp-embedded-content\" data-secret=\"9AOLIVmS0r\"><a href=\"https:\/\/wp.ufpel.edu.br\/godec\/publicacoes\/guias-interinos-para-a-pratica-clinica-odontologica-durante-a-pandemia-do-covid-19\/\">Guias Interinos para a Pr\u00e1tica Cl\u00ednica Odontol\u00f3gica Durante a Pandemia do COVID-19<\/a><\/blockquote><iframe loading=\"lazy\" class=\"wp-embedded-content\" sandbox=\"allow-scripts\" security=\"restricted\" style=\"position: absolute; clip: rect(1px, 1px, 1px, 1px);\" title=\"&#8220;Guias Interinos para a Pr\u00e1tica Cl\u00ednica Odontol\u00f3gica Durante a Pandemia do COVID-19&#8221; &#8212; Global Observatory for Dental Care - GODeC\" src=\"https:\/\/wp.ufpel.edu.br\/godec\/publicacoes\/guias-interinos-para-a-pratica-clinica-odontologica-durante-a-pandemia-do-covid-19\/embed\/#?secret=9AOLIVmS0r\" data-secret=\"9AOLIVmS0r\" width=\"600\" height=\"338\" frameborder=\"0\" marginwidth=\"0\" marginheight=\"0\" scrolling=\"no\"><\/iframe>\n<\/div><\/figure>\n\n\n\n<p><\/p>\n","protected":false},"excerpt":{"rendered":"","protected":false},"author":995,"featured_media":0,"parent":0,"menu_order":0,"comment_status":"closed","ping_status":"closed","template":"","meta":{"footnotes":""},"class_list":["post-219","page","type-page","status-publish","hentry","nodate","item-wrap"],"jetpack_sharing_enabled":true,"jetpack-related-posts":[{"id":216,"url":"https:\/\/wp.ufpel.edu.br\/godec\/publicacoes\/guias-interinos-para-a-pratica-clinica-odontologica-durante-a-pandemia-do-covid-19\/","url_meta":{"origin":219,"position":0},"title":"Guias Interinos para a Pr\u00e1tica Cl\u00ednica Odontol\u00f3gica Durante a Pandemia do COVID-19","author":"godec","date":"01\/09\/2020","format":false,"excerpt":"O grupo GODeC realizou a tradu\u00e7\u00e3o e adapta\u00e7\u00e3o de dois guias interinos da American Dental Association (ADA) para a realidade brasileira. Clique nos t\u00edtulos abaixo para acessar os documentos. Guia Interino para Minimiza\u00e7\u00e3o de Riscos de Transmiss\u00e3o de COVID-19 na Pr\u00e1tica Odontol\u00f3gica Guia Interino para Triagem de Urg\u00eancias e Emerg\u00eancias\u2026","rel":"","context":"Post similar","block_context":{"text":"Post similar","link":""},"img":{"alt_text":"","src":"https:\/\/i0.wp.com\/wp.ufpel.edu.br\/godec\/files\/2020\/05\/Sintomas-do-corons-3.png?resize=350%2C200&ssl=1","width":350,"height":200,"srcset":"https:\/\/i0.wp.com\/wp.ufpel.edu.br\/godec\/files\/2020\/05\/Sintomas-do-corons-3.png?resize=350%2C200&ssl=1 1x, https:\/\/i0.wp.com\/wp.ufpel.edu.br\/godec\/files\/2020\/05\/Sintomas-do-corons-3.png?resize=525%2C300&ssl=1 1.5x, https:\/\/i0.wp.com\/wp.ufpel.edu.br\/godec\/files\/2020\/05\/Sintomas-do-corons-3.png?resize=700%2C400&ssl=1 2x, https:\/\/i0.wp.com\/wp.ufpel.edu.br\/godec\/files\/2020\/05\/Sintomas-do-corons-3.png?resize=1050%2C600&ssl=1 3x"},"classes":[]},{"id":642,"url":"https:\/\/wp.ufpel.edu.br\/godec\/gengivite-necrosante\/","url_meta":{"origin":219,"position":1},"title":"Endocardite infecciosa e Odontologia","author":"godec","date":"03\/05\/2025","format":false,"excerpt":"Coordenador: Prof. Dr. Eduardo Dickie de Castilhos Painel de especialistas: Helena Pereira Rodrigues da Silva, Luciana Rodrigues Perrone, Mariana Gonzalez Cademartori e Ot\u00e1vio Pereira D'Avila. INTRODU\u00c7\u00c3O: Considerando a estreita rela\u00e7\u00e3o de endocardite infecciosa com doen\u00e7as bucais e seus tratamentos faz-se necess\u00e1rio um protocolo para conduta na APS. O objetivo desta\u2026","rel":"","context":"Post similar","block_context":{"text":"Post similar","link":""},"img":{"alt_text":"","src":"","width":0,"height":0},"classes":[]},{"id":561,"url":"https:\/\/wp.ufpel.edu.br\/godec\/diretriz-para-a-pratica-clinica-na-atencao-primaria-2\/","url_meta":{"origin":219,"position":2},"title":"Diretriz para a pr\u00e1tica cl\u00ednica na aten\u00e7\u00e3o prim\u00e1ria \u00e0 sa\u00fade: tratamento odontol\u00f3gico de gestantes","author":"godec","date":"18\/05\/2022","format":false,"excerpt":"Coordenador: Prof. Dr. Marcos Britto Correa. Painel de especialistas: Aline Rosler Grings Manfro, Adriana Cocinell de Lima Moura, \u00c2ndrea Daneris, Elaine Pereira da Silva Tagliaferro, Erica Negrini Lia, Helena Silveira Schuch, Let\u00edcia Regina Morello Sartori, Lu\u00edsa Jardim Correa de Oliveira, Malu Oliveira Santos, Mar\u00edlia Le\u00e3o Goettems, Marina Sousa Azevedo, Maximilano\u2026","rel":"","context":"Post similar","block_context":{"text":"Post similar","link":""},"img":{"alt_text":"","src":"","width":0,"height":0},"classes":[]},{"id":250,"url":"https:\/\/wp.ufpel.edu.br\/godec\/sobre\/","url_meta":{"origin":219,"position":3},"title":"Sobre","author":"godec","date":"09\/11\/2020","format":false,"excerpt":"O GODeC (Global Observatory for Dental Care) \u00e9 uma iniciativa de um grupo de pesquisadores latino-americanos preocupados com a s\u00edntese e dissemina\u00e7\u00e3o do conhecimento em Odontologia. Um dos objetivos principais do GODeC \u00e9 desenvolver, disseminar e proporcionar acesso gratuito a recomenda\u00e7\u00f5es baseadas em evid\u00eancia para promover as melhores decis\u00f5es de\u2026","rel":"","context":"Post similar","block_context":{"text":"Post similar","link":""},"img":{"alt_text":"","src":"","width":0,"height":0},"classes":[]},{"id":213,"url":"https:\/\/wp.ufpel.edu.br\/godec\/diretrizes\/","url_meta":{"origin":219,"position":4},"title":"Diretrizes","author":"godec","date":"01\/09\/2020","format":false,"excerpt":"Um dos objetivos principais do GODeC \u00e9 desenvolver, disseminar e proporcionar acesso gratuito a recomenda\u00e7\u00f5es baseadas em evid\u00eancia para promover as melhores decis\u00f5es de tratamento aos dentistas, por meio de\u00a0 diretrizes para a pr\u00e1tica cl\u00ednica Odontol\u00f3gica, assim como fornecer informa\u00e7\u00e3o de qualidade aos pacientes. Nesse contexto, um dos principais eixos\u2026","rel":"","context":"Post similar","block_context":{"text":"Post similar","link":""},"img":{"alt_text":"","src":"","width":0,"height":0},"classes":[]},{"id":248,"url":"https:\/\/wp.ufpel.edu.br\/godec\/","url_meta":{"origin":219,"position":5},"title":"P\u00e1gina Inicial","author":"godec","date":"09\/11\/2020","format":false,"excerpt":"Bem vindo ao GODeC O GODeC (Global Observatory for Dental Care) \u00e9 uma iniciativa de um grupo de pesquisadores preocupados com a s\u00edntese e dissemina\u00e7\u00e3o do conhecimento em Odontologia. Um dos objetivos principais do GODeC \u00e9 desenvolver, disseminar e proporcionar acesso gratuito a recomenda\u00e7\u00f5es baseadas em evid\u00eancia para promover as\u2026","rel":"","context":"Post similar","block_context":{"text":"Post similar","link":""},"img":{"alt_text":"","src":"https:\/\/i0.wp.com\/wp.ufpel.edu.br\/godec\/files\/2022\/05\/images.jpg?resize=350%2C200&ssl=1","width":350,"height":200},"classes":[]}],"_links":{"self":[{"href":"https:\/\/wp.ufpel.edu.br\/godec\/wp-json\/wp\/v2\/pages\/219","targetHints":{"allow":["GET"]}}],"collection":[{"href":"https:\/\/wp.ufpel.edu.br\/godec\/wp-json\/wp\/v2\/pages"}],"about":[{"href":"https:\/\/wp.ufpel.edu.br\/godec\/wp-json\/wp\/v2\/types\/page"}],"author":[{"embeddable":true,"href":"https:\/\/wp.ufpel.edu.br\/godec\/wp-json\/wp\/v2\/users\/995"}],"replies":[{"embeddable":true,"href":"https:\/\/wp.ufpel.edu.br\/godec\/wp-json\/wp\/v2\/comments?post=219"}],"version-history":[{"count":1,"href":"https:\/\/wp.ufpel.edu.br\/godec\/wp-json\/wp\/v2\/pages\/219\/revisions"}],"predecessor-version":[{"id":223,"href":"https:\/\/wp.ufpel.edu.br\/godec\/wp-json\/wp\/v2\/pages\/219\/revisions\/223"}],"wp:attachment":[{"href":"https:\/\/wp.ufpel.edu.br\/godec\/wp-json\/wp\/v2\/media?parent=219"}],"curies":[{"name":"wp","href":"https:\/\/api.w.org\/{rel}","templated":true}]}}