{"id":216,"date":"2020-09-01T14:54:51","date_gmt":"2020-09-01T17:54:51","guid":{"rendered":"https:\/\/wp.ufpel.edu.br\/godec\/?page_id=216"},"modified":"2020-09-01T15:07:03","modified_gmt":"2020-09-01T18:07:03","slug":"guias-interinos-para-a-pratica-clinica-odontologica-durante-a-pandemia-do-covid-19","status":"publish","type":"page","link":"https:\/\/wp.ufpel.edu.br\/godec\/publicacoes\/guias-interinos-para-a-pratica-clinica-odontologica-durante-a-pandemia-do-covid-19\/","title":{"rendered":"Guias Interinos para a Pr\u00e1tica Cl\u00ednica Odontol\u00f3gica Durante a Pandemia do COVID-19"},"content":{"rendered":"\n<div class=\"wp-block-image\"><figure class=\"alignleft\"><img loading=\"lazy\" decoding=\"async\" width=\"400\" height=\"400\" src=\"https:\/\/wp.ufpel.edu.br\/godec\/files\/2020\/05\/Sintomas-do-corons-3-400x400.png\" alt=\"\" class=\"wp-image-116\" srcset=\"https:\/\/wp.ufpel.edu.br\/godec\/files\/2020\/05\/Sintomas-do-corons-3-400x400.png 400w, https:\/\/wp.ufpel.edu.br\/godec\/files\/2020\/05\/Sintomas-do-corons-3-1024x1024.png 1024w, https:\/\/wp.ufpel.edu.br\/godec\/files\/2020\/05\/Sintomas-do-corons-3-200x200.png 200w, https:\/\/wp.ufpel.edu.br\/godec\/files\/2020\/05\/Sintomas-do-corons-3-768x768.png 768w, https:\/\/wp.ufpel.edu.br\/godec\/files\/2020\/05\/Sintomas-do-corons-3-600x600.png 600w, https:\/\/wp.ufpel.edu.br\/godec\/files\/2020\/05\/Sintomas-do-corons-3-150x150.png 150w, https:\/\/wp.ufpel.edu.br\/godec\/files\/2020\/05\/Sintomas-do-corons-3.png 1080w\" sizes=\"auto, (max-width: 400px) 100vw, 400px\" \/><\/figure><\/div>\n\n\n\n<p>O grupo GODeC realizou a tradu\u00e7\u00e3o e adapta\u00e7\u00e3o de dois guias interinos da American Dental Association (ADA) para a realidade brasileira. Clique nos t\u00edtulos abaixo para acessar os documentos.<\/p>\n\n\n\n<p><strong><em><a href=\"https:\/\/wp.ufpel.edu.br\/godec\/files\/2020\/05\/Guia-1-final-GODeC-2.pdf\">Guia Interino para Minimiza\u00e7\u00e3o de Riscos de Transmiss\u00e3o de COVID-19 na Pr\u00e1tica Odontol\u00f3gica<\/a><\/em><\/strong><\/p>\n\n\n\n<p><strong><em><a href=\"https:\/\/wp.ufpel.edu.br\/godec\/files\/2020\/05\/Guia-2-final-GODec.pdf\">Guia Interino para Triagem de Urg\u00eancias e Emerg\u00eancias Odontol\u00f3gicas&nbsp; (fluxogramas)<\/a><\/em><\/strong><\/p>\n","protected":false},"excerpt":{"rendered":"<p>O grupo GODeC realizou a tradu\u00e7\u00e3o e adapta\u00e7\u00e3o de dois guias interinos da American Dental Association (ADA) para a realidade brasileira. Clique nos t\u00edtulos abaixo para acessar os documentos. Guia Interino para Minimiza\u00e7\u00e3o de Riscos de Transmiss\u00e3o de COVID-19 na Pr\u00e1tica Odontol\u00f3gica Guia Interino para Triagem de Urg\u00eancias e Emerg\u00eancias Odontol\u00f3gicas&nbsp; (fluxogramas)<\/p>\n","protected":false},"author":995,"featured_media":0,"parent":219,"menu_order":0,"comment_status":"closed","ping_status":"closed","template":"","meta":{"footnotes":""},"class_list":["post-216","page","type-page","status-publish","hentry","nodate","item-wrap"],"jetpack_sharing_enabled":true,"jetpack-related-posts":[{"id":219,"url":"https:\/\/wp.ufpel.edu.br\/godec\/publicacoes\/","url_meta":{"origin":216,"position":0},"title":"Publica\u00e7\u00f5es","author":"godec","date":"01\/09\/2020","format":false,"excerpt":"https:\/\/wp.ufpel.edu.br\/godec\/publicacoes\/guias-interinos-para-a-pratica-clinica-odontologica-durante-a-pandemia-do-covid-19\/","rel":"","context":"Post similar","block_context":{"text":"Post similar","link":""},"img":{"alt_text":"","src":"","width":0,"height":0},"classes":[]},{"id":250,"url":"https:\/\/wp.ufpel.edu.br\/godec\/sobre\/","url_meta":{"origin":216,"position":1},"title":"Sobre","author":"godec","date":"09\/11\/2020","format":false,"excerpt":"O GODeC (Global Observatory for Dental Care) \u00e9 uma iniciativa de um grupo de pesquisadores latino-americanos preocupados com a s\u00edntese e dissemina\u00e7\u00e3o do conhecimento em Odontologia. Um dos objetivos principais do GODeC \u00e9 desenvolver, disseminar e proporcionar acesso gratuito a recomenda\u00e7\u00f5es baseadas em evid\u00eancia para promover as melhores decis\u00f5es de\u2026","rel":"","context":"Post similar","block_context":{"text":"Post similar","link":""},"img":{"alt_text":"","src":"","width":0,"height":0},"classes":[]},{"id":213,"url":"https:\/\/wp.ufpel.edu.br\/godec\/diretrizes\/","url_meta":{"origin":216,"position":2},"title":"Diretrizes","author":"godec","date":"01\/09\/2020","format":false,"excerpt":"Um dos objetivos principais do GODeC \u00e9 desenvolver, disseminar e proporcionar acesso gratuito a recomenda\u00e7\u00f5es baseadas em evid\u00eancia para promover as melhores decis\u00f5es de tratamento aos dentistas, por meio de\u00a0 diretrizes para a pr\u00e1tica cl\u00ednica Odontol\u00f3gica, assim como fornecer informa\u00e7\u00e3o de qualidade aos pacientes. Nesse contexto, um dos principais eixos\u2026","rel":"","context":"Post similar","block_context":{"text":"Post similar","link":""},"img":{"alt_text":"","src":"","width":0,"height":0},"classes":[]},{"id":642,"url":"https:\/\/wp.ufpel.edu.br\/godec\/gengivite-necrosante\/","url_meta":{"origin":216,"position":3},"title":"Endocardite infecciosa e Odontologia","author":"godec","date":"03\/05\/2025","format":false,"excerpt":"Coordenador: Prof. Dr. Eduardo Dickie de Castilhos Painel de especialistas: Helena Pereira Rodrigues da Silva, Luciana Rodrigues Perrone, Mariana Gonzalez Cademartori e Ot\u00e1vio Pereira D'Avila. INTRODU\u00c7\u00c3O: Considerando a estreita rela\u00e7\u00e3o de endocardite infecciosa com doen\u00e7as bucais e seus tratamentos faz-se necess\u00e1rio um protocolo para conduta na APS. O objetivo desta\u2026","rel":"","context":"Post similar","block_context":{"text":"Post similar","link":""},"img":{"alt_text":"","src":"","width":0,"height":0},"classes":[]},{"id":551,"url":"https:\/\/wp.ufpel.edu.br\/godec\/tratamento-odontologico-em-pacientes-oncologicos\/","url_meta":{"origin":216,"position":4},"title":"Tratamento em pacientes oncol\u00f3gicos submetidos \u00e0 radioterapia de cabe\u00e7a e pesco\u00e7o e\/ou \u00e0 quimioterapia","author":"godec","date":"30\/05\/2022","format":false,"excerpt":"Coordenador: Prof. Dra. Tamires Timm Maske. Painel de especialistas: H\u00e9liton Sp\u00edndola Antunes, Jos\u00e9 Ricardo Sousa Costa, Letycia Barros Gon\u00e7alves, Maur\u00edcio Moraes, Morgana Favetti, Nicole Aim\u00e9e Rodrigues Jos\u00e9, Nilce Santos de Melo, Paulo S\u00e9rgio da Silva Santos, Paulo Tadeu de Souza Figueiredo, Priscila Stona e Sandra Cec\u00edlia Aires Cartaxo. INTRODU\u00c7\u00c3O: A\u2026","rel":"","context":"Post similar","block_context":{"text":"Post similar","link":""},"img":{"alt_text":"","src":"","width":0,"height":0},"classes":[]},{"id":248,"url":"https:\/\/wp.ufpel.edu.br\/godec\/","url_meta":{"origin":216,"position":5},"title":"P\u00e1gina Inicial","author":"godec","date":"09\/11\/2020","format":false,"excerpt":"Bem vindo ao GODeC O GODeC (Global Observatory for Dental Care) \u00e9 uma iniciativa de um grupo de pesquisadores preocupados com a s\u00edntese e dissemina\u00e7\u00e3o do conhecimento em Odontologia. Um dos objetivos principais do GODeC \u00e9 desenvolver, disseminar e proporcionar acesso gratuito a recomenda\u00e7\u00f5es baseadas em evid\u00eancia para promover as\u2026","rel":"","context":"Post similar","block_context":{"text":"Post similar","link":""},"img":{"alt_text":"","src":"https:\/\/i0.wp.com\/wp.ufpel.edu.br\/godec\/files\/2022\/05\/images.jpg?resize=350%2C200&ssl=1","width":350,"height":200},"classes":[]}],"_links":{"self":[{"href":"https:\/\/wp.ufpel.edu.br\/godec\/wp-json\/wp\/v2\/pages\/216","targetHints":{"allow":["GET"]}}],"collection":[{"href":"https:\/\/wp.ufpel.edu.br\/godec\/wp-json\/wp\/v2\/pages"}],"about":[{"href":"https:\/\/wp.ufpel.edu.br\/godec\/wp-json\/wp\/v2\/types\/page"}],"author":[{"embeddable":true,"href":"https:\/\/wp.ufpel.edu.br\/godec\/wp-json\/wp\/v2\/users\/995"}],"replies":[{"embeddable":true,"href":"https:\/\/wp.ufpel.edu.br\/godec\/wp-json\/wp\/v2\/comments?post=216"}],"version-history":[{"count":1,"href":"https:\/\/wp.ufpel.edu.br\/godec\/wp-json\/wp\/v2\/pages\/216\/revisions"}],"predecessor-version":[{"id":218,"href":"https:\/\/wp.ufpel.edu.br\/godec\/wp-json\/wp\/v2\/pages\/216\/revisions\/218"}],"up":[{"embeddable":true,"href":"https:\/\/wp.ufpel.edu.br\/godec\/wp-json\/wp\/v2\/pages\/219"}],"wp:attachment":[{"href":"https:\/\/wp.ufpel.edu.br\/godec\/wp-json\/wp\/v2\/media?parent=216"}],"curies":[{"name":"wp","href":"https:\/\/api.w.org\/{rel}","templated":true}]}}