{"id":213,"date":"2020-09-01T14:49:11","date_gmt":"2020-09-01T17:49:11","guid":{"rendered":"https:\/\/wp.ufpel.edu.br\/godec\/?page_id=213"},"modified":"2025-07-05T18:57:40","modified_gmt":"2025-07-05T21:57:40","slug":"diretrizes","status":"publish","type":"page","link":"https:\/\/wp.ufpel.edu.br\/godec\/diretrizes\/","title":{"rendered":"Diretrizes"},"content":{"rendered":"\n<p>Um dos objetivos principais do GODeC \u00e9 desenvolver,  disseminar e proporcionar acesso gratuito a recomenda\u00e7\u00f5es baseadas em evid\u00eancia para promover as melhores decis\u00f5es de tratamento aos dentistas, por meio de&nbsp; diretrizes para a pr\u00e1tica cl\u00ednica Odontol\u00f3gica, assim como fornecer informa\u00e7\u00e3o de qualidade aos pacientes. Nesse contexto, um dos principais eixos de trabalho \u00e9 o desenvolvimento de diretrizes para a pr\u00e1tica cl\u00ednica odontol\u00f3gica no \u00e2mbito da aten\u00e7\u00e3o prim\u00e1ria em sa\u00fade, projeto desenvolvido em colabora\u00e7\u00e3o e com financiamento do Minist\u00e9rio da Sa\u00fade e ser um ponto de acesso \u00e0 informa\u00e7\u00f5es r\u00e1pidas e precisas sobre tratamentos e manejos odontol\u00f3gicos&nbsp;. Por isso, estamos em processo de desenvolvimento de 24 diretrizes. <\/p>\n\n\n\n<div class=\"wp-block-group\"><div class=\"wp-block-group__inner-container is-layout-flow wp-block-group-is-layout-flow\">\n<ul class=\"wp-block-list\">\n<li><a href=\"https:\/\/wp.ufpel.edu.br\/godec\/?page_id=629\" data-type=\"page\" data-id=\"629\">Condutas para o diagn\u00f3stico das desordens potencialmente malignas<\/a><\/li>\n\n\n\n<li><a href=\"https:\/\/wp.ufpel.edu.br\/godec\/?page_id=560\" data-type=\"page\" data-id=\"560\">Pacientes com aus\u00eancias dent\u00e1rias posteriores<\/a><\/li>\n\n\n\n<li><a href=\"https:\/\/wp.ufpel.edu.br\/godec\/?page_id=561\" data-type=\"page\" data-id=\"561\">Tratamento odontol\u00f3gico de gestantes<\/a><\/li>\n\n\n\n<li><a href=\"https:\/\/wp.ufpel.edu.br\/godec\/tratamento-odontologico-em-pacientes-oncologicos\/\" data-type=\"page\" data-id=\"551\" target=\"_blank\" rel=\"noreferrer noopener\">Tratamento em pacientes oncol\u00f3gicos submetidos \u00e0<\/a><a href=\"https:\/\/www.gov.br\/saude\/pt-br\/acesso-a-informacao\/participacao-social\/consultas-publicas\/2022\/consulta-publica-diretriz-para-pratica-clinica-odontologica-na-aps-tratamento-em-pacientes-oncologicos-submetidos-a-radioterapia-de-cabeca-e-pescoco-e-ou-quimioterapia\/diretriz_cancer-validado-desf-docx.pdf\"> radioterapia de cabe\u00e7a e pesco\u00e7o e\/ou \u00e0 quimioterapia<\/a><\/li>\n\n\n\n<li><a href=\"https:\/\/wp.ufpel.edu.br\/godec\/?page_id=533\" data-type=\"page\" data-id=\"533\">Higiene Bucal na Inf\u00e2ncia<\/a><\/li>\n\n\n\n<li><a href=\"https:\/\/wp.ufpel.edu.br\/godec\/?page_id=530\" data-type=\"page\" data-id=\"530\">Manejo de les\u00f5es profundas de c\u00e1rie<\/a><\/li>\n\n\n\n<li><a href=\"https:\/\/wp.ufpel.edu.br\/godec\/?page_id=538\" data-type=\"page\" data-id=\"538\">Manejo de les\u00f5es de c\u00e1rie radicular: diretriz para a pr\u00e1tica cl\u00ednica<\/a><\/li>\n\n\n\n<li><a href=\"https:\/\/wp.ufpel.edu.br\/godec\/?page_id=539\" data-type=\"page\" data-id=\"539\">Preven\u00e7\u00e3o de c\u00e1rie na primeira inf\u00e2ncia<\/a><\/li>\n\n\n\n<li><a href=\"https:\/\/wp.ufpel.edu.br\/godec\/?page_id=542\" data-type=\"page\" data-id=\"542\">Quais tratamentos s\u00e3o efetivos para al\u00edvio da hipersensibilidade dentin\u00e1ria?<\/a> <\/li>\n\n\n\n<li><a href=\"https:\/\/wp.ufpel.edu.br\/godec\/avaliacao-clinica-de-restauracoes-quando-reparar-substituir\/\">Reparo <em>versus<\/em> substitui\u00e7\u00e3o de restaura\u00e7\u00f5es<\/a><\/li>\n\n\n\n<li><a href=\"https:\/\/wp.ufpel.edu.br\/godec\/?page_id=544\" data-type=\"page\" data-id=\"544\">Restaura\u00e7\u00e3o de les\u00f5es cervicais n\u00e3o-cariosas: diretriz para a pr\u00e1tica cl\u00ednica<\/a><\/li>\n\n\n\n<li><a href=\"https:\/\/wp.ufpel.edu.br\/godec\/?page_id=545\" data-type=\"page\" data-id=\"545\">Tratamento da periodontite est\u00e1gio I-III: diretriz para a pr\u00e1tica cl\u00ednica<\/a><\/li>\n\n\n\n<li><a href=\"https:\/\/wp.ufpel.edu.br\/godec\/?page_id=546\" data-type=\"page\" data-id=\"546\">Tratamento de Gengivite em adultos<\/a><\/li>\n\n\n\n<li><a href=\"https:\/\/wp.ufpel.edu.br\/godec\/?page_id=547\" data-type=\"page\" data-id=\"547\">Traumatismo alveolodent\u00e1rio em dentes dec\u00edduos<\/a><\/li>\n\n\n\n<li><a href=\"https:\/\/wp.ufpel.edu.br\/godec\/?page_id=548\" data-type=\"page\" data-id=\"548\">Traumatismo alveolodent\u00e1rio em dentes permanentes<\/a><\/li>\n\n\n\n<li><a href=\"https:\/\/wp.ufpel.edu.br\/godec\/?page_id=615\" data-type=\"page\" data-id=\"615\">Tratamentos conservadores da polpa em dentes dec\u00edduos<\/a><\/li>\n\n\n\n<li><a href=\"https:\/\/wp.ufpel.edu.br\/godec\/?page_id=552\" data-type=\"page\" data-id=\"552\">T\u00e9cnica de Tratamento Restaurador Atraum\u00e1tico &#8211; Crit\u00e9rios de elegibilidade do tratamento e etapas cl\u00ednicas em adultos e crian\u00e7as<\/a><\/li>\n\n\n\n<li><a href=\"https:\/\/wp.ufpel.edu.br\/godec\/?page_id=642\" data-type=\"page\" data-id=\"642\" target=\"_blank\" rel=\"noreferrer noopener\">Endocardite infecciosa e Odontologia<\/a><\/li>\n<\/ul>\n<\/div><\/div>\n\n\n\n<p><\/p>\n","protected":false},"excerpt":{"rendered":"<p>Um dos objetivos principais do GODeC \u00e9 desenvolver, disseminar e proporcionar acesso gratuito a recomenda\u00e7\u00f5es baseadas em evid\u00eancia para promover as melhores decis\u00f5es de tratamento aos dentistas, por meio de&nbsp; diretrizes para a pr\u00e1tica cl\u00ednica Odontol\u00f3gica, assim como fornecer informa\u00e7\u00e3o de qualidade aos pacientes. Nesse contexto, um dos principais eixos de trabalho \u00e9 o desenvolvimento &hellip; <\/p>\n<p><a class=\"more-link btn\" href=\"https:\/\/wp.ufpel.edu.br\/godec\/diretrizes\/\">Continue lendo<\/a><\/p>\n","protected":false},"author":995,"featured_media":0,"parent":0,"menu_order":0,"comment_status":"closed","ping_status":"closed","template":"","meta":{"footnotes":""},"class_list":["post-213","page","type-page","status-publish","hentry","nodate","item-wrap"],"jetpack_sharing_enabled":true,"jetpack-related-posts":[{"id":250,"url":"https:\/\/wp.ufpel.edu.br\/godec\/sobre\/","url_meta":{"origin":213,"position":0},"title":"Sobre","author":"godec","date":"09\/11\/2020","format":false,"excerpt":"O GODeC (Global Observatory for Dental Care) \u00e9 uma iniciativa de um grupo de pesquisadores latino-americanos preocupados com a s\u00edntese e dissemina\u00e7\u00e3o do conhecimento em Odontologia. Um dos objetivos principais do GODeC \u00e9 desenvolver, disseminar e proporcionar acesso gratuito a recomenda\u00e7\u00f5es baseadas em evid\u00eancia para promover as melhores decis\u00f5es de\u2026","rel":"","context":"Post similar","block_context":{"text":"Post similar","link":""},"img":{"alt_text":"","src":"","width":0,"height":0},"classes":[]},{"id":642,"url":"https:\/\/wp.ufpel.edu.br\/godec\/gengivite-necrosante\/","url_meta":{"origin":213,"position":1},"title":"Endocardite infecciosa e Odontologia","author":"godec","date":"03\/05\/2025","format":false,"excerpt":"Coordenador: Prof. Dr. Eduardo Dickie de Castilhos Painel de especialistas: Helena Pereira Rodrigues da Silva, Luciana Rodrigues Perrone, Mariana Gonzalez Cademartori e Ot\u00e1vio Pereira D'Avila. INTRODU\u00c7\u00c3O: Considerando a estreita rela\u00e7\u00e3o de endocardite infecciosa com doen\u00e7as bucais e seus tratamentos faz-se necess\u00e1rio um protocolo para conduta na APS. O objetivo desta\u2026","rel":"","context":"Post similar","block_context":{"text":"Post similar","link":""},"img":{"alt_text":"","src":"","width":0,"height":0},"classes":[]},{"id":538,"url":"https:\/\/wp.ufpel.edu.br\/godec\/manejo-de-lesoes-de-carie-radicular-diretriz-para-a-pratica-clinica\/","url_meta":{"origin":213,"position":2},"title":"Manejo de les\u00f5es de c\u00e1rie radicular: diretriz para a pr\u00e1tica cl\u00ednica.","author":"godec","date":"25\/05\/2025","format":false,"excerpt":"Coordenadora: Prof(a). Dr(a). Giana da Silveira Lima Painel de especialistas: Cec\u00edlia de Brito Barbosa, Cinthia Studzinski dos Santos, Eduardo Dickie de Castilhos, Fran\u00e7oise H\u00e9l\u00e8ne van der Sande, Giana da Silveira Lima, Juliana Jobim, Julianne Bartz Maass, Maximiliano Sergio Cenci, Nail\u00ea Dam\u00e9 Teixeira, Nicole Aime\u0301e Rodrigues Jos\u00e9 e Sinval Adalberto Rodrigues\u2026","rel":"","context":"Post similar","block_context":{"text":"Post similar","link":""},"img":{"alt_text":"","src":"","width":0,"height":0},"classes":[]},{"id":248,"url":"https:\/\/wp.ufpel.edu.br\/godec\/","url_meta":{"origin":213,"position":3},"title":"P\u00e1gina Inicial","author":"godec","date":"09\/11\/2020","format":false,"excerpt":"Bem vindo ao GODeC O GODeC (Global Observatory for Dental Care) \u00e9 uma iniciativa de um grupo de pesquisadores preocupados com a s\u00edntese e dissemina\u00e7\u00e3o do conhecimento em Odontologia. Um dos objetivos principais do GODeC \u00e9 desenvolver, disseminar e proporcionar acesso gratuito a recomenda\u00e7\u00f5es baseadas em evid\u00eancia para promover as\u2026","rel":"","context":"Post similar","block_context":{"text":"Post similar","link":""},"img":{"alt_text":"","src":"https:\/\/i0.wp.com\/wp.ufpel.edu.br\/godec\/files\/2022\/05\/images.jpg?resize=350%2C200&ssl=1","width":350,"height":200},"classes":[]},{"id":561,"url":"https:\/\/wp.ufpel.edu.br\/godec\/diretriz-para-a-pratica-clinica-na-atencao-primaria-2\/","url_meta":{"origin":213,"position":4},"title":"Diretriz para a pr\u00e1tica cl\u00ednica na aten\u00e7\u00e3o prim\u00e1ria \u00e0 sa\u00fade: tratamento odontol\u00f3gico de gestantes","author":"godec","date":"18\/05\/2022","format":false,"excerpt":"Coordenador: Prof. Dr. Marcos Britto Correa. Painel de especialistas: Aline Rosler Grings Manfro, Adriana Cocinell de Lima Moura, \u00c2ndrea Daneris, Elaine Pereira da Silva Tagliaferro, Erica Negrini Lia, Helena Silveira Schuch, Let\u00edcia Regina Morello Sartori, Lu\u00edsa Jardim Correa de Oliveira, Malu Oliveira Santos, Mar\u00edlia Le\u00e3o Goettems, Marina Sousa Azevedo, Maximilano\u2026","rel":"","context":"Post similar","block_context":{"text":"Post similar","link":""},"img":{"alt_text":"","src":"","width":0,"height":0},"classes":[]},{"id":551,"url":"https:\/\/wp.ufpel.edu.br\/godec\/tratamento-odontologico-em-pacientes-oncologicos\/","url_meta":{"origin":213,"position":5},"title":"Tratamento em pacientes oncol\u00f3gicos submetidos \u00e0 radioterapia de cabe\u00e7a e pesco\u00e7o e\/ou \u00e0 quimioterapia","author":"godec","date":"30\/05\/2022","format":false,"excerpt":"Coordenador: Prof. Dra. Tamires Timm Maske. Painel de especialistas: H\u00e9liton Sp\u00edndola Antunes, Jos\u00e9 Ricardo Sousa Costa, Letycia Barros Gon\u00e7alves, Maur\u00edcio Moraes, Morgana Favetti, Nicole Aim\u00e9e Rodrigues Jos\u00e9, Nilce Santos de Melo, Paulo S\u00e9rgio da Silva Santos, Paulo Tadeu de Souza Figueiredo, Priscila Stona e Sandra Cec\u00edlia Aires Cartaxo. INTRODU\u00c7\u00c3O: A\u2026","rel":"","context":"Post similar","block_context":{"text":"Post similar","link":""},"img":{"alt_text":"","src":"","width":0,"height":0},"classes":[]}],"_links":{"self":[{"href":"https:\/\/wp.ufpel.edu.br\/godec\/wp-json\/wp\/v2\/pages\/213","targetHints":{"allow":["GET"]}}],"collection":[{"href":"https:\/\/wp.ufpel.edu.br\/godec\/wp-json\/wp\/v2\/pages"}],"about":[{"href":"https:\/\/wp.ufpel.edu.br\/godec\/wp-json\/wp\/v2\/types\/page"}],"author":[{"embeddable":true,"href":"https:\/\/wp.ufpel.edu.br\/godec\/wp-json\/wp\/v2\/users\/995"}],"replies":[{"embeddable":true,"href":"https:\/\/wp.ufpel.edu.br\/godec\/wp-json\/wp\/v2\/comments?post=213"}],"version-history":[{"count":28,"href":"https:\/\/wp.ufpel.edu.br\/godec\/wp-json\/wp\/v2\/pages\/213\/revisions"}],"predecessor-version":[{"id":2955,"href":"https:\/\/wp.ufpel.edu.br\/godec\/wp-json\/wp\/v2\/pages\/213\/revisions\/2955"}],"wp:attachment":[{"href":"https:\/\/wp.ufpel.edu.br\/godec\/wp-json\/wp\/v2\/media?parent=213"}],"curies":[{"name":"wp","href":"https:\/\/api.w.org\/{rel}","templated":true}]}}