{"id":53,"date":"2019-03-09T11:27:01","date_gmt":"2019-03-09T14:27:01","guid":{"rendered":"https:\/\/wp.ufpel.edu.br\/gmolma\/pagina-inicial\/"},"modified":"2019-03-09T11:27:01","modified_gmt":"2019-03-09T14:27:01","slug":"pagina-inicial","status":"publish","type":"page","link":"https:\/\/wp.ufpel.edu.br\/gmolma\/pagina-inicial\/","title":{"rendered":"P\u00e1gina Inicial"},"content":{"rendered":"<div id=\"pl-53\"  class=\"panel-layout\" ><div id=\"pg-53-0\"  class=\"panel-grid panel-no-style\" ><div id=\"pgc-53-0-0\"  class=\"panel-grid-cell\" ><div id=\"panel-53-0-0-0\" class=\"so-panel widget panel-first-child panel-last-child\" data-index=\"0\" ><\/div><\/div><div id=\"pgc-53-0-1\"  class=\"panel-grid-cell\" ><div id=\"panel-53-0-1-0\" class=\"so-panel widget panel-first-child panel-last-child\" data-index=\"1\" ><\/div><\/div><div id=\"pgc-53-0-2\"  class=\"panel-grid-cell\" ><div id=\"panel-53-0-2-0\" class=\"so-panel widget panel-first-child panel-last-child\" data-index=\"2\" ><\/div><\/div><\/div><div id=\"pg-53-1\"  class=\"panel-grid panel-has-style\" ><div class=\"wide-grey panel-row-style panel-row-style-for-53-1\" ><div id=\"pgc-53-1-0\"  class=\"panel-grid-cell\" ><div id=\"panel-53-1-0-0\" class=\"so-panel widget widget_sow-slider panel-first-child\" data-index=\"3\" ><div\n\t\t\t\n\t\t\tclass=\"so-widget-sow-slider so-widget-sow-slider-default-6d39609536fd-53\"\n\t\t\t\n\t\t>\t\t\t\t<div class=\"sow-slider-base\" style=\"display: none\" tabindex=\"0\">\n\t\t\t\t\t<ul\n\t\t\t\t\tclass=\"sow-slider-images\"\n\t\t\t\t\tdata-settings=\"{&quot;pagination&quot;:true,&quot;speed&quot;:800,&quot;timeout&quot;:8000,&quot;paused&quot;:false,&quot;pause_on_hover&quot;:false,&quot;swipe&quot;:true,&quot;nav_always_show_desktop&quot;:&quot;&quot;,&quot;nav_always_show_mobile&quot;:&quot;&quot;,&quot;breakpoint&quot;:&quot;780px&quot;,&quot;unmute&quot;:false,&quot;anchor&quot;:null}\"\n\t\t\t\t\t\t\t\t\t\tdata-anchor-id=\"\"\n\t\t\t\t><\/ul>\t\t\t\t<ol class=\"sow-slider-pagination\">\n\t\t\t\t\t\t\t\t\t<\/ol>\n\n\t\t\t\t<div class=\"sow-slide-nav sow-slide-nav-next\">\n\t\t\t\t\t<a href=\"#\" data-goto=\"next\" aria-label=\"Next slide\" data-action=\"next\">\n\t\t\t\t\t\t<em class=\"sow-sld-icon-thin-right\"><\/em>\n\t\t\t\t\t<\/a>\n\t\t\t\t<\/div>\n\n\t\t\t\t<div class=\"sow-slide-nav sow-slide-nav-prev\">\n\t\t\t\t\t<a href=\"#\" data-goto=\"previous\" aria-label=\"Previous slide\" data-action=\"prev\">\n\t\t\t\t\t\t<em class=\"sow-sld-icon-thin-left\"><\/em>\n\t\t\t\t\t<\/a>\n\t\t\t\t<\/div>\n\t\t\t\t<\/div><\/div><\/div><div id=\"panel-53-1-0-1\" class=\"so-panel widget panel-last-child\" data-index=\"4\" ><\/div><\/div><\/div><\/div><div id=\"pg-53-2\"  class=\"panel-grid panel-no-style\" ><div id=\"pgc-53-2-0\"  class=\"panel-grid-cell\" ><div id=\"panel-53-2-0-0\" class=\"so-panel widget widget_siteorigin-panels-postloop panel-first-child panel-last-child\" data-index=\"5\" ><h3 class=\"widget-title\">\u00daltimos posts<\/h3><\/div><\/div><div id=\"pgc-53-2-1\"  class=\"panel-grid-cell\" ><div id=\"panel-53-2-1-0\" class=\"so-panel widget widget_text panel-first-child panel-last-child\" data-index=\"6\" >\t\t\t<div class=\"textwidget\"><p>O Page Builder inclui v\u00e1rios widgets. Voc\u00ea pode us\u00e1-los para dar vida \u00e0s suas p\u00e1ginas.<\/p>\n<\/div>\n\t\t<\/div><\/div><\/div><\/div>","protected":false},"excerpt":{"rendered":"<p>\u00daltimos posts O Page Builder inclui v\u00e1rios widgets. Voc\u00ea pode us\u00e1-los para dar vida \u00e0s suas p\u00e1ginas.<\/p>\n","protected":false},"author":909,"featured_media":0,"parent":0,"menu_order":0,"comment_status":"closed","ping_status":"closed","template":"home-panels.php","meta":{"footnotes":""},"class_list":["post-53","page","type-page","status-publish","hentry"],"_links":{"self":[{"href":"https:\/\/wp.ufpel.edu.br\/gmolma\/wp-json\/wp\/v2\/pages\/53","targetHints":{"allow":["GET"]}}],"collection":[{"href":"https:\/\/wp.ufpel.edu.br\/gmolma\/wp-json\/wp\/v2\/pages"}],"about":[{"href":"https:\/\/wp.ufpel.edu.br\/gmolma\/wp-json\/wp\/v2\/types\/page"}],"author":[{"embeddable":true,"href":"https:\/\/wp.ufpel.edu.br\/gmolma\/wp-json\/wp\/v2\/users\/909"}],"replies":[{"embeddable":true,"href":"https:\/\/wp.ufpel.edu.br\/gmolma\/wp-json\/wp\/v2\/comments?post=53"}],"version-history":[{"count":0,"href":"https:\/\/wp.ufpel.edu.br\/gmolma\/wp-json\/wp\/v2\/pages\/53\/revisions"}],"wp:attachment":[{"href":"https:\/\/wp.ufpel.edu.br\/gmolma\/wp-json\/wp\/v2\/media?parent=53"}],"curies":[{"name":"wp","href":"https:\/\/api.w.org\/{rel}","templated":true}]}}