{"id":49,"date":"2019-03-09T11:11:55","date_gmt":"2019-03-09T14:11:55","guid":{"rendered":"https:\/\/wp.ufpel.edu.br\/gmolma\/?page_id=49"},"modified":"2019-03-09T11:11:55","modified_gmt":"2019-03-09T14:11:55","slug":"disciplinas","status":"publish","type":"page","link":"https:\/\/wp.ufpel.edu.br\/gmolma\/disciplinas\/","title":{"rendered":"Disciplinas"},"content":{"rendered":"<ul>\n<li>\n<h2>Agronomia<\/h2>\n<ul>\n<li>Melhoramento e Reprodu\u00e7\u00e3o Animal<\/li>\n<\/ul>\n<\/li>\n<li>\n<h2>Zootecnia<\/h2>\n<ul>\n<li>Gen\u00e9tica Aplicada \u00e1 produ\u00e7\u00e3o Animal<\/li>\n<li>Zoologia e Fauna Silvestre Aplicada<\/li>\n<\/ul>\n<\/li>\n<\/ul>\n","protected":false},"excerpt":{"rendered":"<p>Agronomia Melhoramento e Reprodu\u00e7\u00e3o Animal Zootecnia Gen\u00e9tica Aplicada \u00e1 produ\u00e7\u00e3o Animal Zoologia e Fauna Silvestre Aplicada<\/p>\n","protected":false},"author":909,"featured_media":0,"parent":0,"menu_order":5,"comment_status":"closed","ping_status":"closed","template":"","meta":{"footnotes":""},"class_list":["post-49","page","type-page","status-publish","hentry"],"_links":{"self":[{"href":"https:\/\/wp.ufpel.edu.br\/gmolma\/wp-json\/wp\/v2\/pages\/49","targetHints":{"allow":["GET"]}}],"collection":[{"href":"https:\/\/wp.ufpel.edu.br\/gmolma\/wp-json\/wp\/v2\/pages"}],"about":[{"href":"https:\/\/wp.ufpel.edu.br\/gmolma\/wp-json\/wp\/v2\/types\/page"}],"author":[{"embeddable":true,"href":"https:\/\/wp.ufpel.edu.br\/gmolma\/wp-json\/wp\/v2\/users\/909"}],"replies":[{"embeddable":true,"href":"https:\/\/wp.ufpel.edu.br\/gmolma\/wp-json\/wp\/v2\/comments?post=49"}],"version-history":[{"count":1,"href":"https:\/\/wp.ufpel.edu.br\/gmolma\/wp-json\/wp\/v2\/pages\/49\/revisions"}],"predecessor-version":[{"id":51,"href":"https:\/\/wp.ufpel.edu.br\/gmolma\/wp-json\/wp\/v2\/pages\/49\/revisions\/51"}],"wp:attachment":[{"href":"https:\/\/wp.ufpel.edu.br\/gmolma\/wp-json\/wp\/v2\/media?parent=49"}],"curies":[{"name":"wp","href":"https:\/\/api.w.org\/{rel}","templated":true}]}}