{"id":41,"date":"2019-03-08T16:40:04","date_gmt":"2019-03-08T19:40:04","guid":{"rendered":"https:\/\/wp.ufpel.edu.br\/gmolma\/?page_id=41"},"modified":"2019-03-08T16:40:04","modified_gmt":"2019-03-08T19:40:04","slug":"projetos","status":"publish","type":"page","link":"https:\/\/wp.ufpel.edu.br\/gmolma\/projetos\/","title":{"rendered":"Projetos"},"content":{"rendered":"<ul>\n<li>Identifica\u00e7\u00e3o de loci potencialmente amplific\u00e1veis em diferentes esp\u00e9cies de peixes nativos do Brasil.<\/li>\n<\/ul>\n<p>O estudo de variabilidade gen\u00e9tica em peixes nativos exige a forma\u00e7\u00e3o de marcadores moleculares polif\u00f3rmicos. Sendo que este estudo apresenta como objetivo a identifica\u00e7\u00e3o destes loci potencialmente amplific\u00e1veis de microssat\u00e9lites para as esp\u00e9cies nativas: Dourado (<em>Salminus brasiliensis<\/em>); Jiripoca\/Jurupoca (<em>Hemisorubim platyrhynchos<\/em>); Peixe-rei (<em>Odontesthes humensis<\/em>) e Viola (<em>Loricariichthys anus<\/em>), buscando o entendimento da gen\u00e9tica dessas esp\u00e9cies.<\/p>\n","protected":false},"excerpt":{"rendered":"<p>Identifica\u00e7\u00e3o de loci potencialmente amplific\u00e1veis em diferentes esp\u00e9cies de peixes nativos do Brasil. O estudo de variabilidade gen\u00e9tica em peixes nativos exige a forma\u00e7\u00e3o de marcadores moleculares polif\u00f3rmicos. Sendo que este estudo apresenta como objetivo a identifica\u00e7\u00e3o destes loci potencialmente amplific\u00e1veis de microssat\u00e9lites para as esp\u00e9cies nativas: Dourado (Salminus brasiliensis); Jiripoca\/Jurupoca (Hemisorubim platyrhynchos); Peixe-rei (Odontesthes [&hellip;]<\/p>\n","protected":false},"author":909,"featured_media":0,"parent":0,"menu_order":3,"comment_status":"closed","ping_status":"closed","template":"","meta":{"footnotes":""},"class_list":["post-41","page","type-page","status-publish","hentry"],"_links":{"self":[{"href":"https:\/\/wp.ufpel.edu.br\/gmolma\/wp-json\/wp\/v2\/pages\/41","targetHints":{"allow":["GET"]}}],"collection":[{"href":"https:\/\/wp.ufpel.edu.br\/gmolma\/wp-json\/wp\/v2\/pages"}],"about":[{"href":"https:\/\/wp.ufpel.edu.br\/gmolma\/wp-json\/wp\/v2\/types\/page"}],"author":[{"embeddable":true,"href":"https:\/\/wp.ufpel.edu.br\/gmolma\/wp-json\/wp\/v2\/users\/909"}],"replies":[{"embeddable":true,"href":"https:\/\/wp.ufpel.edu.br\/gmolma\/wp-json\/wp\/v2\/comments?post=41"}],"version-history":[{"count":1,"href":"https:\/\/wp.ufpel.edu.br\/gmolma\/wp-json\/wp\/v2\/pages\/41\/revisions"}],"predecessor-version":[{"id":43,"href":"https:\/\/wp.ufpel.edu.br\/gmolma\/wp-json\/wp\/v2\/pages\/41\/revisions\/43"}],"wp:attachment":[{"href":"https:\/\/wp.ufpel.edu.br\/gmolma\/wp-json\/wp\/v2\/media?parent=41"}],"curies":[{"name":"wp","href":"https:\/\/api.w.org\/{rel}","templated":true}]}}