{"id":37,"date":"2019-03-08T16:27:23","date_gmt":"2019-03-08T19:27:23","guid":{"rendered":"https:\/\/wp.ufpel.edu.br\/gmolma\/?page_id=37"},"modified":"2019-03-08T16:34:22","modified_gmt":"2019-03-08T19:34:22","slug":"parcerias","status":"publish","type":"page","link":"https:\/\/wp.ufpel.edu.br\/gmolma\/parcerias\/","title":{"rendered":"Parcerias"},"content":{"rendered":"<ul>\n<li>Laborat\u00f3rio de Engenharia Gen\u00e9tica Animal &#8211; LEGA<\/li>\n<\/ul>\n<p>O LEGA est\u00e1 localizado no Instituto de Biologia &#8211; UFPel, apresenta infraestrutura e equipamentos necess\u00e1rios para an\u00e1lise de DNA e RNA.<\/p>\n<p>&nbsp;<\/p>\n<ul>\n<li>Laborat\u00f3rio de Ictiologia<\/li>\n<\/ul>\n<p>Localizado no Departamento de Zootecnia &#8211; UFPel, apresenta infraestrutura e equipamentos para a produ\u00e7\u00e3o de peixes e monitoramento de esp\u00e9cies nativas de peixes.<\/p>\n","protected":false},"excerpt":{"rendered":"<p>Laborat\u00f3rio de Engenharia Gen\u00e9tica Animal &#8211; LEGA O LEGA est\u00e1 localizado no Instituto de Biologia &#8211; UFPel, apresenta infraestrutura e equipamentos necess\u00e1rios para an\u00e1lise de DNA e RNA. &nbsp; Laborat\u00f3rio de Ictiologia Localizado no Departamento de Zootecnia &#8211; UFPel, apresenta infraestrutura e equipamentos para a produ\u00e7\u00e3o de peixes e monitoramento de esp\u00e9cies nativas de peixes.<\/p>\n","protected":false},"author":909,"featured_media":0,"parent":0,"menu_order":4,"comment_status":"closed","ping_status":"closed","template":"","meta":{"footnotes":""},"class_list":["post-37","page","type-page","status-publish","hentry"],"_links":{"self":[{"href":"https:\/\/wp.ufpel.edu.br\/gmolma\/wp-json\/wp\/v2\/pages\/37","targetHints":{"allow":["GET"]}}],"collection":[{"href":"https:\/\/wp.ufpel.edu.br\/gmolma\/wp-json\/wp\/v2\/pages"}],"about":[{"href":"https:\/\/wp.ufpel.edu.br\/gmolma\/wp-json\/wp\/v2\/types\/page"}],"author":[{"embeddable":true,"href":"https:\/\/wp.ufpel.edu.br\/gmolma\/wp-json\/wp\/v2\/users\/909"}],"replies":[{"embeddable":true,"href":"https:\/\/wp.ufpel.edu.br\/gmolma\/wp-json\/wp\/v2\/comments?post=37"}],"version-history":[{"count":2,"href":"https:\/\/wp.ufpel.edu.br\/gmolma\/wp-json\/wp\/v2\/pages\/37\/revisions"}],"predecessor-version":[{"id":40,"href":"https:\/\/wp.ufpel.edu.br\/gmolma\/wp-json\/wp\/v2\/pages\/37\/revisions\/40"}],"wp:attachment":[{"href":"https:\/\/wp.ufpel.edu.br\/gmolma\/wp-json\/wp\/v2\/media?parent=37"}],"curies":[{"name":"wp","href":"https:\/\/api.w.org\/{rel}","templated":true}]}}