{"id":30,"date":"2019-03-08T16:06:49","date_gmt":"2019-03-08T19:06:49","guid":{"rendered":"https:\/\/wp.ufpel.edu.br\/gmolma\/?page_id=30"},"modified":"2019-03-08T16:10:41","modified_gmt":"2019-03-08T19:10:41","slug":"areas-de-atuacao","status":"publish","type":"page","link":"https:\/\/wp.ufpel.edu.br\/gmolma\/areas-de-atuacao\/","title":{"rendered":"\u00c1rea de Atua\u00e7\u00e3o"},"content":{"rendered":"<ul>\n<li>Produ\u00e7\u00e3o Animal:<\/li>\n<\/ul>\n<p>Objetiva desenvolver estrat\u00e9gias de gen\u00e9tica moleculares aplicada ao melhoramento animal, em articula\u00e7\u00e3o com outras \u00e1reas do conhecimento, para a melhoria das caracter\u00edsticas produtivas e reprodutivas viabilizando a manifesta\u00e7\u00e3o do potencial gen\u00e9tico para torn\u00e1-los eficientes economicamente, sem afetar o equil\u00edbrio biol\u00f3gico.<\/p>\n<ul>\n<li style=\"list-style-type: none\">\n<ul>\n<li>Gen\u00e9tica Molecular;<\/li>\n<li>Melhoramento Gen\u00e9tico;<\/li>\n<li>Conserva\u00e7\u00e3o dos Recursos Gen\u00e9ticos.<\/li>\n<\/ul>\n<\/li>\n<\/ul>\n<p>&nbsp;<\/p>\n","protected":false},"excerpt":{"rendered":"<p>Produ\u00e7\u00e3o Animal: Objetiva desenvolver estrat\u00e9gias de gen\u00e9tica moleculares aplicada ao melhoramento animal, em articula\u00e7\u00e3o com outras \u00e1reas do conhecimento, para a melhoria das caracter\u00edsticas produtivas e reprodutivas viabilizando a manifesta\u00e7\u00e3o do potencial gen\u00e9tico para torn\u00e1-los eficientes economicamente, sem afetar o equil\u00edbrio biol\u00f3gico. Gen\u00e9tica Molecular; Melhoramento Gen\u00e9tico; Conserva\u00e7\u00e3o dos Recursos Gen\u00e9ticos. &nbsp;<\/p>\n","protected":false},"author":909,"featured_media":0,"parent":0,"menu_order":2,"comment_status":"closed","ping_status":"closed","template":"","meta":{"footnotes":""},"class_list":["post-30","page","type-page","status-publish","hentry"],"_links":{"self":[{"href":"https:\/\/wp.ufpel.edu.br\/gmolma\/wp-json\/wp\/v2\/pages\/30","targetHints":{"allow":["GET"]}}],"collection":[{"href":"https:\/\/wp.ufpel.edu.br\/gmolma\/wp-json\/wp\/v2\/pages"}],"about":[{"href":"https:\/\/wp.ufpel.edu.br\/gmolma\/wp-json\/wp\/v2\/types\/page"}],"author":[{"embeddable":true,"href":"https:\/\/wp.ufpel.edu.br\/gmolma\/wp-json\/wp\/v2\/users\/909"}],"replies":[{"embeddable":true,"href":"https:\/\/wp.ufpel.edu.br\/gmolma\/wp-json\/wp\/v2\/comments?post=30"}],"version-history":[{"count":2,"href":"https:\/\/wp.ufpel.edu.br\/gmolma\/wp-json\/wp\/v2\/pages\/30\/revisions"}],"predecessor-version":[{"id":36,"href":"https:\/\/wp.ufpel.edu.br\/gmolma\/wp-json\/wp\/v2\/pages\/30\/revisions\/36"}],"wp:attachment":[{"href":"https:\/\/wp.ufpel.edu.br\/gmolma\/wp-json\/wp\/v2\/media?parent=30"}],"curies":[{"name":"wp","href":"https:\/\/api.w.org\/{rel}","templated":true}]}}