{"id":19,"date":"2019-03-06T15:13:26","date_gmt":"2019-03-06T18:13:26","guid":{"rendered":"https:\/\/wp.ufpel.edu.br\/gmolma\/?page_id=19"},"modified":"2019-03-09T11:19:43","modified_gmt":"2019-03-09T14:19:43","slug":"quem-somos","status":"publish","type":"page","link":"https:\/\/wp.ufpel.edu.br\/gmolma\/quem-somos\/","title":{"rendered":"Quem Somos"},"content":{"rendered":"<p style=\"text-align: justify\">O grupo de estudo e pesquisa em Gen\u00e9tica Molecular e Melhoramento Animal &#8211; GMolMa foi criado em 2014, sendo sediado inicialmente na Universidade Federal de Santa Maria &#8211; UFSM, Campus Palmeira das Miss\u00f5es. Desde 2018 integra o Departamento de Zootecnia da Faculdade de Agronomia Eliseu Maciel &#8211; FAEM da Universidade Federal de Pelotas &#8211; UFPel, sendo um grupo multidisciplinar com foco no estudo de t\u00e9cnicas moleculares aplicadas ao melhoramento de esp\u00e9cies de animais e conserva\u00e7\u00e3o de recursos gen\u00e9ticos.<\/p>\n<p><strong>Coordenador:<\/strong><\/p>\n<p><img class=\"wp-image-22 size-full alignnone\" src=\"https:\/\/wp.ufpel.edu.br\/gmolma\/files\/2019\/03\/lattes-1-e1551895811506.png\" alt=\"\" width=\"20\" height=\"23\" \/> <a href=\"http:\/\/lattes.cnpq.br\/5309765251754067\" target=\"_blank\" rel=\"noopener noreferrer\">Rafael Aldrighi Tavares\u00a0<\/a><\/p>\n<p>&nbsp;<\/p>\n<p><strong>Pesquisadores:<\/strong><\/p>\n<p><img class=\"alignnone wp-image-22 size-full\" src=\"https:\/\/wp.ufpel.edu.br\/gmolma\/files\/2019\/03\/lattes-1-e1551895811506.png\" alt=\"\" width=\"20\" height=\"23\" \/>\u00a0<a href=\"http:\/\/lattes.cnpq.br\/7975534520684814\" target=\"_blank\" rel=\"noopener noreferrer\">Charles Nunes Fr\u00f3es<\/a><\/p>\n<p><img class=\"alignnone wp-image-22 \" src=\"https:\/\/wp.ufpel.edu.br\/gmolma\/files\/2019\/03\/lattes-1-e1551895811506.png\" alt=\"\" width=\"20\" height=\"23\" \/>\u00a0<a href=\"http:\/\/lattes.cnpq.br\/0162800772752430\" target=\"_blank\" rel=\"noopener noreferrer\">Daniel \u00c2ngelo Sganzerla Graichen<\/a><\/p>\n<p><img class=\"alignnone wp-image-22 size-full\" src=\"https:\/\/wp.ufpel.edu.br\/gmolma\/files\/2019\/03\/lattes-1-e1551895811506.png\" alt=\"\" width=\"20\" height=\"23\" \/>\u00a0<a href=\"http:\/\/lattes.cnpq.br\/1229541551615355\" target=\"_blank\" rel=\"noopener noreferrer\">Heden Luis Marques Moreira<\/a><\/p>\n<p><img class=\"alignnone wp-image-22 size-full\" src=\"https:\/\/wp.ufpel.edu.br\/gmolma\/files\/2019\/03\/lattes-1-e1551895811506.png\" alt=\"\" width=\"20\" height=\"23\" \/> <a href=\"http:\/\/lattes.cnpq.br\/0160242478566294\" target=\"_blank\" rel=\"noopener noreferrer\">Juv\u00eancio Luis Os\u00f3rio Fernandes Pouey<\/a><\/p>\n<p><img class=\"alignnone wp-image-22 size-full\" src=\"https:\/\/wp.ufpel.edu.br\/gmolma\/files\/2019\/03\/lattes-1-e1551895811506.png\" alt=\"\" width=\"20\" height=\"23\" \/>\u00a0<a href=\"http:\/\/lattes.cnpq.br\/2694556140624639\" target=\"_blank\" rel=\"noopener noreferrer\">Nelson Jose Laurino Dionello<\/a><\/p>\n<p><img class=\"alignnone wp-image-22 size-full\" src=\"https:\/\/wp.ufpel.edu.br\/gmolma\/files\/2019\/03\/lattes-1-e1551895811506.png\" alt=\"\" width=\"20\" height=\"23\" \/>\u00a0<a href=\"http:\/\/lattes.cnpq.br\/3833027843587896\" target=\"_blank\" rel=\"noopener noreferrer\">Rafael Lazzari<\/a><\/p>\n<p><a href=\"http:\/\/lattes.cnpq.br\/6369674499647903\" target=\"_blank\" rel=\"noopener noreferrer\"><img class=\"alignnone wp-image-22 size-full\" src=\"https:\/\/wp.ufpel.edu.br\/gmolma\/files\/2019\/03\/lattes-1-e1551895811506.png\" alt=\"\" width=\"20\" height=\"23\" \/> S\u00e9rgio Renato Noguez piedras<\/a><\/p>\n<p>&nbsp;<\/p>\n<p><strong>Doutorandos:<\/strong><\/p>\n<p><a href=\"http:\/\/lattes.cnpq.br\/6369674499647903\" target=\"_blank\" rel=\"noopener noreferrer\"><img class=\"alignnone wp-image-22 size-full\" src=\"https:\/\/wp.ufpel.edu.br\/gmolma\/files\/2019\/03\/lattes-1-e1551895811506.png\" alt=\"\" width=\"20\" height=\"23\" \/><\/a><a href=\"http:\/\/lattes.cnpq.br\/0654944791819739\" target=\"_blank\" rel=\"noopener noreferrer\"> Daiane Machado Souza<\/a><\/p>\n<p><a href=\"http:\/\/lattes.cnpq.br\/6369674499647903\" target=\"_blank\" rel=\"noopener noreferrer\"><img class=\"alignnone wp-image-22 size-full\" src=\"https:\/\/wp.ufpel.edu.br\/gmolma\/files\/2019\/03\/lattes-1-e1551895811506.png\" alt=\"\" width=\"20\" height=\"23\" \/><\/a> <a href=\"http:\/\/lattes.cnpq.br\/8982102154251619\" target=\"_blank\" rel=\"noopener noreferrer\">Suzane Fonseca Freitas<\/a><\/p>\n<p>&nbsp;<\/p>\n<p><strong>Mestrandos:<\/strong><\/p>\n<p><a href=\"http:\/\/lattes.cnpq.br\/6369674499647903\" target=\"_blank\" rel=\"noopener noreferrer\"><img class=\"alignnone wp-image-22 size-full\" src=\"https:\/\/wp.ufpel.edu.br\/gmolma\/files\/2019\/03\/lattes-1-e1551895811506.png\" alt=\"\" width=\"20\" height=\"23\" \/><\/a> <a href=\"http:\/\/lattes.cnpq.br\/6797898747873701\" target=\"_blank\" rel=\"noopener noreferrer\">Fernanda Brunner Hammes<\/a><\/p>\n<p>&nbsp;<\/p>\n<p>&nbsp;<\/p>\n<p>&nbsp;<\/p>\n","protected":false},"excerpt":{"rendered":"<p>O grupo de estudo e pesquisa em Gen\u00e9tica Molecular e Melhoramento Animal &#8211; GMolMa foi criado em 2014, sendo sediado inicialmente na Universidade Federal de Santa Maria &#8211; UFSM, Campus Palmeira das Miss\u00f5es. Desde 2018 integra o Departamento de Zootecnia da Faculdade de Agronomia Eliseu Maciel &#8211; FAEM da Universidade Federal de Pelotas &#8211; UFPel, [&hellip;]<\/p>\n","protected":false},"author":909,"featured_media":0,"parent":0,"menu_order":0,"comment_status":"closed","ping_status":"closed","template":"","meta":{"footnotes":""},"class_list":["post-19","page","type-page","status-publish","hentry"],"_links":{"self":[{"href":"https:\/\/wp.ufpel.edu.br\/gmolma\/wp-json\/wp\/v2\/pages\/19","targetHints":{"allow":["GET"]}}],"collection":[{"href":"https:\/\/wp.ufpel.edu.br\/gmolma\/wp-json\/wp\/v2\/pages"}],"about":[{"href":"https:\/\/wp.ufpel.edu.br\/gmolma\/wp-json\/wp\/v2\/types\/page"}],"author":[{"embeddable":true,"href":"https:\/\/wp.ufpel.edu.br\/gmolma\/wp-json\/wp\/v2\/users\/909"}],"replies":[{"embeddable":true,"href":"https:\/\/wp.ufpel.edu.br\/gmolma\/wp-json\/wp\/v2\/comments?post=19"}],"version-history":[{"count":5,"href":"https:\/\/wp.ufpel.edu.br\/gmolma\/wp-json\/wp\/v2\/pages\/19\/revisions"}],"predecessor-version":[{"id":52,"href":"https:\/\/wp.ufpel.edu.br\/gmolma\/wp-json\/wp\/v2\/pages\/19\/revisions\/52"}],"wp:attachment":[{"href":"https:\/\/wp.ufpel.edu.br\/gmolma\/wp-json\/wp\/v2\/media?parent=19"}],"curies":[{"name":"wp","href":"https:\/\/api.w.org\/{rel}","templated":true}]}}