{"id":186,"date":"2017-10-14T11:38:53","date_gmt":"2017-10-14T14:38:53","guid":{"rendered":"https:\/\/wp.ufpel.edu.br\/gipnals\/?page_id=186"},"modified":"2017-10-14T11:38:53","modified_gmt":"2017-10-14T14:38:53","slug":"producao-academica","status":"publish","type":"page","link":"https:\/\/wp.ufpel.edu.br\/gipnals\/linhas-de-pesquisa\/infancias-e-narrativas\/producao-academica\/","title":{"rendered":"Produ\u00e7\u00e3o Acad\u00eamica"},"content":{"rendered":"","protected":false},"excerpt":{"rendered":"","protected":false},"author":691,"featured_media":0,"parent":180,"menu_order":2,"comment_status":"closed","ping_status":"closed","template":"","meta":{"footnotes":""},"class_list":["post-186","page","type-page","status-publish","hentry"],"jetpack_sharing_enabled":true,"_links":{"self":[{"href":"https:\/\/wp.ufpel.edu.br\/gipnals\/wp-json\/wp\/v2\/pages\/186","targetHints":{"allow":["GET"]}}],"collection":[{"href":"https:\/\/wp.ufpel.edu.br\/gipnals\/wp-json\/wp\/v2\/pages"}],"about":[{"href":"https:\/\/wp.ufpel.edu.br\/gipnals\/wp-json\/wp\/v2\/types\/page"}],"author":[{"embeddable":true,"href":"https:\/\/wp.ufpel.edu.br\/gipnals\/wp-json\/wp\/v2\/users\/691"}],"replies":[{"embeddable":true,"href":"https:\/\/wp.ufpel.edu.br\/gipnals\/wp-json\/wp\/v2\/comments?post=186"}],"version-history":[{"count":1,"href":"https:\/\/wp.ufpel.edu.br\/gipnals\/wp-json\/wp\/v2\/pages\/186\/revisions"}],"predecessor-version":[{"id":188,"href":"https:\/\/wp.ufpel.edu.br\/gipnals\/wp-json\/wp\/v2\/pages\/186\/revisions\/188"}],"up":[{"embeddable":true,"href":"https:\/\/wp.ufpel.edu.br\/gipnals\/wp-json\/wp\/v2\/pages\/180"}],"wp:attachment":[{"href":"https:\/\/wp.ufpel.edu.br\/gipnals\/wp-json\/wp\/v2\/media?parent=186"}],"curies":[{"name":"wp","href":"https:\/\/api.w.org\/{rel}","templated":true}]}}