{"id":183,"date":"2017-10-14T11:37:39","date_gmt":"2017-10-14T14:37:39","guid":{"rendered":"https:\/\/wp.ufpel.edu.br\/gipnals\/?page_id=183"},"modified":"2020-04-29T11:54:57","modified_gmt":"2020-04-29T14:54:57","slug":"pesquisas-concluidas","status":"publish","type":"page","link":"https:\/\/wp.ufpel.edu.br\/gipnals\/linhas-de-pesquisa\/infancias-e-narrativas\/pesquisas-concluidas\/","title":{"rendered":"Pesquisas Conclu\u00eddas"},"content":{"rendered":"<p style=\"text-align: center\"><strong>DISSERTA\u00c7\u00d5ES<\/strong><\/p>\n<p>2014<\/p>\n<p style=\"text-align: justify\">BORDIN, Francine Borges. \u201cN\u00e3o \u00e9 de verdade, \u00e9 s\u00f3 um desenho\u201d: de que nos falam os desenhos infantis? 2014. 172 f. Disserta\u00e7\u00e3o (Mestrado em Educa\u00e7\u00e3o) &#8211; Faculdade de Educa\u00e7\u00e3o, Universidade Federal de Pelotas, Pelotas, 2014. Dispon\u00edvel em:\u00a0<a href=\"http:\/\/guaiaca.ufpel.edu.br:8080\/handle\/ri\/2808\">http:\/\/guaiaca.ufpel.edu.br:8080\/handle\/ri\/2808<\/a><\/p>\n<p style=\"text-align: justify\">ALVES, Joice do Prado. Cinema, educa\u00e7\u00e3o e morte: quando a inf\u00e2ncia encontra a guerra. 2014. 219 f. Disserta\u00e7\u00e3o (Mestrado em Educa\u00e7\u00e3o) &#8211; Faculdade de Educa\u00e7\u00e3o, Universidade Federal de Pelotas, Pelotas, 2014. Dispon\u00edvel em:\u00a0<a href=\"http:\/\/guaiaca.ufpel.edu.br:8080\/handle\/ri\/2802\">http:\/\/guaiaca.ufpel.edu.br:8080\/handle\/ri\/2802<\/a><\/p>\n<p>2018<\/p>\n<p>KOHLS, Tatiani M\u00fcller. Tramando sonhos: inf\u00e2ncias e representa\u00e7\u00f5es. 2018. 130f. Disserta\u00e7\u00e3o (Mestrado em Educa\u00e7\u00e3o) &#8211;\u00a0Programa de P\u00f3s-Gradua\u00e7\u00e3o em Educa\u00e7\u00e3o. Universidade Federal de Pelotas. Pelotas,\u00a02018.\u00a0Dispon\u00edvel em:<a href=\"http:\/\/guaiaca.ufpel.edu.br:8080\/handle\/prefix\/4383\">http:\/\/guaiaca.ufpel.edu.br:8080\/handle\/prefix\/4383<\/a><\/p>\n<p>&nbsp;<\/p>\n<p style=\"text-align: center\"><strong>TESES<\/strong><\/p>\n<p>2017<\/p>\n<p>DUARTE, K. S. Educa\u00e7\u00e3o Desordeira: po\u00e9ticas das inf\u00e2ncias em videoarte.<br \/>\nUniversidade Federal de Pelotas. Pelotas, p. 149 fls. 2017. Dispon\u00edvel em:<\/p>\n<p>2018<\/p>\n<p>RIBEIRO, Angelita Soares. Imagens embriagadas &#8211; A cruzada das crian\u00e7as &#8211; Barb\u00e1rie e reencantamento do mundo. 2018. 143f. Tese (Doutorado em Educa\u00e7\u00e3o)\u00a0Programa de P\u00f3s-Gradua\u00e7\u00e3o em Educa\u00e7\u00e3o. Universidade Federal de Pelotas. Pelotas,\u00a02018.\u00a0Dispon\u00edvel em:<a href=\"http:\/\/guaiaca.ufpel.edu.br:8080\/handle\/prefix\/4424\">http:\/\/guaiaca.ufpel.edu.br:8080\/handle\/prefix\/4424<\/a><\/p>\n","protected":false},"excerpt":{"rendered":"<p>DISSERTA\u00c7\u00d5ES 2014 BORDIN, Francine Borges. \u201cN\u00e3o \u00e9 de verdade, \u00e9 s\u00f3 um desenho\u201d: de que nos falam os desenhos infantis? 2014. 172 f. Disserta\u00e7\u00e3o (Mestrado em Educa\u00e7\u00e3o) &#8211; Faculdade de Educa\u00e7\u00e3o, Universidade Federal de Pelotas, Pelotas, 2014. Dispon\u00edvel em:\u00a0http:\/\/guaiaca.ufpel.edu.br:8080\/handle\/ri\/2808 ALVES, &hellip; <a href=\"https:\/\/wp.ufpel.edu.br\/gipnals\/linhas-de-pesquisa\/infancias-e-narrativas\/pesquisas-concluidas\/\">Continue lendo <span class=\"meta-nav\">&rarr;<\/span><\/a><\/p>\n","protected":false},"author":691,"featured_media":0,"parent":180,"menu_order":1,"comment_status":"closed","ping_status":"closed","template":"","meta":{"footnotes":""},"class_list":["post-183","page","type-page","status-publish","hentry"],"jetpack_sharing_enabled":true,"_links":{"self":[{"href":"https:\/\/wp.ufpel.edu.br\/gipnals\/wp-json\/wp\/v2\/pages\/183","targetHints":{"allow":["GET"]}}],"collection":[{"href":"https:\/\/wp.ufpel.edu.br\/gipnals\/wp-json\/wp\/v2\/pages"}],"about":[{"href":"https:\/\/wp.ufpel.edu.br\/gipnals\/wp-json\/wp\/v2\/types\/page"}],"author":[{"embeddable":true,"href":"https:\/\/wp.ufpel.edu.br\/gipnals\/wp-json\/wp\/v2\/users\/691"}],"replies":[{"embeddable":true,"href":"https:\/\/wp.ufpel.edu.br\/gipnals\/wp-json\/wp\/v2\/comments?post=183"}],"version-history":[{"count":8,"href":"https:\/\/wp.ufpel.edu.br\/gipnals\/wp-json\/wp\/v2\/pages\/183\/revisions"}],"predecessor-version":[{"id":445,"href":"https:\/\/wp.ufpel.edu.br\/gipnals\/wp-json\/wp\/v2\/pages\/183\/revisions\/445"}],"up":[{"embeddable":true,"href":"https:\/\/wp.ufpel.edu.br\/gipnals\/wp-json\/wp\/v2\/pages\/180"}],"wp:attachment":[{"href":"https:\/\/wp.ufpel.edu.br\/gipnals\/wp-json\/wp\/v2\/media?parent=183"}],"curies":[{"name":"wp","href":"https:\/\/api.w.org\/{rel}","templated":true}]}}