{"id":180,"date":"2017-10-14T11:36:52","date_gmt":"2017-10-14T14:36:52","guid":{"rendered":"https:\/\/wp.ufpel.edu.br\/gipnals\/?page_id=180"},"modified":"2017-10-14T11:42:03","modified_gmt":"2017-10-14T14:42:03","slug":"infancias-e-narrativas","status":"publish","type":"page","link":"https:\/\/wp.ufpel.edu.br\/gipnals\/linhas-de-pesquisa\/infancias-e-narrativas\/","title":{"rendered":"Inf\u00e2ncias e Narrativas"},"content":{"rendered":"<p style=\"text-align: justify\">Objetivo: Objetiva apreender as diferentes narrativas da inf\u00e2ncia enquanto representa\u00e7\u00f5es sociais e culturalmente produzidas. Confere um tratamento da inf\u00e2ncia como critica da cultura. Utilizando-se para tanto das contribui\u00e7\u00f5es de autores como Walter Benjamin, Lev Vygotsky e Mikhail Bakhtin..\u00a0<br class=\"clear\" \/><br class=\"clear\" \/>Palavras-chave: inf\u00e2ncia; narrativa; cultura<\/p>\n","protected":false},"excerpt":{"rendered":"<p>Objetivo: Objetiva apreender as diferentes narrativas da inf\u00e2ncia enquanto representa\u00e7\u00f5es sociais e culturalmente produzidas. Confere um tratamento da inf\u00e2ncia como critica da cultura. Utilizando-se para tanto das contribui\u00e7\u00f5es de autores como Walter Benjamin, Lev Vygotsky e Mikhail Bakhtin..\u00a0Palavras-chave: inf\u00e2ncia; narrativa; &hellip; <a href=\"https:\/\/wp.ufpel.edu.br\/gipnals\/linhas-de-pesquisa\/infancias-e-narrativas\/\">Continue lendo <span class=\"meta-nav\">&rarr;<\/span><\/a><\/p>\n","protected":false},"author":691,"featured_media":0,"parent":12,"menu_order":2,"comment_status":"closed","ping_status":"closed","template":"","meta":{"footnotes":""},"class_list":["post-180","page","type-page","status-publish","hentry"],"jetpack_sharing_enabled":true,"_links":{"self":[{"href":"https:\/\/wp.ufpel.edu.br\/gipnals\/wp-json\/wp\/v2\/pages\/180","targetHints":{"allow":["GET"]}}],"collection":[{"href":"https:\/\/wp.ufpel.edu.br\/gipnals\/wp-json\/wp\/v2\/pages"}],"about":[{"href":"https:\/\/wp.ufpel.edu.br\/gipnals\/wp-json\/wp\/v2\/types\/page"}],"author":[{"embeddable":true,"href":"https:\/\/wp.ufpel.edu.br\/gipnals\/wp-json\/wp\/v2\/users\/691"}],"replies":[{"embeddable":true,"href":"https:\/\/wp.ufpel.edu.br\/gipnals\/wp-json\/wp\/v2\/comments?post=180"}],"version-history":[{"count":2,"href":"https:\/\/wp.ufpel.edu.br\/gipnals\/wp-json\/wp\/v2\/pages\/180\/revisions"}],"predecessor-version":[{"id":193,"href":"https:\/\/wp.ufpel.edu.br\/gipnals\/wp-json\/wp\/v2\/pages\/180\/revisions\/193"}],"up":[{"embeddable":true,"href":"https:\/\/wp.ufpel.edu.br\/gipnals\/wp-json\/wp\/v2\/pages\/12"}],"wp:attachment":[{"href":"https:\/\/wp.ufpel.edu.br\/gipnals\/wp-json\/wp\/v2\/media?parent=180"}],"curies":[{"name":"wp","href":"https:\/\/api.w.org\/{rel}","templated":true}]}}