{"id":177,"date":"2017-10-14T11:35:37","date_gmt":"2017-10-14T14:35:37","guid":{"rendered":"https:\/\/wp.ufpel.edu.br\/gipnals\/?page_id=177"},"modified":"2020-04-29T12:28:17","modified_gmt":"2020-04-29T15:28:17","slug":"pesquisas-concluidas","status":"publish","type":"page","link":"https:\/\/wp.ufpel.edu.br\/gipnals\/linhas-de-pesquisa\/narrativas-populares\/pesquisas-concluidas\/","title":{"rendered":"Pesquisas Conclu\u00eddas"},"content":{"rendered":"<p style=\"text-align: center\"><strong>DISSERTA\u00c7\u00d5ES<\/strong><\/p>\n<p>2013<\/p>\n<p>PINHEIRO, C. G. Narrativas de educa\u00e7\u00e3o e resist\u00eancia: a pr\u00e1tica popular gri\u00f4 de<br \/>\nDona Sirley. Universidade Federal de Pelotas. Pelotas, p. 130 fls. 2013. Dispon\u00edvel em\u00a0<a href=\"http:\/\/guaiaca.ufpel.edu.br:8080\/handle\/123456789\/1654\">http:\/\/guaiaca.ufpel.edu.br:8080\/handle\/123456789\/1654<\/a><\/p>\n<p>2014<\/p>\n<p>COSTA, C. J. S. D. Seu Paulo &#8211; a escrita no barro: um outro sujeito, um sujeito<br \/>\noutro, uma pedagogia outra, uma outra pedagogia. Universidade Federal de Pelotas.<br \/>\nPelotas, p. 166 f. 2014. Dispon\u00edvel em:\u00a0<a href=\"http:\/\/guaiaca.ufpel.edu.br:8080\/handle\/ri\/2811\">http:\/\/guaiaca.ufpel.edu.br:8080\/handle\/ri\/2811<\/a><\/p>\n<p>2015<\/p>\n<p>MARTINO, J. P. Oficinas de Mem\u00f3ria Culin\u00e1ria : pr\u00e1ticas educativas \u2013 entre ler,<br \/>\ncozinhar e escrever. Universidade Federal de Pelotas. Pelotas, p. 110 f. 2015. Dispon\u00edvel em:\u00a0<a href=\"http:\/\/repositorio.ufpel.edu.br:8080\/handle\/prefix\/2913\">http:\/\/repositorio.ufpel.edu.br:8080\/handle\/prefix\/2913<\/a><\/p>\n<p>BARBOSA J\u00daNIOR, H. F. CACIQUES DE UMBANDA EM PELOTAS:<br \/>\nNarrativas, Hist\u00f3rias e Outras Pedagogias. Universidade Federal de Pelotas. Pelotas,<br \/>\np. 101. 2015.\u00a0Dispon\u00edvel em:<\/p>\n<p>2018<\/p>\n<p>MARTINS, Felipe da Silva. \u00c9 pela arte toda, pela hist\u00f3ria de vida: As representa\u00e7\u00f5es da m\u00fasica nas Viv\u00eancias Gri\u00f4 da Mestra Sirley Amaro. 2018. 107f. Disserta\u00e7\u00e3o (Mestrado em Educa\u00e7\u00e3o) &#8211; Programa de P\u00f3s-Gradua\u00e7\u00e3o em Educa\u00e7\u00e3o, Faculdade de Educa\u00e7\u00e3o, Universidade Federal de Pelotas. Pelotas, 2018. Dispon\u00edvel em: <a href=\"http:\/\/guaiaca.ufpel.edu.br:8080\/handle\/prefix\/4388\">http:\/\/guaiaca.ufpel.edu.br:8080\/handle\/prefix\/4388<\/a><\/p>\n<p style=\"text-align: center\"><strong>TESES<\/strong><\/p>\n<p>2017<\/p>\n<p>HAERTER, LeandroNarrativas Quilombolas: outras hist\u00f3rias e pedagogias. 2017. 204p. Tese (Doutorado) &#8211; Programa de P\u00f3s-Gradua\u00e7\u00e3o em Educa\u00e7\u00e3o. Universidade Federal de Pelotas. Pelotas,\u00a02017.\u00a0Dispon\u00edvel em:<\/p>\n<p>PINHEIRO, Cristiano Guedes. Escola Sem Partido (ESP) versus Professores Contra o Escola Sem Partido (PCESP): Tens\u00f5es e discurso nas redes sociais. 2017. 251f. Tese (Doutorado em Educa\u00e7\u00e3o) &#8211;\u00a0Programa de P\u00f3s-Gradua\u00e7\u00e3o em Educa\u00e7\u00e3o. Universidade Federal de Pelotas. Pelotas,\u00a02017.\u00a0Dispon\u00edvel em: <a href=\"https:\/\/professorescontraoescolasempartido.files.wordpress.com\/2018\/02\/pinheiro_esp-vs-pcesp.pdf\">https:\/\/professorescontraoescolasempartido.files.wordpress.com\/2018\/02\/pinheiro_esp-vs-pcesp.pdf<\/a><\/p>\n<p>2018<\/p>\n<p>VARGAS, Vagner de Souza. Dramaturgia da corporeidade: A pedagogia do evento teatral. 2018. 231f. Tese (Doutorado em Educa\u00e7\u00e3o) &#8211; Programa de P\u00f3s-Gradua\u00e7\u00e3o em Educa\u00e7\u00e3o. Universidade Federal de Pelotas. Pelotas, 2017. Dispon\u00edvel em:\u00a0<a href=\"http:\/\/guaiaca.ufpel.edu.br:8080\/handle\/prefix\/4398\">http:\/\/guaiaca.ufpel.edu.br:8080\/handle\/prefix\/4398<\/a><\/p>\n","protected":false},"excerpt":{"rendered":"<p>DISSERTA\u00c7\u00d5ES 2013 PINHEIRO, C. G. Narrativas de educa\u00e7\u00e3o e resist\u00eancia: a pr\u00e1tica popular gri\u00f4 de Dona Sirley. Universidade Federal de Pelotas. Pelotas, p. 130 fls. 2013. Dispon\u00edvel em\u00a0http:\/\/guaiaca.ufpel.edu.br:8080\/handle\/123456789\/1654 2014 COSTA, C. J. S. D. Seu Paulo &#8211; a escrita no &hellip; <a href=\"https:\/\/wp.ufpel.edu.br\/gipnals\/linhas-de-pesquisa\/narrativas-populares\/pesquisas-concluidas\/\">Continue lendo <span class=\"meta-nav\">&rarr;<\/span><\/a><\/p>\n","protected":false},"author":691,"featured_media":0,"parent":162,"menu_order":1,"comment_status":"closed","ping_status":"closed","template":"","meta":{"footnotes":""},"class_list":["post-177","page","type-page","status-publish","hentry"],"jetpack_sharing_enabled":true,"_links":{"self":[{"href":"https:\/\/wp.ufpel.edu.br\/gipnals\/wp-json\/wp\/v2\/pages\/177","targetHints":{"allow":["GET"]}}],"collection":[{"href":"https:\/\/wp.ufpel.edu.br\/gipnals\/wp-json\/wp\/v2\/pages"}],"about":[{"href":"https:\/\/wp.ufpel.edu.br\/gipnals\/wp-json\/wp\/v2\/types\/page"}],"author":[{"embeddable":true,"href":"https:\/\/wp.ufpel.edu.br\/gipnals\/wp-json\/wp\/v2\/users\/691"}],"replies":[{"embeddable":true,"href":"https:\/\/wp.ufpel.edu.br\/gipnals\/wp-json\/wp\/v2\/comments?post=177"}],"version-history":[{"count":11,"href":"https:\/\/wp.ufpel.edu.br\/gipnals\/wp-json\/wp\/v2\/pages\/177\/revisions"}],"predecessor-version":[{"id":451,"href":"https:\/\/wp.ufpel.edu.br\/gipnals\/wp-json\/wp\/v2\/pages\/177\/revisions\/451"}],"up":[{"embeddable":true,"href":"https:\/\/wp.ufpel.edu.br\/gipnals\/wp-json\/wp\/v2\/pages\/162"}],"wp:attachment":[{"href":"https:\/\/wp.ufpel.edu.br\/gipnals\/wp-json\/wp\/v2\/media?parent=177"}],"curies":[{"name":"wp","href":"https:\/\/api.w.org\/{rel}","templated":true}]}}