{"id":162,"date":"2017-10-14T11:29:52","date_gmt":"2017-10-14T14:29:52","guid":{"rendered":"https:\/\/wp.ufpel.edu.br\/gipnals\/?page_id=162"},"modified":"2017-10-14T11:29:52","modified_gmt":"2017-10-14T14:29:52","slug":"narrativas-populares","status":"publish","type":"page","link":"https:\/\/wp.ufpel.edu.br\/gipnals\/linhas-de-pesquisa\/narrativas-populares\/","title":{"rendered":"Narrativas Populares"},"content":{"rendered":"<p>Objetivo: Estabelecer um di\u00e1logo entre diferentes formas de conhecimento: os produzidos pela Universidade e os conhecimentos reconhecidamente populares; fortalecer perspectivas identit\u00e1rias considerando a diversidade como elemento estruturante e discursivo; produzir inova\u00e7\u00f5es pr\u00e1ticas e te\u00f3ricas delineados pelo encontro de diferentes territ\u00f3rios narrativos; solidificar alian\u00e7as que busquem pensar a Universidade e a sociedade como espa\u00e7os dial\u00f3gicos e de transforma\u00e7\u00f5es poss\u00edveis.<br class=\"clear\" \/><br class=\"clear\" \/>Palavras-chave: narrativas populares; mem\u00f3ria; conhecimento no cotidiano; cultura; diversidade.<\/p>\n","protected":false},"excerpt":{"rendered":"<p>Objetivo: Estabelecer um di\u00e1logo entre diferentes formas de conhecimento: os produzidos pela Universidade e os conhecimentos reconhecidamente populares; fortalecer perspectivas identit\u00e1rias considerando a diversidade como elemento estruturante e discursivo; produzir inova\u00e7\u00f5es pr\u00e1ticas e te\u00f3ricas delineados pelo encontro de diferentes territ\u00f3rios &hellip; <a href=\"https:\/\/wp.ufpel.edu.br\/gipnals\/linhas-de-pesquisa\/narrativas-populares\/\">Continue lendo <span class=\"meta-nav\">&rarr;<\/span><\/a><\/p>\n","protected":false},"author":691,"featured_media":0,"parent":12,"menu_order":1,"comment_status":"closed","ping_status":"closed","template":"","meta":{"footnotes":""},"class_list":["post-162","page","type-page","status-publish","hentry"],"jetpack_sharing_enabled":true,"_links":{"self":[{"href":"https:\/\/wp.ufpel.edu.br\/gipnals\/wp-json\/wp\/v2\/pages\/162","targetHints":{"allow":["GET"]}}],"collection":[{"href":"https:\/\/wp.ufpel.edu.br\/gipnals\/wp-json\/wp\/v2\/pages"}],"about":[{"href":"https:\/\/wp.ufpel.edu.br\/gipnals\/wp-json\/wp\/v2\/types\/page"}],"author":[{"embeddable":true,"href":"https:\/\/wp.ufpel.edu.br\/gipnals\/wp-json\/wp\/v2\/users\/691"}],"replies":[{"embeddable":true,"href":"https:\/\/wp.ufpel.edu.br\/gipnals\/wp-json\/wp\/v2\/comments?post=162"}],"version-history":[{"count":1,"href":"https:\/\/wp.ufpel.edu.br\/gipnals\/wp-json\/wp\/v2\/pages\/162\/revisions"}],"predecessor-version":[{"id":164,"href":"https:\/\/wp.ufpel.edu.br\/gipnals\/wp-json\/wp\/v2\/pages\/162\/revisions\/164"}],"up":[{"embeddable":true,"href":"https:\/\/wp.ufpel.edu.br\/gipnals\/wp-json\/wp\/v2\/pages\/12"}],"wp:attachment":[{"href":"https:\/\/wp.ufpel.edu.br\/gipnals\/wp-json\/wp\/v2\/media?parent=162"}],"curies":[{"name":"wp","href":"https:\/\/api.w.org\/{rel}","templated":true}]}}