{"id":16,"date":"2017-03-15T20:56:50","date_gmt":"2017-03-15T23:56:50","guid":{"rendered":"https:\/\/wp.ufpel.edu.br\/gipnals\/?page_id=16"},"modified":"2017-03-20T10:01:24","modified_gmt":"2017-03-20T13:01:24","slug":"publicacoes","status":"publish","type":"page","link":"https:\/\/wp.ufpel.edu.br\/gipnals\/publicacoes\/","title":{"rendered":"Publica\u00e7\u00f5es"},"content":{"rendered":"<p><a href=\"http:\/\/culturadigital.br\/nepec\/files\/2015\/11\/RASTROS-DE-UMA-JUVENTUDE-EM-PASSAGEM-PELO-CAVG.pdf\" target=\"_blank\">Rastros de uma juventude em passagem pelo CAVG<\/a><\/p>\n<p><a href=\"https:\/\/www.academia.edu\/23710196\/Ense%C3%B1o_de_Teatro_Para_Personas_con_S%C3%ADndrome_Down\" target=\"_blank\">Ense\u00f1o de Teatro Para Personas con S\u00edndrome Down<\/a><\/p>\n<p><a href=\"https:\/\/www.academia.edu\/23970347\/History_tellers_the_griots\" target=\"_blank\">History tellers the griots<\/a><\/p>\n<p><a href=\"https:\/\/www.academia.edu\/23612669\/DIVERSIDADE_SEXUAL_di%C3%A1logos_e_pr%C3%A1ticas_na_Universidade_Educa%C3%A7%C3%A3o_e_Cidadania_no_12_2010_\" target=\"_blank\">DIVERSIDADE SEXUAL: di\u00e1logos e pr\u00e1ticas na Universidade <\/a><\/p>\n<p><a href=\"https:\/\/www.academia.edu\/23718350\/A_SOCIOLOGIA_DA_INF%C3%82NCIA_E_OS_DESENHOS_INFANTIS_uma_contribui%C3%A7%C3%A3o_sociol%C3%B3gica_%C3%A0_Educa%C3%A7%C3%A3o\" target=\"_blank\">A SOCIOLOGIA DA INF\u00c2NCIA E OS DESENHOS INFANTIS \u2013 uma contribui\u00e7\u00e3o sociol\u00f3gica \u00e0 Educa\u00e7\u00e3o<\/a><\/p>\n<p><a href=\"https:\/\/www.academia.edu\/16146841\/Por_entre_fronteiras_de_uma_pedagogia_que_pauta_a_educa%C3%A7%C3%A3o_pelas_artes_gingando_saberes_e_pr%C3%A1ticas_populares\" target=\"_blank\">Por entre fronteiras de uma pedagogia que pauta a educa\u00e7\u00e3o pelas artes gingando saberes e pr\u00e1ticas populares<\/a><\/p>\n<p><a href=\"https:\/\/www.academia.edu\/18920315\/O_surrealismo_etnogr%C3%A1fico_e_o_n%C3%B3_cristalogr%C3%A1fico_como_outras_epistemologias_para_a_escrita_e_pesquisa_em_educa%C3%A7%C3%A3o\" target=\"_blank\">O surrealismo etnogr\u00e1fico e o n\u00f3 cristalogr\u00e1fico como outras epistemologias para a escrita e pesquisa em educa\u00e7\u00e3o<\/a><\/p>\n<p><a href=\"https:\/\/www.academia.edu\/16539608\/Theatre_Gender_Diversity_and_Border_Pedagogy\" target=\"_blank\">Theatre, Gender Diversity and Border Pedagogy<\/a><\/p>\n<p><a href=\"https:\/\/www.academia.edu\/30309102\/Encontrando_Brecht_e_Marx_Um_homem_%C3%A9_um_homem\" target=\"_blank\">ENCONTRANDO BRECHT E MARX: UM HOMEM \u00c9 UM HOMEM<\/a><\/p>\n<p><a href=\"https:\/\/www.academia.edu\/16304404\/Texto_e_Contexto_Dramaturgia_Teatral_Educa%C3%A7%C3%A3o_e_Diversidade\" target=\"_blank\">Texto e Contexto: Dramaturgia Teatral, Educa\u00e7\u00e3o e Diversidade<\/a><\/p>\n<p><a href=\"https:\/\/www.academia.edu\/22835922\/Surrealismo_etnogr%C3%A1fico_Base_epistemol%C3%B3gica_para_a_pesquisa_em_artes_c%C3%AAnicas\" target=\"_blank\">Surrealismo etnogr\u00e1fico: Base epistemol\u00f3gica para a pesquisa em artes c\u00eanicas<\/a><\/p>\n<p><a href=\"https:\/\/www.academia.edu\/16304147\/Narrativas_populares_O_griot_e_a_arte_de_contar_hist%C3%B3rias\" target=\"_blank\">Narrativas populares: O griot e a arte de contar hist\u00f3rias<\/a><\/p>\n<p><a href=\"https:\/\/www.academia.edu\/16303891\/A_resist%C3%AAncia_da_oralidade_pela_cultura_Experi%C3%AAncias_e_pr%C3%A1ticas_de_uma_gri%C3%B4\" target=\"_blank\">A resist\u00eancia da oralidade pela cultura: Experi\u00eancias e pr\u00e1ticas de uma gri\u00f4<\/a><\/p>\n<p><a href=\"https:\/\/www.academia.edu\/16147132\/Art_and_Aesthetics_of_Ginga_Boundary_for_the_Future_in_the_in-Between_Places_of_Diversity\" target=\"_blank\">Art and Aesthetics of Ginga: Boundary for the Future in the in-Between Places of Diversity<\/a><\/p>\n<p><a href=\"https:\/\/www.academia.edu\/16146841\/Por_entre_fronteiras_de_uma_pedagogia_que_pauta_a_educa%C3%A7%C3%A3o_pelas_artes_gingando_saberes_e_pr%C3%A1ticas_populares\" target=\"_blank\">Por entre fronteiras de uma pedagogia que pauta a educa\u00e7\u00e3o pelas artes gingando saberes e pr\u00e1ticas populares<\/a><\/p>\n<p><a href=\"https:\/\/www.academia.edu\/26960751\/Outras_Fronteiras_em_Extens%C3%A3o\" target=\"_blank\">Outras Fronteiras em Extens\u00e3o<\/a><\/p>\n<p><a href=\"https:\/\/www.academia.edu\/27734668\/O_teatro_brotando_Margaridas_Sem_Terra_Sementes_de_um_outro_amanh%C3%A3\" target=\"_blank\">O teatro brotando Margaridas Sem Terra: Sementes de um outro amanh\u00e3<\/a><\/p>\n<p><a href=\"https:\/\/www.academia.edu\/16146837\/Teatro_de_fantoches_na_educa%C3%A7%C3%A3o_infantil\" target=\"_blank\">Teatro de fantoches na educa\u00e7\u00e3o infantil<\/a><\/p>\n<p><a href=\"https:\/\/www.academia.edu\/16303461\/Teatro_do_Absurdo_e_o_S%C3%A9culo_XIX\" target=\"_blank\">Teatro do Absurdo e o S\u00e9culo XIX<\/a><\/p>\n<p><a href=\"https:\/\/www.academia.edu\/16303681\/O_Filho_das_Ondas_Lobo_da_Costa_Literatura_e_Teatro_no_S%C3%A9culo_XIX\" target=\"_blank\">O Filho das Ondas: Lobo da Costa, Literatura e Teatro no S\u00e9culo XIX<\/a><\/p>\n<p><a href=\"https:\/\/www.academia.edu\/17280495\/Teatro_sem_fronteiras\" target=\"_blank\">Teatro sem fronteiras<\/a><\/p>\n<p><a href=\"https:\/\/www.academia.edu\/16304742\/Dramaturgia_da_Corporeidade_do_Ator_Proposta_e_Reflex%C3%B5es\" target=\"_blank\">Dramaturgia da Corporeidade do Ator: Proposta e Reflex\u00f5es<\/a><\/p>\n<p><a href=\"https:\/\/www.academia.edu\/16304704\/Po%C3%A9ticas_Perform%C3%A1ticas_da_Voz_Explorando_arqu%C3%A9tipos_vocais_na_corporeidade_do_ator\" target=\"_blank\">Po\u00e9ticas Perform\u00e1ticas da Voz: Explorando arqu\u00e9tipos vocais na corporeidade do ator<\/a><\/p>\n<p><a href=\"https:\/\/www.academia.edu\/30927312\/Teatro_para_discutir_los_movimientos_sociales\" target=\"_blank\">Teatro para discutir los movimientos sociales<\/a><\/p>\n<p><a href=\"https:\/\/www.academia.edu\/20309940\/Antropologia_Teatral_como_Metodologia_para_o_Ensino_de_Teatro_em_Escola_Regular\" target=\"_blank\">Antropologia Teatral como Metodologia para o Ensino de Teatro em Escola Regular<\/a><\/p>\n<p><a href=\"https:\/\/www.academia.edu\/19806368\/Ensinando_dramaturgia_teatral_para_discutir_educa%C3%A7%C3%A3o_e_diversidade_de_g%C3%AAnero\" target=\"_blank\">Ensinando dramaturgia teatral para discutir educa\u00e7\u00e3o e diversidade de g\u00eanero<\/a><\/p>\n<p><a href=\"https:\/\/www.academia.edu\/16304488\/Ensino_de_Ilumina%C3%A7%C3%A3o_C%C3%AAnica_em_Institui%C3%A7%C3%A3o_de_Educa%C3%A7%C3%A3o_Tecnol%C3%B3gica_Uma_Abordagem_Teatral\" target=\"_blank\">Ensino de Ilumina\u00e7\u00e3o C\u00eanica em Institui\u00e7\u00e3o de Educa\u00e7\u00e3o Tecnol\u00f3gica: Uma Abordagem Teatral<\/a><\/p>\n<p><a href=\"https:\/\/www.academia.edu\/30382438\/As_imagens_das_palavras_na_prepara%C3%A7%C3%A3o_de_atores_para_cinema\" target=\"_blank\">As imagens das palavras na prepara\u00e7\u00e3o de atores para cinema<\/a><\/p>\n<p><a href=\"https:\/\/www.academia.edu\/16304065\/The_Daily_Masks_and_Socially_Sensitive_Identity_An_Ethical_and_Aesthetical_Proposal_for_Education_in_Brazil\" target=\"_blank\">The Daily Masks and Socially Sensitive Identity: An Ethical and Aesthetical Proposal for Education in Brazil<\/a><\/p>\n<p><a href=\"https:\/\/www.academia.edu\/30733014\/O_professor_e_o_arm%C3%A1rio_lugares_de_saber_poder_e_resist%C3%AAncia_na_escola\" target=\"_blank\">O professor e o arm\u00e1rio: lugares de saber, poder e resist\u00eancia na escola<\/a><\/p>\n","protected":false},"excerpt":{"rendered":"<p>Rastros de uma juventude em passagem pelo CAVG Ense\u00f1o de Teatro Para Personas con S\u00edndrome Down History tellers the griots DIVERSIDADE SEXUAL: di\u00e1logos e pr\u00e1ticas na Universidade A SOCIOLOGIA DA INF\u00c2NCIA E OS DESENHOS INFANTIS \u2013 uma contribui\u00e7\u00e3o sociol\u00f3gica \u00e0 &hellip; <a href=\"https:\/\/wp.ufpel.edu.br\/gipnals\/publicacoes\/\">Continue lendo <span class=\"meta-nav\">&rarr;<\/span><\/a><\/p>\n","protected":false},"author":691,"featured_media":0,"parent":0,"menu_order":4,"comment_status":"closed","ping_status":"closed","template":"","meta":{"footnotes":""},"class_list":["post-16","page","type-page","status-publish","hentry"],"jetpack_sharing_enabled":true,"_links":{"self":[{"href":"https:\/\/wp.ufpel.edu.br\/gipnals\/wp-json\/wp\/v2\/pages\/16","targetHints":{"allow":["GET"]}}],"collection":[{"href":"https:\/\/wp.ufpel.edu.br\/gipnals\/wp-json\/wp\/v2\/pages"}],"about":[{"href":"https:\/\/wp.ufpel.edu.br\/gipnals\/wp-json\/wp\/v2\/types\/page"}],"author":[{"embeddable":true,"href":"https:\/\/wp.ufpel.edu.br\/gipnals\/wp-json\/wp\/v2\/users\/691"}],"replies":[{"embeddable":true,"href":"https:\/\/wp.ufpel.edu.br\/gipnals\/wp-json\/wp\/v2\/comments?post=16"}],"version-history":[{"count":15,"href":"https:\/\/wp.ufpel.edu.br\/gipnals\/wp-json\/wp\/v2\/pages\/16\/revisions"}],"predecessor-version":[{"id":79,"href":"https:\/\/wp.ufpel.edu.br\/gipnals\/wp-json\/wp\/v2\/pages\/16\/revisions\/79"}],"wp:attachment":[{"href":"https:\/\/wp.ufpel.edu.br\/gipnals\/wp-json\/wp\/v2\/media?parent=16"}],"curies":[{"name":"wp","href":"https:\/\/api.w.org\/{rel}","templated":true}]}}