{"id":149,"date":"2017-10-14T11:25:22","date_gmt":"2017-10-14T14:25:22","guid":{"rendered":"https:\/\/wp.ufpel.edu.br\/gipnals\/?page_id=149"},"modified":"2020-04-29T12:28:26","modified_gmt":"2020-04-29T15:28:26","slug":"dissertacoes","status":"publish","type":"page","link":"https:\/\/wp.ufpel.edu.br\/gipnals\/publicacoes\/dissertacoes\/","title":{"rendered":"Disserta\u00e7\u00f5es"},"content":{"rendered":"<p>2013<\/p>\n<p>PINHEIRO, C. G. Narrativas de educa\u00e7\u00e3o e resist\u00eancia: a pr\u00e1tica popular gri\u00f4 de<br \/>\nDona Sirley. Universidade Federal de Pelotas. Pelotas, p. 130 fls. 2013. Dispon\u00edvel em\u00a0<a href=\"http:\/\/guaiaca.ufpel.edu.br:8080\/handle\/123456789\/1654\">http:\/\/guaiaca.ufpel.edu.br:8080\/handle\/123456789\/1654<\/a><\/p>\n<p>2014<\/p>\n<p>COSTA, C. J. S. D. Seu Paulo &#8211; a escrita no barro: um outro sujeito, um sujeito<br \/>\noutro, uma pedagogia outra, uma outra pedagogia. Universidade Federal de Pelotas.<br \/>\nPelotas, p. 166 f. 2014. Dispon\u00edvel em:\u00a0<a href=\"http:\/\/guaiaca.ufpel.edu.br:8080\/handle\/ri\/2811\">http:\/\/guaiaca.ufpel.edu.br:8080\/handle\/ri\/2811<\/a><\/p>\n<p style=\"text-align: justify\">BORDIN, Francine Borges. \u201cN\u00e3o \u00e9 de verdade, \u00e9 s\u00f3 um desenho\u201d: de que nos falam os desenhos infantis? 2014. 172 f. Disserta\u00e7\u00e3o (Mestrado em Educa\u00e7\u00e3o) &#8211; Faculdade de Educa\u00e7\u00e3o, Universidade Federal de Pelotas, Pelotas, 2014. Dispon\u00edvel em:\u00a0<a href=\"http:\/\/guaiaca.ufpel.edu.br:8080\/handle\/ri\/2808\">http:\/\/guaiaca.ufpel.edu.br:8080\/handle\/ri\/2808<\/a><\/p>\n<p style=\"text-align: justify\">ALVES, Joice do Prado. Cinema, educa\u00e7\u00e3o e morte: quando a inf\u00e2ncia encontra a guerra. 2014. 219 f. Disserta\u00e7\u00e3o (Mestrado em Educa\u00e7\u00e3o) &#8211; Faculdade de Educa\u00e7\u00e3o, Universidade Federal de Pelotas, Pelotas, 2014. Dispon\u00edvel em:\u00a0<a href=\"http:\/\/guaiaca.ufpel.edu.br:8080\/handle\/ri\/2802\">http:\/\/guaiaca.ufpel.edu.br:8080\/handle\/ri\/2802<\/a><\/p>\n<p>2015<\/p>\n<p>MARTINO, J. P. Oficinas de Mem\u00f3ria Culin\u00e1ria : pr\u00e1ticas educativas \u2013 entre ler,<br \/>\ncozinhar e escrever. Universidade Federal de Pelotas. Pelotas, p. 110 f. 2015. Dispon\u00edvel em:\u00a0<a href=\"http:\/\/repositorio.ufpel.edu.br:8080\/handle\/prefix\/2913\">http:\/\/repositorio.ufpel.edu.br:8080\/handle\/prefix\/2913<\/a><\/p>\n<p>BARBOSA J\u00daNIOR, H. F. CACIQUES DE UMBANDA EM PELOTAS:<br \/>\nNarrativas, Hist\u00f3rias e Outras Pedagogias. Universidade Federal de Pelotas. Pelotas,<br \/>\np. 101. 2015.\u00a0Dispon\u00edvel em:<\/p>\n<p>2018<\/p>\n<p>MARTINS, Felipe da Silva. \u00c9 pela arte toda, pela hist\u00f3ria de vida: As representa\u00e7\u00f5es da m\u00fasica nas Viv\u00eancias Gri\u00f4 da Mestra Sirley Amaro. 2018. 107f. Disserta\u00e7\u00e3o (Mestrado em Educa\u00e7\u00e3o) &#8211; Programa de P\u00f3s-Gradua\u00e7\u00e3o em Educa\u00e7\u00e3o, Faculdade de Educa\u00e7\u00e3o, Universidade Federal de Pelotas. Pelotas, 2018. Dispon\u00edvel em: <a href=\"http:\/\/guaiaca.ufpel.edu.br:8080\/handle\/prefix\/4388\">http:\/\/guaiaca.ufpel.edu.br:8080\/handle\/prefix\/4388<\/a><\/p>\n<p>KOHLS, Tatiani M\u00fcller. Tramando sonhos: inf\u00e2ncias e representa\u00e7\u00f5es. 2018. 130f. Disserta\u00e7\u00e3o (Mestrado em Educa\u00e7\u00e3o) &#8211;\u00a0Programa de P\u00f3s-Gradua\u00e7\u00e3o em Educa\u00e7\u00e3o. Universidade Federal de Pelotas. Pelotas,\u00a02018.\u00a0Dispon\u00edvel em:<a href=\"http:\/\/guaiaca.ufpel.edu.br:8080\/handle\/prefix\/4383\">http:\/\/guaiaca.ufpel.edu.br:8080\/handle\/prefix\/4383<\/a><\/p>\n<p>&nbsp;<\/p>\n","protected":false},"excerpt":{"rendered":"<p>2013 PINHEIRO, C. G. Narrativas de educa\u00e7\u00e3o e resist\u00eancia: a pr\u00e1tica popular gri\u00f4 de Dona Sirley. Universidade Federal de Pelotas. Pelotas, p. 130 fls. 2013. Dispon\u00edvel em\u00a0http:\/\/guaiaca.ufpel.edu.br:8080\/handle\/123456789\/1654 2014 COSTA, C. J. S. D. Seu Paulo &#8211; a escrita no barro: &hellip; <a href=\"https:\/\/wp.ufpel.edu.br\/gipnals\/publicacoes\/dissertacoes\/\">Continue lendo <span class=\"meta-nav\">&rarr;<\/span><\/a><\/p>\n","protected":false},"author":691,"featured_media":0,"parent":16,"menu_order":4,"comment_status":"closed","ping_status":"closed","template":"","meta":{"footnotes":""},"class_list":["post-149","page","type-page","status-publish","hentry"],"jetpack_sharing_enabled":true,"_links":{"self":[{"href":"https:\/\/wp.ufpel.edu.br\/gipnals\/wp-json\/wp\/v2\/pages\/149","targetHints":{"allow":["GET"]}}],"collection":[{"href":"https:\/\/wp.ufpel.edu.br\/gipnals\/wp-json\/wp\/v2\/pages"}],"about":[{"href":"https:\/\/wp.ufpel.edu.br\/gipnals\/wp-json\/wp\/v2\/types\/page"}],"author":[{"embeddable":true,"href":"https:\/\/wp.ufpel.edu.br\/gipnals\/wp-json\/wp\/v2\/users\/691"}],"replies":[{"embeddable":true,"href":"https:\/\/wp.ufpel.edu.br\/gipnals\/wp-json\/wp\/v2\/comments?post=149"}],"version-history":[{"count":4,"href":"https:\/\/wp.ufpel.edu.br\/gipnals\/wp-json\/wp\/v2\/pages\/149\/revisions"}],"predecessor-version":[{"id":450,"href":"https:\/\/wp.ufpel.edu.br\/gipnals\/wp-json\/wp\/v2\/pages\/149\/revisions\/450"}],"up":[{"embeddable":true,"href":"https:\/\/wp.ufpel.edu.br\/gipnals\/wp-json\/wp\/v2\/pages\/16"}],"wp:attachment":[{"href":"https:\/\/wp.ufpel.edu.br\/gipnals\/wp-json\/wp\/v2\/media?parent=149"}],"curies":[{"name":"wp","href":"https:\/\/api.w.org\/{rel}","templated":true}]}}