{"id":146,"date":"2017-10-14T11:24:44","date_gmt":"2017-10-14T14:24:44","guid":{"rendered":"https:\/\/wp.ufpel.edu.br\/gipnals\/?page_id=146"},"modified":"2020-04-29T11:59:17","modified_gmt":"2020-04-29T14:59:17","slug":"teses","status":"publish","type":"page","link":"https:\/\/wp.ufpel.edu.br\/gipnals\/publicacoes\/teses\/","title":{"rendered":"Teses"},"content":{"rendered":"<p>2017<\/p>\n<p>HAERTER, LeandroNarrativas Quilombolas: outras hist\u00f3rias e pedagogias. 2017. 204p. Tese (Doutorado) &#8211; Programa de P\u00f3s-Gradua\u00e7\u00e3o em Educa\u00e7\u00e3o. Universidade Federal de Pelotas. Pelotas,\u00a02017.\u00a0Dispon\u00edvel em:<\/p>\n<p>PINHEIRO, Cristiano Guedes. Escola Sem Partido (ESP) versus Professores Contra o Escola Sem Partido (PCESP): Tens\u00f5es e discurso nas redes sociais. 2017. 251f. Tese (Doutorado em Educa\u00e7\u00e3o) &#8211;\u00a0Programa de P\u00f3s-Gradua\u00e7\u00e3o em Educa\u00e7\u00e3o. Universidade Federal de Pelotas. Pelotas,\u00a02017.\u00a0Dispon\u00edvel em: <a href=\"https:\/\/professorescontraoescolasempartido.files.wordpress.com\/2018\/02\/pinheiro_esp-vs-pcesp.pdf\">https:\/\/professorescontraoescolasempartido.files.wordpress.com\/2018\/02\/pinheiro_esp-vs-pcesp.pdf<\/a><\/p>\n<p>DUARTE, K. S. Educa\u00e7\u00e3o Desordeira: po\u00e9ticas das inf\u00e2ncias em videoarte.<br \/>\nUniversidade Federal de Pelotas. Pelotas, p. 149 fls. 2017. Dispon\u00edvel em:<\/p>\n<p>2018<\/p>\n<p>VARGAS, Vagner de Souza. Dramaturgia da corporeidade: A pedagogia do evento teatral. 2018. 231f. Tese (Doutorado em Educa\u00e7\u00e3o) &#8211; Programa de P\u00f3s-Gradua\u00e7\u00e3o em Educa\u00e7\u00e3o. Universidade Federal de Pelotas. Pelotas, 2017. Dispon\u00edvel em:\u00a0<a href=\"http:\/\/guaiaca.ufpel.edu.br:8080\/handle\/prefix\/4398\">http:\/\/guaiaca.ufpel.edu.br:8080\/handle\/prefix\/4398<\/a><\/p>\n<p>RIBEIRO, Angelita Soares. Imagens embriagadas &#8211; A cruzada das crian\u00e7as &#8211; Barb\u00e1rie e reencantamento do mundo. 2018. 143f. Tese (Doutorado em Educa\u00e7\u00e3o)\u00a0Programa de P\u00f3s-Gradua\u00e7\u00e3o em Educa\u00e7\u00e3o. Universidade Federal de Pelotas. Pelotas,\u00a02018.\u00a0Dispon\u00edvel em:<a href=\"http:\/\/guaiaca.ufpel.edu.br:8080\/handle\/prefix\/4424\">http:\/\/guaiaca.ufpel.edu.br:8080\/handle\/prefix\/4424<\/a><\/p>\n","protected":false},"excerpt":{"rendered":"<p>2017 HAERTER, LeandroNarrativas Quilombolas: outras hist\u00f3rias e pedagogias. 2017. 204p. Tese (Doutorado) &#8211; Programa de P\u00f3s-Gradua\u00e7\u00e3o em Educa\u00e7\u00e3o. Universidade Federal de Pelotas. Pelotas,\u00a02017.\u00a0Dispon\u00edvel em: PINHEIRO, Cristiano Guedes. Escola Sem Partido (ESP) versus Professores Contra o Escola Sem Partido (PCESP): Tens\u00f5es &hellip; <a href=\"https:\/\/wp.ufpel.edu.br\/gipnals\/publicacoes\/teses\/\">Continue lendo <span class=\"meta-nav\">&rarr;<\/span><\/a><\/p>\n","protected":false},"author":691,"featured_media":0,"parent":16,"menu_order":3,"comment_status":"closed","ping_status":"closed","template":"","meta":{"footnotes":""},"class_list":["post-146","page","type-page","status-publish","hentry"],"jetpack_sharing_enabled":true,"_links":{"self":[{"href":"https:\/\/wp.ufpel.edu.br\/gipnals\/wp-json\/wp\/v2\/pages\/146","targetHints":{"allow":["GET"]}}],"collection":[{"href":"https:\/\/wp.ufpel.edu.br\/gipnals\/wp-json\/wp\/v2\/pages"}],"about":[{"href":"https:\/\/wp.ufpel.edu.br\/gipnals\/wp-json\/wp\/v2\/types\/page"}],"author":[{"embeddable":true,"href":"https:\/\/wp.ufpel.edu.br\/gipnals\/wp-json\/wp\/v2\/users\/691"}],"replies":[{"embeddable":true,"href":"https:\/\/wp.ufpel.edu.br\/gipnals\/wp-json\/wp\/v2\/comments?post=146"}],"version-history":[{"count":3,"href":"https:\/\/wp.ufpel.edu.br\/gipnals\/wp-json\/wp\/v2\/pages\/146\/revisions"}],"predecessor-version":[{"id":449,"href":"https:\/\/wp.ufpel.edu.br\/gipnals\/wp-json\/wp\/v2\/pages\/146\/revisions\/449"}],"up":[{"embeddable":true,"href":"https:\/\/wp.ufpel.edu.br\/gipnals\/wp-json\/wp\/v2\/pages\/16"}],"wp:attachment":[{"href":"https:\/\/wp.ufpel.edu.br\/gipnals\/wp-json\/wp\/v2\/media?parent=146"}],"curies":[{"name":"wp","href":"https:\/\/api.w.org\/{rel}","templated":true}]}}