{"id":12,"date":"2017-03-15T20:56:33","date_gmt":"2017-03-15T23:56:33","guid":{"rendered":"https:\/\/wp.ufpel.edu.br\/gipnals\/?page_id=12"},"modified":"2017-10-14T10:29:37","modified_gmt":"2017-10-14T13:29:37","slug":"linhas-de-pesquisa","status":"publish","type":"page","link":"https:\/\/wp.ufpel.edu.br\/gipnals\/linhas-de-pesquisa\/","title":{"rendered":"Linhas de Pesquisa"},"content":{"rendered":"<div class=\"layout-cell layout-cell-9\">\n<div class=\"layout-cell-pad-5\"><\/div>\n<\/div>\n<div class=\"layout-cell layout-cell-9\">\n<div class=\"layout-cell-pad-5\"><\/div>\n<\/div>\n<div class=\"layout-cell layout-cell-9\">\n<div class=\"layout-cell-pad-5\"><strong>Narrativas Populares<\/strong><\/div>\n<\/div>\n<div class=\"layout-cell layout-cell-3 text-align-right\">\n<div class=\"layout-cell-pad-5 text-align-right\"><b>\u00a0<\/b><\/div>\n<\/div>\n<div class=\"layout-cell layout-cell-9\">\n<div class=\"layout-cell-pad-5\">Objetivo: Estabelecer um di\u00e1logo entre diferentes formas de conhecimento: os produzidos pela Universidade e os conhecimentos reconhecidamente populares; fortalecer perspectivas identit\u00e1rias considerando a diversidade como elemento estruturante e discursivo; produzir inova\u00e7\u00f5es pr\u00e1ticas e te\u00f3ricas delineados pelo encontro de diferentes territ\u00f3rios narrativos; solidificar alian\u00e7as que busquem pensar a Universidade e a sociedade como espa\u00e7os dial\u00f3gicos e de transforma\u00e7\u00f5es poss\u00edveis.<br class=\"clear\" \/><br class=\"clear\" \/>Palavras-chave: narrativas populares; mem\u00f3ria; conhecimento no cotidiano; cultura; diversidade.<\/div>\n<div class=\"layout-cell-pad-5\"><\/div>\n<\/div>\n<p>&nbsp;<\/p>\n<div class=\"layout-cell layout-cell-9\">\n<div class=\"layout-cell-pad-5\"><strong>Inf\u00e2ncias e Narrativas<\/strong><\/div>\n<\/div>\n<div class=\"layout-cell layout-cell-3 text-align-right\">\n<div class=\"layout-cell-pad-5 text-align-right\"><b>\u00a0<\/b><\/div>\n<\/div>\n<div class=\"layout-cell layout-cell-9\">\n<div class=\"layout-cell-pad-5\">Objetivo: Objetiva apreender as diferentes narrativas da inf\u00e2ncia enquanto representa\u00e7\u00f5es sociais e culturalmente produzidas. Confere um tratamento da inf\u00e2ncia como critica da cultura. Utilizando-se para tanto das contribui\u00e7\u00f5es de autores como Walter Benjamin, Lev Vygotsky e Mikhail Bakhtin.. <br class=\"clear\" \/><br class=\"clear\" \/>Palavras-chave: inf\u00e2ncia; narrativa; cultura<\/div>\n<\/div>\n","protected":false},"excerpt":{"rendered":"<p>Narrativas Populares \u00a0 Objetivo: Estabelecer um di\u00e1logo entre diferentes formas de conhecimento: os produzidos pela Universidade e os conhecimentos reconhecidamente populares; fortalecer perspectivas identit\u00e1rias considerando a diversidade como elemento estruturante e discursivo; produzir inova\u00e7\u00f5es pr\u00e1ticas e te\u00f3ricas delineados pelo encontro &hellip; <a href=\"https:\/\/wp.ufpel.edu.br\/gipnals\/linhas-de-pesquisa\/\">Continue lendo <span class=\"meta-nav\">&rarr;<\/span><\/a><\/p>\n","protected":false},"author":691,"featured_media":0,"parent":0,"menu_order":3,"comment_status":"closed","ping_status":"closed","template":"","meta":{"footnotes":""},"class_list":["post-12","page","type-page","status-publish","hentry"],"jetpack_sharing_enabled":true,"_links":{"self":[{"href":"https:\/\/wp.ufpel.edu.br\/gipnals\/wp-json\/wp\/v2\/pages\/12","targetHints":{"allow":["GET"]}}],"collection":[{"href":"https:\/\/wp.ufpel.edu.br\/gipnals\/wp-json\/wp\/v2\/pages"}],"about":[{"href":"https:\/\/wp.ufpel.edu.br\/gipnals\/wp-json\/wp\/v2\/types\/page"}],"author":[{"embeddable":true,"href":"https:\/\/wp.ufpel.edu.br\/gipnals\/wp-json\/wp\/v2\/users\/691"}],"replies":[{"embeddable":true,"href":"https:\/\/wp.ufpel.edu.br\/gipnals\/wp-json\/wp\/v2\/comments?post=12"}],"version-history":[{"count":6,"href":"https:\/\/wp.ufpel.edu.br\/gipnals\/wp-json\/wp\/v2\/pages\/12\/revisions"}],"predecessor-version":[{"id":112,"href":"https:\/\/wp.ufpel.edu.br\/gipnals\/wp-json\/wp\/v2\/pages\/12\/revisions\/112"}],"wp:attachment":[{"href":"https:\/\/wp.ufpel.edu.br\/gipnals\/wp-json\/wp\/v2\/media?parent=12"}],"curies":[{"name":"wp","href":"https:\/\/api.w.org\/{rel}","templated":true}]}}