{"id":506,"date":"2025-08-11T15:44:43","date_gmt":"2025-08-11T18:44:43","guid":{"rendered":"https:\/\/wp.ufpel.edu.br\/gipep\/?page_id=506"},"modified":"2026-03-05T15:57:12","modified_gmt":"2026-03-05T18:57:12","slug":"eventos-2025","status":"publish","type":"page","link":"https:\/\/wp.ufpel.edu.br\/gipep\/eventos\/eventos-2025\/","title":{"rendered":"Eventos 2025"},"content":{"rendered":"<h4>42\u00aa Reuni\u00e3o Nacional da ANPed<\/h4>\n<table class=\"aligncenter\" border=\"0\">\n<tbody>\n<tr>\n<td><a href=\"https:\/\/nacionais.anped.org.br\/42\/\" target=\"_blank\" rel=\"noopener\"><img loading=\"lazy\" decoding=\"async\" class=\"alignnone wp-image-607 size-medium\" src=\"https:\/\/wp.ufpel.edu.br\/gipep\/files\/2026\/03\/anped-400x244.png\" alt=\"\" width=\"400\" height=\"244\" srcset=\"https:\/\/wp.ufpel.edu.br\/gipep\/files\/2026\/03\/anped-400x244.png 400w, https:\/\/wp.ufpel.edu.br\/gipep\/files\/2026\/03\/anped-768x468.png 768w, https:\/\/wp.ufpel.edu.br\/gipep\/files\/2026\/03\/anped.png 800w\" sizes=\"auto, (max-width: 400px) 100vw, 400px\" \/><\/a><\/td>\n<td style=\"vertical-align: middle;\">\n<h4>26 a 30 de Outubro de 2025<\/h4>\n<p><strong>Universidade Federal da Para\u00edba &#8211; Jo\u00e3o Pessoa &#8211; Para\u00edba<\/strong><\/td>\n<\/tr>\n<\/tbody>\n<\/table>\n<h4><\/h4>\n<p>&nbsp;<\/p>\n<h4><\/h4>\n<p>&nbsp;<\/p>\n<h4 style=\"text-align: left;\">VII Congresso Brasileiro De Alfabetiza\u00e7\u00e3o \u2013 CONBALF<\/h4>\n<table class=\"aligncenter\" style=\"width: 100%; border-collapse: collapse;\" border=\"0\">\n<tbody>\n<tr>\n<td style=\"width: 50%;\"><a href=\"https:\/\/www.7conbalf.com.br\/\" target=\"_blank\" rel=\"noopener\"><img loading=\"lazy\" decoding=\"async\" class=\"alignnone size-medium wp-image-560\" src=\"https:\/\/wp.ufpel.edu.br\/gipep\/files\/2026\/03\/conbalf-e1772713185392-400x194.png\" alt=\"\" width=\"400\" height=\"194\" srcset=\"https:\/\/wp.ufpel.edu.br\/gipep\/files\/2026\/03\/conbalf-e1772713185392-400x194.png 400w, https:\/\/wp.ufpel.edu.br\/gipep\/files\/2026\/03\/conbalf-e1772713185392.avif 597w\" sizes=\"auto, (max-width: 400px) 100vw, 400px\" \/><\/a><\/td>\n<td style=\"width: 50%; vertical-align: middle;\">\n<h4>21 a 23 de Julho de 2025<\/h4>\n<p><strong>Universidade Federal de S\u00e3o Paulo<\/strong><\/td>\n<\/tr>\n<\/tbody>\n<\/table>\n<h4><\/h4>\n<p>&nbsp;<\/p>\n<p>&nbsp;<\/p>\n<h4>XIV Encontro Internacional da REDESTRADO<\/h4>\n<table class=\"aligncenter\" border=\"0\">\n<tbody>\n<tr>\n<td><a href=\"https:\/\/redeestrado.uneb.br\/\" target=\"_blank\" rel=\"noopener\"><img loading=\"lazy\" decoding=\"async\" class=\"alignnone wp-image-555 size-medium\" src=\"https:\/\/wp.ufpel.edu.br\/gipep\/files\/2026\/03\/Imagemdosite-XIVRedeEstrado.69633edc93924672a915-400x160.webp\" alt=\"\" width=\"400\" height=\"160\" srcset=\"https:\/\/wp.ufpel.edu.br\/gipep\/files\/2026\/03\/Imagemdosite-XIVRedeEstrado.69633edc93924672a915-400x160.webp 400w, https:\/\/wp.ufpel.edu.br\/gipep\/files\/2026\/03\/Imagemdosite-XIVRedeEstrado.69633edc93924672a915-1024x410.webp 1024w, https:\/\/wp.ufpel.edu.br\/gipep\/files\/2026\/03\/Imagemdosite-XIVRedeEstrado.69633edc93924672a915-768x307.webp 768w, https:\/\/wp.ufpel.edu.br\/gipep\/files\/2026\/03\/Imagemdosite-XIVRedeEstrado.69633edc93924672a915-885x354.webp 885w, https:\/\/wp.ufpel.edu.br\/gipep\/files\/2026\/03\/Imagemdosite-XIVRedeEstrado.69633edc93924672a915.webp 1100w\" sizes=\"auto, (max-width: 400px) 100vw, 400px\" \/><\/a><\/td>\n<td style=\"vertical-align: middle;\">\n<h4>11 a 14 de Novembro de 2025<\/h4>\n<p><strong>Universidade do Estado da Bahia &#8211; Salvador &#8211; Bahia<\/strong><\/td>\n<\/tr>\n<\/tbody>\n<\/table>\n<p>&nbsp;<\/p>\n<p>&nbsp;<\/p>\n<p>&nbsp;<\/p>\n<h4>VIII Congresso Internacional Educa\u00e7\u00e3o Ambiental dos Pa\u00edses e Comunidades de L\u00edngua Portuguesa<\/h4>\n<table class=\"aligncenter\" border=\"0\">\n<tbody>\n<tr>\n<td><a href=\"https:\/\/ealusofono.org\/\" target=\"_blank\" rel=\"noopener\"><img loading=\"lazy\" decoding=\"async\" class=\"alignnone wp-image-552 size-medium\" src=\"https:\/\/wp.ufpel.edu.br\/gipep\/files\/2026\/03\/VIII-Congresso-Internacional-Educacao-Ambiental-d-_UTF-8_Q_os_PaC3ADses_e_Comunidades_de_LC3ADngua_Portuguesa-e1772713059897-400x135.jpg\" alt=\"\" width=\"400\" height=\"135\" srcset=\"https:\/\/wp.ufpel.edu.br\/gipep\/files\/2026\/03\/VIII-Congresso-Internacional-Educacao-Ambiental-d-_UTF-8_Q_os_PaC3ADses_e_Comunidades_de_LC3ADngua_Portuguesa-e1772713059897-400x135.jpg 400w, https:\/\/wp.ufpel.edu.br\/gipep\/files\/2026\/03\/VIII-Congresso-Internacional-Educacao-Ambiental-d-_UTF-8_Q_os_PaC3ADses_e_Comunidades_de_LC3ADngua_Portuguesa-e1772713059897-768x260.jpg 768w, https:\/\/wp.ufpel.edu.br\/gipep\/files\/2026\/03\/VIII-Congresso-Internacional-Educacao-Ambiental-d-_UTF-8_Q_os_PaC3ADses_e_Comunidades_de_LC3ADngua_Portuguesa-e1772713059897-885x299.jpg 885w, https:\/\/wp.ufpel.edu.br\/gipep\/files\/2026\/03\/VIII-Congresso-Internacional-Educacao-Ambiental-d-_UTF-8_Q_os_PaC3ADses_e_Comunidades_de_LC3ADngua_Portuguesa-e1772713059897.jpg 970w\" sizes=\"auto, (max-width: 400px) 100vw, 400px\" \/><\/a><\/td>\n<td style=\"vertical-align: middle;\">\n<h4>21 a 25 de Julho de 2025<\/h4>\n<p><strong>Funda\u00e7\u00e3o Matias Machline &#8211; Manaus &#8211; Amazonas<\/strong><\/td>\n<\/tr>\n<\/tbody>\n<\/table>\n<p>&nbsp;<\/p>\n<p>&nbsp;<\/p>\n<p>&nbsp;<\/p>\n<h4>11\u00aa Semana Integrada de Inova\u00e7\u00e3o, Ensino, Pesquisa e Extens\u00e3o &#8211; SIIEPE | UFPel<\/h4>\n<table class=\"aligncenter\" border=\"0\">\n<tbody>\n<tr>\n<td><a href=\"https:\/\/wp.ufpel.edu.br\/siiepe\/\" target=\"_blank\" rel=\"noopener\"><img loading=\"lazy\" decoding=\"async\" class=\"alignnone wp-image-610 size-medium\" src=\"https:\/\/wp.ufpel.edu.br\/gipep\/files\/2026\/03\/siiepe-e1772737008532-400x324.png\" alt=\"\" width=\"400\" height=\"324\" srcset=\"https:\/\/wp.ufpel.edu.br\/gipep\/files\/2026\/03\/siiepe-e1772737008532-400x324.png 400w, https:\/\/wp.ufpel.edu.br\/gipep\/files\/2026\/03\/siiepe-e1772737008532.png 514w\" sizes=\"auto, (max-width: 400px) 100vw, 400px\" \/><\/a><\/td>\n<td style=\"vertical-align: middle;\">\n<h4>20 a 24 de Outubro de 2025<\/h4>\n<p><strong>Universidade Federal de Pelotas\u00a0<\/strong><\/td>\n<\/tr>\n<\/tbody>\n<\/table>\n<p>&nbsp;<\/p>\n","protected":false},"excerpt":{"rendered":"<p>42\u00aa Reuni\u00e3o Nacional da ANPed 26 a 30 de Outubro de 2025 Universidade Federal da Para\u00edba &#8211; Jo\u00e3o Pessoa &#8211; Para\u00edba &nbsp; &nbsp; VII Congresso Brasileiro De Alfabetiza\u00e7\u00e3o \u2013 CONBALF 21 a 23 de Julho de 2025 Universidade Federal de S\u00e3o Paulo &nbsp; &nbsp; XIV Encontro Internacional da REDESTRADO 11 a 14 de Novembro de &hellip; <\/p>\n<p><a class=\"more-link btn\" href=\"https:\/\/wp.ufpel.edu.br\/gipep\/eventos\/eventos-2025\/\">Continue lendo<\/a><\/p>\n","protected":false},"author":1355,"featured_media":0,"parent":16,"menu_order":0,"comment_status":"closed","ping_status":"closed","template":"","meta":{"footnotes":""},"class_list":["post-506","page","type-page","status-publish","hentry","nodate","item-wrap"],"_links":{"self":[{"href":"https:\/\/wp.ufpel.edu.br\/gipep\/wp-json\/wp\/v2\/pages\/506","targetHints":{"allow":["GET"]}}],"collection":[{"href":"https:\/\/wp.ufpel.edu.br\/gipep\/wp-json\/wp\/v2\/pages"}],"about":[{"href":"https:\/\/wp.ufpel.edu.br\/gipep\/wp-json\/wp\/v2\/types\/page"}],"author":[{"embeddable":true,"href":"https:\/\/wp.ufpel.edu.br\/gipep\/wp-json\/wp\/v2\/users\/1355"}],"replies":[{"embeddable":true,"href":"https:\/\/wp.ufpel.edu.br\/gipep\/wp-json\/wp\/v2\/comments?post=506"}],"version-history":[{"count":2,"href":"https:\/\/wp.ufpel.edu.br\/gipep\/wp-json\/wp\/v2\/pages\/506\/revisions"}],"predecessor-version":[{"id":614,"href":"https:\/\/wp.ufpel.edu.br\/gipep\/wp-json\/wp\/v2\/pages\/506\/revisions\/614"}],"up":[{"embeddable":true,"href":"https:\/\/wp.ufpel.edu.br\/gipep\/wp-json\/wp\/v2\/pages\/16"}],"wp:attachment":[{"href":"https:\/\/wp.ufpel.edu.br\/gipep\/wp-json\/wp\/v2\/media?parent=506"}],"curies":[{"name":"wp","href":"https:\/\/api.w.org\/{rel}","templated":true}]}}