{"id":18,"date":"2024-08-25T21:09:23","date_gmt":"2024-08-26T00:09:23","guid":{"rendered":"https:\/\/wp.ufpel.edu.br\/gipep\/?page_id=18"},"modified":"2026-03-11T17:02:26","modified_gmt":"2026-03-11T20:02:26","slug":"parcerias","status":"publish","type":"page","link":"https:\/\/wp.ufpel.edu.br\/gipep\/parcerias\/","title":{"rendered":"Parcerias"},"content":{"rendered":"<h4><span style=\"font-size: 18pt;\"><strong><a href=\"https:\/\/portal.ufpel.edu.br\/\" target=\"_blank\" rel=\"noopener\">UFPel &#8211; Universidade Federal de Pelotas<\/a><\/strong><\/span><\/h4>\n<h4><span style=\"font-size: 18pt;\"><strong><a href=\"https:\/\/wp.ufpel.edu.br\/ppge\/\" target=\"_blank\" rel=\"noopener\">PPGE \u2013 Programa de P\u00f3s-gradua\u00e7\u00e3o em Educa\u00e7\u00e3o da Universidade Federal de Pelotas<\/a><\/strong><\/span><\/h4>\n<h4><span style=\"font-size: 18pt;\"><strong><a href=\"https:\/\/wp.ufpel.edu.br\/fae\" target=\"_blank\" rel=\"noopener\">FAE UFPel &#8211; Faculdade de Educa\u00e7\u00e3o da Universidade Federal de Pelotas <\/a><\/strong><\/span><\/h4>\n<h4><a href=\"https:\/\/site.pelotas.com.br\/educacao\/portal\/\" target=\"_blank\" rel=\"noopener\"><span style=\"font-size: 18pt;\"><strong>SME -Secretaria Municipal de Educa\u00e7\u00e3o de Pelotas<\/strong><\/span><\/a><\/h4>\n<h4><span style=\"font-size: 18pt;\"><strong><a href=\"https:\/\/anped.org.br\/\" target=\"_blank\" rel=\"noopener\">ANPEd &#8211; Associa\u00e7\u00e3o Nacional de P\u00f3s-Gradua\u00e7\u00e3o e Pesquisa em Educa\u00e7\u00e3o<\/a><\/strong><\/span><\/h4>\n<h4><span style=\"font-size: 18pt;\"><strong><a href=\"https:\/\/www.abalf.org.br\/\" target=\"_blank\" rel=\"noopener\">ABAlf \u2013 Associa\u00e7\u00e3o Brasileira de Alfabetiza\u00e7\u00e3o<\/a><\/strong><\/span><\/h4>\n<h4><span style=\"font-size: 18pt;\"><strong><a href=\"https:\/\/anpae.org.br\/website\/\" target=\"_blank\" rel=\"noopener\">ANPAE &#8211; Associa\u00e7\u00e3o Nacional de Pol\u00edtica e Administra\u00e7\u00e3o da Educa\u00e7\u00e3o<\/a><\/strong><\/span><\/h4>\n<h4><span style=\"font-size: 18pt;\"><strong><a href=\"https:\/\/www.anfope.org.br\/\" target=\"_blank\" rel=\"noopener\">ANFOPE \u2013 Associa\u00e7\u00e3o Nacional pela Forma\u00e7\u00e3o dos Profissionais da Educa\u00e7\u00e3o<\/a><\/strong><\/span><\/h4>\n<h4><span style=\"font-size: 18pt;\"><strong><a href=\"https:\/\/redeestrado.org\/\" target=\"_blank\" rel=\"noopener\">Rede Estrado &#8211; Rede Latino Americana de Estudos Sobre Trabalho Docente<\/a><\/strong><\/span><\/h4>\n<h4><span style=\"font-size: 18pt;\"><strong><a href=\"https:\/\/periodicos.ufpel.edu.br\/index.php\/caduc\" target=\"_blank\" rel=\"noopener\">CADUC \u2013 Revista Cadernos de Educa\u00e7\u00e3o<\/a><\/strong><\/span><\/h4>\n<h4><span style=\"font-size: 18pt;\"><strong><a href=\"https:\/\/wp.ufpel.edu.br\/pedagogia\/\" target=\"_blank\" rel=\"noopener\">Curso de Pedagogia da UFPel<\/a><\/strong><\/span><\/h4>\n<h4><span style=\"font-size: 18pt;\"><strong><a href=\"https:\/\/wp.ufpel.edu.br\/petpedagogia\/\" target=\"_blank\" rel=\"noopener\">PET Pedagogia \u2013 Programa de Educa\u00e7\u00e3o Tutorial de Pedagogia da UFPel<\/a><\/strong><\/span><\/h4>\n","protected":false},"excerpt":{"rendered":"<p>UFPel &#8211; Universidade Federal de Pelotas PPGE \u2013 Programa de P\u00f3s-gradua\u00e7\u00e3o em Educa\u00e7\u00e3o da Universidade Federal de Pelotas FAE UFPel &#8211; Faculdade de Educa\u00e7\u00e3o da Universidade Federal de Pelotas SME -Secretaria Municipal de Educa\u00e7\u00e3o de Pelotas ANPEd &#8211; Associa\u00e7\u00e3o Nacional de P\u00f3s-Gradua\u00e7\u00e3o e Pesquisa em Educa\u00e7\u00e3o ABAlf \u2013 Associa\u00e7\u00e3o Brasileira de Alfabetiza\u00e7\u00e3o ANPAE &#8211; Associa\u00e7\u00e3o &hellip; <\/p>\n<p><a class=\"more-link btn\" href=\"https:\/\/wp.ufpel.edu.br\/gipep\/parcerias\/\">Continue lendo<\/a><\/p>\n","protected":false},"author":1355,"featured_media":0,"parent":0,"menu_order":0,"comment_status":"closed","ping_status":"closed","template":"","meta":{"footnotes":""},"class_list":["post-18","page","type-page","status-publish","hentry","nodate","item-wrap"],"_links":{"self":[{"href":"https:\/\/wp.ufpel.edu.br\/gipep\/wp-json\/wp\/v2\/pages\/18","targetHints":{"allow":["GET"]}}],"collection":[{"href":"https:\/\/wp.ufpel.edu.br\/gipep\/wp-json\/wp\/v2\/pages"}],"about":[{"href":"https:\/\/wp.ufpel.edu.br\/gipep\/wp-json\/wp\/v2\/types\/page"}],"author":[{"embeddable":true,"href":"https:\/\/wp.ufpel.edu.br\/gipep\/wp-json\/wp\/v2\/users\/1355"}],"replies":[{"embeddable":true,"href":"https:\/\/wp.ufpel.edu.br\/gipep\/wp-json\/wp\/v2\/comments?post=18"}],"version-history":[{"count":3,"href":"https:\/\/wp.ufpel.edu.br\/gipep\/wp-json\/wp\/v2\/pages\/18\/revisions"}],"predecessor-version":[{"id":294,"href":"https:\/\/wp.ufpel.edu.br\/gipep\/wp-json\/wp\/v2\/pages\/18\/revisions\/294"}],"wp:attachment":[{"href":"https:\/\/wp.ufpel.edu.br\/gipep\/wp-json\/wp\/v2\/media?parent=18"}],"curies":[{"name":"wp","href":"https:\/\/api.w.org\/{rel}","templated":true}]}}