{"id":15,"date":"2024-08-25T21:09:23","date_gmt":"2024-08-26T00:09:23","guid":{"rendered":"https:\/\/wp.ufpel.edu.br\/gipep\/?page_id=15"},"modified":"2024-09-08T21:14:38","modified_gmt":"2024-09-09T00:14:38","slug":"publicacoes","status":"publish","type":"page","link":"https:\/\/wp.ufpel.edu.br\/gipep\/publicacoes\/","title":{"rendered":"Publica\u00e7\u00f5es"},"content":{"rendered":"<h4><strong><a href=\"https:\/\/wp.ufpel.edu.br\/gipep\/artigos\/\">Artigos<\/a><\/strong><\/h4>\n<h4><strong><a href=\"https:\/\/wp.ufpel.edu.br\/gipep\/capitulo-de-livros\/\">Cap\u00edtulo de livros<\/a><\/strong><\/h4>\n<h4><strong><a href=\"https:\/\/wp.ufpel.edu.br\/gipep\/anais\/\">Anais<\/a><\/strong><\/h4>\n<h4><strong><a href=\"https:\/\/wp.ufpel.edu.br\/gipep\/teses\/\">Teses<\/a><\/strong><\/h4>\n<h4><strong><a href=\"https:\/\/wp.ufpel.edu.br\/gipep\/dissertacoes\/\">Disserta\u00e7\u00f5es<\/a><\/strong><\/h4>\n<h4><strong><a href=\"https:\/\/wp.ufpel.edu.br\/gipep\/videos\/\">V\u00eddeos<\/a><\/strong><\/h4>\n<h4><\/h4>\n","protected":false},"excerpt":{"rendered":"<p>Artigos Cap\u00edtulo de livros Anais Teses Disserta\u00e7\u00f5es V\u00eddeos<\/p>\n","protected":false},"author":1355,"featured_media":0,"parent":0,"menu_order":0,"comment_status":"closed","ping_status":"closed","template":"","meta":{"_crdt_document":"","footnotes":""},"class_list":["post-15","page","type-page","status-publish","hentry","nodate","item-wrap"],"_links":{"self":[{"href":"https:\/\/wp.ufpel.edu.br\/gipep\/wp-json\/wp\/v2\/pages\/15","targetHints":{"allow":["GET"]}}],"collection":[{"href":"https:\/\/wp.ufpel.edu.br\/gipep\/wp-json\/wp\/v2\/pages"}],"about":[{"href":"https:\/\/wp.ufpel.edu.br\/gipep\/wp-json\/wp\/v2\/types\/page"}],"author":[{"embeddable":true,"href":"https:\/\/wp.ufpel.edu.br\/gipep\/wp-json\/wp\/v2\/users\/1355"}],"replies":[{"embeddable":true,"href":"https:\/\/wp.ufpel.edu.br\/gipep\/wp-json\/wp\/v2\/comments?post=15"}],"version-history":[{"count":3,"href":"https:\/\/wp.ufpel.edu.br\/gipep\/wp-json\/wp\/v2\/pages\/15\/revisions"}],"predecessor-version":[{"id":307,"href":"https:\/\/wp.ufpel.edu.br\/gipep\/wp-json\/wp\/v2\/pages\/15\/revisions\/307"}],"wp:attachment":[{"href":"https:\/\/wp.ufpel.edu.br\/gipep\/wp-json\/wp\/v2\/media?parent=15"}],"curies":[{"name":"wp","href":"https:\/\/api.w.org\/{rel}","templated":true}]}}