{"id":14,"date":"2024-08-25T21:09:23","date_gmt":"2024-08-26T00:09:23","guid":{"rendered":"https:\/\/wp.ufpel.edu.br\/gipep\/?page_id=14"},"modified":"2024-09-16T00:07:56","modified_gmt":"2024-09-16T03:07:56","slug":"projetos","status":"publish","type":"page","link":"https:\/\/wp.ufpel.edu.br\/gipep\/projetos\/","title":{"rendered":"Projetos"},"content":{"rendered":"<p style=\"text-align: justify;\"><span style=\"font-size: 14pt;\">Com estudos e pesquisas desde a educa\u00e7\u00e3o fundamental at\u00e9 o ensino superior, o grupo busca criar rela\u00e7\u00f5es e estabelecer articula\u00e7\u00f5es com escolas p\u00fablicas e mantenedoras de sistemas p\u00fablicos de ensino. A partir do enfoque interdisciplinar, \u00e9 inten\u00e7\u00e3o agregar conhecimentos que possibilitem \u00e0 escola p\u00fablica atingir plenamente o compromisso com a inclus\u00e3o, com a gest\u00e3o democr\u00e1tica e com a transforma\u00e7\u00e3o social.<\/span><\/p>\n<p><span style=\"font-size: 14pt;\"><strong><a href=\"https:\/\/wp.ufpel.edu.br\/gipep\/projetos-em-andamento\/\">Projetos em andamento<\/a><\/strong><\/span><\/p>\n<p><span style=\"font-size: 14pt;\"><strong><a href=\"https:\/\/wp.ufpel.edu.br\/gipep\/projetos-anteriores\/\">Projetos anteriores<\/a><\/strong><\/span><\/p>\n","protected":false},"excerpt":{"rendered":"<p>Com estudos e pesquisas desde a educa\u00e7\u00e3o fundamental at\u00e9 o ensino superior, o grupo busca criar rela\u00e7\u00f5es e estabelecer articula\u00e7\u00f5es com escolas p\u00fablicas e mantenedoras de sistemas p\u00fablicos de ensino. A partir do enfoque interdisciplinar, \u00e9 inten\u00e7\u00e3o agregar conhecimentos que possibilitem \u00e0 escola p\u00fablica atingir plenamente o compromisso com a inclus\u00e3o, com a gest\u00e3o democr\u00e1tica &hellip; <\/p>\n<p><a class=\"more-link btn\" href=\"https:\/\/wp.ufpel.edu.br\/gipep\/projetos\/\">Continue lendo<\/a><\/p>\n","protected":false},"author":1355,"featured_media":0,"parent":0,"menu_order":0,"comment_status":"closed","ping_status":"closed","template":"","meta":{"footnotes":""},"class_list":["post-14","page","type-page","status-publish","hentry","nodate","item-wrap"],"_links":{"self":[{"href":"https:\/\/wp.ufpel.edu.br\/gipep\/wp-json\/wp\/v2\/pages\/14","targetHints":{"allow":["GET"]}}],"collection":[{"href":"https:\/\/wp.ufpel.edu.br\/gipep\/wp-json\/wp\/v2\/pages"}],"about":[{"href":"https:\/\/wp.ufpel.edu.br\/gipep\/wp-json\/wp\/v2\/types\/page"}],"author":[{"embeddable":true,"href":"https:\/\/wp.ufpel.edu.br\/gipep\/wp-json\/wp\/v2\/users\/1355"}],"replies":[{"embeddable":true,"href":"https:\/\/wp.ufpel.edu.br\/gipep\/wp-json\/wp\/v2\/comments?post=14"}],"version-history":[{"count":6,"href":"https:\/\/wp.ufpel.edu.br\/gipep\/wp-json\/wp\/v2\/pages\/14\/revisions"}],"predecessor-version":[{"id":378,"href":"https:\/\/wp.ufpel.edu.br\/gipep\/wp-json\/wp\/v2\/pages\/14\/revisions\/378"}],"wp:attachment":[{"href":"https:\/\/wp.ufpel.edu.br\/gipep\/wp-json\/wp\/v2\/media?parent=14"}],"curies":[{"name":"wp","href":"https:\/\/api.w.org\/{rel}","templated":true}]}}