{"id":126,"date":"2024-08-28T11:21:13","date_gmt":"2024-08-28T14:21:13","guid":{"rendered":"https:\/\/wp.ufpel.edu.br\/gipep\/?page_id=126"},"modified":"2024-09-15T23:59:32","modified_gmt":"2024-09-16T02:59:32","slug":"videos","status":"publish","type":"page","link":"https:\/\/wp.ufpel.edu.br\/gipep\/videos\/","title":{"rendered":"Entrevistas"},"content":{"rendered":"<h4 style=\"text-align: justify;\"><span style=\"font-size: 18pt; color: #808080;\">2023<\/span><\/h4>\n<p>&nbsp;<\/p>\n<p><span style=\"font-size: 14pt;\"><b>Pelotas tem taxa de evas\u00e3o escolar acima da m\u00e9dia estadual e nacional.<\/b><\/span><\/p>\n<p style=\"text-align: justify;\"><span style=\"font-size: 14pt;\"><span style=\"font-weight: 400;\">DEL PINO, Mauro Augusto Burkert. <\/span><b>Pelotas tem taxa de evas\u00e3o escolar acima da m\u00e9dia estadual e nacional.<\/b><span style=\"font-weight: 400;\"> Jornal Di\u00e1rio Popular, Pelotas, [04\/11\/2023], 2023. Dispon\u00edvel em: <\/span><a href=\"https:\/\/diariopopular.com.br\/geral\/pelotas_tem_taxa_de_evasao_escolar_acima_da_media_estadual_e_nacional.554953\"><span style=\"font-weight: 400;\">https:\/\/diariopopular.com.br\/geral\/pelotas_tem_taxa_de_evasao_escolar_acima_da_media_estadual_e_nacional.554953<\/span><\/a><\/span><\/p>\n","protected":false},"excerpt":{"rendered":"<p>2023 &nbsp; Pelotas tem taxa de evas\u00e3o escolar acima da m\u00e9dia estadual e nacional. DEL PINO, Mauro Augusto Burkert. Pelotas tem taxa de evas\u00e3o escolar acima da m\u00e9dia estadual e nacional. Jornal Di\u00e1rio Popular, Pelotas, [04\/11\/2023], 2023. Dispon\u00edvel em: https:\/\/diariopopular.com.br\/geral\/pelotas_tem_taxa_de_evasao_escolar_acima_da_media_estadual_e_nacional.554953<\/p>\n","protected":false},"author":1355,"featured_media":0,"parent":0,"menu_order":0,"comment_status":"closed","ping_status":"closed","template":"","meta":{"footnotes":""},"class_list":["post-126","page","type-page","status-publish","hentry","nodate","item-wrap"],"_links":{"self":[{"href":"https:\/\/wp.ufpel.edu.br\/gipep\/wp-json\/wp\/v2\/pages\/126","targetHints":{"allow":["GET"]}}],"collection":[{"href":"https:\/\/wp.ufpel.edu.br\/gipep\/wp-json\/wp\/v2\/pages"}],"about":[{"href":"https:\/\/wp.ufpel.edu.br\/gipep\/wp-json\/wp\/v2\/types\/page"}],"author":[{"embeddable":true,"href":"https:\/\/wp.ufpel.edu.br\/gipep\/wp-json\/wp\/v2\/users\/1355"}],"replies":[{"embeddable":true,"href":"https:\/\/wp.ufpel.edu.br\/gipep\/wp-json\/wp\/v2\/comments?post=126"}],"version-history":[{"count":4,"href":"https:\/\/wp.ufpel.edu.br\/gipep\/wp-json\/wp\/v2\/pages\/126\/revisions"}],"predecessor-version":[{"id":361,"href":"https:\/\/wp.ufpel.edu.br\/gipep\/wp-json\/wp\/v2\/pages\/126\/revisions\/361"}],"wp:attachment":[{"href":"https:\/\/wp.ufpel.edu.br\/gipep\/wp-json\/wp\/v2\/media?parent=126"}],"curies":[{"name":"wp","href":"https:\/\/api.w.org\/{rel}","templated":true}]}}