{"id":125,"date":"2024-08-28T11:21:13","date_gmt":"2024-08-28T14:21:13","guid":{"rendered":"https:\/\/wp.ufpel.edu.br\/gipep\/?page_id=125"},"modified":"2024-09-16T11:14:22","modified_gmt":"2024-09-16T14:14:22","slug":"dissertacoes","status":"publish","type":"page","link":"https:\/\/wp.ufpel.edu.br\/gipep\/dissertacoes\/","title":{"rendered":"Disserta\u00e7\u00f5es"},"content":{"rendered":"<h4 style=\"text-align: justify;\"><span style=\"font-size: 18pt; color: #808080;\">2021<\/span><\/h4>\n<p>&nbsp;<\/p>\n<p><span style=\"font-size: 14pt;\"><b>A forma\u00e7\u00e3o de professores como um incentivo \u00e0 doc\u00eancia: uma ferramenta de combate \u00e0 evas\u00e3o nas Licenciaturas da UFPEL.<\/b><\/span><\/p>\n<p style=\"text-align: justify;\"><span style=\"font-size: 14pt;\"><span style=\"font-weight: 400;\">ALEGRETTI, Giovanna.<\/span><b> A forma\u00e7\u00e3o de professores como um incentivo \u00e0 doc\u00eancia: uma ferramenta de combate \u00e0 evas\u00e3o nas Licenciaturas da UFPEL. <\/b><span style=\"font-weight: 400;\">Disserta\u00e7\u00e3o (Mestrado em Educa\u00e7\u00e3o), Faculdade de Educa\u00e7\u00e3o, Universidade Federal de Pelotas, Pelotas, 2021.<\/span><\/span><\/p>\n<p>&nbsp;<\/p>\n<p><span style=\"font-size: 14pt;\"><b>Precariza\u00e7\u00e3o do trabalho docente: a contratualiza\u00e7\u00e3o de professoras e professores tempor\u00e1rios na rede p\u00fablica municipal de Pelotas\/RS.<\/b><\/span><\/p>\n<p style=\"text-align: justify;\"><span style=\"font-size: 14pt;\"><span style=\"font-weight: 400;\">OLIVEIRA, Jo\u00e3o Henrique Figueredo. <\/span><b>Precariza\u00e7\u00e3o do trabalho docente: a contratualiza\u00e7\u00e3o de professoras e professores tempor\u00e1rios na rede p\u00fablica municipal de Pelotas\/RS. <\/b><span style=\"font-weight: 400;\">Disserta\u00e7\u00e3o (Mestrado em Educa\u00e7\u00e3o), Faculdade de Educa\u00e7\u00e3o, Universidade Federal de Pelotas, Pelotas, 2020.\u00a0<\/span><\/span><\/p>\n<p>&nbsp;<\/p>\n<hr \/>\n<h4 style=\"text-align: justify;\"><span style=\"font-size: 18pt; color: #808080;\">2019<\/span><\/h4>\n<p>&nbsp;<\/p>\n<p><strong><span style=\"font-size: 14pt;\">A gest\u00e3o escolar como elemento de qualidade da educa\u00e7\u00e3o p\u00fablica: limites e possibilidades.<\/span><\/strong><\/p>\n<p><span style=\"font-size: 14pt;\">MESENBURG, Fernanda Arndt. A gest\u00e3o escolar como elemento de qualidade da educa\u00e7\u00e3o p\u00fablica: limites e possibilidades. Disserta\u00e7\u00e3o (Mestrado em Educa\u00e7\u00e3o), Faculdade de Educa\u00e7\u00e3o, Universidade Federal de Pelotas, Pelotas, 2019.<\/span><\/p>\n","protected":false},"excerpt":{"rendered":"<p>2021 &nbsp; A forma\u00e7\u00e3o de professores como um incentivo \u00e0 doc\u00eancia: uma ferramenta de combate \u00e0 evas\u00e3o nas Licenciaturas da UFPEL. ALEGRETTI, Giovanna. A forma\u00e7\u00e3o de professores como um incentivo \u00e0 doc\u00eancia: uma ferramenta de combate \u00e0 evas\u00e3o nas Licenciaturas da UFPEL. Disserta\u00e7\u00e3o (Mestrado em Educa\u00e7\u00e3o), Faculdade de Educa\u00e7\u00e3o, Universidade Federal de Pelotas, Pelotas, 2021. &hellip; <\/p>\n<p><a class=\"more-link btn\" href=\"https:\/\/wp.ufpel.edu.br\/gipep\/dissertacoes\/\">Continue lendo<\/a><\/p>\n","protected":false},"author":1355,"featured_media":0,"parent":0,"menu_order":0,"comment_status":"closed","ping_status":"closed","template":"","meta":{"footnotes":""},"class_list":["post-125","page","type-page","status-publish","hentry","nodate","item-wrap"],"_links":{"self":[{"href":"https:\/\/wp.ufpel.edu.br\/gipep\/wp-json\/wp\/v2\/pages\/125","targetHints":{"allow":["GET"]}}],"collection":[{"href":"https:\/\/wp.ufpel.edu.br\/gipep\/wp-json\/wp\/v2\/pages"}],"about":[{"href":"https:\/\/wp.ufpel.edu.br\/gipep\/wp-json\/wp\/v2\/types\/page"}],"author":[{"embeddable":true,"href":"https:\/\/wp.ufpel.edu.br\/gipep\/wp-json\/wp\/v2\/users\/1355"}],"replies":[{"embeddable":true,"href":"https:\/\/wp.ufpel.edu.br\/gipep\/wp-json\/wp\/v2\/comments?post=125"}],"version-history":[{"count":5,"href":"https:\/\/wp.ufpel.edu.br\/gipep\/wp-json\/wp\/v2\/pages\/125\/revisions"}],"predecessor-version":[{"id":432,"href":"https:\/\/wp.ufpel.edu.br\/gipep\/wp-json\/wp\/v2\/pages\/125\/revisions\/432"}],"wp:attachment":[{"href":"https:\/\/wp.ufpel.edu.br\/gipep\/wp-json\/wp\/v2\/media?parent=125"}],"curies":[{"name":"wp","href":"https:\/\/api.w.org\/{rel}","templated":true}]}}