{"id":124,"date":"2024-08-28T11:21:13","date_gmt":"2024-08-28T14:21:13","guid":{"rendered":"https:\/\/wp.ufpel.edu.br\/gipep\/?page_id=124"},"modified":"2024-09-15T23:58:14","modified_gmt":"2024-09-16T02:58:14","slug":"teses","status":"publish","type":"page","link":"https:\/\/wp.ufpel.edu.br\/gipep\/teses\/","title":{"rendered":"Teses"},"content":{"rendered":"<h4><span style=\"font-size: 18pt; color: #808080;\">2023<\/span><\/h4>\n<p>&nbsp;<\/p>\n<p><span style=\"font-size: 14pt;\"><b>Contribui\u00e7\u00f5es do programa de bolsa de inicia\u00e7\u00e3o \u00e0 doc\u00eancia na forma\u00e7\u00e3o inicial de professor de Letras habilita\u00e7\u00e3o em l\u00edngua portuguesa.<\/b><\/span><\/p>\n<p style=\"text-align: justify;\"><span style=\"font-size: 14pt;\"><span style=\"font-weight: 400;\">PARENTE, Maria L\u00facia Pontes.<\/span><b> CONTRIBUI\u00c7\u00d5ES DO PROGRAMA DE BOLSA DE INICIA\u00c7\u00c3O \u00c0 DOC\u00caNCIA NA FORMA\u00c7\u00c3O INICIAL DE PROFESSOR DE LETRAS HABILITA\u00c7\u00c3O EM L\u00cdNGUA PORTUGUESA: <\/b><span style=\"font-weight: 400;\">O CASO DA UNIVERSIDADE ESTADUAL VALE DO ACARA\u00da \u2013 UVA. 2023. Tese (Doutorado em Educa\u00e7\u00e3o), Faculdade de Educa\u00e7\u00e3o, Universidade Federal de Pelotas, Pelotas, 2023.<\/span><\/span><\/p>\n<p>&nbsp;<\/p>\n<p><span style=\"font-size: 14pt;\"><b>Forma\u00e7\u00e3o para o mundo do trabalho no s\u00e9culo XXI &#8211; rela\u00e7\u00f5es entre teorias curriculares, nova gest\u00e3o p\u00fablica e transforma\u00e7\u00f5es na educa\u00e7\u00e3o superior.<\/b><\/span><\/p>\n<p style=\"text-align: justify;\"><span style=\"font-size: 14pt;\"><span style=\"font-weight: 400;\">HALLWASS, Lia Cristiane Lima<\/span><b>. FORMA\u00c7\u00c3O PARA O MUNDO DO TRABALHO NO S\u00c9CULO XXI &#8211; RELA\u00c7\u00d5ES ENTRE TEORIAS CURRICULARES, NOVA GEST\u00c3O P\u00daBLICA E TRANSFORMA\u00c7\u00d5ES NA EDUCA\u00c7\u00c3O SUPERIOR.<\/b><span style=\"font-weight: 400;\"> Tese (Doutorado em Educa\u00e7\u00e3o), Faculdade de Educa\u00e7\u00e3o, Universidade Federal de Pelotas, Pelotas, 2023.<\/span><\/span><\/p>\n","protected":false},"excerpt":{"rendered":"<p>2023 &nbsp; Contribui\u00e7\u00f5es do programa de bolsa de inicia\u00e7\u00e3o \u00e0 doc\u00eancia na forma\u00e7\u00e3o inicial de professor de Letras habilita\u00e7\u00e3o em l\u00edngua portuguesa. PARENTE, Maria L\u00facia Pontes. CONTRIBUI\u00c7\u00d5ES DO PROGRAMA DE BOLSA DE INICIA\u00c7\u00c3O \u00c0 DOC\u00caNCIA NA FORMA\u00c7\u00c3O INICIAL DE PROFESSOR DE LETRAS HABILITA\u00c7\u00c3O EM L\u00cdNGUA PORTUGUESA: O CASO DA UNIVERSIDADE ESTADUAL VALE DO ACARA\u00da \u2013 &hellip; <\/p>\n<p><a class=\"more-link btn\" href=\"https:\/\/wp.ufpel.edu.br\/gipep\/teses\/\">Continue lendo<\/a><\/p>\n","protected":false},"author":1355,"featured_media":0,"parent":0,"menu_order":0,"comment_status":"closed","ping_status":"closed","template":"","meta":{"footnotes":""},"class_list":["post-124","page","type-page","status-publish","hentry","nodate","item-wrap"],"_links":{"self":[{"href":"https:\/\/wp.ufpel.edu.br\/gipep\/wp-json\/wp\/v2\/pages\/124","targetHints":{"allow":["GET"]}}],"collection":[{"href":"https:\/\/wp.ufpel.edu.br\/gipep\/wp-json\/wp\/v2\/pages"}],"about":[{"href":"https:\/\/wp.ufpel.edu.br\/gipep\/wp-json\/wp\/v2\/types\/page"}],"author":[{"embeddable":true,"href":"https:\/\/wp.ufpel.edu.br\/gipep\/wp-json\/wp\/v2\/users\/1355"}],"replies":[{"embeddable":true,"href":"https:\/\/wp.ufpel.edu.br\/gipep\/wp-json\/wp\/v2\/comments?post=124"}],"version-history":[{"count":3,"href":"https:\/\/wp.ufpel.edu.br\/gipep\/wp-json\/wp\/v2\/pages\/124\/revisions"}],"predecessor-version":[{"id":359,"href":"https:\/\/wp.ufpel.edu.br\/gipep\/wp-json\/wp\/v2\/pages\/124\/revisions\/359"}],"wp:attachment":[{"href":"https:\/\/wp.ufpel.edu.br\/gipep\/wp-json\/wp\/v2\/media?parent=124"}],"curies":[{"name":"wp","href":"https:\/\/api.w.org\/{rel}","templated":true}]}}