{"id":121,"date":"2024-08-28T11:21:13","date_gmt":"2024-08-28T14:21:13","guid":{"rendered":"https:\/\/wp.ufpel.edu.br\/gipep\/?page_id=121"},"modified":"2024-09-16T11:12:02","modified_gmt":"2024-09-16T14:12:02","slug":"capitulo-de-livros","status":"publish","type":"page","link":"https:\/\/wp.ufpel.edu.br\/gipep\/capitulo-de-livros\/","title":{"rendered":"Cap\u00edtulo de livros"},"content":{"rendered":"<h4 style=\"text-align: justify;\"><span style=\"font-size: 18pt; color: #808080;\">2024<\/span><\/h4>\n<p>&nbsp;<\/p>\n<p><span style=\"font-size: 14pt;\"><b>A experi\u00eancia educativa em contexto pand\u00eamico no Rio Grande do Sul: trabalho docente e pr\u00e1tica pedag\u00f3gica.<\/b><\/span><\/p>\n<p style=\"text-align: justify;\"><span style=\"font-size: 14pt;\"><span style=\"font-weight: 400;\">PORTO, Gilceane Caetano; DEL PINO, Mauro Augusto Burkert; DIAS, Eug\u00eania Antunes; DE JESUS, Annelise Costa; MESENBURG, Fernanda Arndt; HIRDES, Jo\u00e3o Carlos Roedel; BATISTA, Alisson Castro; NEUTZLING, Vit\u00f3ria Kaster; MENDES, Rafael; DUARTE DE DUARTE JUNIOR, Arnaldo Ant\u00f4nio; BUCHWEITZ, Michele Josiane Rutz. <\/span><b>A experi\u00eancia educativa em contexto pand\u00eamico no Rio Grande do Sul: trabalho docente e pr\u00e1tica pedag\u00f3gica.<\/b><span style=\"font-weight: 400;\"> In: Retratos da alfabetiza\u00e7\u00e3o no p\u00f3s-pandemia: resultados de uma pesquisa em rede. [Curitiba]:\u00a0 2024. p. 359-376. Dispon\u00edvel em: <\/span><a href=\"https:\/\/drive.google.com\/file\/d\/1i2WBaWNOdRWI0AifxNTHb-GHORKbVKL9\/view?usp=sharing\"><span style=\"font-weight: 400;\">https:\/\/drive.google.com\/file\/d\/1i2WBaWNOdRWI0AifxNTHb-GHORKbVKL9\/view?usp=sharing<\/span><\/a><\/span><\/p>\n<h4><\/h4>\n<hr \/>\n<h4 style=\"text-align: justify;\"><span style=\"font-size: 18pt; color: #808080;\">2023<\/span><\/h4>\n<p>&nbsp;<\/p>\n<p><span style=\"font-size: 14pt;\"><b>Nova gest\u00e3o P\u00fablica, educa\u00e7\u00e3o e curr\u00edculo \u2013 mapeamento dos impactos da NGP na educa\u00e7\u00e3o e nos curr\u00edculos brasileiros no s\u00e9culo XXI.<\/b><\/span><\/p>\n<p style=\"text-align: justify;\"><span style=\"font-size: 14pt;\"><span style=\"font-weight: 400;\">HALLWASS, Lia Cristiane Lima; DEL PINO, Mauro Augusto Burkert. <\/span><b>NOVA GEST\u00c3O P\u00daBLICA, EDUCA\u00c7\u00c3O E CURR\u00cdCULO \u2013 MAPEAMENTO DOS IMPACTOS DA NGP NA EDUCA\u00c7\u00c3O E NOS CURR\u00cdCULOS BRASILEIROS NO S\u00c9CULO XXI<\/b><span style=\"font-weight: 400;\">. In: Educa\u00e7\u00e3o em foco: Di\u00e1logos sobre o papel pol\u00edtico e social da escola. Rio de Janeiro: Editora E Publicar, 2023. v<\/span>4. p. 156-178.<\/span><\/p>\n<p>&nbsp;<\/p>\n<hr \/>\n<h4><span style=\"font-size: 18pt; color: #808080;\">2022<\/span><\/h4>\n<p>&nbsp;<\/p>\n<p><span style=\"font-size: 14pt;\"><b>A experi\u00eancia educativa em contexto pand\u00eamico no Rio Grande do Sul: trabalho docente e pr\u00e1tica pedag\u00f3gica.<\/b><\/span><\/p>\n<p><span style=\"font-size: 14pt;\"><span style=\"font-weight: 400;\">PORTO, Gilceane Caetano; NORNBERG, Marta; DEL PINO; Mauro Augusto Burkert; DIAS, Eug\u00eancia Antunes; DE JESUS, Annelise Costa; MESENBURG, Fernanda Arndt; ALEGRETTI, Giovanna; HIRDES, Jo\u00e3o Carlos Roedel; LUND, Juliana Andrade. <\/span><b>A EXPERI\u00caNCIA EDUCATIVA EM CONTEXTO PAND\u00caMICO NO RIO GRANDE DO SUL: TRABALHO DOCENTE E PR\u00c1TICA PEDAG\u00d3GICA. <\/b><span style=\"font-weight: 400;\">In: Retratos da alfabetiza\u00e7\u00e3o na pandemia da COVID-19: resultados de uma pesquisa em rede. S\u00e3o Paulo: P\u00e1 de Palavra, 2022. v.1, p. 124-147. Dispon\u00edvel em: <a href=\"https:\/\/www.dropbox.com\/s\/1yui7iko11h6h4s\/Retratos.pdf?dl=0\" target=\"_blank\" rel=\"noopener\">https:\/\/www.dropbox.com\/s\/1yui7iko11h6h4s\/Retratos.pdf?dl=0<\/a><\/span><\/span><\/p>\n<p>&nbsp;<\/p>\n<p><span style=\"font-size: 14pt;\"><b>A contrata\u00e7\u00e3o de professoras tempor\u00e1rias e a precariza\u00e7\u00e3o do trabalho docente.<\/b><\/span><\/p>\n<p><span style=\"font-size: 14pt;\"><span style=\"font-weight: 400;\">OLIVEIRA DE, Jo\u00e3o Henrique Figueredo Oliveira; HIRDES, Jo\u00e3o Carlos Roedel; DEL PINO, Mauro Augusto Burkert. <\/span><b>A contrata\u00e7\u00e3o de professoras tempor\u00e1rias e a precariza\u00e7\u00e3o do trabalho docente.<\/b><span style=\"font-weight: 400;\"> In: Educa\u00e7\u00e3o como pr\u00e1tica de liberdade: pol\u00edticas, trabalho e educa\u00e7\u00e3o. Manaus:<\/span> <span style=\"font-weight: 400;\">FUA: ANPEd, 2022. v.1, p 183-193.<\/span><\/span><\/p>\n<p>&nbsp;<\/p>\n<hr \/>\n<p>&nbsp;<\/p>\n<h4><span style=\"font-size: 18pt; color: #808080;\">2020<\/span><\/h4>\n<p>&nbsp;<\/p>\n<p><span style=\"font-size: 14pt;\"><b>Discurso pedag\u00f3gico e trabalho pedag\u00f3gico no Proeja: \u00e9 poss\u00edvel uma comunica\u00e7\u00e3o horizontal?<\/b><\/span><\/p>\n<p><span style=\"font-size: 14pt;\"><span style=\"font-weight: 400;\">DEL PINO, Mauro Augusto Burkert; KATREIN, Beatriz Helena Siqueira. <\/span><b>DISCURSO PEDAG\u00d3GICO E TRABALHO PEDAG\u00d3GICO NO PROEJA: \u00e9 poss\u00edvel uma comunica\u00e7\u00e3o horizontal?<\/b><span style=\"font-weight: 400;\"> In:\u00a0 TRABALHO PEDAG\u00d3GICO NA EDUCA\u00c7\u00c3O PROFISSIONAL E TECNOL\u00d3GICA EM DIFERENTES CONTEXTOS: desafios e reflex\u00f5es &#8211; Vol.1. Curitiba: Editora CRV, 2020. p. 209-226.<\/span><\/span><\/p>\n","protected":false},"excerpt":{"rendered":"<p>2024 &nbsp; A experi\u00eancia educativa em contexto pand\u00eamico no Rio Grande do Sul: trabalho docente e pr\u00e1tica pedag\u00f3gica. PORTO, Gilceane Caetano; DEL PINO, Mauro Augusto Burkert; DIAS, Eug\u00eania Antunes; DE JESUS, Annelise Costa; MESENBURG, Fernanda Arndt; HIRDES, Jo\u00e3o Carlos Roedel; BATISTA, Alisson Castro; NEUTZLING, Vit\u00f3ria Kaster; MENDES, Rafael; DUARTE DE DUARTE JUNIOR, Arnaldo Ant\u00f4nio; BUCHWEITZ, &hellip; <\/p>\n<p><a class=\"more-link btn\" href=\"https:\/\/wp.ufpel.edu.br\/gipep\/capitulo-de-livros\/\">Continue lendo<\/a><\/p>\n","protected":false},"author":1355,"featured_media":0,"parent":0,"menu_order":0,"comment_status":"closed","ping_status":"closed","template":"","meta":{"footnotes":""},"class_list":["post-121","page","type-page","status-publish","hentry","nodate","item-wrap"],"_links":{"self":[{"href":"https:\/\/wp.ufpel.edu.br\/gipep\/wp-json\/wp\/v2\/pages\/121","targetHints":{"allow":["GET"]}}],"collection":[{"href":"https:\/\/wp.ufpel.edu.br\/gipep\/wp-json\/wp\/v2\/pages"}],"about":[{"href":"https:\/\/wp.ufpel.edu.br\/gipep\/wp-json\/wp\/v2\/types\/page"}],"author":[{"embeddable":true,"href":"https:\/\/wp.ufpel.edu.br\/gipep\/wp-json\/wp\/v2\/users\/1355"}],"replies":[{"embeddable":true,"href":"https:\/\/wp.ufpel.edu.br\/gipep\/wp-json\/wp\/v2\/comments?post=121"}],"version-history":[{"count":5,"href":"https:\/\/wp.ufpel.edu.br\/gipep\/wp-json\/wp\/v2\/pages\/121\/revisions"}],"predecessor-version":[{"id":429,"href":"https:\/\/wp.ufpel.edu.br\/gipep\/wp-json\/wp\/v2\/pages\/121\/revisions\/429"}],"wp:attachment":[{"href":"https:\/\/wp.ufpel.edu.br\/gipep\/wp-json\/wp\/v2\/media?parent=121"}],"curies":[{"name":"wp","href":"https:\/\/api.w.org\/{rel}","templated":true}]}}