{"id":116,"date":"2024-08-28T11:21:13","date_gmt":"2024-08-28T14:21:13","guid":{"rendered":"https:\/\/wp.ufpel.edu.br\/gipep\/?page_id=116"},"modified":"2025-06-02T10:10:24","modified_gmt":"2025-06-02T13:10:24","slug":"egressos","status":"publish","type":"page","link":"https:\/\/wp.ufpel.edu.br\/gipep\/egressos\/","title":{"rendered":"Egressos"},"content":{"rendered":"<h3><b><img loading=\"lazy\" decoding=\"async\" class=\"size-medium wp-image-242 alignleft\" src=\"https:\/\/wp.ufpel.edu.br\/gipep\/files\/2024\/09\/Foto-8-400x400.png\" alt=\"\" width=\"400\" height=\"400\" srcset=\"https:\/\/wp.ufpel.edu.br\/gipep\/files\/2024\/09\/Foto-8-400x400.png 400w, https:\/\/wp.ufpel.edu.br\/gipep\/files\/2024\/09\/Foto-8-1024x1024.png 1024w, https:\/\/wp.ufpel.edu.br\/gipep\/files\/2024\/09\/Foto-8-200x200.png 200w, https:\/\/wp.ufpel.edu.br\/gipep\/files\/2024\/09\/Foto-8-768x768.png 768w, https:\/\/wp.ufpel.edu.br\/gipep\/files\/2024\/09\/Foto-8-750x750.png 750w, https:\/\/wp.ufpel.edu.br\/gipep\/files\/2024\/09\/Foto-8.png 1152w\" sizes=\"auto, (max-width: 400px) 100vw, 400px\" \/>Maria L\u00facia Pontes Parente<\/b><\/h3>\n<p style=\"text-align: justify;\"><span style=\"font-weight: 400; font-size: 14pt;\">Possui especializa\u00e7\u00e3o em Especializa\u00e7\u00e3o em Ci\u00eancias da Educa\u00e7\u00e3o pela Universidade Estadual Vale do Acara\u00fa (1992), especializa\u00e7\u00e3o em Metodologia do Ensino pela Universidade Estadual Vale do Acara\u00fa (1991), mestrado em Mestrado Profissionalizante em Gest\u00e3o Educacional pela Universidade Estadual Vale do Acara\u00fa (2003) e doutorado em Educa\u00e7\u00e3o pela Universidade Federal de Pelotas (2023). Atualmente \u00e9 professor titular da Universidade Estadual Vale do Acara\u00fa. Tem experi\u00eancia na \u00e1rea de Educa\u00e7\u00e3o. Atuando principalmente nos seguintes temas: PIBID, Forma\u00e7\u00e3o de professores, Educa\u00e7\u00e3o B\u00e1sica, Pol\u00edticas Educacionais, Universidade Estadual Vale do Acara\u00fa.<\/span><\/p>\n<h3><\/h3>\n<p>&nbsp;<\/p>\n<h3><b><img loading=\"lazy\" decoding=\"async\" class=\"size-medium wp-image-243 alignleft\" src=\"https:\/\/wp.ufpel.edu.br\/gipep\/files\/2024\/09\/Foto-9-400x400.png\" alt=\"\" width=\"400\" height=\"400\" srcset=\"https:\/\/wp.ufpel.edu.br\/gipep\/files\/2024\/09\/Foto-9-400x400.png 400w, https:\/\/wp.ufpel.edu.br\/gipep\/files\/2024\/09\/Foto-9-1024x1024.png 1024w, https:\/\/wp.ufpel.edu.br\/gipep\/files\/2024\/09\/Foto-9-200x200.png 200w, https:\/\/wp.ufpel.edu.br\/gipep\/files\/2024\/09\/Foto-9-768x768.png 768w, https:\/\/wp.ufpel.edu.br\/gipep\/files\/2024\/09\/Foto-9-750x750.png 750w, https:\/\/wp.ufpel.edu.br\/gipep\/files\/2024\/09\/Foto-9.png 1152w\" sizes=\"auto, (max-width: 400px) 100vw, 400px\" \/>Arnaldo Antonio Duarte de Duarte Junior<\/b><\/h3>\n<p style=\"text-align: justify;\"><span style=\"font-weight: 400; font-size: 14pt;\">Graduando em Pedagogia pela Universidade Federal de Pelotas. Participou do Programa Institucional de Bolsa de Inicia\u00e7\u00e3o \u00e0 Doc\u00eancia entre 2018 e 2020. Participou do Programa de Resid\u00eancia Pedag\u00f3gica entre 2020 e 2022. Estagi\u00e1rio na Coordenadoria de Orienta\u00e7\u00e3o Educacional do Instituto Federal de Educa\u00e7\u00e3o, Ci\u00eancia e Tecnologia Sul-rio-grandense &#8211; Campus Visconde da Gra\u00e7a. Bolsista do Programa de Educa\u00e7\u00e3o Tutorial do curso de Licenciatura em Pedagogia da Universidade Federal de Pelotas. Integra o Grupo Interdisciplinar de Pesquisa em Educa\u00e7\u00e3o P\u00fablica (GIPEP\/ CNPq) desde 2023.<\/span><\/p>\n<p>&nbsp;<\/p>\n<h3><\/h3>\n<p>&nbsp;<\/p>\n<h3><b><img loading=\"lazy\" decoding=\"async\" class=\"size-medium wp-image-238 alignleft\" src=\"https:\/\/wp.ufpel.edu.br\/gipep\/files\/2024\/09\/Foto-4-400x400.png\" alt=\"\" width=\"400\" height=\"400\" srcset=\"https:\/\/wp.ufpel.edu.br\/gipep\/files\/2024\/09\/Foto-4-400x400.png 400w, https:\/\/wp.ufpel.edu.br\/gipep\/files\/2024\/09\/Foto-4-1024x1024.png 1024w, https:\/\/wp.ufpel.edu.br\/gipep\/files\/2024\/09\/Foto-4-200x200.png 200w, https:\/\/wp.ufpel.edu.br\/gipep\/files\/2024\/09\/Foto-4-768x768.png 768w, https:\/\/wp.ufpel.edu.br\/gipep\/files\/2024\/09\/Foto-4-750x750.png 750w, https:\/\/wp.ufpel.edu.br\/gipep\/files\/2024\/09\/Foto-4.png 1152w\" sizes=\"auto, (max-width: 400px) 100vw, 400px\" \/>Manoela Escouto Soares<\/b><\/h3>\n<p style=\"text-align: justify;\"><span style=\"font-weight: 400; font-size: 14pt;\">Possui forma\u00e7\u00e3o no Curso Normal pelo Col\u00e9gio Franciscano Nossa Senhora Aparecida (SCALIFRA-ZN); gradua\u00e7\u00e3o em andamento no curso de Pedagogia na Faculdade de Educa\u00e7\u00e3o da Universidade Federal de Pelotas (FaE\/UFPel). Atua como volunt\u00e1ria no Programa Institucional de Bolsas de Inicia\u00e7\u00e3o \u00e0 Doc\u00eancia (PIBID) do curso de Pedagogia da Universidade Federal de Pelotas. Tem experi\u00eancia na \u00e1rea de Educa\u00e7\u00e3o.<\/span><\/p>\n<p>&nbsp;<\/p>\n<p>&nbsp;<\/p>\n<p>&nbsp;<\/p>\n<p>&nbsp;<\/p>\n<h3><\/h3>\n<h3><b><img loading=\"lazy\" decoding=\"async\" class=\"size-medium wp-image-241 alignleft\" src=\"https:\/\/wp.ufpel.edu.br\/gipep\/files\/2024\/09\/Foto-7-400x400.png\" alt=\"\" width=\"400\" height=\"400\" srcset=\"https:\/\/wp.ufpel.edu.br\/gipep\/files\/2024\/09\/Foto-7-400x400.png 400w, https:\/\/wp.ufpel.edu.br\/gipep\/files\/2024\/09\/Foto-7-1024x1024.png 1024w, https:\/\/wp.ufpel.edu.br\/gipep\/files\/2024\/09\/Foto-7-200x200.png 200w, https:\/\/wp.ufpel.edu.br\/gipep\/files\/2024\/09\/Foto-7-768x768.png 768w, https:\/\/wp.ufpel.edu.br\/gipep\/files\/2024\/09\/Foto-7-750x750.png 750w, https:\/\/wp.ufpel.edu.br\/gipep\/files\/2024\/09\/Foto-7.png 1152w\" sizes=\"auto, (max-width: 400px) 100vw, 400px\" \/>Rafael Mendes<\/b><\/h3>\n<p style=\"text-align: justify;\"><span style=\"font-weight: 400; font-size: 14pt;\">Graduando em Pedagogia pela Universidade Federal de Pelotas. \u00c9 bolsista do Programa de Educa\u00e7\u00e3o Tutorial (PET-Pedagogia), membro do Grupo Interdisciplinar de Pesquisa em Educa\u00e7\u00e3o P\u00fablica (GIPEP) e volunt\u00e1rio no projeto de extens\u00e3o Novos Caminhos. \u00c9 associado \u00e0 ABALF (Associa\u00e7\u00e3o Brasileira de Alfabetiza\u00e7\u00e3o) e tem interesse nas \u00e1reas de alfabetiza\u00e7\u00e3o e inclus\u00e3o.<\/span><\/p>\n<p>&nbsp;<\/p>\n<p>&nbsp;<\/p>\n<p>&nbsp;<\/p>\n<p>&nbsp;<\/p>\n<h3><\/h3>\n<p>&nbsp;<\/p>\n<h3><b><img loading=\"lazy\" decoding=\"async\" class=\"size-medium wp-image-199 alignleft\" src=\"https:\/\/wp.ufpel.edu.br\/gipep\/files\/2024\/08\/annelise-400x400.png\" alt=\"\" width=\"400\" height=\"400\" srcset=\"https:\/\/wp.ufpel.edu.br\/gipep\/files\/2024\/08\/annelise-400x400.png 400w, https:\/\/wp.ufpel.edu.br\/gipep\/files\/2024\/08\/annelise-1024x1024.png 1024w, https:\/\/wp.ufpel.edu.br\/gipep\/files\/2024\/08\/annelise-200x200.png 200w, https:\/\/wp.ufpel.edu.br\/gipep\/files\/2024\/08\/annelise-768x768.png 768w, https:\/\/wp.ufpel.edu.br\/gipep\/files\/2024\/08\/annelise-750x750.png 750w, https:\/\/wp.ufpel.edu.br\/gipep\/files\/2024\/08\/annelise.png 1152w\" sizes=\"auto, (max-width: 400px) 100vw, 400px\" \/>Annelise Costa de Jesus<\/b><\/h3>\n<p style=\"text-align: justify;\"><span style=\"font-size: 14pt;\"><span style=\"font-weight: 400;\">Mestranda em Educa\u00e7\u00e3o pelo Programa de P\u00f3s-Gradua\u00e7\u00e3o em Educa\u00e7\u00e3o da Universidade Federal de Pelotas (PPGE\/UFPEL), com gradua\u00e7\u00e3o em Pedagogia pela mesma institui\u00e7\u00e3o (2023). Durante a gradua\u00e7\u00e3o, atuou como volunt\u00e1ria no Programa Institucional de Bolsas de Inicia\u00e7\u00e3o \u00e0 Doc\u00eancia (PIBID). Foi bolsista de extens\u00e3o e de inicia\u00e7\u00e3o cient\u00edfica em projetos de autorregula\u00e7\u00e3o da escrita com crian\u00e7as, al\u00e9m de participar de outras pesquisas, como a investiga\u00e7\u00e3o sobre &#8216;Usos e desusos do PPP no cotidiano escolar&#8217; e o projeto &#8216;Alfabetiza\u00e7\u00e3o em Rede&#8217;, no qual ainda atua como pesquisadora. Desde 2020, \u00e9 pesquisadora do Grupo Interdisciplinar de Pesquisa em Educa\u00e7\u00e3o P\u00fablica (GIPEP\/UFPEL). Associada ao Congresso Brasileiro de Alfabetiza\u00e7\u00e3o (CONBALF) e \u00e0 Associa\u00e7\u00e3o Nacional de P\u00f3s-Gradua\u00e7\u00e3o e Pesquisa em Educa\u00e7\u00e3o (ANPED). Seus interesses incluem alfabetiza\u00e7\u00e3o, educa\u00e7\u00e3o, curr\u00edculo, trabalho docente e pol\u00edtica educacional. Atua na Linha 3: Curr\u00edculo, Pol\u00edticas Educacionais, Profissionaliza\u00e7\u00e3o e Trabalho Docente, do PPGE\/UFPEL, e \u00e9 bolsista de demanda social da Coordena\u00e7\u00e3o de Aperfei\u00e7oamento de Pessoal de N\u00edvel Superior<\/span> <span style=\"font-weight: 400;\">(CAPES).<\/span><\/span><\/p>\n<p>&nbsp;<\/p>\n","protected":false},"excerpt":{"rendered":"<p>Maria L\u00facia Pontes Parente Possui especializa\u00e7\u00e3o em Especializa\u00e7\u00e3o em Ci\u00eancias da Educa\u00e7\u00e3o pela Universidade Estadual Vale do Acara\u00fa (1992), especializa\u00e7\u00e3o em Metodologia do Ensino pela Universidade Estadual Vale do Acara\u00fa (1991), mestrado em Mestrado Profissionalizante em Gest\u00e3o Educacional pela Universidade Estadual Vale do Acara\u00fa (2003) e doutorado em Educa\u00e7\u00e3o pela Universidade Federal de Pelotas (2023). &hellip; <\/p>\n<p><a class=\"more-link btn\" href=\"https:\/\/wp.ufpel.edu.br\/gipep\/egressos\/\">Continue lendo<\/a><\/p>\n","protected":false},"author":1355,"featured_media":0,"parent":0,"menu_order":0,"comment_status":"closed","ping_status":"closed","template":"","meta":{"footnotes":""},"class_list":["post-116","page","type-page","status-publish","hentry","nodate","item-wrap"],"_links":{"self":[{"href":"https:\/\/wp.ufpel.edu.br\/gipep\/wp-json\/wp\/v2\/pages\/116","targetHints":{"allow":["GET"]}}],"collection":[{"href":"https:\/\/wp.ufpel.edu.br\/gipep\/wp-json\/wp\/v2\/pages"}],"about":[{"href":"https:\/\/wp.ufpel.edu.br\/gipep\/wp-json\/wp\/v2\/types\/page"}],"author":[{"embeddable":true,"href":"https:\/\/wp.ufpel.edu.br\/gipep\/wp-json\/wp\/v2\/users\/1355"}],"replies":[{"embeddable":true,"href":"https:\/\/wp.ufpel.edu.br\/gipep\/wp-json\/wp\/v2\/comments?post=116"}],"version-history":[{"count":16,"href":"https:\/\/wp.ufpel.edu.br\/gipep\/wp-json\/wp\/v2\/pages\/116\/revisions"}],"predecessor-version":[{"id":462,"href":"https:\/\/wp.ufpel.edu.br\/gipep\/wp-json\/wp\/v2\/pages\/116\/revisions\/462"}],"wp:attachment":[{"href":"https:\/\/wp.ufpel.edu.br\/gipep\/wp-json\/wp\/v2\/media?parent=116"}],"curies":[{"name":"wp","href":"https:\/\/api.w.org\/{rel}","templated":true}]}}